{"id":1206,"date":"2016-04-12T09:03:47","date_gmt":"2016-04-12T09:03:47","guid":{"rendered":"http:\/\/wtsdeski.pl\/?page_id=1206"},"modified":"2023-12-21T11:36:15","modified_gmt":"2023-12-21T11:36:15","slug":"jaroslaw-krajowski-kukiel","status":"publish","type":"page","link":"http:\/\/dev.deski.org\/en\/jaroslaw-krajowski-kukiel\/","title":{"rendered":"JAROS\u0141AW KRAJOWSKI-KUKIEL"},"content":{"rendered":"<div class=\"wpb-content-wrapper\"><p>[vc_row][vc_column width=&#8221;1\/2&#8243;]<div class=\"single_image wpb_content_element align-left    \" data-animation=\"none\" data-delay=\"0\"><img loading=\"lazy\" decoding=\"async\" width=\"700\" height=\"700\" src=\"http:\/\/dev.deski.org\/wp-content\/uploads\/2023\/11\/Jaroslaw-Krajowski-Kukiel.jpg\" class=\"attachment-full\" alt=\"Jaros\u0142aw Krajowski-Kukiel\" title=\"Jaros\u0142aw Krajowski-Kukiel\" srcset=\"http:\/\/dev.deski.org\/wp-content\/uploads\/2023\/11\/Jaroslaw-Krajowski-Kukiel.jpg 700w, http:\/\/dev.deski.org\/wp-content\/uploads\/2023\/11\/Jaroslaw-Krajowski-Kukiel-300x300.jpg 300w, http:\/\/dev.deski.org\/wp-content\/uploads\/2023\/11\/Jaroslaw-Krajowski-Kukiel-80x80.jpg 80w, http:\/\/dev.deski.org\/wp-content\/uploads\/2023\/11\/Jaroslaw-Krajowski-Kukiel-500x500.jpg 500w, http:\/\/dev.deski.org\/wp-content\/uploads\/2023\/11\/Jaroslaw-Krajowski-Kukiel-24x24.jpg 24w, http:\/\/dev.deski.org\/wp-content\/uploads\/2023\/11\/Jaroslaw-Krajowski-Kukiel-36x36.jpg 36w, http:\/\/dev.deski.org\/wp-content\/uploads\/2023\/11\/Jaroslaw-Krajowski-Kukiel-48x48.jpg 48w\" sizes=\"auto, (max-width: 700px) 100vw, 700px\" \/><\/div><div class=\"spacer\" style=\"height: 40px;\"><\/div>[\/vc_column][vc_column width=&#8221;1\/2&#8243;][vc_column_text]<\/p>\n<p align=\"justify\">W DeSkach od wrze\u015bnia 2014 roku.<\/p>\n<p align=\"justify\">Trenuje m\u0142odych tenisist\u00f3w od 1983 roku\u00a0 &#8211; wcze\u015bniej w klubach sportowych &#8220;Legia&#8221; i &#8220;Warszawianka&#8221;, ostatnio jako trener koordynator OSSM PZT, z kt\u00f3rym wsp\u00f3\u0142pracowa\u0142 w latach 1999 &#8211; 2014. W pracy trenerskiej stawia przede wszystkim na kszta\u0142towanie charakteru zawodnik\u00f3w. Uwa\u017ca, \u017ce zwyci\u0119stwo to suma dobrej kondycji psychicznej i fizycznej, woli walki i solidnej, systematycznej pracy.<\/p>\n<p align=\"justify\">Najwa\u017cniejsze osi\u0105gni\u0119cia zawodowe to:<br \/>\n\u2022\u00a0\u00a0\u00a0 I miejsce w Halowych Dru\u017cynowych Mistrzostwach Polski Senior\u00f3w (P. Szczepanik, W. Milewski, M. Domka) w 2000 r.<br \/>\n\u2022\u00a0\u00a0\u00a0 II miejsce\u00a0 (Alicja Rosolska, M. Domachowska,) w Halowych Dru\u017cynowych Mistrzostwach Polski Kadetek,\u00a0 2000 r.<br \/>\n\u2022\u00a0\u00a0\u00a0 II miejsce\u00a0 (K. Kosi\u0144ska, N. Bubie\u0144) w Halowych Dru\u017cynowych Mistrzostwach Polski M\u0142odziczek,\u00a0 2000 r.<br \/>\n\u2022\u00a0\u00a0\u00a0 I miejsce w grze podw\u00f3jnej (Alicja Rosolska), II miejsce w grze podw\u00f3jnej (Karolina Kosi\u0144ska), II miejsce w grze pojedynczej (Karolina Kosi\u0144ska), III miejsce w grze pojedynczej (Alicja Rosolska), w Halowych Mistrzostwach Polski Kadetek, 2001 r.<br \/>\n\u2022\u00a0\u00a0\u00a0 z\u0142oty medal w Og\u00f3lnopolskiej Olimpiadzie M\u0142odzie\u017cy w grze pojedynczej (Karolina Kosi\u0144ska) i podw\u00f3jnej (K. Kosi\u0144ska\/A. Rosolska) oraz br\u0105zowy medal w grze pojedynczej (Alicja Rosolska), Pozna\u0144 2001 r.<br \/>\n\u2022\u00a0\u00a0\u00a0 I miejsce w grze pojedynczej (Alicja Rosolska) w ETA under 16 kat. 3, Westende (BEL), 2001 r.<br \/>\n\u2022\u00a0\u00a0\u00a0 II miejsce (M. Kiszczy\u0144ska, M. Le\u015bniak, A. Korzeniak) w eliminacjach Halowych Dru\u017cynowych Mistrzostw Europy do 14 lat, Rakovnik (CZE), 2002 r.<br \/>\n\u2022\u00a0\u00a0\u00a0 srebrny medal (M. Kiszczy\u0144ska, M. Le\u015bniak, A. Korzeniak, J. Matuszczyk, A. Radwa\u0144ska) w fina\u0142ach Dru\u017cynowych Mistrzostw Europy do 14 lat, San Remo (ITA), 2002 r.<br \/>\n\u2022\u00a0\u00a0\u00a0 br\u0105zowy medal w Og\u00f3lnopolskiej Olimpiadzie M\u0142odzie\u017cy w grze pojedynczej (Natalia Bubie\u0144) i podw\u00f3jnej (N. Bubie\u0144\/K. Kosi\u0144ska) oraz br\u0105zowy medal w grze pojedynczej (Alicja Rosolska), Pozna\u0144 2002 r.<br \/>\n\u2022\u00a0\u00a0\u00a0 I miejsce w grze podw\u00f3jnej (Alicja Rosolska) w ITF 10 000 $, Benevento (ITA), 2002 r.<br \/>\n\u2022\u00a0\u00a0\u00a0 I miejsce (J. Matuszczyk , A. Radwa\u0144ska, U. Radwa\u0144ska) w eliminacjach Halowych Dru\u017cynowych Mistrzostw Europy do 14 lat, Forte dei Marmi\u00a0 (ITA), 2003 r.<br \/>\n\u2022\u00a0\u00a0\u00a0 srebrny medal (J. Matuszczyk , A. Radwa\u0144ska, U. Radwa\u0144ska) w fina\u0142ach Halowych Dru\u017cynowych Mistrzostw Europy do 14 lat, Pruchonice\u00a0 (CZE), 2003 r.<br \/>\n\u2022\u00a0\u00a0\u00a0 I miejsce w grze pojedynczej (Alicja Rosolska), II miejsce w grze pojedynczej (K. Kosi\u0144ska), III miejsce w grze pojedynczej (Katarzyna Mielczarek), I miejsce w grze podw\u00f3jnej (Alicja Rosolska\/Aleksandra Rosolska), II miejsce w grze podw\u00f3jnej (N. Bubie\u0144\/K. Kosi\u0144ska) w Halowych M\u0142odzie\u017cowych Mistrzostwach Polski, Pabianice 2003 r.<br \/>\n\u2022\u00a0\u00a0\u00a0 II miejsce w grze podw\u00f3jnej (A. Rosolska\/M. Schneider) w ITF 10 000 $, Olecko, 2003 r.<br \/>\n\u2022\u00a0\u00a0\u00a0 II miejsce w grze podw\u00f3jnej (Alicja Rosolska\/Aleksandra Rosolska) w ITF 10 000 $, Warszawa, 2003 r.<br \/>\n\u2022\u00a0\u00a0\u00a0 II miejsce (A. Radwa\u0144ska, J. Matuszczyk , U. Radwa\u0144ska, W. S\u0142obodzian, A. Myd\u0142owska) w eliminacjach Dru\u017cynowych Mistrzostw Europy do 14 lat, Bree (BEL), 2003 r.<br \/>\n\u2022\u00a0\u00a0\u00a0 srebrny medal (A. Radwa\u0144ska, J. Matuszczyk , U. Radwa\u0144ska, W. S\u0142obodzian, A. Myd\u0142owska) w fina\u0142ach Dru\u017cynowych Mistrzostw Europy do 14 lat, San Remo (ITA), 2003 r.<br \/>\n\u2022\u00a0\u00a0\u00a0 I miejsce w grze pojedynczej i podw\u00f3jnej (K. Kosi\u0144ska), II miejsce w grze podw\u00f3jnej (Alicja Rosolska\/Aleksandra Rosolska), III miejsce w grze pojedynczej (Alicja Rosolska) w Letnich M\u0142odzie\u017cowych Mistrzostwach Polski, Pozna\u0144 2003 r.<br \/>\n\u2022\u00a0\u00a0\u00a0 srebrny medal (M. Kiszczy\u0144ska, M. Le\u015bniak, A. Korzeniak) w fina\u0142ach Dru\u017cynowych Mistrzostw Europy do 16 lat, Leysin (SUI), 2003 r.<br \/>\n\u2022\u00a0\u00a0\u00a0 I miejsce w grze podw\u00f3jnej (A. Rosolska\/K. Jans-Ignacik) w ITF 10 000 $, Gdynia (ITA), 2003 r.<br \/>\n\u2022\u00a0\u00a0\u00a0 V miejsce\u00a0 (A. Radwa\u0144ska, J. Matuszczyk , U. Radwa\u0144ska) w Dru\u017cynowych Mistrzostwach \u015awiata do 14 lat, Prostejov (CZE), 2003 r.<br \/>\n\u2022\u00a0\u00a0\u00a0 II miejsce w grze pojedynczej (K. Kosi\u0144ska), III miejsce w grze pojedynczej (Alicja Rosolska), I miejsce w grze podw\u00f3jnej (Alicja Rosolska), II miejsce w grze podw\u00f3jnej (K. Kosi\u0144ska), ETA under 16, kat. 3, Tomaszewski Cup by Microsoft, Warszawa 2003<br \/>\n\u2022\u00a0\u00a0\u00a0 br\u0105zowy medal (M. Kiszczy\u0144ska, M. Le\u015bniak, A. Korzeniak) w Dru\u017cynowych Mistrzostwach \u015awiata do 16 lat, Essen (GER), 2003 r.<br \/>\n\u2022\u00a0\u00a0\u00a0 br\u0105zowy medal (M. Kiszczy\u0144ska, M. Le\u015bniak) w Indywidualnych Mistrzostwach Europy Kadetek, Eeklo (BEL), 2003 r.<br \/>\n\u2022\u00a0\u00a0\u00a0 II miejsce w grze podw\u00f3jnej (Alicja Rosolska\/K. Jans-Ignacik) w ITF 10 000 $, Chieti (ITA), 2003 r.<br \/>\n\u2022\u00a0\u00a0\u00a0 I miejsce w grze podw\u00f3jnej (Alicja Rosolska\/K. Jans-Ignacik) w ITF 10 000 $, Ciampino (ITA), 2003 r.<br \/>\n\u2022\u00a0\u00a0\u00a0 IV miejsce (M. Kiszczy\u0144ska, A. Korzeniak, A. Radwa\u0144ska) w eliminacjach Halowych Dru\u017cynowych Mistrzostw Europy do 16 lat, Mi\u0144sk (BLR), 2004 r.<br \/>\n\u2022\u00a0\u00a0\u00a0 I miejsce (M. Kiszczy\u0144ska, A. Korzeniak, A. Radwa\u0144ska) w eliminacjach Dru\u017cynowych Mistrzostw Europy do 16 lat, Gdynia, 2004 r.<br \/>\n\u2022\u00a0\u00a0\u00a0 VII miejsce (M. Kiszczy\u0144ska, A. Korzeniak, A. Radwa\u0144ska) w fina\u0142ach Dru\u017cynowych Mistrzostw Europy do 16 lat, Leysin (SUI), 2004 r.<br \/>\n\u2022\u00a0\u00a0\u00a0 II miejsce w grze podw\u00f3jnej (A. Rosolska\/K. Ignacik) w Idea Prokom Open, WTA 300 000$, Sopot 2004 r.<br \/>\n\u2022\u00a0\u00a0\u00a0 III miejsce (K. Piter, A. Grela, W. Domaga\u0142a) w eliminacjach Halowych Dru\u017cynowych Mistrzostw Europy do 14 lat, Hannover (GER), 2005 r.<br \/>\n\u2022\u00a0\u00a0\u00a0 III miejsce (J. Jegio\u0142ka, K. Piter, W. Domaga\u0142a) w eliminacjach Dru\u017cynowych Mistrzostw Europy do 14 lat, Balen (BEL), 2005 r.<br \/>\n\u2022\u00a0\u00a0\u00a0 I miejsce (M. Linette, S. Zaniewska, P. Kania) w eliminacjach Halowych Dru\u017cynowych Mistrzostw Europy do 14 lat, Sofia (BUL), 2006 r.<br \/>\n\u2022\u00a0\u00a0\u00a0 srebrny medal (M. Linette, S. Zaniewska, P. Kania) w fina\u0142ach Halowych Dru\u017cynowych Mistrzostw Europy do 14 lat, Leeuwarden (NED), 2006 r.<br \/>\n\u2022\u00a0\u00a0\u00a0 I miejsce (M. Linette, S. Zaniewska, P. Kania) w eliminacjach Dru\u017cynowych Mistrzostw Europy do 14 lat, Cattolica (ITA), 2006 r.<br \/>\n\u2022\u00a0\u00a0\u00a0 srebrny medal (M. Linette, S. Zaniewska, P. Kania) w fina\u0142ach Dru\u017cynowych Mistrzostw Europy do 14 lat, San Remo (ITA), 2006 r.<br \/>\n\u2022\u00a0\u00a0\u00a0 VI miejsce (M. Linette, S. Zaniewska, P. Kania) w Dru\u017cynowych Mistrzostwach \u015awiata do 14 lat, Prostejov (CZE), 2006 r.<br \/>\n\u2022\u00a0\u00a0\u00a0 III miejsce (P. Pydyszewski, M. Braciszewicz, M. J\u0119druszczak) w eliminacjach Halowych Dru\u017cynowych Mistrzostw Europy do 14 lat, Bergen (NOR), 2007 r.<br \/>\n\u2022\u00a0\u00a0\u00a0 III miejsce (J. Nalborska, J. Kr\u00f3l, K. Irzma\u0144ska) w eliminacjach Halowych Dru\u017cynowych Mistrzostw Europy do 16 lat, Offenburg (GER), 2007 r.<br \/>\n\u2022\u00a0\u00a0\u00a0 III miejsce (P. Pydyszewski, M. Braciszewicz, M. Romanowicz) w eliminacjach Dru\u017cynowych Mistrzostw Europy do 14 lat, Portoroz (SLO), 2007 r.<br \/>\n\u2022\u00a0\u00a0\u00a0 IV miejsce (J. Jakubski, P. Cia\u015b, M. Grzesi\u0144ski) w eliminacjach Halowych Dru\u017cynowych Mistrzostw Europy do 14 lat, Mons (BEL), 2008 r.<br \/>\n\u2022\u00a0\u00a0\u00a0 VI miejsce (J. Jakubski, P. Cia\u015b, M. Grzesi\u0144ski) w eliminacjach Dru\u017cynowych Mistrzostw Europy do 14 lat, Valencia (ESP), 2008 r.<br \/>\n\u2022\u00a0\u00a0\u00a0 IV miejsce (J. Nalborska, A. Bara\u0144ska, P. Czarnik) w eliminacjach Halowych Dru\u017cynowych Mistrzostw Europy do 14 lat, Maniago (ITA), 2009 r.<br \/>\n\u2022\u00a0\u00a0\u00a0 IV miejsce (Z. Maciejewska, A. \u017b\u00f3rawska, I. Odrzywo\u0142ek) w eliminacjach Halowych Dru\u017cynowych Mistrzostw Europy do 14 lat, Mi\u0144sk (BLR), 2009 r.<br \/>\n\u2022\u00a0\u00a0\u00a0 IV miejsce (K. Gajewski, B. Sulgostowski, S. Chojnowski) w eliminacjach Halowych Dru\u017cynowych Mistrzostw Europy do 14 lat, Saintes (FRA), 2009 r.<br \/>\n\u2022\u00a0\u00a0\u00a0 II miejsce (J. Zieli\u0144ski, K. Majchrzak, P. Gresk) w eliminacjach Halowych Dru\u017cynowych Mistrzostw Europy do 14 lat, Ebreichsdorf (AUT), 2010 r.<br \/>\n\u2022\u00a0\u00a0\u00a0 VI miejsce (J. Zieli\u0144ski, K. Majchrzak, P. Gresk) w fina\u0142ach Halowych Dru\u017cynowych Mistrzostw Europy do 14 lat, Ascoli (ITA), 2010 r.<br \/>\n\u2022\u00a0\u00a0\u00a0 I miejsce (K. Majchrzak, P. Gresk, O. Micha\u0142ek) w eliminacjach Dru\u017cynowych Mistrzostw Europy do 14 lat, Magaluf (ESP), 2010 r.<br \/>\n\u2022\u00a0\u00a0\u00a0 srebrny medal (K. Majchrzak, P. Gresk, O. Micha\u0142ek) w fina\u0142ach Dru\u017cynowych Mistrzostw Europy do 14 lat, Magaluf (ESP), 2010 r.<br \/>\n\u2022\u00a0\u00a0\u00a0 V miejsce (A. Buchla, A. Sierzputowska, I. \u015awi\u0105tek) w eliminacjach Dru\u017cynowych Mistrzostw Europy do 12 lat, Rakovnik (CZE), 2010 r.<br \/>\n\u2022\u00a0\u00a0\u00a0 VI miejsce (J. Zieli\u0144ski, K. Majchrzak, P. Gresk) w Dru\u017cynowych Mistrzostwach \u015awiata do 14 lat, Prostejov (CZE), 2010 r.<br \/>\n\u2022\u00a0\u00a0\u00a0 II miejsce (M. Dembek, H. Hurkacz, P. Kr\u00f3lik) w eliminacjach Halowych Dru\u017cynowych Mistrzostw Europy do 14 lat, Karlskrone (SWE), 2011 r.<br \/>\n\u2022\u00a0\u00a0\u00a0 V miejsce (M. Dembek, H. Hurkacz, P. Kr\u00f3lik) w fina\u0142ach Halowych Dru\u017cynowych Mistrzostw Europy do 14 lat, Ascoli (ITA), 2011 r.<br \/>\n\u2022\u00a0\u00a0\u00a0 III-IV miejsce (K. \u017buk, M. Sikorski, K. Fryze) w eliminacjach Dru\u017cynowych Mistrzostw Europy do 12 lat, Rakovnik (CZE), 2011 r.<br \/>\n\u2022\u00a0\u00a0\u00a0 III miejsce w grupie (T. Dudek, D. Michalski, B. Andrzejczak) w eliminacjach Dru\u017cynowych Mistrzostw Europy do 12 lat, Haren (NED), 2011 r.<br \/>\n\u2022\u00a0\u00a0\u00a0 V miejsce (A. Buchla, A. Sierzputowska, D. Szczygielska) w eliminacjach Halowych Dru\u017cynowych Mistrzostw Europy do 14 lat, Ebreichsdorf (AUT), 2012 r.<br \/>\n\u2022\u00a0\u00a0\u00a0 III miejsce (P. Matuszewski, R. Wrzesi\u0144ski, K. \u017buk) w eliminacjach Dru\u017cynowych Mistrzostw Europy do 14 lat, Sassari (ITA), 2012 r.<br \/>\n\u2022\u00a0\u00a0\u00a0 V-VIII miejsce w grupie (T. Dudek, K. Paluch, K. Piekarek, ) w eliminacjach Halowych Dru\u017cynowych Mistrzostw Europy do 12 lat, Trabzon (TUR), 2012 r.<br \/>\n\u2022\u00a0\u00a0\u00a0 V miejsce (K. \u017buk, M. Sikorski, K. Fryze) w eliminacjach Halowych Dru\u017cynowych Mistrzostw Europy do 14 lat, Kaza\u0144 (RUS), 2013 r.<br \/>\n\u2022\u00a0\u00a0\u00a0 III miejsce (K. \u017buk, M. Sikorski, K. Fryze) w eliminacjach Dru\u017cynowych Mistrzostw Europy do 14 lat, Heverlee (BEL), 2013 r.<br \/>\n\u2022\u00a0\u00a0\u00a0 III miejsce (Kacper \u017buk) w Tennis Europe Junior Masters do 14 lat, Reggio di Calabria (ITA), 2013 r.<br \/>\n\u2022\u00a0\u00a0\u00a0 VII miejsce (D. Tacza\u0142a, M. Lorens, S. Kielan) w eliminacjach Halowych Dru\u017cynowych Mistrzostw Europy do 12 lat, Craiova (ROU), 2014 r.<br \/>\n\u2022\u00a0\u00a0\u00a0 II miejsce (D. Michalski, T. Dudek, W. Marek) w eliminacjach Halowych Dru\u017cynowych Mistrzostw Europy do 14 lat, Cholet (FRA), 2014 r.<br \/>\n\u2022\u00a0\u00a0\u00a0 VI miejsce (D. Michalski, T. Dudek, W. Marek) w fina\u0142ach Halowych Dru\u017cynowych Mistrzostw Europy do 14 lat, Corregio (ITA), 2014 r.<br \/>\n\u2022\u00a0\u00a0\u00a0 II miejsce (D. Michalski, T. Dudek, W. Marek) w eliminacjach Dru\u017cynowych Mistrzostw Europy do 14 lat, Huy (BEL), 2014 r.<br \/>\n\u2022\u00a0\u00a0\u00a0 VI miejsce (D. Michalski, T. Dudek, W. Marek) w fina\u0142ach Dru\u017cynowych Mistrzostw Europy do 14 lat, Murcia (ESP), 2014 r.<br \/>\n\u2022\u00a0\u00a0\u00a0 V miejsce (D. Tacza\u0142a, M. Lorens, P. Pawlak) w eliminacjach Dru\u017cynowych Mistrzostw Europy do 12 lat, Rakovnik (CZE), 2014 r.<br \/>\n\u2022\u00a0\u00a0\u00a0 IX miejsce (D. Michalski, T. Dudek, W. Marek) w Dru\u017cynowych Mistrzostwach \u015awiata do 14 lat, Prostejov (CZE), 2014 r.<\/p>\n<p>[\/vc_column_text][\/vc_column][\/vc_row]<\/p>\n<\/div>","protected":false},"excerpt":{"rendered":"<p>[vc_row][vc_column width=&#8221;1\/2&#8243;][\/vc_column][vc_column width=&#8221;1\/2&#8243;][vc_column_text] W DeSkach od wrze\u015bnia 2014 roku. Trenuje m\u0142odych tenisist\u00f3w od 1983 roku\u00a0 &#8211; wcze\u015bniej w klubach sportowych &#8220;Legia&#8221; i &#8220;Warszawianka&#8221;, ostatnio jako trener koordynator OSSM PZT, z kt\u00f3rym wsp\u00f3\u0142pracowa\u0142 w latach 1999 &#8211; 2014. W pracy trenerskiej stawia przede wszystkim na kszta\u0142towanie charakteru zawodnik\u00f3w. Uwa\u017ca, \u017ce zwyci\u0119stwo to suma dobrej kondycji psychicznej i fizycznej, woli walki i solidnej, systematycznej pracy. Najwa\u017cniejsze osi\u0105gni\u0119cia zawodowe to: \u2022\u00a0\u00a0\u00a0 I miejsce w Halowych Dru\u017cynowych Mistrzostwach Polski Senior\u00f3w (P. Szczepanik, W. Milewski, M. Domka) w 2000 r. \u2022\u00a0\u00a0\u00a0 II miejsce\u00a0 (Alicja Rosolska, M. Domachowska,) w Halowych Dru\u017cynowych Mistrzostwach Polski Kadetek,\u00a0 2000 r. \u2022\u00a0\u00a0\u00a0 II miejsce\u00a0 (K. Kosi\u0144ska, N. Bubie\u0144) w Halowych Dru\u017cynowych Mistrzostwach Polski M\u0142odziczek,\u00a0 2000 r. \u2022\u00a0\u00a0\u00a0 I miejsce w grze podw\u00f3jnej (Alicja Rosolska), II miejsce w grze podw\u00f3jnej (Karolina Kosi\u0144ska), II miejsce w grze pojedynczej (Karolina Kosi\u0144ska), III miejsce w grze pojedynczej (Alicja Rosolska), w Halowych Mistrzostwach Polski Kadetek, 2001 r. \u2022\u00a0\u00a0\u00a0 z\u0142oty medal w Og\u00f3lnopolskiej Olimpiadzie M\u0142odzie\u017cy w grze pojedynczej (Karolina Kosi\u0144ska) i podw\u00f3jnej (K. Kosi\u0144ska\/A. Rosolska) oraz br\u0105zowy medal w grze pojedynczej (Alicja Rosolska), Pozna\u0144 2001 r. \u2022\u00a0\u00a0\u00a0 I miejsce w grze pojedynczej (Alicja Rosolska) w ETA under 16 kat. 3, Westende (BEL), 2001 r. \u2022\u00a0\u00a0\u00a0 II miejsce [&hellip;]<\/p>\n","protected":false},"author":1,"featured_media":0,"parent":0,"menu_order":0,"comment_status":"closed","ping_status":"closed","template":"","meta":{"_acf_changed":false,"_mo_disable_npp":"","_vp_format_video_url":"","_vp_image_focal_point":[],"footnotes":""},"class_list":["post-1206","page","type-page","status-publish","hentry"],"acf":[],"aioseo_notices":[],"_links":{"self":[{"href":"http:\/\/dev.deski.org\/en\/wp-json\/wp\/v2\/pages\/1206","targetHints":{"allow":["GET"]}}],"collection":[{"href":"http:\/\/dev.deski.org\/en\/wp-json\/wp\/v2\/pages"}],"about":[{"href":"http:\/\/dev.deski.org\/en\/wp-json\/wp\/v2\/types\/page"}],"author":[{"embeddable":true,"href":"http:\/\/dev.deski.org\/en\/wp-json\/wp\/v2\/users\/1"}],"replies":[{"embeddable":true,"href":"http:\/\/dev.deski.org\/en\/wp-json\/wp\/v2\/comments?post=1206"}],"version-history":[{"count":3,"href":"http:\/\/dev.deski.org\/en\/wp-json\/wp\/v2\/pages\/1206\/revisions"}],"predecessor-version":[{"id":20286,"href":"http:\/\/dev.deski.org\/en\/wp-json\/wp\/v2\/pages\/1206\/revisions\/20286"}],"wp:attachment":[{"href":"http:\/\/dev.deski.org\/en\/wp-json\/wp\/v2\/media?parent=1206"}],"curies":[{"name":"wp","href":"https:\/\/api.w.org\/{rel}","templated":true}]}}