{"id":1212,"date":"2016-04-12T09:08:16","date_gmt":"2016-04-12T09:08:16","guid":{"rendered":"http:\/\/wtsdeski.pl\/?page_id=1212"},"modified":"2018-03-17T15:29:16","modified_gmt":"2018-03-17T15:29:16","slug":"sebastian-michalik","status":"publish","type":"page","link":"http:\/\/dev.deski.org\/en\/sebastian-michalik\/","title":{"rendered":"SEBASTIAN MICHALIK"},"content":{"rendered":"<div class=\"wpb-content-wrapper\"><p>[vc_row][vc_column width=&#8221;1\/2&#8243;]<div class=\"single_image wpb_content_element align-left    \" data-animation=\"none\" data-delay=\"0\"><img loading=\"lazy\" decoding=\"async\" width=\"600\" height=\"353\" src=\"http:\/\/dev.deski.org\/wp-content\/uploads\/2016\/04\/tenis_michalik.png\" class=\"attachment-full\" alt=\"\" title=\"tenis_michalik\" srcset=\"http:\/\/dev.deski.org\/wp-content\/uploads\/2016\/04\/tenis_michalik.png 600w, http:\/\/dev.deski.org\/wp-content\/uploads\/2016\/04\/tenis_michalik-300x177.png 300w, http:\/\/dev.deski.org\/wp-content\/uploads\/2016\/04\/tenis_michalik-24x14.png 24w, http:\/\/dev.deski.org\/wp-content\/uploads\/2016\/04\/tenis_michalik-36x21.png 36w, http:\/\/dev.deski.org\/wp-content\/uploads\/2016\/04\/tenis_michalik-48x28.png 48w\" sizes=\"auto, (max-width: 600px) 100vw, 600px\" \/><\/div><div class=\"spacer\" style=\"height: 40px;\"><\/div>[\/vc_column][vc_column width=&#8221;1\/2&#8243;][vc_column_text]Urodzony w 1986 roku w Warszawie.<\/p>\n<p>Swoj\u0105 przygod\u0119 z tenisem rozpocz\u0105\u0142 w Deskach i jest z tym klubem po dzie\u0144 dzisiejszy.<br \/>\nW latach 1998-2007 jako zawodnik reprezentowa\u0142 klub WTS \u201eDeski\u201d. Wielokrotny medalista Mistrzostw Warszawy i Mazowsza, zar\u00f3wno w grze pojedynczej jak i podw\u00f3jnej. Najwy\u017cszy ranking PZT: 24(2002rok).<\/p>\n<p>Obecnie absolwent III letnich studi\u00f3w dyplomowych Akademii Wychowania Fizycznego im. J\u00f3zefa Pi\u0142sudskiego w Warszawie i student II roku studi\u00f3w magisterskich te\u017c na AWF-ie.<\/p>\n<p>Instruktor tenisa od 2007 roku. Zami\u0142owania: opr\u00f3cz tenisa, sporty walki. Od 2007 roku instruktor tenisa WTS \u201eDeski\u201d.[\/vc_column_text][\/vc_column][\/vc_row]<\/p>\n<\/div>","protected":false},"excerpt":{"rendered":"<p>[vc_row][vc_column width=&#8221;1\/2&#8243;][\/vc_column][vc_column width=&#8221;1\/2&#8243;][vc_column_text]Urodzony w 1986 roku w Warszawie. Swoj\u0105 przygod\u0119 z tenisem rozpocz\u0105\u0142 w Deskach i jest z tym klubem po dzie\u0144 dzisiejszy. W latach 1998-2007 jako zawodnik reprezentowa\u0142 klub WTS \u201eDeski\u201d. Wielokrotny medalista Mistrzostw Warszawy i Mazowsza, zar\u00f3wno w grze pojedynczej jak i podw\u00f3jnej. Najwy\u017cszy ranking PZT: 24(2002rok). Obecnie absolwent III letnich studi\u00f3w dyplomowych Akademii Wychowania Fizycznego im. J\u00f3zefa Pi\u0142sudskiego w Warszawie i student II roku studi\u00f3w magisterskich te\u017c na AWF-ie. Instruktor tenisa od 2007 roku. Zami\u0142owania: opr\u00f3cz tenisa, sporty walki. Od 2007 roku instruktor tenisa WTS \u201eDeski\u201d.[\/vc_column_text][\/vc_column][\/vc_row]<\/p>\n","protected":false},"author":1,"featured_media":0,"parent":0,"menu_order":0,"comment_status":"closed","ping_status":"closed","template":"","meta":{"_acf_changed":false,"_mo_disable_npp":"","_vp_format_video_url":"","_vp_image_focal_point":[],"footnotes":""},"class_list":["post-1212","page","type-page","status-publish","hentry"],"acf":[],"aioseo_notices":[],"_links":{"self":[{"href":"http:\/\/dev.deski.org\/en\/wp-json\/wp\/v2\/pages\/1212","targetHints":{"allow":["GET"]}}],"collection":[{"href":"http:\/\/dev.deski.org\/en\/wp-json\/wp\/v2\/pages"}],"about":[{"href":"http:\/\/dev.deski.org\/en\/wp-json\/wp\/v2\/types\/page"}],"author":[{"embeddable":true,"href":"http:\/\/dev.deski.org\/en\/wp-json\/wp\/v2\/users\/1"}],"replies":[{"embeddable":true,"href":"http:\/\/dev.deski.org\/en\/wp-json\/wp\/v2\/comments?post=1212"}],"version-history":[{"count":2,"href":"http:\/\/dev.deski.org\/en\/wp-json\/wp\/v2\/pages\/1212\/revisions"}],"predecessor-version":[{"id":4159,"href":"http:\/\/dev.deski.org\/en\/wp-json\/wp\/v2\/pages\/1212\/revisions\/4159"}],"wp:attachment":[{"href":"http:\/\/dev.deski.org\/en\/wp-json\/wp\/v2\/media?parent=1212"}],"curies":[{"name":"wp","href":"https:\/\/api.w.org\/{rel}","templated":true}]}}