{"id":13692,"date":"2022-02-03T12:14:27","date_gmt":"2022-02-03T12:14:27","guid":{"rendered":"http:\/\/dev.deski.org\/?page_id=13692"},"modified":"2022-02-16T17:25:30","modified_gmt":"2022-02-16T17:25:30","slug":"wyjazd-freestyle-zakopane","status":"publish","type":"page","link":"http:\/\/dev.deski.org\/en\/wyjazd-freestyle-zakopane\/","title":{"rendered":"Wyjazd Freestyle&#8217;owy do Zakopanego"},"content":{"rendered":"<div class=\"wpb-content-wrapper\"><p>[vc_row bg_color=&#8221;#ffffff&#8221;][vc_column width=&#8221;1\/1&#8243;]<div class=\"spacer\" style=\"height: 20px;\"><\/div><div class=\"spacer\" style=\"height: 20px;\"><\/div>[vc_row_inner][vc_column_inner width=&#8221;2\/3&#8243;]<div class=\"divider-title align-left\" >Dla kogo?<\/div><div class=\"iconbox  wpb_content_element iconbox-style-1 icon-color-accent color-dark animation-none\"><h3><i class=\"fa fa-check-circle boxicon\" style=\"\"><\/i><span><\/span><\/h3><p>\n<p style=\"color: black;\">dla dzieci i m\u0142odzie\u017cy w wieku 8 &#8211; 18 lat<\/p>\n<\/p><\/div><div class=\"iconbox  wpb_content_element iconbox-style-1 icon-color-accent color-dark animation-none\"><h3><i class=\"fa fa-check-circle boxicon\" style=\"\"><\/i><span><\/span><\/h3><p>\n<p style=\"color: black;\">dla narciarzy i snowboardzist\u00f3w na ka\u017cdym poziomie zaawansowania<\/p>\n<\/p><\/div>[\/vc_column_inner][vc_column_inner width=&#8221;1\/3&#8243;]<div class=\"iconbox ikonka wpb_content_element iconbox-style-5 icon-color-accent color-dark clearfix\"><div class=\"iconbox-icon\"><i class=\"fa fa-calendar boxicon\" style=\"\"><\/i><\/div><div class=\"iconbox-content\"><h3><\/h3><p>\n<h4>20-24.02.2022<\/h4>\n<\/p><\/div><\/div><div class=\"iconbox  wpb_content_element iconbox-style-5 icon-color-accent color-dark clearfix\"><div class=\"iconbox-icon\"><i class=\"fa fa-map-marker boxicon\" style=\"\"><\/i><\/div><div class=\"iconbox-content\"><h3><\/h3><p>\n<h4>Pensjonat Maria IV w Zakopanem<\/h4>\n<\/p><\/div><\/div><div class=\"iconbox  wpb_content_element iconbox-style-5 icon-color-accent color-dark clearfix\"><div class=\"iconbox-icon\"><i class=\"fa fa-credit-card boxicon\" style=\"\"><\/i><\/div><div class=\"iconbox-content\"><h3><\/h3><p>\n<h4>Cena: <strong>2500 z\u0142<\/strong><\/h4>\n<\/p><\/div><\/div>[\/vc_column_inner][\/vc_row_inner]<div class=\"spacer\" style=\"height: 40px;\"><\/div>[\/vc_column][\/vc_row][vc_row bg_color=&#8221;#f9f9f9&#8243;][vc_column width=&#8221;1\/1&#8243;]<div class=\"spacer\" style=\"height: 40px;\"><\/div>[vc_tta_tabs style=&#8221;flat&#8221; shape=&#8221;square&#8221; spacing=&#8221;&#8221; active_section=&#8221;1&#8243;][vc_tta_section i_icon_fontawesome=&#8221;fa fa-info&#8221; add_icon=&#8221;true&#8221; title=&#8221;Informacje&#8221; tab_id=&#8221;informacje&#8221;]<div class=\"spacer\" style=\"height: 20px;\"><\/div>[vc_row_inner][vc_column_inner]<div class=\"divider-title align-left\" >Program wyjazdu<\/div>[vc_column_text]Szkolenie odb\u0119dzie si\u0119 na snowparku na Guba\u0142\u00f3wce i b\u0119dzie prowadzi\u0142 je m. in. <strong>Robert Szul<\/strong>, za\u0142o\u017cyciel akademii Freestyle\u2019u w Zakopanem!<\/p>\n<p>Opiekun i organizator wyjazdu: Ada Borowik<\/p>\n<p>Op\u0142ata: <strong>2500 z\u0142<\/strong><\/p>\n<p><img loading=\"lazy\" decoding=\"async\" class=\"tick alignnone wp-image-13078\" src=\"http:\/\/dev.deski.org\/wp-content\/uploads\/2021\/12\/tick.png\" alt=\"\" width=\"20\" height=\"20\" srcset=\"http:\/\/dev.deski.org\/wp-content\/uploads\/2021\/12\/tick.png 512w, http:\/\/dev.deski.org\/wp-content\/uploads\/2021\/12\/tick-300x300.png 300w, http:\/\/dev.deski.org\/wp-content\/uploads\/2021\/12\/tick-80x80.png 80w, http:\/\/dev.deski.org\/wp-content\/uploads\/2021\/12\/tick-500x512.png 500w, http:\/\/dev.deski.org\/wp-content\/uploads\/2021\/12\/tick-24x24.png 24w, http:\/\/dev.deski.org\/wp-content\/uploads\/2021\/12\/tick-36x36.png 36w, http:\/\/dev.deski.org\/wp-content\/uploads\/2021\/12\/tick-48x48.png 48w\" sizes=\"auto, (max-width: 20px) 100vw, 20px\" \/> <strong>Cena zawiera:<\/strong><\/p>\n<ul>\n<li>zakwaterowanie w Pensjonacie Maria IV w Zakopanem (4 dni),<\/li>\n<li>3 posi\u0142ki dziennie,<\/li>\n<li>ca\u0142odobow\u0105 opiek\u0119,<\/li>\n<li>4 dniowy karnet narciarski,<\/li>\n<li>4 dni szkolenia freestyle, 4h dziennie<\/li>\n<li>transport,<\/li>\n<li>ubezpieczenie.<\/li>\n<\/ul>\n<p><strong>Kontakt<\/strong><br \/>\nAda Borowik &#8211; 663 888 006[\/vc_column_text][\/vc_column_inner][\/vc_row_inner]<div class=\"spacer\" style=\"height: 20px;\"><\/div>[\/vc_tta_section][vc_tta_section i_icon_fontawesome=&#8221;fa fa-bed&#8221; add_icon=&#8221;true&#8221; title=&#8221;Zakwaterowanie&#8221; tab_id=&#8221;zakwaterowanie&#8221;][vc_row_inner][vc_column_inner width=&#8221;1\/2&#8243;]<div class=\"spacer\" style=\"height: 20px;\"><\/div><div class=\"divider-title align-left\" >Pensjonat Maria IV w Zakopanem<\/div>[vc_column_text]Pensjonat Maria 4 znajduje si\u0119 w Zakopanem, w pobli\u017cu stacji kolejki linowej na Kasprowy Wierch. Pensjonat oferuje pokoje zdobrze wyposa\u017con\u0105 \u0142azienk\u0105, balkonem i bezp\u0142atnym dost\u0119pem do Internetu.<\/p>\n<p>Wi\u0119cej informacji o pensjonacie: <a href=\"https:\/\/www.mariazakopane.pl\/maria-4\" rel=\"nofollow \">https:\/\/www.mariazakopane.pl\/maria-4<\/a>[\/vc_column_text][\/vc_column_inner][vc_column_inner width=&#8221;1\/2&#8243;]<div class=\"spacer\" style=\"height: 20px;\"><\/div><div class=\"single_image wpb_content_element align-left    \" data-animation=\"none\" data-delay=\"0\"><img loading=\"lazy\" decoding=\"async\" width=\"680\" height=\"407\" src=\"http:\/\/dev.deski.org\/wp-content\/uploads\/2022\/02\/pensjonat_maria_4_zakopane.jpg\" class=\"attachment-full\" alt=\"pensjonat maria 4 zakopane\" title=\"pensjonat_maria_4_zakopane\" srcset=\"http:\/\/dev.deski.org\/wp-content\/uploads\/2022\/02\/pensjonat_maria_4_zakopane.jpg 680w, http:\/\/dev.deski.org\/wp-content\/uploads\/2022\/02\/pensjonat_maria_4_zakopane-300x180.jpg 300w, http:\/\/dev.deski.org\/wp-content\/uploads\/2022\/02\/pensjonat_maria_4_zakopane-24x14.jpg 24w, http:\/\/dev.deski.org\/wp-content\/uploads\/2022\/02\/pensjonat_maria_4_zakopane-36x22.jpg 36w, http:\/\/dev.deski.org\/wp-content\/uploads\/2022\/02\/pensjonat_maria_4_zakopane-48x29.jpg 48w\" sizes=\"auto, (max-width: 680px) 100vw, 680px\" \/><\/div>[\/vc_column_inner][\/vc_row_inner]<div class=\"spacer\" style=\"height: 20px;\"><\/div>[\/vc_tta_section][\/vc_tta_tabs]<div class=\"spacer\" style=\"height: 20px;\"><\/div>[vc_row_inner][vc_column_inner width=&#8221;1\/2&#8243;][vc_raw_html]JTNDc2NyaXB0JTIwc3JjJTNEJTIyaHR0cHMlM0ElMkYlMkZkZXNraS5za2FsZW8ucGwlMkZ3cC1jb250ZW50JTJGdGhlbWVzJTJGc2thbGVvJTJGanMlMkZpZnJhbWVSZXNpemVyLm1pbi5qcyUzRnYlM0QxLjclMjIlM0UlM0MlMkZzY3JpcHQlM0UlM0NpZnJhbWUlMjBjbGFzcyUzRCUyMnNrYWxlby1pZnJhbWUlMjIlMjBpZCUzRCUyMmlGcmFtZVNrYWxlbzk1MSUyMiUyMHNyYyUzRCUyMmh0dHBzJTNBJTJGJTJGZGVza2kuc2thbGVvLnBsJTJGd3lqYXpkeSUyRnJvZG9zLTI0LTA2LTEtMDctMjAyMiUyRiUzRnJlZ2lzdHJhdGlvbiUzRHBvcHVwJTI2c2luZ2xlc19vbmx5JTNEZmFsc2UlMjIlMjAlMjBzdHlsZSUzRCUyMndpZHRoJTNBMXB4JTNCJTIwbWluLXdpZHRoJTNBJTIwMTAwJTI1JTNCbWF4LXdpZHRoJTNBJTIwMTAwJTI1JTNCJTIwYm9yZGVyJTNBbm9uZSUzQiUyMG1hcmdpbiUzQTAlM0IlMjBwYWRkaW5nJTNBMCUzQiUyMG92ZXJmbG93JTNBaGlkZGVuJTNCJTIyJTNFJTNDJTJGaWZyYW1lJTNF[\/vc_raw_html][\/vc_column_inner][vc_column_inner width=&#8221;1\/2&#8243;]<a href=\"http:\/\/dev.deski.org\/wp-content\/uploads\/2022\/02\/lista-rzeczy-do-zabrania-freestyle.pdf\" target=\"_blank\" class=\"button color-2 full \" style=\"border-radius: 0px;\">CO ZABRA\u0106 ZE SOB\u0104<\/a>[\/vc_column_inner][\/vc_row_inner]<div class=\"spacer\" style=\"height: 40px;\"><\/div>[\/vc_column][\/vc_row]<\/p>\n<\/div>","protected":false},"excerpt":{"rendered":"<p>[vc_row bg_color=&#8221;#ffffff&#8221;][vc_column width=&#8221;1\/1&#8243;][vc_row_inner][vc_column_inner width=&#8221;2\/3&#8243;][\/vc_column_inner][vc_column_inner width=&#8221;1\/3&#8243;][\/vc_column_inner][\/vc_row_inner][\/vc_column][\/vc_row][vc_row bg_color=&#8221;#f9f9f9&#8243;][vc_column width=&#8221;1\/1&#8243;][vc_tta_tabs style=&#8221;flat&#8221; shape=&#8221;square&#8221; spacing=&#8221;&#8221; active_section=&#8221;1&#8243;][vc_tta_section i_icon_fontawesome=&#8221;fa fa-info&#8221; add_icon=&#8221;true&#8221; title=&#8221;Informacje&#8221; tab_id=&#8221;informacje&#8221;][vc_row_inner][vc_column_inner][vc_column_text]Szkolenie odb\u0119dzie si\u0119 na snowparku na Guba\u0142\u00f3wce i b\u0119dzie prowadzi\u0142 je m. in. Robert Szul, za\u0142o\u017cyciel akademii Freestyle\u2019u w Zakopanem! Opiekun i organizator wyjazdu: Ada Borowik Op\u0142ata: 2500 z\u0142 Cena zawiera: zakwaterowanie w Pensjonacie Maria IV w Zakopanem (4 dni), 3 posi\u0142ki dziennie, ca\u0142odobow\u0105 opiek\u0119, 4 dniowy karnet narciarski, 4 dni szkolenia freestyle, 4h dziennie transport, ubezpieczenie. Kontakt Ada Borowik &#8211; 663 888 006[\/vc_column_text][\/vc_column_inner][\/vc_row_inner][\/vc_tta_section][vc_tta_section i_icon_fontawesome=&#8221;fa fa-bed&#8221; add_icon=&#8221;true&#8221; title=&#8221;Zakwaterowanie&#8221; tab_id=&#8221;zakwaterowanie&#8221;][vc_row_inner][vc_column_inner width=&#8221;1\/2&#8243;][vc_column_text]Pensjonat Maria 4 znajduje si\u0119 w Zakopanem, w pobli\u017cu stacji kolejki linowej na Kasprowy Wierch. Pensjonat oferuje pokoje zdobrze wyposa\u017con\u0105 \u0142azienk\u0105, balkonem i bezp\u0142atnym dost\u0119pem do Internetu. Wi\u0119cej informacji o pensjonacie: https:\/\/www.mariazakopane.pl\/maria-4[\/vc_column_text][\/vc_column_inner][vc_column_inner width=&#8221;1\/2&#8243;][\/vc_column_inner][\/vc_row_inner][\/vc_tta_section][\/vc_tta_tabs][vc_row_inner][vc_column_inner width=&#8221;1\/2&#8243;][vc_raw_html]JTNDc2NyaXB0JTIwc3JjJTNEJTIyaHR0cHMlM0ElMkYlMkZkZXNraS5za2FsZW8ucGwlMkZ3cC1jb250ZW50JTJGdGhlbWVzJTJGc2thbGVvJTJGanMlMkZpZnJhbWVSZXNpemVyLm1pbi5qcyUzRnYlM0QxLjclMjIlM0UlM0MlMkZzY3JpcHQlM0UlM0NpZnJhbWUlMjBjbGFzcyUzRCUyMnNrYWxlby1pZnJhbWUlMjIlMjBpZCUzRCUyMmlGcmFtZVNrYWxlbzk1MSUyMiUyMHNyYyUzRCUyMmh0dHBzJTNBJTJGJTJGZGVza2kuc2thbGVvLnBsJTJGd3lqYXpkeSUyRnJvZG9zLTI0LTA2LTEtMDctMjAyMiUyRiUzRnJlZ2lzdHJhdGlvbiUzRHBvcHVwJTI2c2luZ2xlc19vbmx5JTNEZmFsc2UlMjIlMjAlMjBzdHlsZSUzRCUyMndpZHRoJTNBMXB4JTNCJTIwbWluLXdpZHRoJTNBJTIwMTAwJTI1JTNCbWF4LXdpZHRoJTNBJTIwMTAwJTI1JTNCJTIwYm9yZGVyJTNBbm9uZSUzQiUyMG1hcmdpbiUzQTAlM0IlMjBwYWRkaW5nJTNBMCUzQiUyMG92ZXJmbG93JTNBaGlkZGVuJTNCJTIyJTNFJTNDJTJGaWZyYW1lJTNF[\/vc_raw_html][\/vc_column_inner][vc_column_inner width=&#8221;1\/2&#8243;][\/vc_column_inner][\/vc_row_inner][\/vc_column][\/vc_row]<\/p>\n","protected":false},"author":6,"featured_media":0,"parent":0,"menu_order":0,"comment_status":"closed","ping_status":"closed","template":"","meta":{"_acf_changed":false,"_mo_disable_npp":"","_vp_format_video_url":"","_vp_image_focal_point":[],"footnotes":""},"class_list":["post-13692","page","type-page","status-publish","hentry"],"acf":[],"aioseo_notices":[],"_links":{"self":[{"href":"http:\/\/dev.deski.org\/en\/wp-json\/wp\/v2\/pages\/13692","targetHints":{"allow":["GET"]}}],"collection":[{"href":"http:\/\/dev.deski.org\/en\/wp-json\/wp\/v2\/pages"}],"about":[{"href":"http:\/\/dev.deski.org\/en\/wp-json\/wp\/v2\/types\/page"}],"author":[{"embeddable":true,"href":"http:\/\/dev.deski.org\/en\/wp-json\/wp\/v2\/users\/6"}],"replies":[{"embeddable":true,"href":"http:\/\/dev.deski.org\/en\/wp-json\/wp\/v2\/comments?post=13692"}],"version-history":[{"count":15,"href":"http:\/\/dev.deski.org\/en\/wp-json\/wp\/v2\/pages\/13692\/revisions"}],"predecessor-version":[{"id":13901,"href":"http:\/\/dev.deski.org\/en\/wp-json\/wp\/v2\/pages\/13692\/revisions\/13901"}],"wp:attachment":[{"href":"http:\/\/dev.deski.org\/en\/wp-json\/wp\/v2\/media?parent=13692"}],"curies":[{"name":"wp","href":"https:\/\/api.w.org\/{rel}","templated":true}]}}