{"id":14867,"date":"2022-08-10T18:33:24","date_gmt":"2022-08-10T18:33:24","guid":{"rendered":"http:\/\/dev.deski.org\/?page_id=14867"},"modified":"2022-08-11T11:48:34","modified_gmt":"2022-08-11T11:48:34","slug":"oboz-tenisowo-windsurfingowy","status":"publish","type":"page","link":"http:\/\/dev.deski.org\/en\/windkite\/oboz-tenisowo-windsurfingowy\/","title":{"rendered":"Ob\u00f3z tenisowo &#8211; windsurfingowy"},"content":{"rendered":"<div class=\"wpb-content-wrapper\"><p>[vc_row bg_color=&#8221;#ffffff&#8221;][vc_column width=&#8221;1\/1&#8243;]<div class=\"spacer\" style=\"height: 20px;\"><\/div><div class=\"spacer\" style=\"height: 20px;\"><\/div>[vc_row_inner][vc_column_inner width=&#8221;2\/3&#8243;]<div class=\"divider-title align-left\" >Informacje<\/div><div class=\"iconbox  wpb_content_element iconbox-style-1 icon-color-accent color-dark animation-none\"><h3><i class=\"fa fa-check-circle boxicon\" style=\"\"><\/i><span><\/span><\/h3><p>\n<p style=\"color: black;\">Ob\u00f3z tenisowo &#8211; windsurfinowo &#8211; motoryczny z trenerem Sebastianem Tomaszewskim<\/p>\n<\/p><\/div><div class=\"iconbox  wpb_content_element iconbox-style-1 icon-color-accent color-dark animation-none\"><h3><i class=\"fa fa-check-circle boxicon\" style=\"\"><\/i><span><\/span><\/h3><p>\n<p style=\"color: black;\">dla zawodnik\u00f3w tenisa z rocznika 2010 &#8211; 2012<\/p>\n<\/p><\/div><div class=\"iconbox  wpb_content_element iconbox-style-1 icon-color-accent color-dark animation-none\"><h3><i class=\"fa fa-check-circle boxicon\" style=\"\"><\/i><span><\/span><\/h3><p>\n<p style=\"color: black;\">6 intensywnych dni treningowych<\/p>\n<\/p><\/div>[\/vc_column_inner][vc_column_inner width=&#8221;1\/3&#8243;]<div class=\"iconbox ikonka wpb_content_element iconbox-style-5 icon-color-accent color-dark clearfix\"><div class=\"iconbox-icon\"><i class=\"fa fa-calendar boxicon\" style=\"\"><\/i><\/div><div class=\"iconbox-content\"><h3><\/h3><p>\n<h4>28.08 &#8211; 03.09.2022<\/h4>\n<\/p><\/div><\/div><div class=\"iconbox  wpb_content_element iconbox-style-5 icon-color-accent color-dark clearfix\"><div class=\"iconbox-icon\"><i class=\"fa fa-map-marker boxicon\" style=\"\"><\/i><\/div><div class=\"iconbox-content\"><h3><\/h3><p>\n<h4>Szko\u0142a windsurfingu WTS DeSki na kempingu Solar (Cha\u0142upy IV) na P\u00f3\u0142wyspie Helskim<\/h4>\n<\/p><\/div><\/div><div class=\"iconbox  wpb_content_element iconbox-style-5 icon-color-accent color-dark clearfix\"><div class=\"iconbox-icon\"><i class=\"fa fa-credit-card boxicon\" style=\"\"><\/i><\/div><div class=\"iconbox-content\"><h3><\/h3><p>\n<h4 style=\"color: black;\">2200 z\u0142<\/h4>\n<\/p><\/div><\/div>[\/vc_column_inner][\/vc_row_inner]<div class=\"spacer\" style=\"height: 40px;\"><\/div>[\/vc_column][\/vc_row][vc_row bg_color=&#8221;#f9f9f9&#8243;][vc_column bg_color=&#8221;#f9f9f9&#8243; width=&#8221;1\/1&#8243;]<div class=\"spacer\" style=\"height: 40px;\"><\/div>[vc_tta_tabs style=&#8221;flat&#8221; shape=&#8221;square&#8221; spacing=&#8221;&#8221; active_section=&#8221;1&#8243;][vc_tta_section i_icon_fontawesome=&#8221;fa fa-info&#8221; add_icon=&#8221;true&#8221; title=&#8221;Program&#8221; tab_id=&#8221;program&#8221;]<div class=\"spacer\" style=\"height: 20px;\"><\/div>[vc_row_inner][vc_column_inner width=&#8221;2\/3&#8243;]<div class=\"spacer\" style=\"height: 20px;\"><\/div><div class=\"divider-title align-left\" >Podstawowe informacje<\/div>[vc_column_text]<strong>Lokalizacja: Szko\u0142a windsurfingu WTS DeSki na kempingu Solar (Cha\u0142upy IV) na P\u00f3\u0142wyspie Helskim<\/strong><\/p>\n<div align=\"justify\">\n<p>Na kempingu znajduje si\u0119 restauracja, dwa\u00a0sklepiki, bar, sprzeda\u017c warzyw, toalety, prysznice, kort tenisowy, pole do gry w siatk\u00f3wk\u0119 pla\u017cow\u0105, mini-boisko do koszyk\u00f3wki. Piaszczysta pla\u017ca, p\u0142ytka woda (ale nie za p\u0142ytko) \u2013 idealne warunki do nauki i doskonalenia umiej\u0119tno\u015bci.<\/p>\n<\/div>\n<div>\n<p><strong>Kemping Solar, Cha\u0142upy 4<\/strong><\/p>\n<\/div>\n<div>\n<p>ul. Droga Helska 4, 84 -120 W\u0142adys\u0142awowo<\/p>\n<p>Dojazd: czwarty camping po prawej stronie od W\u0142adys\u0142awowa w kierunku Helu.<\/p>\n<\/div>\n<p>[\/vc_column_text]<div class=\"divider-title align-left\" >Program<\/div>[vc_column_text]<\/p>\n<ul>\n<li>7:15 Pobudka<\/li>\n<li>7:45 Trening motoryczny<\/li>\n<li>8:30 \u015aniadanie<\/li>\n<li>10:00 &#8211; 12:30 Zaj\u0119cia windsurfingowe<\/li>\n<li>13:00 Obiad<\/li>\n<li>14:30 &#8211; 16:00 Trening tenisowy gr. A, trening na wodzie gr. B<\/li>\n<li>16:00 &#8211; 17:30 Trening tenisowy gr. B<\/li>\n<li>17:30 &#8211; 18:20 Trening funkcjonalny<\/li>\n<li>18:30 Kolacja<\/li>\n<li>19:15 &#8211; 20:30 Gry biegowe, rozci\u0105ganie<\/li>\n<li>21:00 Toaleta wieczorna<\/li>\n<li>21:00 Cisza nocna<\/li>\n<\/ul>\n<p>[\/vc_column_text][\/vc_column_inner][vc_column_inner width=&#8221;1\/3&#8243; offset=&#8221;vc_hidden-xs&#8221;]<div class=\"single_image wpb_content_element align-left    \" data-animation=\"none\" data-delay=\"0\"><img loading=\"lazy\" decoding=\"async\" width=\"300\" height=\"300\" src=\"http:\/\/dev.deski.org\/wp-content\/uploads\/2022\/02\/nowe-baza-deski-logo-kolo-2-300x300.png\" class=\"attachment-medium\" alt=\"baza deski 2022\" title=\"nowe baza deski logo kolo 2\" srcset=\"http:\/\/dev.deski.org\/wp-content\/uploads\/2022\/02\/nowe-baza-deski-logo-kolo-2-300x300.png 300w, http:\/\/dev.deski.org\/wp-content\/uploads\/2022\/02\/nowe-baza-deski-logo-kolo-2-80x80.png 80w, http:\/\/dev.deski.org\/wp-content\/uploads\/2022\/02\/nowe-baza-deski-logo-kolo-2-500x500.png 500w, http:\/\/dev.deski.org\/wp-content\/uploads\/2022\/02\/nowe-baza-deski-logo-kolo-2-24x24.png 24w, http:\/\/dev.deski.org\/wp-content\/uploads\/2022\/02\/nowe-baza-deski-logo-kolo-2-36x36.png 36w, http:\/\/dev.deski.org\/wp-content\/uploads\/2022\/02\/nowe-baza-deski-logo-kolo-2-48x48.png 48w, http:\/\/dev.deski.org\/wp-content\/uploads\/2022\/02\/nowe-baza-deski-logo-kolo-2.png 800w\" sizes=\"auto, (max-width: 300px) 100vw, 300px\" \/><\/div>[\/vc_column_inner][\/vc_row_inner][\/vc_tta_section][vc_tta_section i_icon_fontawesome=&#8221;fa fa-credit-card&#8221; add_icon=&#8221;true&#8221; title=&#8221;Koszt&#8221; tab_id=&#8221;koszt&#8221;]<div class=\"spacer\" style=\"height: 20px;\"><\/div>[vc_row_inner][vc_column_inner]<div class=\"divider-title align-left\" >Koszt<\/div>[vc_column_text]<strong>Koszt:<\/strong> 2200 z\u0142<\/p>\n<p><strong>Op\u0142ata zawiera:<\/strong><\/p>\n<ul>\n<li>zakwaterowanie z wy\u017cywieniem (3 posi\u0142ki) w Bazie WTS DESKI<\/li>\n<li>codziennie p\u0142ywanie + sprz\u0119t<\/li>\n<li>zaj\u0119cia tenisowe<\/li>\n<li>zaj\u0119cia motoryczne<\/li>\n<li>ubezpieczenie<\/li>\n<li>DOJAZD W\u0141ASNY (mo\u017cliwie jest zorganizowanie wsp\u00f3lnego dojazdu poci\u0105giem lub z kim\u015b autem)<\/li>\n<\/ul>\n<p><u>Wyjazd dojdzie do skutku przy zg\u0142oszeniu si\u0119 nim 6 uczestnik\u00f3w.<\/u>[\/vc_column_text][\/vc_column_inner][\/vc_row_inner][\/vc_tta_section][\/vc_tta_tabs]<div class=\"spacer\" style=\"height: 20px;\"><\/div>[\/vc_column][\/vc_row][vc_row][vc_column width=&#8221;1\/1&#8243;][vc_row_inner][vc_column_inner]<div class=\"spacer\" style=\"height: 40px;\"><\/div><div class=\"divider-title align-left\" >Galeria<\/div><div class=\"gallery-style-2\">\n\t\t<style type=\"text\/css\">\n\t\t\t#gallery-1 {\n\t\t\t\tmargin: auto;\n\t\t\t}\n\t\t\t#gallery-1 .gallery-item {\n\t\t\t\tfloat: left;\n\t\t\t\tmargin-top: 10px;\n\t\t\t\ttext-align: center;\n\t\t\t\twidth: 14%;\n\t\t\t}\n\t\t\t#gallery-1 img {\n\t\t\t\tborder: 2px solid #cfcfcf;\n\t\t\t}\n\t\t\t#gallery-1 .gallery-caption {\n\t\t\t\tmargin-left: 0;\n\t\t\t}\n\t\t\t\/* see gallery_shortcode() in wp-includes\/media.php *\/\n\t\t<\/style>\n\t\t<div id='gallery-1' class='gallery galleryid-14867 gallery-columns-7 gallery-size-thumbnail'><dl class='gallery-item'>\n\t\t\t<dt class='gallery-icon landscape'>\n\t\t\t\t<a rel=\"prettyPhoto[pp_gal]\" href='http:\/\/dev.deski.org\/wp-content\/uploads\/2022\/08\/DJI_0444_min.jpg'><img loading=\"lazy\" decoding=\"async\" width=\"300\" height=\"300\" src=\"http:\/\/dev.deski.org\/wp-content\/uploads\/2022\/08\/DJI_0444_min-300x300.jpg\" class=\"attachment-thumbnail size-thumbnail\" alt=\"baza wts deski\" srcset=\"http:\/\/dev.deski.org\/wp-content\/uploads\/2022\/08\/DJI_0444_min-300x300.jpg 300w, http:\/\/dev.deski.org\/wp-content\/uploads\/2022\/08\/DJI_0444_min-80x80.jpg 80w, http:\/\/dev.deski.org\/wp-content\/uploads\/2022\/08\/DJI_0444_min-500x500.jpg 500w\" sizes=\"auto, (max-width: 300px) 100vw, 300px\" \/><\/a>\n\t\t\t<\/dt><\/dl><dl class='gallery-item'>\n\t\t\t<dt class='gallery-icon landscape'>\n\t\t\t\t<a rel=\"prettyPhoto[pp_gal]\" href='http:\/\/dev.deski.org\/wp-content\/uploads\/2022\/08\/DJI_0483_min.jpg'><img loading=\"lazy\" decoding=\"async\" width=\"300\" height=\"300\" src=\"http:\/\/dev.deski.org\/wp-content\/uploads\/2022\/08\/DJI_0483_min-300x300.jpg\" class=\"attachment-thumbnail size-thumbnail\" alt=\"joga w bazie deski\" srcset=\"http:\/\/dev.deski.org\/wp-content\/uploads\/2022\/08\/DJI_0483_min-300x300.jpg 300w, http:\/\/dev.deski.org\/wp-content\/uploads\/2022\/08\/DJI_0483_min-80x80.jpg 80w, http:\/\/dev.deski.org\/wp-content\/uploads\/2022\/08\/DJI_0483_min-500x500.jpg 500w\" sizes=\"auto, (max-width: 300px) 100vw, 300px\" \/><\/a>\n\t\t\t<\/dt><\/dl><dl class='gallery-item'>\n\t\t\t<dt class='gallery-icon landscape'>\n\t\t\t\t<a rel=\"prettyPhoto[pp_gal]\" href='http:\/\/dev.deski.org\/wp-content\/uploads\/2022\/08\/solar2.jpg'><img loading=\"lazy\" decoding=\"async\" width=\"300\" height=\"300\" src=\"http:\/\/dev.deski.org\/wp-content\/uploads\/2022\/08\/solar2-300x300.jpg\" class=\"attachment-thumbnail size-thumbnail\" alt=\"tenis na solarze\" srcset=\"http:\/\/dev.deski.org\/wp-content\/uploads\/2022\/08\/solar2-300x300.jpg 300w, http:\/\/dev.deski.org\/wp-content\/uploads\/2022\/08\/solar2-80x80.jpg 80w, http:\/\/dev.deski.org\/wp-content\/uploads\/2022\/08\/solar2-500x500.jpg 500w\" sizes=\"auto, (max-width: 300px) 100vw, 300px\" \/><\/a>\n\t\t\t<\/dt><\/dl><dl class='gallery-item'>\n\t\t\t<dt class='gallery-icon landscape'>\n\t\t\t\t<a rel=\"prettyPhoto[pp_gal]\" href='http:\/\/dev.deski.org\/wp-content\/uploads\/2022\/08\/solar1.jpg'><img loading=\"lazy\" decoding=\"async\" width=\"300\" height=\"300\" src=\"http:\/\/dev.deski.org\/wp-content\/uploads\/2022\/08\/solar1-300x300.jpg\" class=\"attachment-thumbnail size-thumbnail\" alt=\"trening og\u00f3lnorozwojowy na solarze\" srcset=\"http:\/\/dev.deski.org\/wp-content\/uploads\/2022\/08\/solar1-300x300.jpg 300w, http:\/\/dev.deski.org\/wp-content\/uploads\/2022\/08\/solar1-80x80.jpg 80w, http:\/\/dev.deski.org\/wp-content\/uploads\/2022\/08\/solar1-500x500.jpg 500w\" sizes=\"auto, (max-width: 300px) 100vw, 300px\" \/><\/a>\n\t\t\t<\/dt><\/dl><dl class='gallery-item'>\n\t\t\t<dt class='gallery-icon landscape'>\n\t\t\t\t<a rel=\"prettyPhoto[pp_gal]\" href='http:\/\/dev.deski.org\/wp-content\/uploads\/2021\/04\/117826875_2992339357555454_5902271222295465478_n-min.jpg'><img loading=\"lazy\" decoding=\"async\" width=\"300\" height=\"300\" src=\"http:\/\/dev.deski.org\/wp-content\/uploads\/2021\/04\/117826875_2992339357555454_5902271222295465478_n-min-300x300.jpg\" class=\"attachment-thumbnail size-thumbnail\" alt=\"tenis na solarze\" srcset=\"http:\/\/dev.deski.org\/wp-content\/uploads\/2021\/04\/117826875_2992339357555454_5902271222295465478_n-min-300x300.jpg 300w, http:\/\/dev.deski.org\/wp-content\/uploads\/2021\/04\/117826875_2992339357555454_5902271222295465478_n-min-80x80.jpg 80w, http:\/\/dev.deski.org\/wp-content\/uploads\/2021\/04\/117826875_2992339357555454_5902271222295465478_n-min-500x500.jpg 500w\" sizes=\"auto, (max-width: 300px) 100vw, 300px\" \/><\/a>\n\t\t\t<\/dt><\/dl><dl class='gallery-item'>\n\t\t\t<dt class='gallery-icon landscape'>\n\t\t\t\t<a rel=\"prettyPhoto[pp_gal]\" href='http:\/\/dev.deski.org\/wp-content\/uploads\/2021\/04\/117825642_2992340997555290_7127257161289314906_n-min.jpg'><img loading=\"lazy\" decoding=\"async\" width=\"300\" height=\"300\" src=\"http:\/\/dev.deski.org\/wp-content\/uploads\/2021\/04\/117825642_2992340997555290_7127257161289314906_n-min-300x300.jpg\" class=\"attachment-thumbnail size-thumbnail\" alt=\"tenis na solarze\" srcset=\"http:\/\/dev.deski.org\/wp-content\/uploads\/2021\/04\/117825642_2992340997555290_7127257161289314906_n-min-300x300.jpg 300w, http:\/\/dev.deski.org\/wp-content\/uploads\/2021\/04\/117825642_2992340997555290_7127257161289314906_n-min-80x80.jpg 80w, http:\/\/dev.deski.org\/wp-content\/uploads\/2021\/04\/117825642_2992340997555290_7127257161289314906_n-min-500x500.jpg 500w\" sizes=\"auto, (max-width: 300px) 100vw, 300px\" \/><\/a>\n\t\t\t<\/dt><\/dl><dl class='gallery-item'>\n\t\t\t<dt class='gallery-icon landscape'>\n\t\t\t\t<a rel=\"prettyPhoto[pp_gal]\" href='http:\/\/dev.deski.org\/wp-content\/uploads\/2021\/04\/117743786_2992340134222043_2974778376869009851_n-min.jpg'><img loading=\"lazy\" decoding=\"async\" width=\"300\" height=\"300\" src=\"http:\/\/dev.deski.org\/wp-content\/uploads\/2021\/04\/117743786_2992340134222043_2974778376869009851_n-min-300x300.jpg\" class=\"attachment-thumbnail size-thumbnail\" alt=\"tenis na solarze\" srcset=\"http:\/\/dev.deski.org\/wp-content\/uploads\/2021\/04\/117743786_2992340134222043_2974778376869009851_n-min-300x300.jpg 300w, http:\/\/dev.deski.org\/wp-content\/uploads\/2021\/04\/117743786_2992340134222043_2974778376869009851_n-min-80x80.jpg 80w, http:\/\/dev.deski.org\/wp-content\/uploads\/2021\/04\/117743786_2992340134222043_2974778376869009851_n-min-500x500.jpg 500w\" sizes=\"auto, (max-width: 300px) 100vw, 300px\" \/><\/a>\n\t\t\t<\/dt><\/dl><br style=\"clear: both\" \/><dl class='gallery-item'>\n\t\t\t<dt class='gallery-icon portrait'>\n\t\t\t\t<a rel=\"prettyPhoto[pp_gal]\" href='http:\/\/dev.deski.org\/wp-content\/uploads\/2022\/03\/FP5D0777-min-e1649096265330.jpg'><img loading=\"lazy\" decoding=\"async\" width=\"300\" height=\"300\" src=\"http:\/\/dev.deski.org\/wp-content\/uploads\/2022\/03\/FP5D0777-min-300x300.jpg\" class=\"attachment-thumbnail size-thumbnail\" alt=\"przedszkole windsurfingowe\" srcset=\"http:\/\/dev.deski.org\/wp-content\/uploads\/2022\/03\/FP5D0777-min-300x300.jpg 300w, http:\/\/dev.deski.org\/wp-content\/uploads\/2022\/03\/FP5D0777-min-80x80.jpg 80w, http:\/\/dev.deski.org\/wp-content\/uploads\/2022\/03\/FP5D0777-min-500x500.jpg 500w\" sizes=\"auto, (max-width: 300px) 100vw, 300px\" \/><\/a>\n\t\t\t<\/dt><\/dl><dl class='gallery-item'>\n\t\t\t<dt class='gallery-icon landscape'>\n\t\t\t\t<a rel=\"prettyPhoto[pp_gal]\" href='http:\/\/dev.deski.org\/wp-content\/uploads\/2021\/04\/118074528_2992340317555358_5877904688587388939_n-1.jpg'><img loading=\"lazy\" decoding=\"async\" width=\"300\" height=\"300\" src=\"http:\/\/dev.deski.org\/wp-content\/uploads\/2021\/04\/118074528_2992340317555358_5877904688587388939_n-1-300x300.jpg\" class=\"attachment-thumbnail size-thumbnail\" alt=\"tenis na solarze\" srcset=\"http:\/\/dev.deski.org\/wp-content\/uploads\/2021\/04\/118074528_2992340317555358_5877904688587388939_n-1-300x300.jpg 300w, http:\/\/dev.deski.org\/wp-content\/uploads\/2021\/04\/118074528_2992340317555358_5877904688587388939_n-1-80x80.jpg 80w, http:\/\/dev.deski.org\/wp-content\/uploads\/2021\/04\/118074528_2992340317555358_5877904688587388939_n-1-500x500.jpg 500w\" sizes=\"auto, (max-width: 300px) 100vw, 300px\" \/><\/a>\n\t\t\t<\/dt><\/dl><dl class='gallery-item'>\n\t\t\t<dt class='gallery-icon landscape'>\n\t\t\t\t<a rel=\"prettyPhoto[pp_gal]\" href='http:\/\/dev.deski.org\/wp-content\/uploads\/2021\/03\/wind-tenis1-2.jpg'><img loading=\"lazy\" decoding=\"async\" width=\"300\" height=\"300\" src=\"http:\/\/dev.deski.org\/wp-content\/uploads\/2021\/03\/wind-tenis1-2-300x300.jpg\" class=\"attachment-thumbnail size-thumbnail\" alt=\"p\u00f3\u0142kolonie tenisowe na p\u00f3\u0142wyspie\" srcset=\"http:\/\/dev.deski.org\/wp-content\/uploads\/2021\/03\/wind-tenis1-2-300x300.jpg 300w, http:\/\/dev.deski.org\/wp-content\/uploads\/2021\/03\/wind-tenis1-2-80x80.jpg 80w, http:\/\/dev.deski.org\/wp-content\/uploads\/2021\/03\/wind-tenis1-2-500x500.jpg 500w\" sizes=\"auto, (max-width: 300px) 100vw, 300px\" \/><\/a>\n\t\t\t<\/dt><\/dl><dl class='gallery-item'>\n\t\t\t<dt class='gallery-icon landscape'>\n\t\t\t\t<a rel=\"prettyPhoto[pp_gal]\" href='http:\/\/dev.deski.org\/wp-content\/uploads\/2022\/04\/surfing.jpg'><img loading=\"lazy\" decoding=\"async\" width=\"300\" height=\"300\" src=\"http:\/\/dev.deski.org\/wp-content\/uploads\/2022\/04\/surfing-300x300.jpg\" class=\"attachment-thumbnail size-thumbnail\" alt=\"przedszkola windsurfingowe\" srcset=\"http:\/\/dev.deski.org\/wp-content\/uploads\/2022\/04\/surfing-300x300.jpg 300w, http:\/\/dev.deski.org\/wp-content\/uploads\/2022\/04\/surfing-80x80.jpg 80w, http:\/\/dev.deski.org\/wp-content\/uploads\/2022\/04\/surfing-500x500.jpg 500w\" sizes=\"auto, (max-width: 300px) 100vw, 300px\" \/><\/a>\n\t\t\t<\/dt><\/dl><dl class='gallery-item'>\n\t\t\t<dt class='gallery-icon landscape'>\n\t\t\t\t<a rel=\"prettyPhoto[pp_gal]\" href='http:\/\/dev.deski.org\/wp-content\/uploads\/2021\/06\/domki-na-wynajem-2.jpeg'><img loading=\"lazy\" decoding=\"async\" width=\"300\" height=\"300\" src=\"http:\/\/dev.deski.org\/wp-content\/uploads\/2021\/06\/domki-na-wynajem-2-300x300.jpeg\" class=\"attachment-thumbnail size-thumbnail\" alt=\"domki na wynajem w cha\u0142upach\" srcset=\"http:\/\/dev.deski.org\/wp-content\/uploads\/2021\/06\/domki-na-wynajem-2-300x300.jpeg 300w, http:\/\/dev.deski.org\/wp-content\/uploads\/2021\/06\/domki-na-wynajem-2-80x80.jpeg 80w, http:\/\/dev.deski.org\/wp-content\/uploads\/2021\/06\/domki-na-wynajem-2-500x500.jpeg 500w\" sizes=\"auto, (max-width: 300px) 100vw, 300px\" \/><\/a>\n\t\t\t<\/dt><\/dl><dl class='gallery-item'>\n\t\t\t<dt class='gallery-icon landscape'>\n\t\t\t\t<a rel=\"prettyPhoto[pp_gal]\" href='http:\/\/dev.deski.org\/wp-content\/uploads\/2021\/06\/domki-na-wynajem-3.jpeg'><img loading=\"lazy\" decoding=\"async\" width=\"300\" height=\"300\" src=\"http:\/\/dev.deski.org\/wp-content\/uploads\/2021\/06\/domki-na-wynajem-3-300x300.jpeg\" class=\"attachment-thumbnail size-thumbnail\" alt=\"domki na wynajem w cha\u0142upach\" srcset=\"http:\/\/dev.deski.org\/wp-content\/uploads\/2021\/06\/domki-na-wynajem-3-300x300.jpeg 300w, http:\/\/dev.deski.org\/wp-content\/uploads\/2021\/06\/domki-na-wynajem-3-80x80.jpeg 80w, http:\/\/dev.deski.org\/wp-content\/uploads\/2021\/06\/domki-na-wynajem-3-500x500.jpeg 500w\" sizes=\"auto, (max-width: 300px) 100vw, 300px\" \/><\/a>\n\t\t\t<\/dt><\/dl><dl class='gallery-item'>\n\t\t\t<dt class='gallery-icon landscape'>\n\t\t\t\t<a rel=\"prettyPhoto[pp_gal]\" href='http:\/\/dev.deski.org\/wp-content\/uploads\/2021\/03\/69491236_2482014268542270_2152708686168981504_o.jpg'><img loading=\"lazy\" decoding=\"async\" width=\"300\" height=\"300\" src=\"http:\/\/dev.deski.org\/wp-content\/uploads\/2021\/03\/69491236_2482014268542270_2152708686168981504_o-300x300.jpg\" class=\"attachment-thumbnail size-thumbnail\" alt=\"indywidualne lekcje windsurfingu\" srcset=\"http:\/\/dev.deski.org\/wp-content\/uploads\/2021\/03\/69491236_2482014268542270_2152708686168981504_o-300x300.jpg 300w, http:\/\/dev.deski.org\/wp-content\/uploads\/2021\/03\/69491236_2482014268542270_2152708686168981504_o-80x80.jpg 80w\" sizes=\"auto, (max-width: 300px) 100vw, 300px\" \/><\/a>\n\t\t\t<\/dt><\/dl><br style=\"clear: both\" \/>\n\t\t<\/div>\n<\/div>[\/vc_column_inner][\/vc_row_inner]<div class=\"spacer\" style=\"height: 40px;\"><\/div>[\/vc_column][\/vc_row][vc_row top_padding=&#8221;40&#8243;][vc_column width=&#8221;1\/1&#8243;]<div class=\"divider-title align-left\" >Kontakt<\/div>[vc_column_text]<\/p>\n<p style=\"color: black;\">Sebastian Tomaszewski<br \/>\nTel. 501 025 574<\/p>\n<p>[\/vc_column_text]<div class=\"divider-title align-left\" >Zapisy<\/div>[vc_raw_html]JTNDc2NyaXB0JTIwc3JjJTNEJTIyaHR0cHMlM0ElMkYlMkZkZXNraS5za2FsZW8ucGwlMkZ3cC1jb250ZW50JTJGdGhlbWVzJTJGc2thbGVvJTJGanMlMkZpZnJhbWVSZXNpemVyLm1pbi5qcyUzRnYlM0QxLjglMjIlM0UlM0MlMkZzY3JpcHQlM0UlM0NpZnJhbWUlMjBjbGFzcyUzRCUyMnNrYWxlby1pZnJhbWUlMjIlMjBpZCUzRCUyMmlGcmFtZVNrYWxlbzEyMTElMjIlMjBzcmMlM0QlMjJodHRwcyUzQSUyRiUyRmRlc2tpLnNrYWxlby5wbCUyRnd5amF6ZHklMkZzemtvbGEtd2luZHN1cmZpbmd1LWp1bmlvci05LTIyLTA4LTI2LTA4LTIwMjIlMkYlM0ZyZWdpc3RyYXRpb24lM0Rwb3B1cCUyNnNpbmdsZXNfb25seSUzRGZhbHNlJTIyJTIwJTIwc3R5bGUlM0QlMjJ3aWR0aCUzQTFweCUzQiUyMG1pbi13aWR0aCUzQSUyMDEwMCUyNSUzQm1heC13aWR0aCUzQSUyMDEwMCUyNSUzQiUyMGJvcmRlciUzQW5vbmUlM0IlMjBtYXJnaW4lM0EwJTNCJTIwcGFkZGluZyUzQTAlM0IlMjBvdmVyZmxvdyUzQWhpZGRlbiUzQiUyMiUzRSUzQyUyRmlmcmFtZSUzRQ==[\/vc_raw_html]<div class=\"spacer\" style=\"height: 40px;\"><\/div>[\/vc_column][\/vc_row]<\/p>\n<\/div>","protected":false},"excerpt":{"rendered":"<p>[vc_row bg_color=&#8221;#ffffff&#8221;][vc_column width=&#8221;1\/1&#8243;][vc_row_inner][vc_column_inner width=&#8221;2\/3&#8243;][\/vc_column_inner][vc_column_inner width=&#8221;1\/3&#8243;][\/vc_column_inner][\/vc_row_inner][\/vc_column][\/vc_row][vc_row bg_color=&#8221;#f9f9f9&#8243;][vc_column bg_color=&#8221;#f9f9f9&#8243; width=&#8221;1\/1&#8243;][vc_tta_tabs style=&#8221;flat&#8221; shape=&#8221;square&#8221; spacing=&#8221;&#8221; active_section=&#8221;1&#8243;][vc_tta_section i_icon_fontawesome=&#8221;fa fa-info&#8221; add_icon=&#8221;true&#8221; title=&#8221;Program&#8221; tab_id=&#8221;program&#8221;][vc_row_inner][vc_column_inner width=&#8221;2\/3&#8243;][vc_column_text]Lokalizacja: Szko\u0142a windsurfingu WTS DeSki na kempingu Solar (Cha\u0142upy IV) na P\u00f3\u0142wyspie Helskim Na kempingu znajduje si\u0119 restauracja, dwa\u00a0sklepiki, bar, sprzeda\u017c warzyw, toalety, prysznice, kort tenisowy, pole do gry w siatk\u00f3wk\u0119 pla\u017cow\u0105, mini-boisko do koszyk\u00f3wki. Piaszczysta pla\u017ca, p\u0142ytka woda (ale nie za p\u0142ytko) \u2013 idealne warunki do nauki i doskonalenia umiej\u0119tno\u015bci. Kemping Solar, Cha\u0142upy 4 ul. Droga Helska 4, 84 -120 W\u0142adys\u0142awowo Dojazd: czwarty camping po prawej stronie od W\u0142adys\u0142awowa w kierunku Helu. [\/vc_column_text][vc_column_text] 7:15 Pobudka 7:45 Trening motoryczny 8:30 \u015aniadanie 10:00 &#8211; 12:30 Zaj\u0119cia windsurfingowe 13:00 Obiad 14:30 &#8211; 16:00 Trening tenisowy gr. A, trening na wodzie gr. B 16:00 &#8211; 17:30 Trening tenisowy gr. B 17:30 &#8211; 18:20 Trening funkcjonalny 18:30 Kolacja 19:15 &#8211; 20:30 Gry biegowe, rozci\u0105ganie 21:00 Toaleta wieczorna 21:00 Cisza nocna [\/vc_column_text][\/vc_column_inner][vc_column_inner width=&#8221;1\/3&#8243; offset=&#8221;vc_hidden-xs&#8221;][\/vc_column_inner][\/vc_row_inner][\/vc_tta_section][vc_tta_section i_icon_fontawesome=&#8221;fa fa-credit-card&#8221; add_icon=&#8221;true&#8221; title=&#8221;Koszt&#8221; tab_id=&#8221;koszt&#8221;][vc_row_inner][vc_column_inner][vc_column_text]Koszt: 2200 z\u0142 Op\u0142ata zawiera: zakwaterowanie z wy\u017cywieniem (3 posi\u0142ki) w Bazie WTS DESKI codziennie p\u0142ywanie + sprz\u0119t zaj\u0119cia tenisowe zaj\u0119cia motoryczne ubezpieczenie DOJAZD W\u0141ASNY (mo\u017cliwie jest zorganizowanie wsp\u00f3lnego dojazdu poci\u0105giem lub z kim\u015b autem) Wyjazd dojdzie do skutku przy zg\u0142oszeniu si\u0119 nim 6 uczestnik\u00f3w.[\/vc_column_text][\/vc_column_inner][\/vc_row_inner][\/vc_tta_section][\/vc_tta_tabs][\/vc_column][\/vc_row][vc_row][vc_column width=&#8221;1\/1&#8243;][vc_row_inner][vc_column_inner][\/vc_column_inner][\/vc_row_inner][\/vc_column][\/vc_row][vc_row top_padding=&#8221;40&#8243;][vc_column width=&#8221;1\/1&#8243;][vc_column_text] Sebastian Tomaszewski [&hellip;]<\/p>\n","protected":false},"author":6,"featured_media":0,"parent":21,"menu_order":0,"comment_status":"closed","ping_status":"closed","template":"","meta":{"_acf_changed":false,"_mo_disable_npp":"","_vp_format_video_url":"","_vp_image_focal_point":[],"footnotes":""},"class_list":["post-14867","page","type-page","status-publish","hentry"],"acf":[],"aioseo_notices":[],"_links":{"self":[{"href":"http:\/\/dev.deski.org\/en\/wp-json\/wp\/v2\/pages\/14867","targetHints":{"allow":["GET"]}}],"collection":[{"href":"http:\/\/dev.deski.org\/en\/wp-json\/wp\/v2\/pages"}],"about":[{"href":"http:\/\/dev.deski.org\/en\/wp-json\/wp\/v2\/types\/page"}],"author":[{"embeddable":true,"href":"http:\/\/dev.deski.org\/en\/wp-json\/wp\/v2\/users\/6"}],"replies":[{"embeddable":true,"href":"http:\/\/dev.deski.org\/en\/wp-json\/wp\/v2\/comments?post=14867"}],"version-history":[{"count":25,"href":"http:\/\/dev.deski.org\/en\/wp-json\/wp\/v2\/pages\/14867\/revisions"}],"predecessor-version":[{"id":14901,"href":"http:\/\/dev.deski.org\/en\/wp-json\/wp\/v2\/pages\/14867\/revisions\/14901"}],"up":[{"embeddable":true,"href":"http:\/\/dev.deski.org\/en\/wp-json\/wp\/v2\/pages\/21"}],"wp:attachment":[{"href":"http:\/\/dev.deski.org\/en\/wp-json\/wp\/v2\/media?parent=14867"}],"curies":[{"name":"wp","href":"https:\/\/api.w.org\/{rel}","templated":true}]}}