{"id":15532,"date":"2022-10-15T08:33:30","date_gmt":"2022-10-15T08:33:30","guid":{"rendered":"http:\/\/dev.deski.org\/?page_id=15532"},"modified":"2022-10-15T08:59:24","modified_gmt":"2022-10-15T08:59:24","slug":"maciej-dudziak","status":"publish","type":"page","link":"http:\/\/dev.deski.org\/en\/maciej-dudziak\/","title":{"rendered":"Maciej Dudziak"},"content":{"rendered":"<div class=\"wpb-content-wrapper\"><p>[vc_row][vc_column width=&#8221;1\/2&#8243;]<div class=\"single_image wpb_content_element align-left    \" data-animation=\"none\" data-delay=\"0\"><img loading=\"lazy\" decoding=\"async\" width=\"1600\" height=\"1200\" src=\"http:\/\/dev.deski.org\/wp-content\/uploads\/2022\/10\/c99afba7-8c19-4c75-a352-b10eaa2a7244.jpg\" class=\"attachment-full\" alt=\"maciej dudziak\" title=\"c99afba7-8c19-4c75-a352-b10eaa2a7244\" srcset=\"http:\/\/dev.deski.org\/wp-content\/uploads\/2022\/10\/c99afba7-8c19-4c75-a352-b10eaa2a7244.jpg 1600w, http:\/\/dev.deski.org\/wp-content\/uploads\/2022\/10\/c99afba7-8c19-4c75-a352-b10eaa2a7244-300x225.jpg 300w, http:\/\/dev.deski.org\/wp-content\/uploads\/2022\/10\/c99afba7-8c19-4c75-a352-b10eaa2a7244-1024x768.jpg 1024w, http:\/\/dev.deski.org\/wp-content\/uploads\/2022\/10\/c99afba7-8c19-4c75-a352-b10eaa2a7244-1536x1152.jpg 1536w, http:\/\/dev.deski.org\/wp-content\/uploads\/2022\/10\/c99afba7-8c19-4c75-a352-b10eaa2a7244-24x18.jpg 24w, http:\/\/dev.deski.org\/wp-content\/uploads\/2022\/10\/c99afba7-8c19-4c75-a352-b10eaa2a7244-36x27.jpg 36w, http:\/\/dev.deski.org\/wp-content\/uploads\/2022\/10\/c99afba7-8c19-4c75-a352-b10eaa2a7244-48x36.jpg 48w\" sizes=\"auto, (max-width: 1600px) 100vw, 1600px\" \/><\/div><div class=\"spacer\" style=\"height: 40px;\"><\/div>[\/vc_column][vc_column width=&#8221;1\/2&#8243;][vc_column_text]<\/p>\n<div class=\"default-style\">Urodzony w 1997 roku w Warszawie. Gr\u0119 w tenisa rozpocz\u0105\u0142 w wieku 4 lat jako gracz rekreacyjny a w wieku 19 jako instruktor zacz\u0105\u0142 uczy\u0107 innych. Prac\u0119 w deskach rozpocz\u0105\u0142 w roku 2016. G\u0142\u00f3wnie zajmuje si\u0119 nauczaniem dzieci, ale r\u00f3wnie\u017c prowadzi grupy zaj\u0119ciowe z m\u0142odzie\u017c\u0105 i doros\u0142ymi. Jest absolwentem architektury na Politechnice Wroc\u0142awskiej. Poza tenisem rozwija si\u0119 ch\u0119tnie w innych dziedzinach takich jak rysunek narty czy siatk\u00f3wka.<\/div>\n<p>[\/vc_column_text][\/vc_column][\/vc_row]<\/p>\n<\/div>","protected":false},"excerpt":{"rendered":"<p>[vc_row][vc_column width=&#8221;1\/2&#8243;][\/vc_column][vc_column width=&#8221;1\/2&#8243;][vc_column_text] Urodzony w 1997 roku w Warszawie. Gr\u0119 w tenisa rozpocz\u0105\u0142 w wieku 4 lat jako gracz rekreacyjny a w wieku 19 jako instruktor zacz\u0105\u0142 uczy\u0107 innych. Prac\u0119 w deskach rozpocz\u0105\u0142 w roku 2016. G\u0142\u00f3wnie zajmuje si\u0119 nauczaniem dzieci, ale r\u00f3wnie\u017c prowadzi grupy zaj\u0119ciowe z m\u0142odzie\u017c\u0105 i doros\u0142ymi. Jest absolwentem architektury na Politechnice Wroc\u0142awskiej. Poza tenisem rozwija si\u0119 ch\u0119tnie w innych dziedzinach takich jak rysunek narty czy siatk\u00f3wka. [\/vc_column_text][\/vc_column][\/vc_row]<\/p>\n","protected":false},"author":6,"featured_media":0,"parent":0,"menu_order":0,"comment_status":"closed","ping_status":"closed","template":"","meta":{"_acf_changed":false,"_mo_disable_npp":"","_vp_format_video_url":"","_vp_image_focal_point":[],"footnotes":""},"class_list":["post-15532","page","type-page","status-publish","hentry"],"acf":[],"aioseo_notices":[],"_links":{"self":[{"href":"http:\/\/dev.deski.org\/en\/wp-json\/wp\/v2\/pages\/15532","targetHints":{"allow":["GET"]}}],"collection":[{"href":"http:\/\/dev.deski.org\/en\/wp-json\/wp\/v2\/pages"}],"about":[{"href":"http:\/\/dev.deski.org\/en\/wp-json\/wp\/v2\/types\/page"}],"author":[{"embeddable":true,"href":"http:\/\/dev.deski.org\/en\/wp-json\/wp\/v2\/users\/6"}],"replies":[{"embeddable":true,"href":"http:\/\/dev.deski.org\/en\/wp-json\/wp\/v2\/comments?post=15532"}],"version-history":[{"count":2,"href":"http:\/\/dev.deski.org\/en\/wp-json\/wp\/v2\/pages\/15532\/revisions"}],"predecessor-version":[{"id":15539,"href":"http:\/\/dev.deski.org\/en\/wp-json\/wp\/v2\/pages\/15532\/revisions\/15539"}],"wp:attachment":[{"href":"http:\/\/dev.deski.org\/en\/wp-json\/wp\/v2\/media?parent=15532"}],"curies":[{"name":"wp","href":"https:\/\/api.w.org\/{rel}","templated":true}]}}