{"id":15542,"date":"2022-10-15T09:11:54","date_gmt":"2022-10-15T09:11:54","guid":{"rendered":"http:\/\/dev.deski.org\/?page_id=15542"},"modified":"2022-10-15T09:11:54","modified_gmt":"2022-10-15T09:11:54","slug":"antek-zarebski","status":"publish","type":"page","link":"http:\/\/dev.deski.org\/en\/antek-zarebski\/","title":{"rendered":"Antek Zar\u0119bski"},"content":{"rendered":"<div class=\"wpb-content-wrapper\"><p>[vc_row][vc_column width=&#8221;1\/1&#8243;][vc_column_text]<\/p>\n<div class=\"default-style\">\n<div class=\"default-style\">Urodzony w Warszawie 1997 roku. Instruktor tenisa ziemnego, windsurfingu oraz surfingu. Z tenisem zwi\u0105zany od najmlodszych lat. Student In\u017cynierii L\u0105dowej Politechniki Warszawskiej. Viceprezes polskiej organizacji surfingowej. Przyszla gwiazda polskiego standupu.<\/div>\n<\/div>\n<p>[\/vc_column_text][\/vc_column][\/vc_row]<\/p>\n<\/div>","protected":false},"excerpt":{"rendered":"<p>[vc_row][vc_column width=&#8221;1\/1&#8243;][vc_column_text] Urodzony w Warszawie 1997 roku. Instruktor tenisa ziemnego, windsurfingu oraz surfingu. Z tenisem zwi\u0105zany od najmlodszych lat. Student In\u017cynierii L\u0105dowej Politechniki Warszawskiej. Viceprezes polskiej organizacji surfingowej. Przyszla gwiazda polskiego standupu. [\/vc_column_text][\/vc_column][\/vc_row]<\/p>\n","protected":false},"author":6,"featured_media":0,"parent":0,"menu_order":0,"comment_status":"closed","ping_status":"closed","template":"","meta":{"_acf_changed":false,"_mo_disable_npp":"","_vp_format_video_url":"","_vp_image_focal_point":[],"footnotes":""},"class_list":["post-15542","page","type-page","status-publish","hentry"],"acf":[],"aioseo_notices":[],"_links":{"self":[{"href":"http:\/\/dev.deski.org\/en\/wp-json\/wp\/v2\/pages\/15542","targetHints":{"allow":["GET"]}}],"collection":[{"href":"http:\/\/dev.deski.org\/en\/wp-json\/wp\/v2\/pages"}],"about":[{"href":"http:\/\/dev.deski.org\/en\/wp-json\/wp\/v2\/types\/page"}],"author":[{"embeddable":true,"href":"http:\/\/dev.deski.org\/en\/wp-json\/wp\/v2\/users\/6"}],"replies":[{"embeddable":true,"href":"http:\/\/dev.deski.org\/en\/wp-json\/wp\/v2\/comments?post=15542"}],"version-history":[{"count":1,"href":"http:\/\/dev.deski.org\/en\/wp-json\/wp\/v2\/pages\/15542\/revisions"}],"predecessor-version":[{"id":15543,"href":"http:\/\/dev.deski.org\/en\/wp-json\/wp\/v2\/pages\/15542\/revisions\/15543"}],"wp:attachment":[{"href":"http:\/\/dev.deski.org\/en\/wp-json\/wp\/v2\/media?parent=15542"}],"curies":[{"name":"wp","href":"https:\/\/api.w.org\/{rel}","templated":true}]}}