{"id":15546,"date":"2022-10-15T09:20:51","date_gmt":"2022-10-15T09:20:51","guid":{"rendered":"http:\/\/dev.deski.org\/?page_id=15546"},"modified":"2022-10-15T09:20:51","modified_gmt":"2022-10-15T09:20:51","slug":"jakub-grabczan","status":"publish","type":"page","link":"http:\/\/dev.deski.org\/en\/jakub-grabczan\/","title":{"rendered":"Jakub Grabczan"},"content":{"rendered":"<div class=\"wpb-content-wrapper\"><p>[vc_row][vc_column width=&#8221;1\/1&#8243;][vc_column_text]<\/p>\n<div class=\"default-style\">\n<div class=\"default-style\">\n<div class=\"default-style\">Zwi\u0105zany z tenisem od urodzenia, od pocz\u0105tku trenuj\u0105cy zawodniczo, graj\u0105cy w rozgrywkach PZT, przez wiele lat reprezentuj\u0105c w turniejach klub Deski<br \/>\nMa na swoim koncie wiele wygranych turniej\u00f3w w tym r\u00f3wnie\u017c mistrzostwa Warszawy, mistrzostwa Wojew\u00f3dztwa oraz liczne medale z rozgrywek na poziomie og\u00f3lnopolskim. Na codzie\u0144 student prawa, uko\u0144czy\u0142 szkole muzyczn\u0105 (gitara), interesuje si\u0119 histori\u0105 oraz geopolityk\u0105.<\/div>\n<div class=\"default-style\">Od 2018 pracuj\u0105cy jako trener w klubie Deski.<\/div>\n<\/div>\n<\/div>\n<p>[\/vc_column_text][\/vc_column][\/vc_row]<\/p>\n<\/div>","protected":false},"excerpt":{"rendered":"<p>[vc_row][vc_column width=&#8221;1\/1&#8243;][vc_column_text] Zwi\u0105zany z tenisem od urodzenia, od pocz\u0105tku trenuj\u0105cy zawodniczo, graj\u0105cy w rozgrywkach PZT, przez wiele lat reprezentuj\u0105c w turniejach klub Deski Ma na swoim koncie wiele wygranych turniej\u00f3w w tym r\u00f3wnie\u017c mistrzostwa Warszawy, mistrzostwa Wojew\u00f3dztwa oraz liczne medale z rozgrywek na poziomie og\u00f3lnopolskim. Na codzie\u0144 student prawa, uko\u0144czy\u0142 szkole muzyczn\u0105 (gitara), interesuje si\u0119 histori\u0105 oraz geopolityk\u0105. Od 2018 pracuj\u0105cy jako trener w klubie Deski. [\/vc_column_text][\/vc_column][\/vc_row]<\/p>\n","protected":false},"author":6,"featured_media":0,"parent":0,"menu_order":0,"comment_status":"closed","ping_status":"closed","template":"","meta":{"_acf_changed":false,"_mo_disable_npp":"","_vp_format_video_url":"","_vp_image_focal_point":[],"footnotes":""},"class_list":["post-15546","page","type-page","status-publish","hentry"],"acf":[],"aioseo_notices":[],"_links":{"self":[{"href":"http:\/\/dev.deski.org\/en\/wp-json\/wp\/v2\/pages\/15546","targetHints":{"allow":["GET"]}}],"collection":[{"href":"http:\/\/dev.deski.org\/en\/wp-json\/wp\/v2\/pages"}],"about":[{"href":"http:\/\/dev.deski.org\/en\/wp-json\/wp\/v2\/types\/page"}],"author":[{"embeddable":true,"href":"http:\/\/dev.deski.org\/en\/wp-json\/wp\/v2\/users\/6"}],"replies":[{"embeddable":true,"href":"http:\/\/dev.deski.org\/en\/wp-json\/wp\/v2\/comments?post=15546"}],"version-history":[{"count":1,"href":"http:\/\/dev.deski.org\/en\/wp-json\/wp\/v2\/pages\/15546\/revisions"}],"predecessor-version":[{"id":15547,"href":"http:\/\/dev.deski.org\/en\/wp-json\/wp\/v2\/pages\/15546\/revisions\/15547"}],"wp:attachment":[{"href":"http:\/\/dev.deski.org\/en\/wp-json\/wp\/v2\/media?parent=15546"}],"curies":[{"name":"wp","href":"https:\/\/api.w.org\/{rel}","templated":true}]}}