{"id":1662,"date":"2016-08-03T14:59:47","date_gmt":"2016-08-03T14:59:47","guid":{"rendered":"http:\/\/dev.deski.org\/?page_id=1662"},"modified":"2017-12-17T21:21:33","modified_gmt":"2017-12-17T21:21:33","slug":"oboz-narciarski-w-andalo-ferie","status":"publish","type":"page","link":"http:\/\/dev.deski.org\/en\/oboz-narciarski-w-andalo-ferie\/","title":{"rendered":"ob\u00f3z narciarski w Andalo (Ferie)"},"content":{"rendered":"<div class=\"wpb-content-wrapper\"><p>[vc_row][vc_column width=&#8221;1\/1&#8243;]<div class=\"spacer\" style=\"height: 40px;\"><\/div>[rev_slider_vc alias=&#8221;obozSkiAndalo&#8221;][vc_column_text]<strong>Termin: 14 \u2013 26.01.2018 r.\u00a0<\/strong><br \/>\ndla grupy sportowej, dzieci z rocznik\u00f3w 2000-2009<\/p>\n<hr \/>\n<p><strong>Zakwaterowanie: <strong>Costa Verde<\/strong><\/strong><\/p>\n<p><a href=\"http:\/\/www.hotelcostaverde.it\/\" target=\"_blank\" data-saferedirecturl=\"https:\/\/www.google.com\/url?hl=pl&amp;q=http:\/\/www.hotelcostaverde.it&amp;source=gmail&amp;ust=1513629754746000&amp;usg=AFQjCNFWi6ydy6-vlfBktjMeHSfxMEc0zQ\">www.hotelcostaverde.it<\/a><\/p>\n<p><strong><span style=\"text-decoration: underline;\">O\u015brodek narciarski: Fai della Paganella \u2013 Andalo<\/span><em><br \/>\n<\/em><\/strong>Fai della Paganella &#8211; Andalo to o\u015brodek wkomponowany w dziewiczy krajobraz Dolomit\u00f3w Brenta. 70 km perfekcyjnie przygotowanych tras narciarskich (z 95% na\u015bnie\u017caniem), nowoczesne wyci\u0105gi krzese\u0142kowe i 2 gondole 8-osobowe gwarantuj\u0105 szybkie dotarcie na szczyt stok\u00f3w. R\u00f3\u017cnorodno\u015b\u0107 tras sprawia, \u017ce doskonale czuj\u0105 si\u0119 tutaj zar\u00f3wno do\u015bwiadczeni i wymagaj\u0105cy narciarze, jak i pocz\u0105tkuj\u0105cy amatorzy bia\u0142ego szale\u0144stwa. Najd\u0142u\u017csze trasy dochodz\u0105 do5-6 km. Na terenie ca\u0142ego kompleksu &#8211; mi\u0119dzy poszczeg\u00f3lnymi stokami &#8211; znajduje si\u0119 kilkana\u015bcie chatek g\u00f3ralskich, kt\u00f3re strudzonym narciarzom oferuj\u0105 gor\u0105ce i smaczne posi\u0142ki.<\/p>\n<p>W Andalo znajduje si\u0119 centrum sportu, gdzie skorzysta\u0107 mo\u017cna z nowoczesnego centrum SPA, parku wodnego i lodowiska.<\/p>\n<hr \/>\n<p><strong>Cena:<\/strong><br \/>\n4\u00a0940 z\u0142 dla dzieci z rocznik\u00f3w 2000-2001<br \/>\n4\u00a0840 z\u0142 cz\u0142onkowie klubu (2000 -2001)<br \/>\n4\u00a0990\u00a0z\u0142 dla dzieci z rocznik\u00f3w 2002-2009<br \/>\n4\u00a0890 z\u0142 cz\u0142onkowie klubu (2002-2009)<\/p>\n<p><strong>Cena wyjazdu zawiera:<\/strong><\/p>\n<ul>\n<li>\u00a0dojazd komfortowym autokarem (wc, barek, video, klimatyzacja)<\/li>\n<li>\u00a0zakwaterowanie: Hotel Angelo w miejscowo\u015bci Andalo<\/li>\n<li>\u00a0wy\u017cywienie: dwa posi\u0142ki dziennie (\u015bniadanie i obiadokolacja)<\/li>\n<li>\u00a010-dniowy karnet narciarski<\/li>\n<li>\u00a0opiek\u0119 i szkolenie (trenerzy i instruktorzy WTS DeSki)<\/li>\n<li>\u00a0ubezpieczenie (KL, NNW, OC)<\/li>\n<li>serwis nart<\/li>\n<\/ul>\n<p><em>Cena nie zawiera kosztu dodatkowych posi\u0142k\u00f3w na stoku.<\/em><\/p>\n<p><em>* Uwaga: cena<\/em>\u00a0wyjazdu mo\u017ce ulec zmianie przy wzro\u015bcie kursu euro ponad 4,30 z\u0142.<\/p>\n<p>&nbsp;<\/p>\n<p><strong>Orientacyjny program dnia na obozie:<\/strong><br \/>\n7.30 &#8211; pobudka,<br \/>\n8.00 &#8211; 8.30 &#8211; \u015bniadanie,<br \/>\n9.00 &#8211; wyjazd do stacji narciarskiej,<br \/>\n9.15 &#8211; 12.00 &#8211; szkolenie narciarskie,<br \/>\n12.00 &#8211; 13.00 &#8211; przerwa na lunch,<br \/>\n13.00 &#8211; 15.15 &#8211; szkolenie narciarskie,<br \/>\n16.15 &#8211; 17.45 &#8211; zaj\u0119cia zorganizowane,<br \/>\n18.30 &#8211; obiadokolacja,<br \/>\n19.30 &#8211; 20.30 &#8211; przygotowanie sprz\u0119tu i ekwipunku na dzie\u0144 nast\u0119pny, podsumowanie dnia,<br \/>\n21.30 &#8211; 7.30 &#8211; cisza nocna.<\/p>\n<p><strong>Warunki p\u0142atno\u015bci:<\/strong><br \/>\n1500 z\u0142 \u2013 zaliczka (od osoby) p\u0142atna w momencie zapisu na ob\u00f3z, pozosta\u0142a kwota p\u0142atna najp\u00f3\u017aniej na 21 przed rozpocz\u0119ciem obozu.<\/p>\n<p><strong>Formalno\u015bci:<\/strong><br \/>\nprzes\u0142a\u0107 do biura WTS DeSki formularz zg\u0142oszeniowy<br \/>\ndostarczy\u0107 kierownikowi obozu (na przedwyjazdowe spotkanie informacyjne) wype\u0142nion\u0105 kart\u0119 obozow\u0105 i podpisany regulamin.<\/p>\n<hr \/>\n<p><strong>Orientacyjny program dnia na obozie:<\/strong><br \/>\n7.30 &#8211; pobudka,<br \/>\n8.00 &#8211; 8.30 &#8211; \u015bniadanie,<br \/>\n9.00 &#8211; wyjazd do stacji narciarskiej,<br \/>\n9.15 &#8211; 12.00 &#8211; szkolenie narciarskie,<br \/>\n12.00 &#8211; 13.00 &#8211; przerwa na lunch,<br \/>\n13.00 &#8211; 15.15 &#8211; szkolenie narciarskie,<br \/>\n16.15 &#8211; 17.45 &#8211; zaj\u0119cia zorganizowane,<br \/>\n18.30 &#8211; obiadokolacja,<br \/>\n19.30 &#8211; 20.30 &#8211; przygotowanie sprz\u0119tu i ekwipunku na dzie\u0144 nast\u0119pny, podsumowanie dnia,<br \/>\n21.15 &#8211; 7.30 &#8211; cisza nocna.<\/p>\n<hr \/>\n<p>[\/vc_column_text][\/vc_column][\/vc_row][vc_row][vc_column width=&#8221;1\/1&#8243;]<div class=\"spacer\" style=\"height: 40px;\"><\/div><div class=\"single_image wpb_content_element align-left    \" data-animation=\"none\" data-delay=\"0\"><img loading=\"lazy\" decoding=\"async\" width=\"1024\" height=\"175\" src=\"http:\/\/dev.deski.org\/wp-content\/uploads\/2016\/02\/pasek-oboz-zapisz-sie.jpg\" class=\"attachment-full\" alt=\"\" title=\"pasek oboz zapisz sie\" srcset=\"http:\/\/dev.deski.org\/wp-content\/uploads\/2016\/02\/pasek-oboz-zapisz-sie.jpg 1024w, http:\/\/dev.deski.org\/wp-content\/uploads\/2016\/02\/pasek-oboz-zapisz-sie-300x51.jpg 300w, http:\/\/dev.deski.org\/wp-content\/uploads\/2016\/02\/pasek-oboz-zapisz-sie-768x131.jpg 768w\" sizes=\"auto, (max-width: 1024px) 100vw, 1024px\" \/><\/div>[vc_column_text]\n<div class=\"wpcf7 no-js\" id=\"wpcf7-f3244-o1\" lang=\"pl-PL\" dir=\"ltr\" data-wpcf7-id=\"3244\">\n<div class=\"screen-reader-response\"><p role=\"status\" aria-live=\"polite\" aria-atomic=\"true\"><\/p> <ul><\/ul><\/div>\n<form action=\"\/en\/wp-json\/wp\/v2\/pages\/1662#wpcf7-f3244-o1\" method=\"post\" class=\"wpcf7-form init\" aria-label=\"Formularz kontaktowy\" novalidate=\"novalidate\" data-status=\"init\">\n<fieldset class=\"hidden-fields-container\"><input type=\"hidden\" name=\"_wpcf7\" value=\"3244\" \/><input type=\"hidden\" name=\"_wpcf7_version\" value=\"6.1.5\" \/><input type=\"hidden\" name=\"_wpcf7_locale\" value=\"pl_PL\" \/><input type=\"hidden\" name=\"_wpcf7_unit_tag\" value=\"wpcf7-f3244-o1\" \/><input type=\"hidden\" name=\"_wpcf7_container_post\" value=\"0\" \/><input type=\"hidden\" name=\"_wpcf7_posted_data_hash\" value=\"\" \/><input type=\"hidden\" name=\"_wpcf7_recaptcha_response\" value=\"\" \/>\n<\/fieldset>\n<p>Imi\u0119\/ona i nazwisko\/a uczestnika\/\u00f3w\n<\/p>\n<p><span class=\"wpcf7-form-control-wrap\" data-name=\"your-name\"><input size=\"40\" maxlength=\"400\" class=\"wpcf7-form-control wpcf7-text wpcf7-validates-as-required\" aria-required=\"true\" aria-invalid=\"false\" value=\"\" type=\"text\" name=\"your-name\" \/><\/span>\n<\/p>\n<p>Dat\u0119\/y urodzenia\n<\/p>\n<p><span class=\"wpcf7-form-control-wrap\" data-name=\"your-subject\"><input size=\"40\" maxlength=\"400\" class=\"wpcf7-form-control wpcf7-text wpcf7-validates-as-required\" aria-required=\"true\" aria-invalid=\"false\" value=\"\" type=\"text\" name=\"your-subject\" \/><\/span>\n<\/p>\n<p>Pesel\/e\n<\/p>\n<p><span class=\"wpcf7-form-control-wrap\" data-name=\"your-subject1\"><input size=\"40\" maxlength=\"400\" class=\"wpcf7-form-control wpcf7-text wpcf7-validates-as-required\" aria-required=\"true\" aria-invalid=\"false\" value=\"\" type=\"text\" name=\"your-subject1\" \/><\/span>\n<\/p>\n<p>Adres\/y zameldowania\n<\/p>\n<p><span class=\"wpcf7-form-control-wrap\" data-name=\"your-subject2\"><input size=\"40\" maxlength=\"400\" class=\"wpcf7-form-control wpcf7-text wpcf7-validates-as-required\" aria-required=\"true\" aria-invalid=\"false\" value=\"\" type=\"text\" name=\"your-subject2\" \/><\/span>\n<\/p>\n<p>Adres\/y do korespondencji\n<\/p>\n<p><span class=\"wpcf7-form-control-wrap\" data-name=\"your-subject3\"><input size=\"40\" maxlength=\"400\" class=\"wpcf7-form-control wpcf7-text wpcf7-validates-as-required\" aria-required=\"true\" aria-invalid=\"false\" value=\"\" type=\"text\" name=\"your-subject3\" \/><\/span>\n<\/p>\n<p>Numer telefonu (do rodzic\u00f3w, gdy zg\u0142oszenie obejmuje wyjazd m\u0142odzie\u017cowy)<span class=\"wpcf7-form-control-wrap\" data-name=\"tel-927\"><input size=\"40\" maxlength=\"400\" class=\"wpcf7-form-control wpcf7-tel wpcf7-validates-as-required wpcf7-text wpcf7-validates-as-tel\" aria-required=\"true\" aria-invalid=\"false\" value=\"\" type=\"tel\" name=\"tel-927\" \/><\/span>\n<\/p>\n<p>Adres email (do rodzic\u00f3w, gdy zg\u0142oszenie obejmuje wyjazd m\u0142odzie\u017cowy)\n<\/p>\n<p><span class=\"wpcf7-form-control-wrap\" data-name=\"your-email\"><input size=\"40\" maxlength=\"400\" class=\"wpcf7-form-control wpcf7-email wpcf7-validates-as-required wpcf7-text wpcf7-validates-as-email\" aria-required=\"true\" aria-invalid=\"false\" value=\"\" type=\"email\" name=\"your-email\" \/><\/span>\n<\/p>\n<p><input class=\"wpcf7-form-control wpcf7-submit has-spinner\" type=\"submit\" value=\"Wy\u015blij\" \/>\n<\/p><div class=\"wpcf7-response-output\" aria-hidden=\"true\"><\/div>\n<\/form>\n<\/div>\n[\/vc_column_text][\/vc_column][\/vc_row][vc_row][vc_column width=&#8221;1\/3&#8243;]<a href=\"http:\/\/dev.deski.org\/wp-content\/uploads\/2016\/08\/2013_regulamin_narty_snowboard.pdf\" target=\"_blank\" class=\"button color-3 full \" style=\"border-radius: 2px;\"><i class='fa sl-emoticon-smile'><\/i>REGULAMIN OBOZ\u00d3W &#8211; pdf<\/a>[\/vc_column][vc_column width=&#8221;1\/3&#8243;]<a href=\"http:\/\/dev.deski.org\/wp-content\/uploads\/2016\/03\/karta-obozowa.pdf\" target=\"_blank\" class=\"button color-3 full \" style=\"border-radius: 2px;\"><i class='fa sl-pencil'><\/i>KARTA OBOZOWA &#8211; pdf<\/a>[\/vc_column][vc_column width=&#8221;1\/3&#8243;]<a href=\"http:\/\/dev.deski.org\/wp-content\/uploads\/2016\/08\/lista-rzeczy-do-zabrania-narty.pdf\" target=\"_blank\" class=\"button color-3 full \" style=\"border-radius: 2px;\"><i class='fa sl-list'><\/i>CO ZABRA\u0106 ZE SOB\u0104 &#8211; pdf<\/a>[\/vc_column][\/vc_row][vc_row][vc_column width=&#8221;1\/1&#8243;]<div class=\"spacer\" style=\"height: 40px;\"><\/div>[\/vc_column][\/vc_row][vc_row type=&#8221;full_width_section&#8221;][vc_column width=&#8221;1\/1&#8243;]<div class=\"single_image wpb_content_element align-left    \" data-animation=\"none\" data-delay=\"0\"><img loading=\"lazy\" decoding=\"async\" width=\"1024\" height=\"86\" src=\"http:\/\/dev.deski.org\/wp-content\/uploads\/2016\/02\/pasek-oboz-zaliczka3.jpg\" class=\"attachment-full\" alt=\"\" title=\"pasek oboz zaliczka3\" srcset=\"http:\/\/dev.deski.org\/wp-content\/uploads\/2016\/02\/pasek-oboz-zaliczka3.jpg 1024w, http:\/\/dev.deski.org\/wp-content\/uploads\/2016\/02\/pasek-oboz-zaliczka3-300x25.jpg 300w, http:\/\/dev.deski.org\/wp-content\/uploads\/2016\/02\/pasek-oboz-zaliczka3-768x64.jpg 768w\" sizes=\"auto, (max-width: 1024px) 100vw, 1024px\" \/><\/div>[\/vc_column][\/vc_row]<\/p>\n<\/div>","protected":false},"excerpt":{"rendered":"<p>[vc_row][vc_column width=&#8221;1\/1&#8243;][rev_slider_vc alias=&#8221;obozSkiAndalo&#8221;][vc_column_text]Termin: 14 \u2013 26.01.2018 r.\u00a0 dla grupy sportowej, dzieci z rocznik\u00f3w 2000-2009 Zakwaterowanie: Costa Verde www.hotelcostaverde.it O\u015brodek narciarski: Fai della Paganella \u2013 Andalo Fai della Paganella &#8211; Andalo to o\u015brodek wkomponowany w dziewiczy krajobraz Dolomit\u00f3w Brenta. 70 km perfekcyjnie przygotowanych tras narciarskich (z 95% na\u015bnie\u017caniem), nowoczesne wyci\u0105gi krzese\u0142kowe i 2 gondole 8-osobowe gwarantuj\u0105 szybkie dotarcie na szczyt stok\u00f3w. R\u00f3\u017cnorodno\u015b\u0107 tras sprawia, \u017ce doskonale czuj\u0105 si\u0119 tutaj zar\u00f3wno do\u015bwiadczeni i wymagaj\u0105cy narciarze, jak i pocz\u0105tkuj\u0105cy amatorzy bia\u0142ego szale\u0144stwa. Najd\u0142u\u017csze trasy dochodz\u0105 do5-6 km. Na terenie ca\u0142ego kompleksu &#8211; mi\u0119dzy poszczeg\u00f3lnymi stokami &#8211; znajduje si\u0119 kilkana\u015bcie chatek g\u00f3ralskich, kt\u00f3re strudzonym narciarzom oferuj\u0105 gor\u0105ce i smaczne posi\u0142ki. W Andalo znajduje si\u0119 centrum sportu, gdzie skorzysta\u0107 mo\u017cna z nowoczesnego centrum SPA, parku wodnego i lodowiska. Cena: 4\u00a0940 z\u0142 dla dzieci z rocznik\u00f3w 2000-2001 4\u00a0840 z\u0142 cz\u0142onkowie klubu (2000 -2001) 4\u00a0990\u00a0z\u0142 dla dzieci z rocznik\u00f3w 2002-2009 4\u00a0890 z\u0142 cz\u0142onkowie klubu (2002-2009) Cena wyjazdu zawiera: \u00a0dojazd komfortowym autokarem (wc, barek, video, klimatyzacja) \u00a0zakwaterowanie: Hotel Angelo w miejscowo\u015bci Andalo \u00a0wy\u017cywienie: dwa posi\u0142ki dziennie (\u015bniadanie i obiadokolacja) \u00a010-dniowy karnet narciarski \u00a0opiek\u0119 i szkolenie (trenerzy i instruktorzy WTS DeSki) \u00a0ubezpieczenie (KL, NNW, OC) serwis nart Cena nie zawiera kosztu dodatkowych posi\u0142k\u00f3w na stoku. * Uwaga: cena\u00a0wyjazdu mo\u017ce [&hellip;]<\/p>\n","protected":false},"author":6,"featured_media":0,"parent":0,"menu_order":0,"comment_status":"closed","ping_status":"closed","template":"","meta":{"_acf_changed":false,"_mo_disable_npp":"","_vp_format_video_url":"","_vp_image_focal_point":[],"footnotes":""},"class_list":["post-1662","page","type-page","status-publish","hentry"],"acf":[],"aioseo_notices":[],"_links":{"self":[{"href":"http:\/\/dev.deski.org\/en\/wp-json\/wp\/v2\/pages\/1662","targetHints":{"allow":["GET"]}}],"collection":[{"href":"http:\/\/dev.deski.org\/en\/wp-json\/wp\/v2\/pages"}],"about":[{"href":"http:\/\/dev.deski.org\/en\/wp-json\/wp\/v2\/types\/page"}],"author":[{"embeddable":true,"href":"http:\/\/dev.deski.org\/en\/wp-json\/wp\/v2\/users\/6"}],"replies":[{"embeddable":true,"href":"http:\/\/dev.deski.org\/en\/wp-json\/wp\/v2\/comments?post=1662"}],"version-history":[{"count":15,"href":"http:\/\/dev.deski.org\/en\/wp-json\/wp\/v2\/pages\/1662\/revisions"}],"predecessor-version":[{"id":3712,"href":"http:\/\/dev.deski.org\/en\/wp-json\/wp\/v2\/pages\/1662\/revisions\/3712"}],"wp:attachment":[{"href":"http:\/\/dev.deski.org\/en\/wp-json\/wp\/v2\/media?parent=1662"}],"curies":[{"name":"wp","href":"https:\/\/api.w.org\/{rel}","templated":true}]}}