{"id":1666,"date":"2016-08-03T15:02:10","date_gmt":"2016-08-03T15:02:10","guid":{"rendered":"http:\/\/dev.deski.org\/?page_id=1666"},"modified":"2017-09-07T15:54:43","modified_gmt":"2017-09-07T15:54:43","slug":"oboz-snowbordowy-w-predazzo-ferie","status":"publish","type":"page","link":"http:\/\/dev.deski.org\/en\/oboz-snowbordowy-w-predazzo-ferie\/","title":{"rendered":"ob\u00f3z snowbordowy w Predazzo (Ferie)"},"content":{"rendered":"<div class=\"wpb-content-wrapper\"><p>[vc_row][vc_column width=&#8221;1\/1&#8243;]<div class=\"spacer\" style=\"height: 40px;\"><\/div>[rev_slider_vc alias=&#8221;obozPredazzo&#8221;][vc_column_text]<strong>Termin: <strong>14.01 &#8211; 26.01.2018<\/strong><\/strong><br \/>\nWyjazd dla \u00a0dzieci z rocznik\u00f3w 2000-2009<\/p>\n<p><strong>ob\u00f3z snowboardowo &#8211; narciarski<\/strong><\/p>\n<hr \/>\n<p><strong>Zakwaterowanie: <strong>Hotel Liz***<\/strong><\/strong><br \/>\nHotel Liz usytuowany jest \u00a01 km od kolejki gondolowej Latemar i 250 m od centrum Predazzo. Posiada pokoje: 2, 3, 4-osobowe z \u0142azienkami,i prawie wszystkie z balkonami.\u00a0 Urz\u0105dzone w stylu trydenckim, wyposa\u017cone w telefon, TV-sat\/sky. Do dyspozycji go\u015bci jest sala wielofunkcyjna, \u0142\u0105cza wi-fi, restauracja, centrum spa(sauna, jacuzzi, \u0142a\u017ania turecka i strefa relax). Hotel prowadzony jest rodzinnie, przy bezpo\u015brednim kontakcie z natur\u0105 i wyj\u0105tkow\u0105 panorama rozci\u0105gaj\u0105c\u0105 si\u0119 na \u0142a\u0144cuch g\u00f3rski Lagorai , idealny do aktywnego wypoczynku dla m\u0142odzie\u017cy i w grupie przyjaci\u00f3\u0142.<em><br \/>\n<\/em><a href=\"http:\/\/www.lizhotel.it\/IT\/\" target=\"_blank\">www.lizhotel.it<\/a><\/p>\n<p><strong>O\u015brodek narciarski:<br \/>\n<\/strong><strong>Fiemme &#8211; Obereggen <\/strong>to region nale\u017c\u0105cy do najwi\u0119kszego archipelagu narciarskiego na \u015bwiecie Dolomiti Superski. Oferuje 140 km tras narciarskich oraz 150 km tras biegowych. Stoki zjazdowe osi\u0105gaj\u0105 d\u0142ugo\u015b\u0107 5-6 km a 8 km \u201eOlimpia\u201d jest najd\u0142u\u017csz\u0105 tras\u0105 w Trentino. Nie ma te\u017c problem\u00f3w z wjazdem na szczyty &#8211; 53 nowoczesne wyci\u0105gi (krzese\u0142kowe, kolejki gondolowe\u00a0\u00a0i kabinowe) sprawiaj\u0105, \u017ce nigdy nie czeka si\u0119 w kolejce. W zesz\u0142ym sezonie zosta\u0142a oddana do u\u017cytku nowa kolejka kabinowa Ronchi -Valbona \u2013 Le Cune w o\u015brodku Bellamonte \u2013 Alpe Lusia, kt\u00f3ra jeszcze bardziej poprawi\u0142a przepustowo\u015b\u0107 w tym okr\u0119gu. W ramach tego samego karnetu skipass mo\u017cna je\u017adzi\u0107 w nast\u0119puj\u0105cych o\u015brodkach: <strong>Ski Center Latemar<\/strong>, <strong>Alpe Cermis<\/strong>, <strong>Bellamonte-Alpe Lusia<\/strong>, <strong>Passo Rolle<\/strong>. W miejscowo\u015bci <strong>Obereggen<\/strong>, nale\u017c\u0105cej do Ski Center Latemar, dzi\u0119ki sztucznemu o\u015bwietleniu z urok\u00f3w narciarstwa mo\u017cna korzysta\u0107 do p\u00f3\u017anych godzin wieczornych.<\/p>\n<hr \/>\n<p><strong>Cena:<\/strong><br \/>\n5\u00a0390 z\u0142 dla dzieci z rocznik\u00f3w 2000-2001<br \/>\n5\u00a0290 z\u0142 cz\u0142onkowie klubu (2000 -2001)<br \/>\n4\u00a0990\u00a0z\u0142 dla dzieci z rocznik\u00f3w 2002-2009<br \/>\n4\u00a0890 z\u0142 cz\u0142onkowie klubu (2002-2009)<\/p>\n<p><strong>Cena wyjazdu zawiera:<\/strong><\/p>\n<ul>\n<li>\u00a0dojazd komfortowym autokarem (wc, barek, video, klimatyzacja)<\/li>\n<li>\u00a0zakwaterowanie: Hotel Liz***, w miejscowo\u015bci Predazzo<\/li>\n<li>\u00a0wy\u017cywienie: dwa posi\u0142ki dziennie (\u015bniadanie i obiadokolacja)<\/li>\n<li>\u00a010-dniowy karnet narciarski<\/li>\n<li>\u00a0opiek\u0119 i szkolenie (trenerzy i instruktorzy WTS DeSki)<\/li>\n<li>\u00a0ubezpieczenie (KL, NNW, OC)<\/li>\n<li>serwis nart<\/li>\n<\/ul>\n<p>&nbsp;<\/p>\n<p><em>Cena nie zawiera kosztu dodatkowych posi\u0142k\u00f3w na stoku.<\/em><\/p>\n<p><em>* Uwaga: cena<\/em>\u00a0wyjazdu mo\u017ce ulec zmianie przy wzro\u015bcie kursu euro ponad 4,30 z\u0142.<\/p>\n<p>&nbsp;<\/p>\n<p><strong>Orientacyjny program dnia na obozie:<\/strong><br \/>\n7.30 &#8211; pobudka,<br \/>\n8.00 &#8211; 8.30 &#8211; \u015bniadanie,<br \/>\n9.00 &#8211; wyjazd do stacji narciarskiej,<br \/>\n9.15 &#8211; 12.00 &#8211; szkolenie narciarskie,<br \/>\n12.00 &#8211; 13.00 &#8211; przerwa na lunch,<br \/>\n13.00 &#8211; 15.15 &#8211; szkolenie narciarskie,<br \/>\n16.15 &#8211; 17.45 &#8211; zaj\u0119cia zorganizowane,<br \/>\n18.30 &#8211; obiadokolacja,<br \/>\n19.30 &#8211; 20.30 &#8211; przygotowanie sprz\u0119tu i ekwipunku na dzie\u0144 nast\u0119pny, podsumowanie dnia,<br \/>\n21.30 &#8211; 7.30 &#8211; cisza nocna.<\/p>\n<p><strong>Warunki p\u0142atno\u015bci:<\/strong><br \/>\n1500 z\u0142 \u2013 zaliczka (od osoby) p\u0142atna w momencie zapisu na ob\u00f3z, pozosta\u0142a kwota p\u0142atna najp\u00f3\u017aniej na 21 przed rozpocz\u0119ciem obozu.<\/p>\n<p><strong>Formalno\u015bci:<\/strong><br \/>\nprzes\u0142a\u0107 do biura WTS DeSki formularz zg\u0142oszeniowy<br \/>\ndostarczy\u0107 kierownikowi obozu (na przedwyjazdowe spotkanie informacyjne) wype\u0142nion\u0105 kart\u0119 obozow\u0105 i podpisany regulamin.<\/p>\n<hr \/>\n<p><strong>Orientacyjny program dnia na obozie:<\/strong><br \/>\n7.30 &#8211; pobudka,<br \/>\n8.00 &#8211; 8.30 &#8211; \u015bniadanie,<br \/>\n9.00 &#8211; wyjazd do stacji narciarskiej,<br \/>\n9.15 &#8211; 12.00 &#8211; szkolenie narciarskie,<br \/>\n12.00 &#8211; 13.00 &#8211; przerwa na lunch,<br \/>\n13.00 &#8211; 15.15 &#8211; szkolenie narciarskie,<br \/>\n16.15 &#8211; 17.45 &#8211; zaj\u0119cia zorganizowane,<br \/>\n18.30 &#8211; obiadokolacja,<br \/>\n19.30 &#8211; 20.30 &#8211; przygotowanie sprz\u0119tu i ekwipunku na dzie\u0144 nast\u0119pny, podsumowanie dnia,<br \/>\n21.30 &#8211; 7.30 &#8211; cisza nocna.<\/p>\n<hr \/>\n<p>[\/vc_column_text][\/vc_column][\/vc_row][vc_row][vc_column width=&#8221;1\/1&#8243;]<div class=\"spacer\" style=\"height: 40px;\"><\/div><div class=\"single_image wpb_content_element align-left    \" data-animation=\"none\" data-delay=\"0\"><img loading=\"lazy\" decoding=\"async\" width=\"1024\" height=\"175\" src=\"http:\/\/dev.deski.org\/wp-content\/uploads\/2016\/02\/pasek-oboz-zapisz-sie.jpg\" class=\"attachment-full\" alt=\"\" title=\"pasek oboz zapisz sie\" srcset=\"http:\/\/dev.deski.org\/wp-content\/uploads\/2016\/02\/pasek-oboz-zapisz-sie.jpg 1024w, http:\/\/dev.deski.org\/wp-content\/uploads\/2016\/02\/pasek-oboz-zapisz-sie-300x51.jpg 300w, http:\/\/dev.deski.org\/wp-content\/uploads\/2016\/02\/pasek-oboz-zapisz-sie-768x131.jpg 768w\" sizes=\"auto, (max-width: 1024px) 100vw, 1024px\" \/><\/div>[vc_column_text]<p class=\"wpcf7-contact-form-not-found\"><strong>Error:<\/strong> Contact form not found.<\/p>[\/vc_column_text][\/vc_column][\/vc_row][vc_row][vc_column width=&#8221;1\/3&#8243;]<a href=\"http:\/\/dev.deski.org\/wp-content\/uploads\/2016\/08\/2013_regulamin_narty_snowboard.pdf\" target=\"_blank\" class=\"button color-3 full \" style=\"border-radius: 2px;\"><i class='fa sl-emoticon-smile'><\/i>REGULAMIN OBOZ\u00d3W &#8211; pdf<\/a>[\/vc_column][vc_column width=&#8221;1\/3&#8243;]<a href=\"http:\/\/dev.deski.org\/wp-content\/uploads\/2016\/03\/karta-obozowa.pdf\" target=\"_blank\" class=\"button color-3 full \" style=\"border-radius: 2px;\"><i class='fa sl-pencil'><\/i>KARTA OBOZOWA &#8211; pdf<\/a>[\/vc_column][vc_column width=&#8221;1\/3&#8243;]<a href=\"http:\/\/dev.deski.org\/wp-content\/uploads\/2016\/08\/lista-rzeczy-do-zabrania-narty.pdf\" target=\"_blank\" class=\"button color-3 full \" style=\"border-radius: 2px;\"><i class='fa sl-list'><\/i>CO ZABRA\u0106 ZE SOB\u0104 &#8211; pdf<\/a>[\/vc_column][\/vc_row][vc_row][vc_column width=&#8221;1\/1&#8243;]<div class=\"spacer\" style=\"height: 40px;\"><\/div>[\/vc_column][\/vc_row][vc_row type=&#8221;full_width_section&#8221;][vc_column width=&#8221;1\/1&#8243;]<div class=\"single_image wpb_content_element align-left    \" data-animation=\"none\" data-delay=\"0\"><img loading=\"lazy\" decoding=\"async\" width=\"1024\" height=\"86\" src=\"http:\/\/dev.deski.org\/wp-content\/uploads\/2016\/02\/pasek-oboz-zaliczka3.jpg\" class=\"attachment-full\" alt=\"\" title=\"pasek oboz zaliczka3\" srcset=\"http:\/\/dev.deski.org\/wp-content\/uploads\/2016\/02\/pasek-oboz-zaliczka3.jpg 1024w, http:\/\/dev.deski.org\/wp-content\/uploads\/2016\/02\/pasek-oboz-zaliczka3-300x25.jpg 300w, http:\/\/dev.deski.org\/wp-content\/uploads\/2016\/02\/pasek-oboz-zaliczka3-768x64.jpg 768w\" sizes=\"auto, (max-width: 1024px) 100vw, 1024px\" \/><\/div>[\/vc_column][\/vc_row]<\/p>\n<\/div>","protected":false},"excerpt":{"rendered":"<p>[vc_row][vc_column width=&#8221;1\/1&#8243;][rev_slider_vc alias=&#8221;obozPredazzo&#8221;][vc_column_text]Termin: 14.01 &#8211; 26.01.2018 Wyjazd dla \u00a0dzieci z rocznik\u00f3w 2000-2009 ob\u00f3z snowboardowo &#8211; narciarski Zakwaterowanie: Hotel Liz*** Hotel Liz usytuowany jest \u00a01 km od kolejki gondolowej Latemar i 250 m od centrum Predazzo. Posiada pokoje: 2, 3, 4-osobowe z \u0142azienkami,i prawie wszystkie z balkonami.\u00a0 Urz\u0105dzone w stylu trydenckim, wyposa\u017cone w telefon, TV-sat\/sky. Do dyspozycji go\u015bci jest sala wielofunkcyjna, \u0142\u0105cza wi-fi, restauracja, centrum spa(sauna, jacuzzi, \u0142a\u017ania turecka i strefa relax). Hotel prowadzony jest rodzinnie, przy bezpo\u015brednim kontakcie z natur\u0105 i wyj\u0105tkow\u0105 panorama rozci\u0105gaj\u0105c\u0105 si\u0119 na \u0142a\u0144cuch g\u00f3rski Lagorai , idealny do aktywnego wypoczynku dla m\u0142odzie\u017cy i w grupie przyjaci\u00f3\u0142. www.lizhotel.it O\u015brodek narciarski: Fiemme &#8211; Obereggen to region nale\u017c\u0105cy do najwi\u0119kszego archipelagu narciarskiego na \u015bwiecie Dolomiti Superski. Oferuje 140 km tras narciarskich oraz 150 km tras biegowych. Stoki zjazdowe osi\u0105gaj\u0105 d\u0142ugo\u015b\u0107 5-6 km a 8 km \u201eOlimpia\u201d jest najd\u0142u\u017csz\u0105 tras\u0105 w Trentino. Nie ma te\u017c problem\u00f3w z wjazdem na szczyty &#8211; 53 nowoczesne wyci\u0105gi (krzese\u0142kowe, kolejki gondolowe\u00a0\u00a0i kabinowe) sprawiaj\u0105, \u017ce nigdy nie czeka si\u0119 w kolejce. W zesz\u0142ym sezonie zosta\u0142a oddana do u\u017cytku nowa kolejka kabinowa Ronchi -Valbona \u2013 Le Cune w o\u015brodku Bellamonte \u2013 Alpe Lusia, kt\u00f3ra jeszcze bardziej poprawi\u0142a przepustowo\u015b\u0107 w tym okr\u0119gu. W ramach tego samego karnetu [&hellip;]<\/p>\n","protected":false},"author":6,"featured_media":0,"parent":0,"menu_order":0,"comment_status":"closed","ping_status":"closed","template":"","meta":{"_acf_changed":false,"_mo_disable_npp":"","_vp_format_video_url":"","_vp_image_focal_point":[],"footnotes":""},"class_list":["post-1666","page","type-page","status-publish","hentry"],"acf":[],"aioseo_notices":[],"_links":{"self":[{"href":"http:\/\/dev.deski.org\/en\/wp-json\/wp\/v2\/pages\/1666","targetHints":{"allow":["GET"]}}],"collection":[{"href":"http:\/\/dev.deski.org\/en\/wp-json\/wp\/v2\/pages"}],"about":[{"href":"http:\/\/dev.deski.org\/en\/wp-json\/wp\/v2\/types\/page"}],"author":[{"embeddable":true,"href":"http:\/\/dev.deski.org\/en\/wp-json\/wp\/v2\/users\/6"}],"replies":[{"embeddable":true,"href":"http:\/\/dev.deski.org\/en\/wp-json\/wp\/v2\/comments?post=1666"}],"version-history":[{"count":12,"href":"http:\/\/dev.deski.org\/en\/wp-json\/wp\/v2\/pages\/1666\/revisions"}],"predecessor-version":[{"id":3267,"href":"http:\/\/dev.deski.org\/en\/wp-json\/wp\/v2\/pages\/1666\/revisions\/3267"}],"wp:attachment":[{"href":"http:\/\/dev.deski.org\/en\/wp-json\/wp\/v2\/media?parent=1666"}],"curies":[{"name":"wp","href":"https:\/\/api.w.org\/{rel}","templated":true}]}}