{"id":17784,"date":"2016-01-28T11:15:58","date_gmt":"2016-01-28T11:15:58","guid":{"rendered":"http:\/\/dev.deski.org\/narty\/"},"modified":"2024-12-29T13:28:36","modified_gmt":"2024-12-29T13:28:36","slug":"skis","status":"publish","type":"page","link":"http:\/\/dev.deski.org\/en\/skis\/","title":{"rendered":"Skiis"},"content":{"rendered":"<div class=\"wpb-content-wrapper\"><p>[vc_row][vc_column width=&#8221;1\/1&#8243;]<h3 class=\"headline font-inherit fontsize-xl fontweight-900 lh-inherit align-center transform-uppercase \" style=\"margin: 0 0 20px 0; color: #259b9a;\">IT ALL STARTED WITH OUR LOVE FOR SKIING.<\/h3>[vc_column_text]<\/p>\n<p style=\"text-align: center;\"><span style=\"color: #000000;\">Welcome all skiers, whether young, a bit older, or fully grown. Those who have been with us for a while and those who will join our club for the first time. We welcome athletes, parents, coaches, and all skiing enthusiasts at WTS DeSki. In our club, we take a comprehensive approach to gradually developing skiing skills and overall athleticism. <\/span><\/p>\n<p>[\/vc_column_text][\/vc_column][\/vc_row][vc_row][vc_column width=&#8221;1\/1&#8243;]<div class=\"divider divider1\" style='margin:60px 0 60px 0 !important;'><\/div>[vc_row_inner][vc_column_inner width=&#8221;1\/3&#8243;]<div class=\"imagebox wpb_content_element style-1\"><div class=\"imagebox-img\"><a href='http:\/\/dev.deski.org\/en\/ski-camps\/'><img decoding=\"async\" src=\"http:\/\/dev.deski.org\/wp-content\/uploads\/2023\/07\/obozy-narciarskie-1.jpg\" alt=\"obozy narciarskie\" \/><\/a><\/div><strong>Ski camps<\/strong><\/p>\n<p>Here is our complete travel offer. We organize camps for children, adolescents, and adults. We go to both the Tatra Mountains and the Alps. The 2024\/25 offer is already available! Join us.<\/p>\n<p><strong><a href=\"http:\/\/dev.deski.org\/en\/ski-camps\/\">More<\/a><\/strong><\/div>[\/vc_column_inner][vc_column_inner width=&#8221;1\/3&#8243;]<div class=\"imagebox wpb_content_element style-1\"><div class=\"imagebox-img\"><a href='http:\/\/dev.deski.org\/szkola-szczesliwice'><img decoding=\"async\" src=\"http:\/\/dev.deski.org\/wp-content\/uploads\/2016\/01\/szczesliwice-1.jpg\" alt=\"narty w warszawie\" \/><\/a><\/div><strong>Szko\u0142a Szcz\u0119\u015bliwice<\/strong><\/p>\n<p>Training sessions on the artificial slope are an essential part of the yearly training cycle. They complement general development training and prepare for on-snow training.<\/p>\n<p><a href=\"http:\/\/dev.deski.org\/szkola-szczesliwice\/\" target=\"_blank\" rel=\"noopener noreferrer\"><strong>More<\/strong><\/a><\/div>[\/vc_column_inner][vc_column_inner width=&#8221;1\/3&#8243;]<div class=\"imagebox wpb_content_element style-1\"><div class=\"imagebox-img\"><a href='http:\/\/dev.deski.org\/narciarski-puchar-mazowsza\/'><img decoding=\"async\" src=\"http:\/\/dev.deski.org\/wp-content\/uploads\/2023\/01\/npm.jpg\" alt=\"npm\" \/><\/a><\/div><strong>Narciarski Puchar Mazowsza<\/strong><\/p>\n<p>NPM is a major event for alpine skiers with sporting ambitions. It&#8217;s not just about sports competition but also a social gathering, an opportunity to meet friends from many generations of skiers.<\/p>\n<p><a href=\"http:\/\/dev.deski.org\/narciarski-puchar-mazowsza\/\" target=\"_blank\" rel=\"noopener noreferrer\"><strong>More<\/strong><\/a><\/div>[\/vc_column_inner][\/vc_row_inner][vc_row_inner][vc_column_inner width=&#8221;1\/3&#8243;][\/vc_column_inner][vc_column_inner width=&#8221;1\/3&#8243;]<div class=\"imagebox wpb_content_element style-1\"><div class=\"imagebox-img\"><a href='http:\/\/dev.deski.org\/kadra\/'><img decoding=\"async\" src=\"http:\/\/dev.deski.org\/wp-content\/uploads\/2023\/07\/nasi-instruktorzy.jpg\" alt=\"\" \/><\/a><\/div><strong>Our instructors<\/strong><\/p>\n<p>At Deski, we place great importance on the qualifications of our instructors. You can rest assured that they will take good care of you and your little ones. Get to know our instructors!<\/p>\n<p><strong><a href=\"http:\/\/dev.deski.org\/kadra\/\">More<\/a><\/strong><\/div>[\/vc_column_inner][vc_column_inner width=&#8221;1\/3&#8243;][\/vc_column_inner][\/vc_row_inner][\/vc_column][\/vc_row]<\/p>\n<\/div>","protected":false},"excerpt":{"rendered":"<p>[vc_row][vc_column width=&#8221;1\/1&#8243;][vc_column_text] Welcome all skiers, whether young, a bit older, or fully grown. Those who have been with us for a while and those who will join our club for the first time. We welcome athletes, parents, coaches, and all skiing enthusiasts at WTS DeSki. In our club, we take a comprehensive approach to gradually developing skiing skills and overall athleticism. [\/vc_column_text][\/vc_column][\/vc_row][vc_row][vc_column width=&#8221;1\/1&#8243;][vc_row_inner][vc_column_inner width=&#8221;1\/3&#8243;][\/vc_column_inner][vc_column_inner width=&#8221;1\/3&#8243;][\/vc_column_inner][vc_column_inner width=&#8221;1\/3&#8243;][\/vc_column_inner][\/vc_row_inner][vc_row_inner][vc_column_inner width=&#8221;1\/3&#8243;][\/vc_column_inner][vc_column_inner width=&#8221;1\/3&#8243;][\/vc_column_inner][vc_column_inner width=&#8221;1\/3&#8243;][\/vc_column_inner][\/vc_row_inner][\/vc_column][\/vc_row]<\/p>\n","protected":false},"author":1,"featured_media":0,"parent":0,"menu_order":0,"comment_status":"closed","ping_status":"closed","template":"","meta":{"_acf_changed":false,"_mo_disable_npp":"","_vp_format_video_url":"","_vp_image_focal_point":[],"footnotes":""},"class_list":["post-17784","page","type-page","status-publish","hentry"],"acf":[],"aioseo_notices":[],"_links":{"self":[{"href":"http:\/\/dev.deski.org\/en\/wp-json\/wp\/v2\/pages\/17784","targetHints":{"allow":["GET"]}}],"collection":[{"href":"http:\/\/dev.deski.org\/en\/wp-json\/wp\/v2\/pages"}],"about":[{"href":"http:\/\/dev.deski.org\/en\/wp-json\/wp\/v2\/types\/page"}],"author":[{"embeddable":true,"href":"http:\/\/dev.deski.org\/en\/wp-json\/wp\/v2\/users\/1"}],"replies":[{"embeddable":true,"href":"http:\/\/dev.deski.org\/en\/wp-json\/wp\/v2\/comments?post=17784"}],"version-history":[{"count":14,"href":"http:\/\/dev.deski.org\/en\/wp-json\/wp\/v2\/pages\/17784\/revisions"}],"predecessor-version":[{"id":22533,"href":"http:\/\/dev.deski.org\/en\/wp-json\/wp\/v2\/pages\/17784\/revisions\/22533"}],"wp:attachment":[{"href":"http:\/\/dev.deski.org\/en\/wp-json\/wp\/v2\/media?parent=17784"}],"curies":[{"name":"wp","href":"https:\/\/api.w.org\/{rel}","templated":true}]}}