{"id":17935,"date":"2016-02-09T18:42:42","date_gmt":"2016-02-09T18:42:42","guid":{"rendered":"http:\/\/dev.deski.org\/kadra\/"},"modified":"2023-07-24T05:57:52","modified_gmt":"2023-07-24T05:57:52","slug":"cadre","status":"publish","type":"page","link":"http:\/\/dev.deski.org\/en\/cadre\/","title":{"rendered":"Cadre"},"content":{"rendered":"<div class=\"wpb-content-wrapper\"><p>[vc_row][vc_column width=&#8221;1\/4&#8243;]<div class=\"imagebox wpb_content_element style-1\"><div class=\"imagebox-img\"><img decoding=\"async\" src=\"http:\/\/dev.deski.org\/wp-content\/uploads\/2016\/02\/Ada-kadra-1.jpg\" alt=\"instruktor narciarstwa\" \/><\/div><strong>Ada Borowik<\/strong><\/p>\n<p><a href=\"http:\/\/dev.deski.org\/narty\/ada-borowik\/\" target=\"_blank\" rel=\"noopener noreferrer\">Find out more<\/a><\/div>[\/vc_column][vc_column width=&#8221;1\/4&#8243;]<div class=\"imagebox wpb_content_element style-1\"><div class=\"imagebox-img\"><a href='http:\/\/dev.deski.org\/narty\/adam-hugues\/'><img decoding=\"async\" src=\"http:\/\/dev.deski.org\/wp-content\/uploads\/2016\/02\/Adam-h.jpg\" alt=\"instruktor narciarstwa\" \/><\/a><\/div><strong>Adam Hugues <\/strong><\/p>\n<p><a href=\"http:\/\/dev.deski.org\/narty\/adam-hugues\/\" target=\"_blank\" rel=\"noopener noreferrer\">Find out more<\/a><\/div>[\/vc_column][vc_column width=&#8221;1\/4&#8243;]<div class=\"imagebox wpb_content_element style-1\"><div class=\"imagebox-img\"><a href='http:\/\/dev.deski.org\/narty\/kacper-reszke\/'><img decoding=\"async\" src=\"http:\/\/dev.deski.org\/wp-content\/uploads\/2020\/10\/IMG_20190516_162323-min-1.jpg\" alt=\"kacper reszke\" \/><\/a><\/div><strong>Kacper Reszke<\/strong><\/p>\n<p><a href=\"http:\/\/dev.deski.org\/narty\/kacper-reszke\/\" target=\"_blank\" rel=\"noopener noreferrer\">Find out more<\/a><\/div>[\/vc_column][vc_column width=&#8221;1\/4&#8243;]<div class=\"imagebox wpb_content_element style-1\"><div class=\"imagebox-img\"><a href='http:\/\/dev.deski.org\/narty\/ola-fabisiewicz\/'><img decoding=\"async\" src=\"http:\/\/dev.deski.org\/wp-content\/uploads\/2016\/02\/Ola-F-1.jpg\" alt=\"instruktor narciarstwa\" \/><\/a><\/div><strong>Ola Fabisiewicz <\/strong><\/p>\n<p><a href=\"http:\/\/dev.deski.org\/narty\/ola-fabisiewicz\/\" target=\"_blank\" rel=\"noopener noreferrer\">Find out more<\/a><\/div>[\/vc_column][\/vc_row][vc_row][vc_column width=&#8221;1\/1&#8243;]<div class=\"spacer\" style=\"height: 20px;\"><\/div>[\/vc_column][\/vc_row][vc_row][vc_column width=&#8221;1\/4&#8243;]<div class=\"imagebox wpb_content_element style-1\"><div class=\"imagebox-img\"><img decoding=\"async\" src=\"http:\/\/dev.deski.org\/wp-content\/uploads\/2016\/02\/Tomek-1.jpg\" alt=\"instruktor narciarstwa\" \/><\/div><strong>Tomek Fabisiewicz <\/strong><\/div>[\/vc_column][vc_column width=&#8221;1\/4&#8243;]<div class=\"imagebox wpb_content_element style-1\"><div class=\"imagebox-img\"><img decoding=\"async\" src=\"http:\/\/dev.deski.org\/wp-content\/uploads\/2016\/02\/zosia-f-1.jpg\" alt=\"instruktor narciarstwa\" \/><\/div><strong>Zosia Fabisiewicz <\/strong><\/div>[\/vc_column][vc_column width=&#8221;1\/4&#8243;]<div class=\"imagebox wpb_content_element style-1\"><div class=\"imagebox-img\"><a href='http:\/\/dev.deski.org\/narty\/zuza-firlit\/'><img decoding=\"async\" src=\"http:\/\/dev.deski.org\/wp-content\/uploads\/2016\/02\/Zuzia-Firlit-1.jpg\" alt=\"instruktor narciarstwa\" \/><\/a><\/div><strong>Zuzia Firlit <\/strong><\/p>\n<p><a href=\"http:\/\/dev.deski.org\/narty\/zuza-firlit\/\" target=\"_blank\" rel=\"noopener noreferrer\">Find out more<\/a><\/div>[\/vc_column][vc_column width=&#8221;1\/4&#8243;]<div class=\"imagebox wpb_content_element style-1\"><div class=\"imagebox-img\"><img decoding=\"async\" src=\"http:\/\/dev.deski.org\/wp-content\/uploads\/2016\/02\/kadra-p.jpg\" alt=\"instruktor narciarstwa\" \/><\/div><strong>Micha\u0142 Grzegrz\u00f3\u0142ka <\/strong><\/div>[\/vc_column][\/vc_row][vc_row][vc_column width=&#8221;1\/1&#8243;]<div class=\"spacer\" style=\"height: 20px;\"><\/div>[\/vc_column][\/vc_row][vc_row][vc_column width=&#8221;1\/4&#8243;]<div class=\"imagebox wpb_content_element style-1\"><div class=\"imagebox-img\"><img decoding=\"async\" src=\"http:\/\/dev.deski.org\/wp-content\/uploads\/2016\/02\/tomek-h.jpg\" alt=\"instruktor narciarstwa\" \/><\/div><strong>Tomek Hugues <\/strong><\/div>[\/vc_column][vc_column width=&#8221;1\/4&#8243;]<div class=\"imagebox wpb_content_element style-1\"><div class=\"imagebox-img\"><img decoding=\"async\" src=\"http:\/\/dev.deski.org\/wp-content\/uploads\/2016\/02\/agata-jaszczura.jpg\" alt=\"instruktor narciarstwa\" \/><\/div><strong>Agata Jaszczura<\/strong><\/div>[\/vc_column][vc_column width=&#8221;1\/4&#8243;]<div class=\"imagebox wpb_content_element style-1\"><div class=\"imagebox-img\"><img decoding=\"async\" src=\"http:\/\/dev.deski.org\/wp-content\/uploads\/2016\/02\/kadra-p.jpg\" alt=\"instruktor narciarstwa\" \/><\/div><strong>Antek Kowalczyk<\/strong><\/div>[\/vc_column][vc_column width=&#8221;1\/4&#8243;]<div class=\"imagebox wpb_content_element style-1\"><div class=\"imagebox-img\"><img decoding=\"async\" src=\"http:\/\/dev.deski.org\/wp-content\/uploads\/2016\/02\/artur.jpg\" alt=\"instruktor narciarstwa\" \/><\/div><strong>Artur Kruszewski<\/strong><\/div>[\/vc_column][\/vc_row][vc_row][vc_column width=&#8221;1\/1&#8243;]<div class=\"spacer\" style=\"height: 20px;\"><\/div>[\/vc_column][\/vc_row][vc_row][vc_column width=&#8221;1\/4&#8243;]<div class=\"imagebox wpb_content_element style-1\"><div class=\"imagebox-img\"><img decoding=\"async\" src=\"http:\/\/dev.deski.org\/wp-content\/uploads\/2016\/02\/kasia-l.jpg\" alt=\"instruktor narciarstwa\" \/><\/div><strong>Kasia Leszczy\u0144ska <\/strong><\/div>[\/vc_column][vc_column width=&#8221;1\/4&#8243;]<div class=\"imagebox wpb_content_element style-1\"><div class=\"imagebox-img\"><img decoding=\"async\" src=\"http:\/\/dev.deski.org\/wp-content\/uploads\/2016\/02\/Kasia-Lutoborska.jpg\" alt=\"instruktor narciarstwa\" \/><\/div><strong>Kasia Lutoborska<\/strong><\/p>\n<p><a href=\"http:\/\/dev.deski.org\/kasia\/\" target=\"_blank\" rel=\"noopener noreferrer\">Find out more<\/a><\/div>[\/vc_column][vc_column width=&#8221;1\/4&#8243;]<div class=\"imagebox wpb_content_element style-1\"><div class=\"imagebox-img\"><img decoding=\"async\" src=\"http:\/\/dev.deski.org\/wp-content\/uploads\/2016\/02\/Tomek-Majerczyk.jpg\" alt=\"instruktor narciarstwa\" \/><\/div><strong>Tomasz Majerczyk<\/strong><\/div>[\/vc_column][vc_column width=&#8221;1\/4&#8243;]<div class=\"imagebox wpb_content_element style-1\"><div class=\"imagebox-img\"><img decoding=\"async\" src=\"http:\/\/dev.deski.org\/wp-content\/uploads\/2016\/02\/Zuzia-M.jpg\" alt=\"instruktor narciarstwa\" \/><\/div><strong>Zuzanna Malinowska <\/strong><\/div>[\/vc_column][\/vc_row][vc_row][vc_column width=&#8221;1\/1&#8243;]<div class=\"spacer\" style=\"height: 20px;\"><\/div>[\/vc_column][\/vc_row][vc_row][vc_column width=&#8221;1\/1&#8243;]<div class=\"spacer\" style=\"height: 20px;\"><\/div>[\/vc_column][\/vc_row][vc_row][vc_column width=&#8221;1\/4&#8243;]<div class=\"imagebox wpb_content_element style-1\"><div class=\"imagebox-img\"><img decoding=\"async\" src=\"http:\/\/dev.deski.org\/wp-content\/uploads\/2016\/02\/WP_20150130_008.jpg\" alt=\"instruktor narciarstwa\" \/><\/div><strong>Micha\u0142 Malinowski <\/strong><\/div>[\/vc_column][vc_column width=&#8221;1\/4&#8243;]<div class=\"imagebox wpb_content_element style-1\"><div class=\"imagebox-img\"><img decoding=\"async\" src=\"http:\/\/dev.deski.org\/wp-content\/uploads\/2016\/02\/Krzysiek-Malkowski.jpg\" alt=\"instruktor narciarstwa\" \/><\/div><strong>Krzysiek Ma\u0142kowski <\/strong><\/div>[\/vc_column][vc_column width=&#8221;1\/4&#8243;]<div class=\"imagebox wpb_content_element style-1\"><div class=\"imagebox-img\"><img decoding=\"async\" src=\"http:\/\/dev.deski.org\/wp-content\/uploads\/2016\/02\/agnieszka-marczak.jpg\" alt=\"instruktor narciarstwa\" \/><\/div><strong>Agnieszka Marczak<\/strong><\/div>[\/vc_column][vc_column width=&#8221;1\/4&#8243;]<div class=\"imagebox wpb_content_element style-1\"><div class=\"imagebox-img\"><img decoding=\"async\" src=\"http:\/\/dev.deski.org\/wp-content\/uploads\/2016\/02\/fajans.jpg\" alt=\"instruktor narciarstwa\" \/><\/div><strong>Filip Matejak <\/strong><\/div>[\/vc_column][\/vc_row][vc_row][vc_column width=&#8221;1\/1&#8243;]<div class=\"spacer\" style=\"height: 20px;\"><\/div>[\/vc_column][\/vc_row][vc_row][vc_column width=&#8221;1\/4&#8243;]<div class=\"imagebox wpb_content_element style-1\"><div class=\"imagebox-img\"><a href='http:\/\/dev.deski.org\/narty\/piotr-molasy\/'><img decoding=\"async\" src=\"http:\/\/dev.deski.org\/wp-content\/uploads\/2016\/02\/piotr-molasy.jpg\" alt=\"instruktor narciarstwa\" \/><\/a><\/div><strong>Piotr Molasy<\/strong><\/p>\n<p><a href=\"http:\/\/dev.deski.org\/narty\/piotr-molasy\/\" target=\"_blank\" rel=\"noopener noreferrer\">Find out more<\/a><\/div>[\/vc_column][vc_column width=&#8221;1\/4&#8243;]<div class=\"imagebox wpb_content_element style-1\"><div class=\"imagebox-img\"><img decoding=\"async\" src=\"http:\/\/dev.deski.org\/wp-content\/uploads\/2016\/02\/adrian.jpg\" alt=\"instruktor narciarstwa\" \/><\/div><strong>Adrian Nowicki<\/strong><\/div>[\/vc_column][vc_column width=&#8221;1\/4&#8243;]<div class=\"imagebox wpb_content_element style-1\"><div class=\"imagebox-img\"><img decoding=\"async\" src=\"http:\/\/dev.deski.org\/wp-content\/uploads\/2016\/02\/Alicja-O.jpg\" alt=\"instruktor narciarstwa\" \/><\/div><strong>Alicja Obcowska<\/strong><\/div>[\/vc_column][vc_column width=&#8221;1\/4&#8243;]<div class=\"imagebox wpb_content_element style-1\"><div class=\"imagebox-img\"><a href='http:\/\/dev.deski.org\/narty\/dominika-solowinska\/'><img decoding=\"async\" src=\"http:\/\/dev.deski.org\/wp-content\/uploads\/2018\/12\/45064164_436479363549024_8911783717286969344_n.jpg\" alt=\"instruktorka narciarstwa\" \/><\/a><\/div><strong>Dominika So\u0142owi\u0144ska <\/strong><\/p>\n<p><a href=\"http:\/\/dev.deski.org\/narty\/dominika-solowinska\/\" target=\"_blank\" rel=\"noopener noreferrer\">Find out more<\/a><\/div>[\/vc_column][\/vc_row][vc_row][vc_column width=&#8221;1\/1&#8243;]<div class=\"spacer\" style=\"height: 20px;\"><\/div>[\/vc_column][\/vc_row][vc_row][vc_column width=&#8221;1\/4&#8243;]<div class=\"imagebox wpb_content_element style-1\"><div class=\"imagebox-img\"><img decoding=\"async\" src=\"http:\/\/dev.deski.org\/wp-content\/uploads\/2016\/02\/iga-s.jpg\" alt=\"instruktor narciarstwa\" \/><\/div><strong>Iga So\u0142owi\u0144ska <\/strong><\/div>[\/vc_column][vc_column width=&#8221;1\/4&#8243;]<div class=\"imagebox wpb_content_element style-1\"><div class=\"imagebox-img\"><a href='http:\/\/dev.deski.org\/narty\/tomek-szechniuk\/'><img decoding=\"async\" src=\"http:\/\/dev.deski.org\/wp-content\/uploads\/2016\/02\/Gap.jpg\" alt=\"instruktor narciarstwa\" \/><\/a><\/div><strong>Tomek Szechniuk <\/strong><\/p>\n<p><a href=\"http:\/\/dev.deski.org\/narty\/tomek-szechniuk\/\" target=\"_blank\" rel=\"noopener noreferrer\">Find out more<\/a><\/div>[\/vc_column][vc_column width=&#8221;1\/4&#8243;]<div class=\"imagebox wpb_content_element style-1\"><div class=\"imagebox-img\"><img decoding=\"async\" src=\"http:\/\/dev.deski.org\/wp-content\/uploads\/2016\/02\/Jan-Wojtiuk.jpg\" alt=\"instruktor narciarstwa\" \/><\/div><strong>Jan Wojtiuk <\/strong><\/div>[\/vc_column][vc_column width=&#8221;1\/4&#8243;]<div class=\"imagebox wpb_content_element style-1\"><div class=\"imagebox-img\"><a href='http:\/\/dev.deski.org\/narty\/antek-zalewski\/'><img decoding=\"async\" src=\"http:\/\/dev.deski.org\/wp-content\/uploads\/2016\/02\/antek-zal.jpg\" alt=\"instruktor narciarstwa\" \/><\/a><\/div><strong>Antoni Zalewski<\/strong><\/p>\n<p><a href=\"http:\/\/dev.deski.org\/narty\/antek-zalewski\/\" target=\"_blank\" rel=\"noopener noreferrer\">Find out more<\/a><\/div>[\/vc_column][\/vc_row][vc_row][vc_column width=&#8221;1\/1&#8243;]<div class=\"spacer\" style=\"height: 20px;\"><\/div>[\/vc_column][\/vc_row][vc_row][vc_column width=&#8221;1\/4&#8243;][\/vc_column][vc_column width=&#8221;1\/4&#8243;]<div class=\"imagebox wpb_content_element style-1\"><div class=\"imagebox-img\"><a href='http:\/\/dev.deski.org\/piotr-domanski\/'><img decoding=\"async\" src=\"http:\/\/dev.deski.org\/wp-content\/uploads\/2018\/12\/IMG_0019-1.jpg\" alt=\"Piotr Doma\u0144ski\" \/><\/a><\/div><strong>Piotr Doma\u0144ski <\/strong><\/p>\n<p><a href=\"http:\/\/dev.deski.org\/piotr-domanski\/\" target=\"_blank\" rel=\"noopener noreferrer\">Find out more<\/a><\/div>[\/vc_column][vc_column width=&#8221;1\/4&#8243;]<div class=\"imagebox wpb_content_element style-1\"><div class=\"imagebox-img\"><img decoding=\"async\" src=\"http:\/\/dev.deski.org\/wp-content\/uploads\/2016\/02\/lula.jpg\" alt=\"instruktor narciarstwa\" \/><\/div><strong>Laura Czerniewska<\/strong><\/div>[\/vc_column][vc_column width=&#8221;1\/4&#8243;][\/vc_column][\/vc_row][vc_row][vc_column width=&#8221;1\/1&#8243;]<div class=\"spacer\" style=\"height: 20px;\"><\/div>[\/vc_column][\/vc_row]<\/p>\n<\/div>","protected":false},"excerpt":{"rendered":"<p>[vc_row][vc_column width=&#8221;1\/4&#8243;][\/vc_column][vc_column width=&#8221;1\/4&#8243;][\/vc_column][vc_column width=&#8221;1\/4&#8243;][\/vc_column][vc_column width=&#8221;1\/4&#8243;][\/vc_column][\/vc_row][vc_row][vc_column width=&#8221;1\/1&#8243;][\/vc_column][\/vc_row][vc_row][vc_column width=&#8221;1\/4&#8243;][\/vc_column][vc_column width=&#8221;1\/4&#8243;][\/vc_column][vc_column width=&#8221;1\/4&#8243;][\/vc_column][vc_column width=&#8221;1\/4&#8243;][\/vc_column][\/vc_row][vc_row][vc_column width=&#8221;1\/1&#8243;][\/vc_column][\/vc_row][vc_row][vc_column width=&#8221;1\/4&#8243;][\/vc_column][vc_column width=&#8221;1\/4&#8243;][\/vc_column][vc_column width=&#8221;1\/4&#8243;][\/vc_column][vc_column width=&#8221;1\/4&#8243;][\/vc_column][\/vc_row][vc_row][vc_column width=&#8221;1\/1&#8243;][\/vc_column][\/vc_row][vc_row][vc_column width=&#8221;1\/4&#8243;][\/vc_column][vc_column width=&#8221;1\/4&#8243;][\/vc_column][vc_column width=&#8221;1\/4&#8243;][\/vc_column][vc_column width=&#8221;1\/4&#8243;][\/vc_column][\/vc_row][vc_row][vc_column width=&#8221;1\/1&#8243;][\/vc_column][\/vc_row][vc_row][vc_column width=&#8221;1\/1&#8243;][\/vc_column][\/vc_row][vc_row][vc_column width=&#8221;1\/4&#8243;][\/vc_column][vc_column width=&#8221;1\/4&#8243;][\/vc_column][vc_column width=&#8221;1\/4&#8243;][\/vc_column][vc_column width=&#8221;1\/4&#8243;][\/vc_column][\/vc_row][vc_row][vc_column width=&#8221;1\/1&#8243;][\/vc_column][\/vc_row][vc_row][vc_column width=&#8221;1\/4&#8243;][\/vc_column][vc_column width=&#8221;1\/4&#8243;][\/vc_column][vc_column width=&#8221;1\/4&#8243;][\/vc_column][vc_column width=&#8221;1\/4&#8243;][\/vc_column][\/vc_row][vc_row][vc_column width=&#8221;1\/1&#8243;][\/vc_column][\/vc_row][vc_row][vc_column width=&#8221;1\/4&#8243;][\/vc_column][vc_column width=&#8221;1\/4&#8243;][\/vc_column][vc_column width=&#8221;1\/4&#8243;][\/vc_column][vc_column width=&#8221;1\/4&#8243;][\/vc_column][\/vc_row][vc_row][vc_column width=&#8221;1\/1&#8243;][\/vc_column][\/vc_row][vc_row][vc_column width=&#8221;1\/4&#8243;][\/vc_column][vc_column width=&#8221;1\/4&#8243;][\/vc_column][vc_column width=&#8221;1\/4&#8243;][\/vc_column][vc_column width=&#8221;1\/4&#8243;][\/vc_column][\/vc_row][vc_row][vc_column width=&#8221;1\/1&#8243;][\/vc_column][\/vc_row]<\/p>\n","protected":false},"author":1,"featured_media":0,"parent":0,"menu_order":0,"comment_status":"closed","ping_status":"closed","template":"","meta":{"_acf_changed":false,"_mo_disable_npp":"","_vp_format_video_url":"","_vp_image_focal_point":[],"footnotes":""},"class_list":["post-17935","page","type-page","status-publish","hentry"],"acf":[],"aioseo_notices":[],"_links":{"self":[{"href":"http:\/\/dev.deski.org\/en\/wp-json\/wp\/v2\/pages\/17935","targetHints":{"allow":["GET"]}}],"collection":[{"href":"http:\/\/dev.deski.org\/en\/wp-json\/wp\/v2\/pages"}],"about":[{"href":"http:\/\/dev.deski.org\/en\/wp-json\/wp\/v2\/types\/page"}],"author":[{"embeddable":true,"href":"http:\/\/dev.deski.org\/en\/wp-json\/wp\/v2\/users\/1"}],"replies":[{"embeddable":true,"href":"http:\/\/dev.deski.org\/en\/wp-json\/wp\/v2\/comments?post=17935"}],"version-history":[{"count":4,"href":"http:\/\/dev.deski.org\/en\/wp-json\/wp\/v2\/pages\/17935\/revisions"}],"predecessor-version":[{"id":18292,"href":"http:\/\/dev.deski.org\/en\/wp-json\/wp\/v2\/pages\/17935\/revisions\/18292"}],"wp:attachment":[{"href":"http:\/\/dev.deski.org\/en\/wp-json\/wp\/v2\/media?parent=17935"}],"curies":[{"name":"wp","href":"https:\/\/api.w.org\/{rel}","templated":true}]}}