{"id":17949,"date":"2016-02-09T19:32:55","date_gmt":"2016-02-09T19:32:55","guid":{"rendered":"http:\/\/dev.deski.org\/cennik-baza-deski\/"},"modified":"2025-01-01T12:39:24","modified_gmt":"2025-01-01T12:39:24","slug":"cennik-baza-deski","status":"publish","type":"page","link":"http:\/\/dev.deski.org\/en\/cennik-baza-deski\/","title":{"rendered":"Cennik Baza WTS DeSki"},"content":{"rendered":"<div class=\"wpb-content-wrapper\"><p>[vc_row][vc_column width=&#8221;1\/1&#8243;]<h3 class=\"headline font-inherit fontsize-xl fontweight-900 lh-inherit align-center transform-uppercase \" style=\"margin: 0 0 20px 0; color: #259b9a;\">Cennik SZKO\u0141Y oraz WYPO\u017bYCZALNI SPRZ\u0118TU.<\/h3>[vc_column_text]<\/p>\n<div align=\"justify\">\n<p><u>BAZE DESKI OTWIERAMY JU\u017b 1 MAJA!<\/u><\/p>\n<p><strong>Kemping Solar, Cha\u0142upy 4<\/strong><br \/>\n<strong>ul. Kaperska 4 84-120<\/strong><\/p>\n<p>Dojazd: czwarty camping po prawej stronie od W\u0142adys\u0142awowa w kierunku Helu.<\/p>\n<p><strong>baza@dev.deski.org<\/strong><br \/>\nBiuro Klubu:\u00a0<strong>22 841 49 34<\/strong><br \/>\n<!-- Bosmanat:\u00a0<strong>693 334 060 (dost\u0119pny od 3.06.2021)<\/strong> --><\/p>\n<\/div>\n<p>[\/vc_column_text]<div class=\"divider divider1\" style='margin:60px 0 60px 0 !important;'><\/div>[\/vc_column][\/vc_row][vc_row][vc_column width=&#8221;1\/2&#8243;]<div class=\"imagebox wpb_content_element style-1\"><div class=\"imagebox-img\"><a href='http:\/\/dev.deski.org\/cennik-baza-deski\/szkola-windsurfingu-kitesurfingu-surfingu'><img decoding=\"async\" src=\"http:\/\/dev.deski.org\/wp-content\/uploads\/2023\/07\/baza-wts-deski.jpg\" alt=\"baza wts deski\" \/><\/a><\/div><strong>Szko\u0142a windsurfingu, kitesurfingu i surfingu<\/strong><\/p>\n<p>Zapraszamy do zapoznania si\u0119 z cennikiem szkole\u0144 windsurfingowych, kitesurfingowych, surfingowych, grupowych jak i indywidualnych!<\/p>\n<p><a href=\"http:\/\/dev.deski.org\/en\/cennik-baza-deski\/windsurfing-kitesurfing-surfing-school\/\"><strong>Wi\u0119cej<\/strong><\/a><\/div>[\/vc_column][vc_column width=&#8221;1\/2&#8243;]<div class=\"imagebox wpb_content_element style-1\"><div class=\"imagebox-img\"><a href='http:\/\/dev.deski.org\/windkite\/wypozyczalnia-sprzetu\/'><img decoding=\"async\" src=\"http:\/\/dev.deski.org\/wp-content\/uploads\/2021\/06\/wypozyczalnia-700x490-2.jpg\" alt=\"wypozyczalnia sprz\u0119tu\" \/><\/a><\/div><strong>Wypo\u017cyczalnia sprz\u0119tu<\/strong><\/p>\n<p>Zapraszamy do zapoznania si\u0119 z cennikiem wypo\u017cyczalni sprz\u0119tu windsurfingowego, kitesurfingowego, surfingowego, SUP-a&#8230; i nie tylko!<\/p>\n<p><a href=\"http:\/\/dev.deski.org\/en\/windkite\/equipment-rental\/\"><strong>Wi\u0119cej<\/strong><\/a><\/div>[\/vc_column][\/vc_row]<\/p>\n<\/div>","protected":false},"excerpt":{"rendered":"<p>[vc_row][vc_column width=&#8221;1\/1&#8243;][vc_column_text] BAZE DESKI OTWIERAMY JU\u017b 1 MAJA! Kemping Solar, Cha\u0142upy 4 ul. Kaperska 4 84-120 Dojazd: czwarty camping po prawej stronie od W\u0142adys\u0142awowa w kierunku Helu. baza@dev.deski.org Biuro Klubu:\u00a022 841 49 34 [\/vc_column_text][\/vc_column][\/vc_row][vc_row][vc_column width=&#8221;1\/2&#8243;][\/vc_column][vc_column width=&#8221;1\/2&#8243;][\/vc_column][\/vc_row]<\/p>\n","protected":false},"author":1,"featured_media":0,"parent":0,"menu_order":0,"comment_status":"closed","ping_status":"closed","template":"","meta":{"_acf_changed":false,"_mo_disable_npp":"","_vp_format_video_url":"","_vp_image_focal_point":[],"footnotes":""},"class_list":["post-17949","page","type-page","status-publish","hentry"],"acf":[],"aioseo_notices":[],"_links":{"self":[{"href":"http:\/\/dev.deski.org\/en\/wp-json\/wp\/v2\/pages\/17949","targetHints":{"allow":["GET"]}}],"collection":[{"href":"http:\/\/dev.deski.org\/en\/wp-json\/wp\/v2\/pages"}],"about":[{"href":"http:\/\/dev.deski.org\/en\/wp-json\/wp\/v2\/types\/page"}],"author":[{"embeddable":true,"href":"http:\/\/dev.deski.org\/en\/wp-json\/wp\/v2\/users\/1"}],"replies":[{"embeddable":true,"href":"http:\/\/dev.deski.org\/en\/wp-json\/wp\/v2\/comments?post=17949"}],"version-history":[{"count":4,"href":"http:\/\/dev.deski.org\/en\/wp-json\/wp\/v2\/pages\/17949\/revisions"}],"predecessor-version":[{"id":22573,"href":"http:\/\/dev.deski.org\/en\/wp-json\/wp\/v2\/pages\/17949\/revisions\/22573"}],"wp:attachment":[{"href":"http:\/\/dev.deski.org\/en\/wp-json\/wp\/v2\/media?parent=17949"}],"curies":[{"name":"wp","href":"https:\/\/api.w.org\/{rel}","templated":true}]}}