{"id":17955,"date":"2021-05-17T08:33:35","date_gmt":"2021-05-17T08:33:35","guid":{"rendered":"http:\/\/dev.deski.org\/windkite\/joga-i-medytacja-storytel-femistories\/"},"modified":"2025-06-05T09:25:17","modified_gmt":"2025-06-05T09:25:17","slug":"joga","status":"publish","type":"page","link":"http:\/\/dev.deski.org\/en\/windkite\/joga\/","title":{"rendered":"Joga na Solarze"},"content":{"rendered":"<div class=\"wpb-content-wrapper\"><p>[vc_row][vc_column width=&#8221;1\/1&#8243;][vc_row_inner][vc_column_inner width=&#8221;1\/6&#8243;][\/vc_column_inner][vc_column_inner width=&#8221;2\/3&#8243;][vc_raw_html]JTVCbWV0YXNsaWRlciUyMGlkJTNEJTIyMTIxMjglMjIlNUQ=[\/vc_raw_html]<h3 class=\"headline font-inherit fontsize-xl fontweight-900 lh-inherit align-center transform-inherit \" style=\"margin: 0 0 0 0; color: #259b9a;\">Codzienna joga w #najlepszabazanapolwyspie.<\/h3>[\/vc_column_inner][vc_column_inner width=&#8221;1\/6&#8243;][\/vc_column_inner][\/vc_row_inner][vc_column_text]Codziennie przez ca\u0142e wakacje zapraszamy Was na JOG\u0118 na tarasie Bazy DESKI!<br \/>\n<!-- KOSZT: 1 zaj\u0119cia - 50 z\u0142 5 zaj\u0119\u0107 - 225 z\u0142 10 zaj\u0119\u0107 - 400 z\u0142 karnet miesi\u0119czny - 900 z\u0142 karnet sezonowy - 1 600 z\u0142 Harmonogram zaj\u0119\u0107: wt, czw, sob - godz. 10:00 pon, \u015br, pt, ndz - godz. 18:00 Jest mo\u017cliwo\u015b\u0107 zorganizowania w\u0142asnej grupy - 250 z\u0142 grupa do 5 os\u00f3b, ka\u017cda kolejna osoba 50 z\u0142 *w przypadku z\u0142ej pogody zaj\u0119cia b\u0119d\u0105 odbywa\u0142y si\u0119 w \u015bwietlicy. Do zobaczenia na macie ju\u017c zaraz! &#x270b; --><br \/>\nWi\u0119cej informacji ju\u017c wkr\u00f3tce![\/vc_column_text][vc_raw_html]JTVCd3B0YiUyMGlkJTNEMjQwOTglNUQ=[\/vc_raw_html]<div class=\"divider divider1\" style='margin:30px 0 30px 0 !important;'><\/div>[vc_column_text]Dojazd: czwarty camping po prawej stronie od W\u0142adys\u0142awowa w kierunku Helu.<\/p>\n<p><strong>Kemping Solar, Cha\u0142upy 4<\/strong><br \/>\n<strong>ul. Kaperska 4 84-120<\/strong><\/p>\n<p><strong>baza@dev.deski.org<\/strong><br \/>\nBiuro Klubu:\u00a0<strong>22 841 49 34<\/strong><br \/>\nBosmanat:\u00a0<strong>693 334 060<\/strong>[\/vc_column_text][\/vc_column][\/vc_row]<\/p>\n<\/div>","protected":false},"excerpt":{"rendered":"<p>[vc_row][vc_column width=&#8221;1\/1&#8243;][vc_row_inner][vc_column_inner width=&#8221;1\/6&#8243;][\/vc_column_inner][vc_column_inner width=&#8221;2\/3&#8243;][vc_raw_html]JTVCbWV0YXNsaWRlciUyMGlkJTNEJTIyMTIxMjglMjIlNUQ=[\/vc_raw_html][\/vc_column_inner][vc_column_inner width=&#8221;1\/6&#8243;][\/vc_column_inner][\/vc_row_inner][vc_column_text]Codziennie przez ca\u0142e wakacje zapraszamy Was na JOG\u0118 na tarasie Bazy DESKI! Wi\u0119cej informacji ju\u017c wkr\u00f3tce![\/vc_column_text][vc_raw_html]JTVCd3B0YiUyMGlkJTNEMjQwOTglNUQ=[\/vc_raw_html][vc_column_text]Dojazd: czwarty camping po prawej stronie od W\u0142adys\u0142awowa w kierunku Helu. Kemping Solar, Cha\u0142upy 4 ul. Kaperska 4 84-120 baza@dev.deski.org Biuro Klubu:\u00a022 841 49 34 Bosmanat:\u00a0693 334 060[\/vc_column_text][\/vc_column][\/vc_row]<\/p>\n","protected":false},"author":6,"featured_media":0,"parent":16741,"menu_order":0,"comment_status":"closed","ping_status":"closed","template":"","meta":{"_acf_changed":false,"_mo_disable_npp":"","_vp_format_video_url":"","_vp_image_focal_point":[],"footnotes":""},"class_list":["post-17955","page","type-page","status-publish","hentry"],"acf":[],"aioseo_notices":[],"_links":{"self":[{"href":"http:\/\/dev.deski.org\/en\/wp-json\/wp\/v2\/pages\/17955","targetHints":{"allow":["GET"]}}],"collection":[{"href":"http:\/\/dev.deski.org\/en\/wp-json\/wp\/v2\/pages"}],"about":[{"href":"http:\/\/dev.deski.org\/en\/wp-json\/wp\/v2\/types\/page"}],"author":[{"embeddable":true,"href":"http:\/\/dev.deski.org\/en\/wp-json\/wp\/v2\/users\/6"}],"replies":[{"embeddable":true,"href":"http:\/\/dev.deski.org\/en\/wp-json\/wp\/v2\/comments?post=17955"}],"version-history":[{"count":15,"href":"http:\/\/dev.deski.org\/en\/wp-json\/wp\/v2\/pages\/17955\/revisions"}],"predecessor-version":[{"id":24099,"href":"http:\/\/dev.deski.org\/en\/wp-json\/wp\/v2\/pages\/17955\/revisions\/24099"}],"up":[{"embeddable":true,"href":"http:\/\/dev.deski.org\/en\/wp-json\/wp\/v2\/pages\/16741"}],"wp:attachment":[{"href":"http:\/\/dev.deski.org\/en\/wp-json\/wp\/v2\/media?parent=17955"}],"curies":[{"name":"wp","href":"https:\/\/api.w.org\/{rel}","templated":true}]}}