{"id":17957,"date":"2018-05-15T12:06:09","date_gmt":"2018-05-15T12:06:09","guid":{"rendered":"http:\/\/dev.deski.org\/kadra-windkite\/"},"modified":"2023-07-22T11:18:51","modified_gmt":"2023-07-22T11:18:51","slug":"windkite-team","status":"publish","type":"page","link":"http:\/\/dev.deski.org\/en\/windkite-team\/","title":{"rendered":"Wind\/Kite TEAM"},"content":{"rendered":"<div class=\"wpb-content-wrapper\"><p>[vc_row][vc_column width=&#8221;1\/4&#8243;]<div class=\"imagebox wpb_content_element style-1\"><div class=\"imagebox-img\"><a href='http:\/\/dev.deski.org\/bocian\/'><img decoding=\"async\" src=\"http:\/\/dev.deski.org\/wp-content\/uploads\/2021\/08\/Marcin-Bocian-260x260-1.jpg\" alt=\"Marcin Bocian\" \/><\/a><\/div><strong>MARCIN BOCIAN<\/strong> \u2013 szefu<\/p>\n<p><em>Szef wszystkich szef\u00f3w, bazowe guru.<\/em><\/div><div class=\"spacer\" style=\"height: 30px;\"><\/div>[\/vc_column][vc_column width=&#8221;1\/4&#8243;]<div class=\"imagebox wpb_content_element style-1\"><div class=\"imagebox-img\"><img decoding=\"async\" src=\"http:\/\/dev.deski.org\/wp-content\/uploads\/2021\/08\/Ada-Borowik-260x260-1.jpg\" alt=\"Ada Borowik\" \/><\/div><strong>ADA \u2018\u2019ADZIOSZKA\u201d BOROWIK<\/strong> \u2013 wicekierowniczka bazy<\/p>\n<p><em>Wychowanka klubu, kt\u00f3ra zarazi Ci\u0119 swoim niesamowitym u\u015bmiechem. W bazie pracuje od lat i wie o niej wszystko. Pomo\u017ce ci z ka\u017cdym problemem przekazuj\u0105c sw\u00f3j pozytywny vibe.<\/em><\/div><div class=\"spacer\" style=\"height: 30px;\"><\/div>[\/vc_column][vc_column width=&#8221;1\/4&#8243;]<div class=\"imagebox wpb_content_element style-1\"><div class=\"imagebox-img\"><img decoding=\"async\" src=\"http:\/\/dev.deski.org\/wp-content\/uploads\/2022\/07\/martyna.jpg\" alt=\"martyna\" \/><\/div><strong>MARTYNA SZLAPA<\/strong> &#8211; obozy<\/p>\n<p><em>Urodzona i wychowana nad morzem, kt\u00f3re stanowi nieroz\u0142\u0105czn\u0105 cz\u0119\u015b\u0107 jej \u017cycia. Pozytywna, pe\u0142na energii i gotowa do dzia\u0142ania. Druga mama wszystkich dzieci.<\/em><\/div><div class=\"spacer\" style=\"height: 30px;\"><\/div>[\/vc_column][vc_column width=&#8221;1\/4&#8243;]<div class=\"imagebox wpb_content_element style-1\"><div class=\"imagebox-img\"><img decoding=\"async\" src=\"http:\/\/dev.deski.org\/wp-content\/uploads\/2022\/07\/gabrys_.jpg\" alt=\"kadra wts deski\" \/><\/div><strong>MICHA\u0141 \u2018\u2019GABRY\u015a\u2019\u2019 GABRYELEWICZ<\/strong> &#8211; instruktor windsurfingu<\/p>\n<p><em>Windsurfing jest jego pasj\u0105, jak wieje to na wodzie spotkasz go na pewno.<\/em><\/div><div class=\"spacer\" style=\"height: 30px;\"><\/div>[\/vc_column][\/vc_row][vc_row][vc_column width=&#8221;1\/4&#8243;]<div class=\"imagebox wpb_content_element style-1\"><div class=\"imagebox-img\"><img decoding=\"async\" src=\"http:\/\/dev.deski.org\/wp-content\/uploads\/2022\/07\/antek-bujanowski.jpg\" alt=\"antek bujanowski\" \/><\/div><strong>ANTEK BUJANOWSKI<\/strong> \u2013 bosman<\/p>\n<p><em>Zaradny, m\u0142ody i pe\u0142ny energii \u2013 pomo\u017ce Ci dobra\u0107 Tw\u00f3j sprz\u0119t<\/em><\/div><div class=\"spacer\" style=\"height: 30px;\"><\/div><div class=\"imagebox wpb_content_element style-1\"><div class=\"imagebox-img\"><img decoding=\"async\" src=\"http:\/\/dev.deski.org\/wp-content\/uploads\/2021\/08\/Kasia-Lutoborska260.jpg\" alt=\"Kasia Lutoborska\" \/><\/div><strong>KASIA LUTOBORSKA<\/strong> \u2013 instruktorka windsurfingu<\/p>\n<p><em>Pozytywnie zakr\u0119cona podr\u00f3\u017cniczka, kt\u00f3ra swoje do\u015bwiadczenie nabywa na akwenach w wielu krajach.<\/em><\/div><div class=\"spacer\" style=\"height: 30px;\"><\/div>[\/vc_column][vc_column width=&#8221;1\/4&#8243;]<div class=\"imagebox wpb_content_element style-1\"><div class=\"imagebox-img\"><img decoding=\"async\" src=\"http:\/\/dev.deski.org\/wp-content\/uploads\/2022\/07\/Filip-kolomyjski_.jpg\" alt=\"FILIP KO\u0141OMYJSKI \u2013 instruktor windsurfingu i tenisa\" \/><\/div><strong>FILIP KO\u0141OMYJSKI<\/strong> \u2013 instruktor windsurfingu i tenisa<\/p>\n<p><em>Wychowanek klubu. Pe\u0142ny energii, pozytywny i zaradny. Z Filipem nie ma nudy.<\/em><\/div><div class=\"spacer\" style=\"height: 30px;\"><\/div><div class=\"imagebox wpb_content_element style-1\"><div class=\"imagebox-img\"><img decoding=\"async\" src=\"http:\/\/dev.deski.org\/wp-content\/uploads\/2021\/08\/Ala-Obcowska-260x260-1.jpg\" alt=\"Ala Obcowska\" \/><\/div><strong>ALA OBCOWSKA<\/strong> \u2013 instruktorka windsurfingu i tenisa<\/p>\n<p><em>Wychowanka klubu Ala zawsze u\u015bmiechni\u0119ta zarazi pasj\u0105 do tenisa i windsurfingu ka\u017cdego odwa\u017cnego!<\/em><\/div><div class=\"spacer\" style=\"height: 30px;\"><\/div>[\/vc_column][vc_column width=&#8221;1\/4&#8243;]<div class=\"imagebox wpb_content_element style-1\"><div class=\"imagebox-img\"><img decoding=\"async\" src=\"http:\/\/dev.deski.org\/wp-content\/uploads\/2021\/08\/Kuba-Winkowski260.jpg\" alt=\"Kuba Winkowski\" \/><\/div><strong>KUBA WINKOWSKI<\/strong> \u2013 Instruktor wind, kite, surf<\/p>\n<p><em>Instruktor z ogromnym sta\u017cem, kt\u00f3ry przekazuje swoim kursantom do\u015bwiadczenie nabyte na wielu sportowych wyjazdach.<\/em><\/div><div class=\"spacer\" style=\"height: 30px;\"><\/div><div class=\"imagebox wpb_content_element style-1\"><div class=\"imagebox-img\"><img decoding=\"async\" src=\"http:\/\/dev.deski.org\/wp-content\/uploads\/2022\/07\/wiktor-mikulski_.jpg\" alt=\"WIKTOR MIKULSKI \u2013 instruktor windsurfingu\" \/><\/div><strong>WIKTOR MIKULSKI<\/strong> \u2013 instruktor windsurfingu<\/p>\n<p><em>Na windzie p\u0142ywam od najm\u0142odszych lat. Swoj\u0105 zajawk\u0119 przekazuje kursantom na wodzie ka\u017cdego dnia.<\/em><\/div><div class=\"spacer\" style=\"height: 30px;\"><\/div>[\/vc_column][vc_column width=&#8221;1\/4&#8243;]<div class=\"imagebox wpb_content_element style-1\"><div class=\"imagebox-img\"><img decoding=\"async\" src=\"http:\/\/dev.deski.org\/wp-content\/uploads\/2022\/07\/krzys_.jpg\" alt=\"KRZY\u015a MA\u0141KOWSKI \u2013 instruktor windsurfingu\" \/><\/div><strong>KRZY\u015a MA\u0141KOWSKI<\/strong> \u2013 instruktor windsurfingu<\/p>\n<p>Wychowaek klubu, zawsze pozytywnie nastawiony, z bardzo du\u017cym sta\u017cem w Bazie. Z Krzysiem zawsze b\u0119dzie weso\u0142o!<\/div><div class=\"spacer\" style=\"height: 30px;\"><\/div><div class=\"imagebox wpb_content_element style-1\"><div class=\"imagebox-img\"><img decoding=\"async\" src=\"http:\/\/dev.deski.org\/wp-content\/uploads\/2022\/07\/bartek_.jpg\" alt=\"BARTEK BOROWIK \u2013 bosman\" \/><\/div><strong>BARTEK BOROWIK<\/strong> \u2013 bosman<\/p>\n<p><em>Zawsze pomo\u017ce dobra\u0107 sprz\u0119t, przeka\u017ce dobr\u0105 rade i zarazi u\u015bmiechem.<\/em><\/div><div class=\"spacer\" style=\"height: 30px;\"><\/div>[\/vc_column][\/vc_row][vc_row][vc_column width=&#8221;1\/4&#8243;]<div class=\"imagebox wpb_content_element style-1\"><div class=\"imagebox-img\"><img decoding=\"async\" src=\"http:\/\/dev.deski.org\/wp-content\/uploads\/2022\/07\/marta-monka_.jpg\" alt=\"marta mo\u0144ka\" \/><\/div><strong>MARTA MO\u0143KA<\/strong> \u2013 bosmanat<br \/>\n<em>Swoim u\u015bmiechem zarazi ka\u017cdego, rozta\u0144czona i pozytywnie zakr\u0119cona zawsze tobie pomo\u017ce, a znajdziesz j\u0105 w bosmanacie.<\/em><\/div><div class=\"spacer\" style=\"height: 30px;\"><\/div><div class=\"imagebox wpb_content_element style-1\"><div class=\"imagebox-img\"><img decoding=\"async\" src=\"http:\/\/dev.deski.org\/wp-content\/uploads\/2022\/07\/marta-monka_.jpg\" alt=\"marta mo\u0144ka\" \/><\/div><strong>MARTA MO\u0143KA<\/strong> \u2013 bosmanat<br \/>\n<em>Swoim u\u015bmiechem zarazi ka\u017cdego, rozta\u0144czona i pozytywnie zakr\u0119cona zawsze tobie pomo\u017ce, a znajdziesz j\u0105 w bosmanacie.<\/em><\/div><div class=\"spacer\" style=\"height: 30px;\"><\/div>[\/vc_column][vc_column width=&#8221;1\/4&#8243;]<div class=\"imagebox wpb_content_element style-1\"><div class=\"imagebox-img\"><img decoding=\"async\" src=\"http:\/\/dev.deski.org\/wp-content\/uploads\/2022\/07\/melcia.jpg\" alt=\"MELA REWERELLI\" \/><\/div><strong>MELA REWERELLI<\/strong> \u2013 instruktorka windsurfingu<br \/>\n<em>Od lat przyje\u017cd\u017ca na p\u00f3\u0142wysep, a swoj\u0105 pasj\u0119 do winda przekazuje tym najm\u0142odszym i najstarszym. Zawsze u\u015bmiechni\u0119ta i pe\u0142na energii.<\/em><\/div><div class=\"spacer\" style=\"height: 30px;\"><\/div><div class=\"imagebox wpb_content_element style-1\"><div class=\"imagebox-img\"><a href='http:\/\/dev.deski.org\/ignacy\/'><img decoding=\"async\" src=\"http:\/\/dev.deski.org\/wp-content\/uploads\/2021\/08\/Ignacy-Bielecki260x260.jpeg\" alt=\"Ignacy Bielecki\" \/><\/a><\/div><strong>IGNACY BIELECKI<\/strong> \u2013 instruktor windsurfingu<\/p>\n<p><em>Na p\u00f3\u0142wyspie wakacje sp\u0119dza ju\u017c od wielu lat. Kiedy\u015b by\u0142 w bazie bosmanem, a teraz szkoli swoich kursant\u00f3w na windzie.<\/em><\/div><div class=\"spacer\" style=\"height: 30px;\"><\/div>[\/vc_column][vc_column width=&#8221;1\/4&#8243;]<div class=\"imagebox wpb_content_element style-1\"><div class=\"imagebox-img\"><img decoding=\"async\" src=\"http:\/\/dev.deski.org\/wp-content\/uploads\/2022\/07\/karolcia.jpg\" alt=\"KAROLINA MARRODAN-WOJTCZAK\" \/><\/div><strong>KAROLINA MARRODAN-WOJTCZAK<\/strong> \u2013 instruktorka windsurfingu<br \/>\n<em>Instruktorka z genialnym podej\u015bciem do dzieci. U\u015bmiechni\u0119ta od ucha do ucha i zawsze pe\u0142na energii do dzia\u0142ania.<\/em><\/div><div class=\"spacer\" style=\"height: 30px;\"><\/div><div class=\"imagebox wpb_content_element style-1\"><div class=\"imagebox-img\"><img decoding=\"async\" src=\"http:\/\/dev.deski.org\/wp-content\/uploads\/2022\/07\/brak-zdjecia.png\" alt=\"kwadrat\" \/><\/div><strong>MACIEK \u017bO\u0141NOWSKI<\/strong> \u2013 instruktor windsurfingu<br \/>\n<em>Burza lok\u00f3w na g\u0142owie pe\u0142nej niesamowitych pomys\u0142\u00f3w. Sportowy \u015bwirek wychowany nad morzem.<\/em><\/div>[\/vc_column][vc_column width=&#8221;1\/4&#8243;]<div class=\"imagebox wpb_content_element style-1\"><div class=\"imagebox-img\"><img decoding=\"async\" src=\"http:\/\/dev.deski.org\/wp-content\/uploads\/2022\/07\/julia-orlowska_.jpg\" alt=\"julia or\u0142owska\" \/><\/div><strong>JULIA OR\u0141OWSKA<\/strong> \u2013 bosmanat<br \/>\n<em>Zawsze przywita ciebie mi\u0142o w bosmanacie, pomo\u017ce i doradzi<\/em><\/div><div class=\"spacer\" style=\"height: 30px;\"><\/div><div class=\"imagebox wpb_content_element style-1\"><div class=\"imagebox-img\"><img decoding=\"async\" src=\"http:\/\/dev.deski.org\/wp-content\/uploads\/2022\/07\/brak-zdjecia.png\" alt=\"kwadrat\" \/><\/div><strong>MARTA D\u0104BROWSKA<\/strong> \u2013 instruktor windsurfingu<br \/>\n<em>Sportowa \u015bwiruska, kt\u00f3ra ka\u017cdego jest w stanie zarazi\u0107 pasj\u0105 do windsurfingu.<\/em><\/div>[\/vc_column][\/vc_row][vc_row][vc_column width=&#8221;1\/4&#8243;]<div class=\"imagebox wpb_content_element style-1\"><div class=\"imagebox-img\"><img decoding=\"async\" src=\"http:\/\/dev.deski.org\/wp-content\/uploads\/2022\/07\/brak-zdjecia.png\" alt=\"kwadrat\" \/><\/div><strong>DOROTA MAKARUK<\/strong> &#8211; opiekun<br \/>\n<em>Przy niej nie dasz rady si\u0119 nie u\u015bmiecha\u0107! W bazie pe\u0142ni rol\u0119 opiekuna obozowego.<\/em><\/div><div class=\"spacer\" style=\"height: 30px;\"><\/div><div class=\"imagebox wpb_content_element style-1\"><div class=\"imagebox-img\"><img decoding=\"async\" src=\"http:\/\/dev.deski.org\/wp-content\/uploads\/2022\/07\/brak-zdjecia.png\" alt=\"kwadrat\" \/><\/div><strong>BASIA DUDZI\u0143SKA<\/strong> \u2013 instruktorka windsurfingu<br \/>\n<em>Utalentowana instruktorka, kt\u00f3ra wychowa\u0142a si\u0119 na p\u00f3\u0142wyspie i swoj\u0105 pasj\u0119 do windsurfingu przekazuje teraz innym.<\/em><\/div>[\/vc_column][vc_column width=&#8221;1\/4&#8243;]<div class=\"imagebox wpb_content_element style-1\"><div class=\"imagebox-img\"><img decoding=\"async\" src=\"http:\/\/dev.deski.org\/wp-content\/uploads\/2021\/08\/Iga-Wilczynska260x260.jpg\" alt=\"Iga Wilczy\u0144ska\" \/><\/div><strong>IGA WILCZY\u0143SKA<\/strong> \u2013 instruktor windsurfingu<br \/>\n<em>Instruktorka windsurfingu z du\u017cym sta\u017cem, kt\u00f3ra na swoich lekcjach zara\u017ca m\u0142odszych i tych troszk\u0119 starszych pasj\u0105 do windsurfingu.<\/em><\/div><div class=\"spacer\" style=\"height: 30px;\"><\/div><div class=\"imagebox wpb_content_element style-1\"><div class=\"imagebox-img\"><img decoding=\"async\" src=\"http:\/\/dev.deski.org\/wp-content\/uploads\/2022\/07\/brak-zdjecia.png\" alt=\"kwadrat\" \/><\/div><strong>WERONIKA STANISZKIS<\/strong> &#8211; bosmanka<br \/>\n<em>Wychowanka klubu, Pomo\u017ce wszystkim i we wszystkim, kobieta z\u0142ota r\u0105czka.<\/em><\/div>[\/vc_column][vc_column width=&#8221;1\/4&#8243;]<div class=\"imagebox wpb_content_element style-1\"><div class=\"imagebox-img\"><img decoding=\"async\" src=\"http:\/\/dev.deski.org\/wp-content\/uploads\/2022\/07\/brak-zdjecia.png\" alt=\"kwadrat\" \/><\/div><strong>ZOSIA P\u0141O\u0143CZAK<\/strong> \u2013 instruktorka windsurfingu<br \/>\n<em>Pozytywnie zakr\u0119cona, zawsze u\u015bmiechni\u0119ta i pe\u0142na energii. Na wodzie sprawi, \u017ce pokochasz winda.<\/em><\/div><div class=\"spacer\" style=\"height: 30px;\"><\/div><div class=\"imagebox wpb_content_element style-1\"><div class=\"imagebox-img\"><img decoding=\"async\" src=\"http:\/\/dev.deski.org\/wp-content\/uploads\/2022\/07\/brak-zdjecia.png\" alt=\"kwadrat\" \/><\/div><strong>MARCIN BOROWIK<\/strong> &#8211; bosman<br \/>\n<em>Nieustraszony bosman, kt\u00f3ry pomo\u017ce we wszystkim. Wychowanek klubu, kt\u00f3ry sw\u00f3j wolny czas sp\u0119dza na korcie lub na wodzie.<\/em><\/div>[\/vc_column][vc_column width=&#8221;1\/4&#8243;]<div class=\"imagebox wpb_content_element style-1\"><div class=\"imagebox-img\"><img decoding=\"async\" src=\"http:\/\/dev.deski.org\/wp-content\/uploads\/2022\/07\/kasia-boron_.jpg\" alt=\"kasia boro\u0144\" \/><\/div><strong>KASIA BORO\u0143<\/strong> \u2013 instruktorka windsurfingu<br \/>\n<em>Pi\u0119kna, m\u0142oda, pozytywna i utalentowana \u2013 taka w\u0142a\u015bnie jest nasza Kasia.<\/em><\/div><div class=\"spacer\" style=\"height: 30px;\"><\/div><div class=\"imagebox wpb_content_element style-1\"><div class=\"imagebox-img\"><img decoding=\"async\" src=\"http:\/\/dev.deski.org\/wp-content\/uploads\/2022\/07\/brak-zdjecia.png\" alt=\"kwadrat\" \/><\/div><strong>OLA MICHA\u0141OWSKA<\/strong> \u2013 instruktorka tenisa i windsurfingu<br \/>\n<em>Z Ol\u0105 mo\u017cesz rozwija\u0107 si\u0119 i na korcie i na wodzie, zawsze pozytywnie nastawiona, ch\u0119tna na nowe wyzwania. Dzieciaki j\u0105 kochaj\u0105.<\/em><\/div>[\/vc_column][\/vc_row][vc_row][vc_column width=&#8221;1\/4&#8243;]<div class=\"imagebox wpb_content_element style-1\"><div class=\"imagebox-img\"><img decoding=\"async\" src=\"http:\/\/dev.deski.org\/wp-content\/uploads\/2022\/07\/brak-zdjecia.png\" alt=\"kwadrat\" \/><\/div><strong>ZOSIA WILCZURA<\/strong> \u2013 opiekun<br \/>\nWychowanka desek, kt\u00f3ra przelewa swoj\u0105 pozytywn\u0105 energi\u0119 na wszystkie dzieciaki!<\/div><div class=\"spacer\" style=\"height: 30px;\"><\/div>[\/vc_column][vc_column width=&#8221;1\/4&#8243;]<div class=\"imagebox wpb_content_element style-1\"><div class=\"imagebox-img\"><img decoding=\"async\" src=\"http:\/\/dev.deski.org\/wp-content\/uploads\/2022\/07\/brak-zdjecia.png\" alt=\"kwadrat\" \/><\/div><strong>LESZEK KAMI\u0143SKI<\/strong> \u2013 HEAD BOSMAN I HEAD INSTRUKTOR<br \/>\n<em>Prawdziwy wilk morski, kt\u00f3ry swoj\u0105 wiedz\u0119 i do\u015bwiadczenie przekazuje kursantom ju\u017c od wielu lat.<\/em><\/div><div class=\"spacer\" style=\"height: 30px;\"><\/div>[\/vc_column][vc_column width=&#8221;1\/4&#8243;]<div class=\"imagebox wpb_content_element style-1\"><div class=\"imagebox-img\"><img decoding=\"async\" src=\"http:\/\/dev.deski.org\/wp-content\/uploads\/2022\/07\/brak-zdjecia.png\" alt=\"kwadrat\" \/><\/div><strong>LIWIA ANINOWSKA<\/strong> \u2013 instruktorka windsurfingu<br \/>\n<em>Weso\u0142a, m\u0142oda i utalentowana instruktorka windsurfingu, kt\u00f3ra przeka\u017ce ci mi\u0142o\u015b\u0107 do tego sportu.<\/em><\/div><div class=\"spacer\" style=\"height: 30px;\"><\/div>[\/vc_column][vc_column width=&#8221;1\/4&#8243;]<div class=\"imagebox wpb_content_element style-1\"><div class=\"imagebox-img\"><img decoding=\"async\" src=\"http:\/\/dev.deski.org\/wp-content\/uploads\/2022\/07\/brak-zdjecia.png\" alt=\"kwadrat\" \/><\/div><strong>MICHA\u0141 MAJEWSKI<\/strong> \u2013 bosman<br \/>\n<em>Wychowanek klubu, M\u0142ody zajawkowicz, kt\u00f3ry doradzi ci we wszystkich sprawach.<\/em><\/div><div class=\"spacer\" style=\"height: 30px;\"><\/div>[\/vc_column][\/vc_row]<\/p>\n<\/div>","protected":false},"excerpt":{"rendered":"<p>[vc_row][vc_column width=&#8221;1\/4&#8243;][\/vc_column][vc_column width=&#8221;1\/4&#8243;][\/vc_column][vc_column width=&#8221;1\/4&#8243;][\/vc_column][vc_column width=&#8221;1\/4&#8243;][\/vc_column][\/vc_row][vc_row][vc_column width=&#8221;1\/4&#8243;][\/vc_column][vc_column width=&#8221;1\/4&#8243;][\/vc_column][vc_column width=&#8221;1\/4&#8243;][\/vc_column][vc_column width=&#8221;1\/4&#8243;][\/vc_column][\/vc_row][vc_row][vc_column width=&#8221;1\/4&#8243;][\/vc_column][vc_column width=&#8221;1\/4&#8243;][\/vc_column][vc_column width=&#8221;1\/4&#8243;][\/vc_column][vc_column width=&#8221;1\/4&#8243;][\/vc_column][\/vc_row][vc_row][vc_column width=&#8221;1\/4&#8243;][\/vc_column][vc_column width=&#8221;1\/4&#8243;][\/vc_column][vc_column width=&#8221;1\/4&#8243;][\/vc_column][vc_column width=&#8221;1\/4&#8243;][\/vc_column][\/vc_row][vc_row][vc_column width=&#8221;1\/4&#8243;][\/vc_column][vc_column width=&#8221;1\/4&#8243;][\/vc_column][vc_column width=&#8221;1\/4&#8243;][\/vc_column][vc_column width=&#8221;1\/4&#8243;][\/vc_column][\/vc_row]<\/p>\n","protected":false},"author":6,"featured_media":0,"parent":0,"menu_order":0,"comment_status":"closed","ping_status":"closed","template":"","meta":{"_acf_changed":false,"_mo_disable_npp":"","_vp_format_video_url":"","_vp_image_focal_point":[],"footnotes":""},"class_list":["post-17957","page","type-page","status-publish","hentry"],"acf":[],"aioseo_notices":[],"_links":{"self":[{"href":"http:\/\/dev.deski.org\/en\/wp-json\/wp\/v2\/pages\/17957","targetHints":{"allow":["GET"]}}],"collection":[{"href":"http:\/\/dev.deski.org\/en\/wp-json\/wp\/v2\/pages"}],"about":[{"href":"http:\/\/dev.deski.org\/en\/wp-json\/wp\/v2\/types\/page"}],"author":[{"embeddable":true,"href":"http:\/\/dev.deski.org\/en\/wp-json\/wp\/v2\/users\/6"}],"replies":[{"embeddable":true,"href":"http:\/\/dev.deski.org\/en\/wp-json\/wp\/v2\/comments?post=17957"}],"version-history":[{"count":2,"href":"http:\/\/dev.deski.org\/en\/wp-json\/wp\/v2\/pages\/17957\/revisions"}],"predecessor-version":[{"id":17961,"href":"http:\/\/dev.deski.org\/en\/wp-json\/wp\/v2\/pages\/17957\/revisions\/17961"}],"wp:attachment":[{"href":"http:\/\/dev.deski.org\/en\/wp-json\/wp\/v2\/media?parent=17957"}],"curies":[{"name":"wp","href":"https:\/\/api.w.org\/{rel}","templated":true}]}}