{"id":18083,"date":"2023-07-22T14:32:20","date_gmt":"2023-07-22T14:32:20","guid":{"rendered":"http:\/\/dev.deski.org\/contact\/"},"modified":"2023-11-01T19:02:23","modified_gmt":"2023-11-01T19:02:23","slug":"contact","status":"publish","type":"page","link":"http:\/\/dev.deski.org\/en\/contact\/","title":{"rendered":"Contact"},"content":{"rendered":"<div class=\"wpb-content-wrapper\"><p>[vc_row type=&#8221;full_width_section&#8221;][vc_column width=&#8221;1\/1&#8243;][vc_column_text]<iframe loading=\"lazy\" style=\"border: 0;\" src=\"https:\/\/www.google.com\/maps\/embed?pb=!1m18!1m12!1m3!1d2444.1385606931394!2d21.045490315642976!3d52.22270037975902!2m3!1f0!2f0!3f0!3m2!1i1024!2i768!4f13.1!3m3!1m2!1s0x471ecd04f5f23251%3A0xc4801d72b0969be8!2sDeSki+-+Squash%2C+Tenis%2C+Narty%2C+Snowboard.+Warszawskie+Towarzystwo+Sportowe!5e0!3m2!1spl!2spl!4v1561139508617!5m2!1spl!2spl\" width=\"100%\" height=\"400\" frameborder=\"0\" allowfullscreen=\"allowfullscreen\"><\/iframe>[\/vc_column_text][\/vc_column][\/vc_row][vc_row][vc_column]<h1 class=\"headline font-inherit fontsize-l fontweight-700 lh-inherit align-left transform-uppercase \" style=\"margin: 0 0 20px 0; color: #00458b;\">Contact with us<\/h1>[\/vc_column][vc_column width=&#8221;1\/2&#8243;][vc_column_text]<strong>RECEPTION<\/strong> &#8211; tennis and squash court reservations, individual tennis lessons<\/p>\n<p>22 841 49 34, 601 32 78 34 Email: <a href=\"mailto:recepcja@dev.deski.org\" target=\"_new\" rel=\"noopener\">recepcja@dev.deski.org<\/a><\/p>\n<p><strong>OPENING HOURS:<\/strong><\/p>\n<p>Monday &#8211; Sunday, 7:00 AM &#8211; 11:00 PM<\/p>\n<p>Squash courts are open <strong>24 hours<\/strong>. Tennis courts are open <strong>24 hours<\/strong>. (Squash and tennis courts are available 24\/7, but we kindly request reservations during reception hours.)<\/p>\n<hr \/>\n<p><strong>OFFICE<\/strong> &#8211; camps, tennis schools, tennis memberships.<\/p>\n<p>22\u00a0840 63 71<br \/>\n<a href=\"mailto: biuro@dev.deski.org\">biuro@dev.deski.org <\/a><\/p>\n<p><strong>The club office<\/strong> is open from Monday to Friday, 10:00 AM to 6:00 PM, and Saturday, 9:00 AM to 2:00 PM.<\/p>\n<hr \/>\n<p><strong>BAZA DESKI P\u00d3\u0141WYSEP HELSKI, SOLAR<\/strong><\/p>\n<p>+48 693 334 060<br \/>\n<a href=\"mailto: baza@dev.deski.org\">baza@dev.deski.org<\/a><\/p>\n<p>Kemping Solar, Cha\u0142upy 4<br \/>\nul. Kaperska 4 84-120<br \/>\n<strong>DIRECTIONS:<\/strong> The fourth campsite on the right when heading from W\u0142adys\u0142awowo towards Hel.[\/vc_column_text][\/vc_column][vc_column width=&#8221;1\/2&#8243;][vc_column_text]<strong>Warszawskie Towarzystwo Sportowe DeSki<\/strong><\/p>\n<p><strong>8 Zaruskiego Street<\/strong><br \/>\n<strong>00-468 Warszawa<\/strong><br \/>\nNIP: 526-16-41-025<\/p>\n<p><strong>BANK ACCOUNT<\/strong><br \/>\nBNP Paribas Bank Polska S.A.<br \/>\n03 1750 0009 0000 0000 0094 6567[\/vc_column_text][vc_raw_html]JTVCd3BiLXBjZi1idXR0b24lMjBzaWQlM0QlMjIxNjkzMiUyMiU1RA==[\/vc_raw_html][\/vc_column][\/vc_row][vc_row][vc_column width=&#8221;1\/1&#8243;]<div class=\"spacer\" style=\"height: 40px;\"><\/div>[\/vc_column][\/vc_row]<\/p>\n<\/div>","protected":false},"excerpt":{"rendered":"<p>[vc_row type=&#8221;full_width_section&#8221;][vc_column width=&#8221;1\/1&#8243;][vc_column_text][\/vc_column_text][\/vc_column][\/vc_row][vc_row][vc_column][\/vc_column][vc_column width=&#8221;1\/2&#8243;][vc_column_text]RECEPTION &#8211; tennis and squash court reservations, individual tennis lessons 22 841 49 34, 601 32 78 34 Email: recepcja@dev.deski.org OPENING HOURS: Monday &#8211; Sunday, 7:00 AM &#8211; 11:00 PM Squash courts are open 24 hours. Tennis courts are open 24 hours. (Squash and tennis courts are available 24\/7, but we kindly request reservations during reception hours.) OFFICE &#8211; camps, tennis schools, tennis memberships. 22\u00a0840 63 71 biuro@dev.deski.org The club office is open from Monday to Friday, 10:00 AM to 6:00 PM, and Saturday, 9:00 AM to 2:00 PM. BAZA DESKI P\u00d3\u0141WYSEP HELSKI, SOLAR +48 693 334 060 baza@dev.deski.org Kemping Solar, Cha\u0142upy 4 ul. Kaperska 4 84-120 DIRECTIONS: The fourth campsite on the right when heading from W\u0142adys\u0142awowo towards Hel.[\/vc_column_text][\/vc_column][vc_column width=&#8221;1\/2&#8243;][vc_column_text]Warszawskie Towarzystwo Sportowe DeSki 8 Zaruskiego Street 00-468 Warszawa NIP: 526-16-41-025 BANK ACCOUNT BNP Paribas Bank Polska S.A. 03 1750 0009 0000 0000 0094 6567[\/vc_column_text][vc_raw_html]JTVCd3BiLXBjZi1idXR0b24lMjBzaWQlM0QlMjIxNjkzMiUyMiU1RA==[\/vc_raw_html][\/vc_column][\/vc_row][vc_row][vc_column width=&#8221;1\/1&#8243;][\/vc_column][\/vc_row]<\/p>\n","protected":false},"author":1,"featured_media":0,"parent":0,"menu_order":0,"comment_status":"closed","ping_status":"closed","template":"","meta":{"_acf_changed":false,"_mo_disable_npp":"","_vp_format_video_url":"","_vp_image_focal_point":[],"footnotes":""},"class_list":["post-18083","page","type-page","status-publish","hentry"],"acf":[],"aioseo_notices":[],"_links":{"self":[{"href":"http:\/\/dev.deski.org\/en\/wp-json\/wp\/v2\/pages\/18083","targetHints":{"allow":["GET"]}}],"collection":[{"href":"http:\/\/dev.deski.org\/en\/wp-json\/wp\/v2\/pages"}],"about":[{"href":"http:\/\/dev.deski.org\/en\/wp-json\/wp\/v2\/types\/page"}],"author":[{"embeddable":true,"href":"http:\/\/dev.deski.org\/en\/wp-json\/wp\/v2\/users\/1"}],"replies":[{"embeddable":true,"href":"http:\/\/dev.deski.org\/en\/wp-json\/wp\/v2\/comments?post=18083"}],"version-history":[{"count":17,"href":"http:\/\/dev.deski.org\/en\/wp-json\/wp\/v2\/pages\/18083\/revisions"}],"predecessor-version":[{"id":19892,"href":"http:\/\/dev.deski.org\/en\/wp-json\/wp\/v2\/pages\/18083\/revisions\/19892"}],"wp:attachment":[{"href":"http:\/\/dev.deski.org\/en\/wp-json\/wp\/v2\/media?parent=18083"}],"curies":[{"name":"wp","href":"https:\/\/api.w.org\/{rel}","templated":true}]}}