{"id":19176,"date":"2023-08-01T08:44:32","date_gmt":"2023-08-01T08:44:32","guid":{"rendered":"http:\/\/dev.deski.org\/pros-gym\/"},"modified":"2023-08-01T08:44:33","modified_gmt":"2023-08-01T08:44:33","slug":"pros-gym","status":"publish","type":"page","link":"http:\/\/dev.deski.org\/en\/pros-gym\/","title":{"rendered":"Pros Gym"},"content":{"rendered":"<div class=\"wpb-content-wrapper\"><p>[vc_row][vc_column width=&#8221;1\/1&#8243;]<h3 class=\"headline font-inherit fontsize-xl fontweight-900 lh-inherit align-center transform-uppercase \" style=\"margin: 0 0 20px 0; color: #259b9a;\">CYKLICZNE ZAJ\u0118CIA GRUPOWE W BAZIE DESKI<\/h3>[vc_column_text]<\/p>\n<p style=\"text-align: center;\">W tym roku stworzyli\u015bmy ofert\u0119 dla tych, kt\u00f3rzy na wakacje przyjechali z rodzicami, ale chcieliby sp\u0119dzi\u0107 ten czas aktywnie, pozna\u0107 nowe sporty i sp\u0119dzi\u0107 niezapomniany czas ze swoimi r\u00f3wie\u015bnikami. Naszym celem jest zara\u017cenie podopiecznych mi\u0142o\u015bci\u0105 do sportu, tak aby sta\u0142 si\u0119 on pasj\u0105 na ca\u0142e \u017cycie!<\/p>\n<p>[\/vc_column_text]<div class=\"divider divider1\" style='margin:60px 0 60px 0 !important;'><\/div>[\/vc_column][\/vc_row][vc_row][vc_column width=&#8221;1\/3&#8243;]<div class=\"imagebox wpb_content_element style-1\"><div class=\"imagebox-img\"><a href='http:\/\/dev.deski.org\/fizjoterapia'><img decoding=\"async\" src=\"http:\/\/dev.deski.org\/wp-content\/uploads\/2017\/10\/fizjoterapia-Deski-N.png\" alt=\"fizjoterapia Deski\" \/><\/a><\/div><strong>Fizjoterapia<\/strong><\/p>\n<p>Dla dzieci w wieku od 4 do 6 lat. Odbywaj\u0105 si\u0119 co tydzie\u0144, od poniedzia\u0142ku do pi\u0105tku przez ca\u0142e wakacje.<\/p>\n<p><strong><a href=\"http:\/\/dev.deski.org\/windkite\/przedszkola-windsurfingowo-tenisowe\/\">More<\/a><\/strong><\/div>[\/vc_column][vc_column width=&#8221;1\/3&#8243;]<div class=\"imagebox wpb_content_element style-1\"><div class=\"imagebox-img\"><a href='http:\/\/dev.deski.org\/trening-indywidualny'><img decoding=\"async\" src=\"http:\/\/dev.deski.org\/wp-content\/uploads\/2021\/03\/przedszkole-windsurfingowe.jpg\" alt=\"przedszkole windsurfingowe\" \/><\/a><\/div><strong>Trening Indywidualny<\/strong><\/p>\n<p>Dla dzieci w wieku od 6 do 7 lat. Zaj\u0119cia odbywaj\u0105 si\u0119 co tydzie\u0144, od poniedzia\u0142ku do pi\u0105tku przez ca\u0142e wakacje.<\/p>\n<p><strong><a href=\"http:\/\/dev.deski.org\/en\/windkite\/junior-windsurfing-school\/\" target=\"_blank\" rel=\"noopener\">More<\/a><\/strong><\/div>[\/vc_column][vc_column width=&#8221;1\/3&#8243;]<div class=\"imagebox wpb_content_element style-1\"><div class=\"imagebox-img\"><a href='http:\/\/dev.deski.org\/'><img decoding=\"async\" src=\"http:\/\/dev.deski.org\/wp-content\/uploads\/2021\/03\/wind-kite.jpg\" alt=\"p\u00f3\u0142kolonie windsurfingowo kitesurfingowe\" \/><\/a><\/div><strong>Przygotowanie Motoryczne<\/strong><\/p>\n<p>Zapraszamy dzieci od 8 do 18 roku \u017cycia! Wybierz sw\u00f3j ulubiony sport i do\u0142\u0105cz do grupy obozowej!<\/p>\n<p><strong><a href=\"http:\/\/dev.deski.org\/en\/windkite\/half-day-windsurfing-kitesurfing-camps\/\">More<\/a><\/strong><\/div>[\/vc_column][\/vc_row]<\/p>\n<\/div>","protected":false},"excerpt":{"rendered":"<p>[vc_row][vc_column width=&#8221;1\/1&#8243;][vc_column_text] W tym roku stworzyli\u015bmy ofert\u0119 dla tych, kt\u00f3rzy na wakacje przyjechali z rodzicami, ale chcieliby sp\u0119dzi\u0107 ten czas aktywnie, pozna\u0107 nowe sporty i sp\u0119dzi\u0107 niezapomniany czas ze swoimi r\u00f3wie\u015bnikami. Naszym celem jest zara\u017cenie podopiecznych mi\u0142o\u015bci\u0105 do sportu, tak aby sta\u0142 si\u0119 on pasj\u0105 na ca\u0142e \u017cycie! [\/vc_column_text][\/vc_column][\/vc_row][vc_row][vc_column width=&#8221;1\/3&#8243;][\/vc_column][vc_column width=&#8221;1\/3&#8243;][\/vc_column][vc_column width=&#8221;1\/3&#8243;][\/vc_column][\/vc_row]<\/p>\n","protected":false},"author":6,"featured_media":0,"parent":0,"menu_order":0,"comment_status":"closed","ping_status":"closed","template":"","meta":{"_acf_changed":false,"_mo_disable_npp":"","_vp_format_video_url":"","_vp_image_focal_point":[],"footnotes":""},"class_list":["post-19176","page","type-page","status-publish","hentry"],"acf":[],"aioseo_notices":[],"_links":{"self":[{"href":"http:\/\/dev.deski.org\/en\/wp-json\/wp\/v2\/pages\/19176","targetHints":{"allow":["GET"]}}],"collection":[{"href":"http:\/\/dev.deski.org\/en\/wp-json\/wp\/v2\/pages"}],"about":[{"href":"http:\/\/dev.deski.org\/en\/wp-json\/wp\/v2\/types\/page"}],"author":[{"embeddable":true,"href":"http:\/\/dev.deski.org\/en\/wp-json\/wp\/v2\/users\/6"}],"replies":[{"embeddable":true,"href":"http:\/\/dev.deski.org\/en\/wp-json\/wp\/v2\/comments?post=19176"}],"version-history":[{"count":5,"href":"http:\/\/dev.deski.org\/en\/wp-json\/wp\/v2\/pages\/19176\/revisions"}],"predecessor-version":[{"id":19181,"href":"http:\/\/dev.deski.org\/en\/wp-json\/wp\/v2\/pages\/19176\/revisions\/19181"}],"wp:attachment":[{"href":"http:\/\/dev.deski.org\/en\/wp-json\/wp\/v2\/media?parent=19176"}],"curies":[{"name":"wp","href":"https:\/\/api.w.org\/{rel}","templated":true}]}}