{"id":23445,"date":"2025-03-26T12:15:47","date_gmt":"2025-03-26T12:15:47","guid":{"rendered":"http:\/\/dev.deski.org\/iwca-psw-windsurfing-instructor-courses\/"},"modified":"2025-03-26T12:15:47","modified_gmt":"2025-03-26T12:15:47","slug":"iwca-psw-windsurfing-instructor-courses","status":"publish","type":"page","link":"http:\/\/dev.deski.org\/en\/iwca-psw-windsurfing-instructor-courses\/","title":{"rendered":"IWCA\/PSW Windsurfing Instructor Courses"},"content":{"rendered":"<div class=\"wpb-content-wrapper\"><p>[vc_row][vc_column width=&#8221;1\/6&#8243;][\/vc_column][vc_column width=&#8221;2\/3&#8243;][vc_column_text]<div id=\"metaslider-id-8498\" style=\"width: 100%;\" class=\"ml-slider-3-106-0 metaslider metaslider-flex metaslider-8498 ml-slider has-dots-nav ms-theme-blend\" role=\"region\" aria-label=\"Obozy windsurfingowe\" data-height=\"490\" data-width=\"700\">\n    <div id=\"metaslider_container_8498\">\n        <div id=\"metaslider_8498\">\n            <ul class='slides'>\n                <li style=\"display: block; width: 100%;\" class=\"slide-18975 ms-image \" aria-roledescription=\"slide\" data-date=\"2023-07-30 20:40:20\" data-filename=\"obozy-windsurfingowe.jpg\" data-slide-type=\"image\"><img loading=\"lazy\" decoding=\"async\" src=\"http:\/\/dev.deski.org\/wp-content\/uploads\/2023\/07\/obozy-windsurfingowe.jpg\" height=\"490\" width=\"700\" alt=\"obozy windsurfingowe\" class=\"slider-8498 slide-18975 msDefaultImage\" \/><\/li>\n                <li style=\"display: none; width: 100%;\" class=\"slide-18980 ms-image \" aria-roledescription=\"slide\" data-date=\"2023-07-30 20:44:52\" data-filename=\"obozy-wind-kite3.jpg\" data-slide-type=\"image\"><img loading=\"lazy\" decoding=\"async\" src=\"http:\/\/dev.deski.org\/wp-content\/uploads\/2023\/07\/obozy-wind-kite3.jpg\" height=\"490\" width=\"700\" alt=\"\" class=\"slider-8498 slide-18980 msDefaultImage\" \/><\/li>\n                <li style=\"display: none; width: 100%;\" class=\"slide-18981 ms-image \" aria-roledescription=\"slide\" data-date=\"2023-07-30 20:46:06\" data-filename=\"wind-kite-surf-min.jpg\" data-slide-type=\"image\"><img loading=\"lazy\" decoding=\"async\" src=\"http:\/\/dev.deski.org\/wp-content\/uploads\/2023\/07\/wind-kite-surf-min.jpg\" height=\"490\" width=\"700\" alt=\"\" class=\"slider-8498 slide-18981 msDefaultImage\" \/><\/li>\n                <li style=\"display: none; width: 100%;\" class=\"slide-18986 ms-image \" aria-roledescription=\"slide\" data-date=\"2023-07-30 20:57:36\" data-filename=\"baza-wts-deski.jpg\" data-slide-type=\"image\"><img loading=\"lazy\" decoding=\"async\" src=\"http:\/\/dev.deski.org\/wp-content\/uploads\/2023\/07\/baza-wts-deski.jpg\" height=\"490\" width=\"700\" alt=\"baza wts deski\" class=\"slider-8498 slide-18986 msDefaultImage\" \/><\/li>\n            <\/ul>\n        <\/div>\n        \n    <\/div>\n<\/div>[\/vc_column_text][\/vc_column][vc_column width=&#8221;1\/6&#8243;][\/vc_column][\/vc_row][vc_row][vc_column width=&#8221;1\/1&#8243;]<div class=\"spacer\" style=\"height: 40px;\"><\/div><h2 class=\"headline font-inherit fontsize-xl fontweight-900 lh-inherit align-center transform-inherit \" style=\"margin: 0 0 20px 0; color: #259b9a;\">Kursy na instruktora windsurfingu IWCA\/PSW<\/h2>[vc_column_text]Become a windsurfing instructor!<\/p>\n<p>For the 2025 season, we are organizing a PSW<span class=\"xv78j7m\" spellcheck=\"false\">(Polish Wind<\/span>surfing Association) instructor course and an IWCA (Windsurfing Coaches Association) international qualification on two dates. The training will take place under the watchful eye of <span class=\"xv78j7m\" spellcheck=\"false\">Kuba Kaczmarek<\/span>. You are welcome!  <\/p>\n<div>\n<p><strong>Kemping Solar, Cha\u0142upy 4<\/strong><br \/>\n<strong>ul. Droga Helska 4, 84 -120 W\u0142adys\u0142awowo<\/strong><br \/>\nDojazd: czwarty camping po prawej stronie od W\u0142adys\u0142awowa w kierunku Helu.<\/p>\n<p>School Manager: <strong><a href=\"tel:\/\/+48693334060\">+48 693 334 060<\/a><\/strong><\/p>\n<\/div>\n<p>[\/vc_column_text]<div class=\"spacer\" style=\"height: 20px;\"><\/div>[\/vc_column][\/vc_row]<\/p>\n<\/div>","protected":false},"excerpt":{"rendered":"<p>[vc_row][vc_column width=&#8221;1\/6&#8243;][\/vc_column][vc_column width=&#8221;2\/3&#8243;][vc_column_text][\/vc_column_text][\/vc_column][vc_column width=&#8221;1\/6&#8243;][\/vc_column][\/vc_row][vc_row][vc_column width=&#8221;1\/1&#8243;][vc_column_text]Become a windsurfing instructor! For the 2025 season, we are organizing a PSW(Polish Windsurfing Association) instructor course and an IWCA (Windsurfing Coaches Association) international qualification on two dates. The training will take place under the watchful eye of Kuba Kaczmarek. You are welcome! Kemping Solar, Cha\u0142upy 4 ul. Droga Helska 4, 84 -120 W\u0142adys\u0142awowo Dojazd: czwarty camping po prawej stronie od W\u0142adys\u0142awowa w kierunku Helu. School Manager: +48 693 334 060 [\/vc_column_text][\/vc_column][\/vc_row]<\/p>\n","protected":false},"author":6,"featured_media":0,"parent":0,"menu_order":0,"comment_status":"closed","ping_status":"closed","template":"page-wyjazdy.php","meta":{"_acf_changed":false,"_mo_disable_npp":"","_vp_format_video_url":"","_vp_image_focal_point":[],"footnotes":""},"class_list":["post-23445","page","type-page","status-publish","hentry"],"acf":[],"aioseo_notices":[],"_links":{"self":[{"href":"http:\/\/dev.deski.org\/en\/wp-json\/wp\/v2\/pages\/23445","targetHints":{"allow":["GET"]}}],"collection":[{"href":"http:\/\/dev.deski.org\/en\/wp-json\/wp\/v2\/pages"}],"about":[{"href":"http:\/\/dev.deski.org\/en\/wp-json\/wp\/v2\/types\/page"}],"author":[{"embeddable":true,"href":"http:\/\/dev.deski.org\/en\/wp-json\/wp\/v2\/users\/6"}],"replies":[{"embeddable":true,"href":"http:\/\/dev.deski.org\/en\/wp-json\/wp\/v2\/comments?post=23445"}],"version-history":[{"count":3,"href":"http:\/\/dev.deski.org\/en\/wp-json\/wp\/v2\/pages\/23445\/revisions"}],"predecessor-version":[{"id":23448,"href":"http:\/\/dev.deski.org\/en\/wp-json\/wp\/v2\/pages\/23445\/revisions\/23448"}],"wp:attachment":[{"href":"http:\/\/dev.deski.org\/en\/wp-json\/wp\/v2\/media?parent=23445"}],"curies":[{"name":"wp","href":"https:\/\/api.w.org\/{rel}","templated":true}]}}