{"id":23805,"date":"2025-04-18T05:16:50","date_gmt":"2025-04-18T05:16:50","guid":{"rendered":"http:\/\/dev.deski.org\/?page_id=23805"},"modified":"2025-04-24T10:18:26","modified_gmt":"2025-04-24T10:18:26","slug":"rowery","status":"publish","type":"page","link":"http:\/\/dev.deski.org\/en\/rowery\/","title":{"rendered":"Rowery"},"content":{"rendered":"<div class=\"wpb-content-wrapper\"><p>[vc_row][vc_column width=&#8221;1\/1&#8243;]<h3 class=\"headline font-inherit fontsize-xl fontweight-900 lh-inherit align-center transform-uppercase \" style=\"margin: 0 0 20px 0; color: #259b9a;\">Treningi Rowerowe dla Ka\u017cdego<\/h3>[vc_column_text]<\/p>\n<p style=\"text-align: center;\">W naszym klubie pr\u0119\u017cnie rozwija si\u0119 nowa sekcja rowerowa, kt\u00f3ra zrzesza mi\u0142o\u015bnik\u00f3w dw\u00f3ch k\u00f3\u0142ek o r\u00f3\u017cnych preferencjach. Oferujemy treningi i wyjazdy zar\u00f3wno dla entuzjast\u00f3w enduro, kt\u00f3rzy uwielbiaj\u0105 pokonywa\u0107 trudne trasy w terenie, jak i dla pasjonat\u00f3w rower\u00f3w szosowych, kt\u00f3rzy ceni\u0105 sobie szybko\u015b\u0107 i dynamik\u0119 jazdy. Organizujemy wsp\u00f3lne wycieczki i szkolenia, dostosowane do poziomu zaawansowania ka\u017cdej z grup. Niezale\u017cnie od tego, czy preferujesz adrenalin\u0119 na g\u00f3rskich \u015bcie\u017ckach, czy szybko\u015b\u0107 na asfaltowych szosach, w naszej sekcji znajdziesz idealne miejsce dla siebie.<\/p>\n<p style=\"text-align: center;\">Do\u0142\u0105cz do nas i rozwijaj swoj\u0105 pasj\u0119 w gronie podobnych entuzjast\u00f3w!<\/p>\n<p>[\/vc_column_text][\/vc_column][\/vc_row][vc_row][vc_column width=&#8221;1\/1&#8243;]<div class=\"divider divider1\" style='margin:60px 0 60px 0 !important;'><\/div>[vc_row_inner][vc_column_inner width=&#8221;1\/2&#8243;]<div class=\"imagebox wpb_content_element style-1\"><div class=\"imagebox-img\"><a href='http:\/\/dev.deski.org\/rowery\/sekcja-rowerowa-szosa\/'><img decoding=\"async\" src=\"http:\/\/dev.deski.org\/wp-content\/uploads\/2025\/04\/rower-szosowy.jpg\" alt=\"rower szosowy\" \/><\/a><\/div><strong>Sekcja Szosowa<\/strong><\/p>\n<p>Do\u0142\u0105cz do pasjonat\u00f3w rower\u00f3w szosowych, kt\u00f3rzy ceni\u0105 sobie szybko\u015b\u0107 i dynamik\u0119 jazdy. Organizujemy wsp\u00f3lne wycieczki i szkolenia, dostosowane do poziomu zaawansowania ka\u017cdej z grup.<\/p>\n<p><strong><a href=\"http:\/\/dev.deski.org\/rowery\/sekcja-rowerowa-szosa\/\">Wi\u0119cej<\/a><\/strong><\/div>[\/vc_column_inner][vc_column_inner width=&#8221;1\/2&#8243;]<div class=\"imagebox wpb_content_element style-1\"><div class=\"imagebox-img\"><a href='http:\/\/dev.deski.org\/rowery\/enduro\/'><img decoding=\"async\" src=\"http:\/\/dev.deski.org\/wp-content\/uploads\/2025\/04\/enduro-deski.jpg\" alt=\"enduro deski\" \/><\/a><\/div><strong>Sekcja Enduro<\/strong><\/p>\n<p>Sekcja Enduro \u2013 dla ka\u017cdego, kto lubi przygod\u0119! Do\u0142\u0105cz i przekonaj si\u0119, \u017ce enduro to nie ekstremum \u2013 to po prostu fajna forma aktywnego sp\u0119dzania czasu w g\u00f3rach!<\/p>\n<p><strong><a href=\"http:\/\/dev.deski.org\/rowery\/enduro\/\">Wi\u0119cej<\/a><\/strong><\/div>[\/vc_column_inner][\/vc_row_inner][\/vc_column][\/vc_row]<\/p>\n<\/div>","protected":false},"excerpt":{"rendered":"<p>[vc_row][vc_column width=&#8221;1\/1&#8243;][vc_column_text] W naszym klubie pr\u0119\u017cnie rozwija si\u0119 nowa sekcja rowerowa, kt\u00f3ra zrzesza mi\u0142o\u015bnik\u00f3w dw\u00f3ch k\u00f3\u0142ek o r\u00f3\u017cnych preferencjach. Oferujemy treningi i wyjazdy zar\u00f3wno dla entuzjast\u00f3w enduro, kt\u00f3rzy uwielbiaj\u0105 pokonywa\u0107 trudne trasy w terenie, jak i dla pasjonat\u00f3w rower\u00f3w szosowych, kt\u00f3rzy ceni\u0105 sobie szybko\u015b\u0107 i dynamik\u0119 jazdy. Organizujemy wsp\u00f3lne wycieczki i szkolenia, dostosowane do poziomu zaawansowania ka\u017cdej z grup. Niezale\u017cnie od tego, czy preferujesz adrenalin\u0119 na g\u00f3rskich \u015bcie\u017ckach, czy szybko\u015b\u0107 na asfaltowych szosach, w naszej sekcji znajdziesz idealne miejsce dla siebie. Do\u0142\u0105cz do nas i rozwijaj swoj\u0105 pasj\u0119 w gronie podobnych entuzjast\u00f3w! [\/vc_column_text][\/vc_column][\/vc_row][vc_row][vc_column width=&#8221;1\/1&#8243;][vc_row_inner][vc_column_inner width=&#8221;1\/2&#8243;][\/vc_column_inner][vc_column_inner width=&#8221;1\/2&#8243;][\/vc_column_inner][\/vc_row_inner][\/vc_column][\/vc_row]<\/p>\n","protected":false},"author":6,"featured_media":0,"parent":0,"menu_order":0,"comment_status":"closed","ping_status":"closed","template":"","meta":{"_acf_changed":false,"_mo_disable_npp":"","_vp_format_video_url":"","_vp_image_focal_point":[],"footnotes":""},"class_list":["post-23805","page","type-page","status-publish","hentry"],"acf":[],"aioseo_notices":[],"_links":{"self":[{"href":"http:\/\/dev.deski.org\/en\/wp-json\/wp\/v2\/pages\/23805","targetHints":{"allow":["GET"]}}],"collection":[{"href":"http:\/\/dev.deski.org\/en\/wp-json\/wp\/v2\/pages"}],"about":[{"href":"http:\/\/dev.deski.org\/en\/wp-json\/wp\/v2\/types\/page"}],"author":[{"embeddable":true,"href":"http:\/\/dev.deski.org\/en\/wp-json\/wp\/v2\/users\/6"}],"replies":[{"embeddable":true,"href":"http:\/\/dev.deski.org\/en\/wp-json\/wp\/v2\/comments?post=23805"}],"version-history":[{"count":14,"href":"http:\/\/dev.deski.org\/en\/wp-json\/wp\/v2\/pages\/23805\/revisions"}],"predecessor-version":[{"id":23903,"href":"http:\/\/dev.deski.org\/en\/wp-json\/wp\/v2\/pages\/23805\/revisions\/23903"}],"wp:attachment":[{"href":"http:\/\/dev.deski.org\/en\/wp-json\/wp\/v2\/media?parent=23805"}],"curies":[{"name":"wp","href":"https:\/\/api.w.org\/{rel}","templated":true}]}}