{"id":23817,"date":"2025-04-18T06:38:12","date_gmt":"2025-04-18T06:38:12","guid":{"rendered":"http:\/\/dev.deski.org\/?page_id=23817"},"modified":"2025-04-30T06:27:03","modified_gmt":"2025-04-30T06:27:03","slug":"enduro","status":"publish","type":"page","link":"http:\/\/dev.deski.org\/en\/rowery\/enduro\/","title":{"rendered":"Sekcja Rowerowa Enduro"},"content":{"rendered":"<div class=\"wpb-content-wrapper\"><p>[vc_row][vc_column width=&#8221;1\/6&#8243;][\/vc_column][vc_column width=&#8221;2\/3&#8243;][vc_column_text]<div id=\"metaslider-id-23824\" style=\"width: 100%;\" class=\"ml-slider-3-106-0 metaslider metaslider-flex metaslider-23824 ml-slider has-dots-nav ms-theme-blend\" role=\"region\" aria-label=\"Obozy windsurfingowe\" data-height=\"490\" data-width=\"700\">\n    <div id=\"metaslider_container_23824\">\n        <div id=\"metaslider_23824\">\n            <ul class='slides'>\n                <li style=\"display: block; width: 100%;\" class=\"slide-23851 ms-image \" aria-roledescription=\"slide\" data-date=\"2025-04-18 07:20:43\" data-filename=\"transfer_bike_web-46.jpg\" data-slide-type=\"image\"><img loading=\"lazy\" decoding=\"async\" src=\"http:\/\/dev.deski.org\/wp-content\/uploads\/2025\/04\/transfer_bike_web-46.jpg\" height=\"490\" width=\"700\" alt=\"\" class=\"slider-23824 slide-23851 msDefaultImage\" title=\"transfer_bike_web-46\" \/><\/li>\n                <li style=\"display: none; width: 100%;\" class=\"slide-23856 ms-image \" aria-roledescription=\"slide\" data-date=\"2025-04-18 07:24:32\" data-filename=\"IMG_9728.jpg\" data-slide-type=\"image\"><img loading=\"lazy\" decoding=\"async\" src=\"http:\/\/dev.deski.org\/wp-content\/uploads\/2025\/04\/IMG_9728.jpg\" height=\"490\" width=\"700\" alt=\"\" class=\"slider-23824 slide-23856 msDefaultImage\" title=\"IMG_9728\" \/><\/li>\n                <li style=\"display: none; width: 100%;\" class=\"slide-23857 ms-image \" aria-roledescription=\"slide\" data-date=\"2025-04-18 07:24:32\" data-filename=\"enduro-deski-1.jpg\" data-slide-type=\"image\"><img loading=\"lazy\" decoding=\"async\" src=\"http:\/\/dev.deski.org\/wp-content\/uploads\/2025\/04\/enduro-deski-1.jpg\" height=\"490\" width=\"700\" alt=\"\" class=\"slider-23824 slide-23857 msDefaultImage\" title=\"enduro deski\" \/><\/li>\n                <li style=\"display: none; width: 100%;\" class=\"slide-23860 ms-image \" aria-roledescription=\"slide\" data-date=\"2025-04-18 07:26:42\" data-filename=\"IMG_0135.jpg\" data-slide-type=\"image\"><img loading=\"lazy\" decoding=\"async\" src=\"http:\/\/dev.deski.org\/wp-content\/uploads\/2025\/04\/IMG_0135.jpg\" height=\"490\" width=\"700\" alt=\"\" class=\"slider-23824 slide-23860 msDefaultImage\" title=\"IMG_0135\" \/><\/li>\n            <\/ul>\n        <\/div>\n        \n    <\/div>\n<\/div>[\/vc_column_text][\/vc_column][vc_column width=&#8221;1\/6&#8243;][\/vc_column][\/vc_row][vc_row][vc_column width=&#8221;1\/1&#8243;]<h2 class=\"headline font-inherit fontsize-xl fontweight-900 lh-inherit align-center transform-inherit \" style=\"margin: 0 0 20px 0; color: #259b9a;\">Sekcja Enduro \u2013 dla ka\u017cdego, kto lubi przygod\u0119!<\/h2>[vc_column_text]Nasza sekcja enduro dzia\u0142a na co dzie\u0144 w pi\u0119knych Beskidach, z baz\u0105 w Bielsku-Bia\u0142ej \u2013 to jedno z najlepszych miejsc do jazdy na rowerze g\u00f3rskim w Polsce! Ale nie zatrzymujemy si\u0119 tylko tutaj \u2013 organizujemy te\u017c wyjazdy zagraniczne.<\/p>\n<p>Brzmi ekstremalnie? Spokojnie! Enduro to nie wy\u015bcigi ani skoki przez przepa\u015bcie. To rekreacyjna jazda po g\u00f3rskich \u015bcie\u017ckach, dostosowana do Twoich umiej\u0119tno\u015bci i kondycji. Mamy r\u00f3\u017cne poziomy grup, a wszystko odbywa si\u0119 w bezpiecznych warunkach, z do\u015bwiadczonymi instruktorami i odpowiednim sprz\u0119tem.<\/p>\n<p>Nie musisz by\u0107 m\u0142ody ani super wysportowany \u2013 je\u017cd\u017c\u0105 z nami osoby w ka\u017cdym wieku, tak\u017ce takie, kt\u00f3re zaczynaj\u0105 swoj\u0105 przygod\u0119 z rowerem od zera. Dbamy o mi\u0142\u0105 atmosfer\u0119, progres i Twoje bezpiecze\u0144stwo. A satysfakcja z pokonanej trasy i wsp\u00f3lnych wyjazd\u00f3w? Gwarantowana &#x1f60a;<\/p>\n<p>Do\u0142\u0105cz i przekonaj si\u0119, \u017ce enduro to nie ekstremum \u2013 to po prostu fajna forma aktywnego sp\u0119dzania czasu w g\u00f3rach![\/vc_column_text][\/vc_column][\/vc_row][vc_row][vc_column]<div class=\"spacer\" style=\"height: 40px;\"><\/div>[vc_raw_html]JTVCd3lqYXpkeV9zaG9ydGNvZGUlMjBpZCUzRDE1NSU1RA==[\/vc_raw_html][vc_column_text]Niniejsze obozy sportowe nie s\u0105 imprez\u0105 turystyczn\u0105 rozumieniu ustawy o imprezach turystycznych i powi\u0105zanych us\u0142ugach turystycznych z dnia 24 listopada 2017 r., poniewa\u017c Klub sportowy Deski nie \u015bwiadczy us\u0142ug turystycznych.[\/vc_column_text][\/vc_column][\/vc_row]<\/p>\n<\/div>","protected":false},"excerpt":{"rendered":"<p>[vc_row][vc_column width=&#8221;1\/6&#8243;][\/vc_column][vc_column width=&#8221;2\/3&#8243;][vc_column_text][\/vc_column_text][\/vc_column][vc_column width=&#8221;1\/6&#8243;][\/vc_column][\/vc_row][vc_row][vc_column width=&#8221;1\/1&#8243;][vc_column_text]Nasza sekcja enduro dzia\u0142a na co dzie\u0144 w pi\u0119knych Beskidach, z baz\u0105 w Bielsku-Bia\u0142ej \u2013 to jedno z najlepszych miejsc do jazdy na rowerze g\u00f3rskim w Polsce! Ale nie zatrzymujemy si\u0119 tylko tutaj \u2013 organizujemy te\u017c wyjazdy zagraniczne. Brzmi ekstremalnie? Spokojnie! Enduro to nie wy\u015bcigi ani skoki przez przepa\u015bcie. To rekreacyjna jazda po g\u00f3rskich \u015bcie\u017ckach, dostosowana do Twoich umiej\u0119tno\u015bci i kondycji. Mamy r\u00f3\u017cne poziomy grup, a wszystko odbywa si\u0119 w bezpiecznych warunkach, z do\u015bwiadczonymi instruktorami i odpowiednim sprz\u0119tem. Nie musisz by\u0107 m\u0142ody ani super wysportowany \u2013 je\u017cd\u017c\u0105 z nami osoby w ka\u017cdym wieku, tak\u017ce takie, kt\u00f3re zaczynaj\u0105 swoj\u0105 przygod\u0119 z rowerem od zera. Dbamy o mi\u0142\u0105 atmosfer\u0119, progres i Twoje bezpiecze\u0144stwo. A satysfakcja z pokonanej trasy i wsp\u00f3lnych wyjazd\u00f3w? Gwarantowana &#x1f60a; Do\u0142\u0105cz i przekonaj si\u0119, \u017ce enduro to nie ekstremum \u2013 to po prostu fajna forma aktywnego sp\u0119dzania czasu w g\u00f3rach![\/vc_column_text][\/vc_column][\/vc_row][vc_row][vc_column][vc_raw_html]JTVCd3lqYXpkeV9zaG9ydGNvZGUlMjBpZCUzRDE1NSU1RA==[\/vc_raw_html][vc_column_text]Niniejsze obozy sportowe nie s\u0105 imprez\u0105 turystyczn\u0105 rozumieniu ustawy o imprezach turystycznych i powi\u0105zanych us\u0142ugach turystycznych z dnia 24 listopada 2017 r., poniewa\u017c Klub sportowy Deski nie \u015bwiadczy us\u0142ug turystycznych.[\/vc_column_text][\/vc_column][\/vc_row]<\/p>\n","protected":false},"author":6,"featured_media":0,"parent":23805,"menu_order":0,"comment_status":"closed","ping_status":"closed","template":"page-wyjazdy.php","meta":{"_acf_changed":false,"_mo_disable_npp":"","_vp_format_video_url":"","_vp_image_focal_point":[],"footnotes":""},"class_list":["post-23817","page","type-page","status-publish","hentry"],"acf":[],"aioseo_notices":[],"_links":{"self":[{"href":"http:\/\/dev.deski.org\/en\/wp-json\/wp\/v2\/pages\/23817","targetHints":{"allow":["GET"]}}],"collection":[{"href":"http:\/\/dev.deski.org\/en\/wp-json\/wp\/v2\/pages"}],"about":[{"href":"http:\/\/dev.deski.org\/en\/wp-json\/wp\/v2\/types\/page"}],"author":[{"embeddable":true,"href":"http:\/\/dev.deski.org\/en\/wp-json\/wp\/v2\/users\/6"}],"replies":[{"embeddable":true,"href":"http:\/\/dev.deski.org\/en\/wp-json\/wp\/v2\/comments?post=23817"}],"version-history":[{"count":9,"href":"http:\/\/dev.deski.org\/en\/wp-json\/wp\/v2\/pages\/23817\/revisions"}],"predecessor-version":[{"id":23927,"href":"http:\/\/dev.deski.org\/en\/wp-json\/wp\/v2\/pages\/23817\/revisions\/23927"}],"up":[{"embeddable":true,"href":"http:\/\/dev.deski.org\/en\/wp-json\/wp\/v2\/pages\/23805"}],"wp:attachment":[{"href":"http:\/\/dev.deski.org\/en\/wp-json\/wp\/v2\/media?parent=23817"}],"curies":[{"name":"wp","href":"https:\/\/api.w.org\/{rel}","templated":true}]}}