{"id":23865,"date":"2025-04-19T05:55:49","date_gmt":"2025-04-19T05:55:49","guid":{"rendered":"http:\/\/dev.deski.org\/?page_id=23865"},"modified":"2025-04-30T06:29:15","modified_gmt":"2025-04-30T06:29:15","slug":"sekcja-rowerowa-szosa","status":"publish","type":"page","link":"http:\/\/dev.deski.org\/en\/rowery\/sekcja-rowerowa-szosa\/","title":{"rendered":"Sekcja Rowerowa Szosa"},"content":{"rendered":"<div class=\"wpb-content-wrapper\"><p>[vc_row][vc_column width=&#8221;1\/6&#8243;][\/vc_column][vc_column width=&#8221;2\/3&#8243;][vc_single_image image=&#8221;23875&#8243; img_size=&#8221;full&#8221;][\/vc_column][vc_column width=&#8221;1\/6&#8243;][\/vc_column][\/vc_row][vc_row][vc_column width=&#8221;1\/1&#8243;]<h2 class=\"headline font-inherit fontsize-xl fontweight-900 lh-inherit align-center transform-inherit \" style=\"margin: 0 0 20px 0; color: #259b9a;\">Szosa \u2013 dla pasjonat\u00f3w kolarstwa na ka\u017cdym poziomie!<\/h2>[vc_column_text]Z rado\u015bci\u0105 informujemy o powstaniu nowej szosowej sekcji rowerowej, kt\u00f3ra otwiera swoje drzwi dla pasjonat\u00f3w kolarstwa na ka\u017cdym poziomie zaawansowania. Niezale\u017cnie od tego, czy dopiero zaczynasz swoj\u0105 przygod\u0119 z szos\u0105, czy masz ju\u017c za sob\u0105 wiele kilometr\u00f3w, znajdziesz u nas miejsce dla siebie.<\/p>\n<p>Regularnie organizujemy zr\u00f3\u017cnicowane treningi, dostosowane do r\u00f3\u017cnych grup umiej\u0119tno\u015bci, oraz wsp\u00f3lne przeja\u017cd\u017cki po malowniczych okolicach. W planach mamy r\u00f3wnie\u017c ekscytuj\u0105ce wyjazdy rowerowe, zar\u00f3wno te odkrywaj\u0105ce urokliwe zak\u0105tki naszego kraju, jak i te pozwalaj\u0105ce zmierzy\u0107 si\u0119 z legendarnymi trasami za granic\u0105.<\/p>\n<p>Do\u0142\u0105cz do naszej rowerowej spo\u0142eczno\u015bci i wsp\u00f3lnie rozwijajmy nasz\u0105 pasj\u0119![\/vc_column_text][\/vc_column][\/vc_row][vc_row][vc_column width=&#8221;1\/1&#8243;]<div class=\"spacer\" style=\"height: 20px;\"><\/div>[vc_column_text]Wi\u0119cej informacji wkr\u00f3tce![\/vc_column_text][\/vc_column][\/vc_row]<\/p>\n<\/div>","protected":false},"excerpt":{"rendered":"<p>[vc_row][vc_column width=&#8221;1\/6&#8243;][\/vc_column][vc_column width=&#8221;2\/3&#8243;][vc_single_image image=&#8221;23875&#8243; img_size=&#8221;full&#8221;][\/vc_column][vc_column width=&#8221;1\/6&#8243;][\/vc_column][\/vc_row][vc_row][vc_column width=&#8221;1\/1&#8243;][vc_column_text]Z rado\u015bci\u0105 informujemy o powstaniu nowej szosowej sekcji rowerowej, kt\u00f3ra otwiera swoje drzwi dla pasjonat\u00f3w kolarstwa na ka\u017cdym poziomie zaawansowania. Niezale\u017cnie od tego, czy dopiero zaczynasz swoj\u0105 przygod\u0119 z szos\u0105, czy masz ju\u017c za sob\u0105 wiele kilometr\u00f3w, znajdziesz u nas miejsce dla siebie. Regularnie organizujemy zr\u00f3\u017cnicowane treningi, dostosowane do r\u00f3\u017cnych grup umiej\u0119tno\u015bci, oraz wsp\u00f3lne przeja\u017cd\u017cki po malowniczych okolicach. W planach mamy r\u00f3wnie\u017c ekscytuj\u0105ce wyjazdy rowerowe, zar\u00f3wno te odkrywaj\u0105ce urokliwe zak\u0105tki naszego kraju, jak i te pozwalaj\u0105ce zmierzy\u0107 si\u0119 z legendarnymi trasami za granic\u0105. Do\u0142\u0105cz do naszej rowerowej spo\u0142eczno\u015bci i wsp\u00f3lnie rozwijajmy nasz\u0105 pasj\u0119![\/vc_column_text][\/vc_column][\/vc_row][vc_row][vc_column width=&#8221;1\/1&#8243;][vc_column_text]Wi\u0119cej informacji wkr\u00f3tce![\/vc_column_text][\/vc_column][\/vc_row]<\/p>\n","protected":false},"author":6,"featured_media":0,"parent":23805,"menu_order":0,"comment_status":"closed","ping_status":"closed","template":"page-wyjazdy.php","meta":{"_acf_changed":false,"_mo_disable_npp":"","_vp_format_video_url":"","_vp_image_focal_point":[],"footnotes":""},"class_list":["post-23865","page","type-page","status-publish","hentry"],"acf":[],"aioseo_notices":[],"_links":{"self":[{"href":"http:\/\/dev.deski.org\/en\/wp-json\/wp\/v2\/pages\/23865","targetHints":{"allow":["GET"]}}],"collection":[{"href":"http:\/\/dev.deski.org\/en\/wp-json\/wp\/v2\/pages"}],"about":[{"href":"http:\/\/dev.deski.org\/en\/wp-json\/wp\/v2\/types\/page"}],"author":[{"embeddable":true,"href":"http:\/\/dev.deski.org\/en\/wp-json\/wp\/v2\/users\/6"}],"replies":[{"embeddable":true,"href":"http:\/\/dev.deski.org\/en\/wp-json\/wp\/v2\/comments?post=23865"}],"version-history":[{"count":8,"href":"http:\/\/dev.deski.org\/en\/wp-json\/wp\/v2\/pages\/23865\/revisions"}],"predecessor-version":[{"id":23933,"href":"http:\/\/dev.deski.org\/en\/wp-json\/wp\/v2\/pages\/23865\/revisions\/23933"}],"up":[{"embeddable":true,"href":"http:\/\/dev.deski.org\/en\/wp-json\/wp\/v2\/pages\/23805"}],"wp:attachment":[{"href":"http:\/\/dev.deski.org\/en\/wp-json\/wp\/v2\/media?parent=23865"}],"curies":[{"name":"wp","href":"https:\/\/api.w.org\/{rel}","templated":true}]}}