{"id":24856,"date":"2025-09-24T10:19:48","date_gmt":"2025-09-24T10:19:48","guid":{"rendered":"http:\/\/dev.deski.org\/?page_id=24856"},"modified":"2025-09-24T10:19:48","modified_gmt":"2025-09-24T10:19:48","slug":"lukasz-olszewski","status":"publish","type":"page","link":"http:\/\/dev.deski.org\/en\/lukasz-olszewski\/","title":{"rendered":"\u0141ukasz Olszewski"},"content":{"rendered":"<div class=\"wpb-content-wrapper\"><p>[vc_row][vc_column width=&#8221;1\/2&#8243;]<div class=\"single_image wpb_content_element align-left    \" data-animation=\"none\" data-delay=\"0\"><img loading=\"lazy\" decoding=\"async\" width=\"700\" height=\"700\" src=\"http:\/\/dev.deski.org\/wp-content\/uploads\/2025\/09\/lukasz-olszewski.jpg\" class=\"attachment-full\" alt=\"\u0142ukasz olszewski\" title=\"\u0142ukasz olszewski\" srcset=\"http:\/\/dev.deski.org\/wp-content\/uploads\/2025\/09\/lukasz-olszewski.jpg 700w, http:\/\/dev.deski.org\/wp-content\/uploads\/2025\/09\/lukasz-olszewski-300x300.jpg 300w, http:\/\/dev.deski.org\/wp-content\/uploads\/2025\/09\/lukasz-olszewski-80x80.jpg 80w, http:\/\/dev.deski.org\/wp-content\/uploads\/2025\/09\/lukasz-olszewski-500x500.jpg 500w, http:\/\/dev.deski.org\/wp-content\/uploads\/2025\/09\/lukasz-olszewski-24x24.jpg 24w, http:\/\/dev.deski.org\/wp-content\/uploads\/2025\/09\/lukasz-olszewski-36x36.jpg 36w, http:\/\/dev.deski.org\/wp-content\/uploads\/2025\/09\/lukasz-olszewski-48x48.jpg 48w\" sizes=\"auto, (max-width: 700px) 100vw, 700px\" \/><\/div><div class=\"spacer\" style=\"height: 40px;\"><\/div>[\/vc_column][vc_column width=&#8221;1\/2&#8243;][vc_column_text]\u0141ukasz Olszewski od 2007 roku pracuje jako trener, wspieraj\u0105c tenisist\u00f3w zar\u00f3wno podczas codziennych trening\u00f3w, jak i wyjazd\u00f3w na turnieje. By\u0142 cz\u0119\u015bci\u0105 projektu Davis Cup Future realizowanego przez Polski Zwi\u0105zek Tenisowy, gdzie jako trener prowadzi\u0142 czo\u0142owych m\u0142odych polskich zawodnik\u00f3w.<\/p>\n<p>Jego bogate do\u015bwiadczenie zawodnicze, po\u0142\u0105czone z umiej\u0119tno\u015bci\u0105 budowania relacji z zawodnikami i skutecznym planowaniem ich rozwoju, pozwoli\u0142o mu doprowadzi\u0107 wielu tenisist\u00f3w do zdobycia pierwszych punkt\u00f3w ETA, ITF, ATP i WTA, a tak\u017ce do zwyci\u0119stw w Mistrzostwach Polski oraz turniejach rangi ITF Futures (15.000$ i 25.000$).<\/p>\n<p>Do zespo\u0142u DeSek \u0141ukasz do\u0142\u0105czy\u0142 we wrze\u015bniu 2025 roku.[\/vc_column_text][\/vc_column][\/vc_row]<\/p>\n<\/div>","protected":false},"excerpt":{"rendered":"<p>[vc_row][vc_column width=&#8221;1\/2&#8243;][\/vc_column][vc_column width=&#8221;1\/2&#8243;][vc_column_text]\u0141ukasz Olszewski od 2007 roku pracuje jako trener, wspieraj\u0105c tenisist\u00f3w zar\u00f3wno podczas codziennych trening\u00f3w, jak i wyjazd\u00f3w na turnieje. By\u0142 cz\u0119\u015bci\u0105 projektu Davis Cup Future realizowanego przez Polski Zwi\u0105zek Tenisowy, gdzie jako trener prowadzi\u0142 czo\u0142owych m\u0142odych polskich zawodnik\u00f3w. Jego bogate do\u015bwiadczenie zawodnicze, po\u0142\u0105czone z umiej\u0119tno\u015bci\u0105 budowania relacji z zawodnikami i skutecznym planowaniem ich rozwoju, pozwoli\u0142o mu doprowadzi\u0107 wielu tenisist\u00f3w do zdobycia pierwszych punkt\u00f3w ETA, ITF, ATP i WTA, a tak\u017ce do zwyci\u0119stw w Mistrzostwach Polski oraz turniejach rangi ITF Futures (15.000$ i 25.000$). Do zespo\u0142u DeSek \u0141ukasz do\u0142\u0105czy\u0142 we wrze\u015bniu 2025 roku.[\/vc_column_text][\/vc_column][\/vc_row]<\/p>\n","protected":false},"author":15,"featured_media":0,"parent":0,"menu_order":0,"comment_status":"closed","ping_status":"closed","template":"","meta":{"_acf_changed":false,"_mo_disable_npp":"","_vp_format_video_url":"","_vp_image_focal_point":[],"footnotes":""},"class_list":["post-24856","page","type-page","status-publish","hentry"],"acf":[],"aioseo_notices":[],"_links":{"self":[{"href":"http:\/\/dev.deski.org\/en\/wp-json\/wp\/v2\/pages\/24856","targetHints":{"allow":["GET"]}}],"collection":[{"href":"http:\/\/dev.deski.org\/en\/wp-json\/wp\/v2\/pages"}],"about":[{"href":"http:\/\/dev.deski.org\/en\/wp-json\/wp\/v2\/types\/page"}],"author":[{"embeddable":true,"href":"http:\/\/dev.deski.org\/en\/wp-json\/wp\/v2\/users\/15"}],"replies":[{"embeddable":true,"href":"http:\/\/dev.deski.org\/en\/wp-json\/wp\/v2\/comments?post=24856"}],"version-history":[{"count":2,"href":"http:\/\/dev.deski.org\/en\/wp-json\/wp\/v2\/pages\/24856\/revisions"}],"predecessor-version":[{"id":24943,"href":"http:\/\/dev.deski.org\/en\/wp-json\/wp\/v2\/pages\/24856\/revisions\/24943"}],"wp:attachment":[{"href":"http:\/\/dev.deski.org\/en\/wp-json\/wp\/v2\/media?parent=24856"}],"curies":[{"name":"wp","href":"https:\/\/api.w.org\/{rel}","templated":true}]}}