{"id":24945,"date":"2025-09-24T10:28:11","date_gmt":"2025-09-24T10:28:11","guid":{"rendered":"http:\/\/dev.deski.org\/?page_id=24945"},"modified":"2025-09-24T10:28:11","modified_gmt":"2025-09-24T10:28:11","slug":"adam-hickiewicz","status":"publish","type":"page","link":"http:\/\/dev.deski.org\/en\/adam-hickiewicz\/","title":{"rendered":"Adam Hickiewicz"},"content":{"rendered":"<div class=\"wpb-content-wrapper\"><p>[vc_row][vc_column width=&#8221;1\/2&#8243;]<div class=\"single_image wpb_content_element align-left    \" data-animation=\"none\" data-delay=\"0\"><img loading=\"lazy\" decoding=\"async\" width=\"700\" height=\"700\" src=\"http:\/\/dev.deski.org\/wp-content\/uploads\/2024\/11\/Adam-Hickiewicz.jpg\" class=\"attachment-full\" alt=\"Adam Hickiewicz\" title=\"Adam Hickiewicz\" srcset=\"http:\/\/dev.deski.org\/wp-content\/uploads\/2024\/11\/Adam-Hickiewicz.jpg 700w, http:\/\/dev.deski.org\/wp-content\/uploads\/2024\/11\/Adam-Hickiewicz-300x300.jpg 300w, http:\/\/dev.deski.org\/wp-content\/uploads\/2024\/11\/Adam-Hickiewicz-80x80.jpg 80w, http:\/\/dev.deski.org\/wp-content\/uploads\/2024\/11\/Adam-Hickiewicz-500x500.jpg 500w, http:\/\/dev.deski.org\/wp-content\/uploads\/2024\/11\/Adam-Hickiewicz-24x24.jpg 24w, http:\/\/dev.deski.org\/wp-content\/uploads\/2024\/11\/Adam-Hickiewicz-36x36.jpg 36w, http:\/\/dev.deski.org\/wp-content\/uploads\/2024\/11\/Adam-Hickiewicz-48x48.jpg 48w\" sizes=\"auto, (max-width: 700px) 100vw, 700px\" \/><\/div><div class=\"spacer\" style=\"height: 40px;\"><\/div>[\/vc_column][vc_column width=&#8221;1\/2&#8243;][vc_column_text]Adam jest do\u015bwiadczonym instruktorem tenisa, kt\u00f3ry z pasj\u0105 dzieli si\u0119 swoj\u0105 wiedz\u0105 z podopiecznymi. Jego zaj\u0119cia to po\u0142\u0105czenie solidnej techniki, wsparcia i rozwoju taktyki. Na treningach stworzy atmosfer\u0119 pe\u0142n\u0105 energii, dzi\u0119ki kt\u00f3rej ka\u017cdy mo\u017ce poprawi\u0107 swoje umiej\u0119tno\u015bci, zyska\u0107 pewno\u015b\u0107 siebie i odkry\u0107 rado\u015b\u0107 z gry w tenisa.[\/vc_column_text][\/vc_column][\/vc_row]<\/p>\n<\/div>","protected":false},"excerpt":{"rendered":"<p>[vc_row][vc_column width=&#8221;1\/2&#8243;][\/vc_column][vc_column width=&#8221;1\/2&#8243;][vc_column_text]Adam jest do\u015bwiadczonym instruktorem tenisa, kt\u00f3ry z pasj\u0105 dzieli si\u0119 swoj\u0105 wiedz\u0105 z podopiecznymi. Jego zaj\u0119cia to po\u0142\u0105czenie solidnej techniki, wsparcia i rozwoju taktyki. Na treningach stworzy atmosfer\u0119 pe\u0142n\u0105 energii, dzi\u0119ki kt\u00f3rej ka\u017cdy mo\u017ce poprawi\u0107 swoje umiej\u0119tno\u015bci, zyska\u0107 pewno\u015b\u0107 siebie i odkry\u0107 rado\u015b\u0107 z gry w tenisa.[\/vc_column_text][\/vc_column][\/vc_row]<\/p>\n","protected":false},"author":15,"featured_media":0,"parent":0,"menu_order":0,"comment_status":"closed","ping_status":"closed","template":"","meta":{"_acf_changed":false,"_mo_disable_npp":"","_vp_format_video_url":"","_vp_image_focal_point":[],"footnotes":""},"class_list":["post-24945","page","type-page","status-publish","hentry"],"acf":[],"aioseo_notices":[],"_links":{"self":[{"href":"http:\/\/dev.deski.org\/en\/wp-json\/wp\/v2\/pages\/24945","targetHints":{"allow":["GET"]}}],"collection":[{"href":"http:\/\/dev.deski.org\/en\/wp-json\/wp\/v2\/pages"}],"about":[{"href":"http:\/\/dev.deski.org\/en\/wp-json\/wp\/v2\/types\/page"}],"author":[{"embeddable":true,"href":"http:\/\/dev.deski.org\/en\/wp-json\/wp\/v2\/users\/15"}],"replies":[{"embeddable":true,"href":"http:\/\/dev.deski.org\/en\/wp-json\/wp\/v2\/comments?post=24945"}],"version-history":[{"count":1,"href":"http:\/\/dev.deski.org\/en\/wp-json\/wp\/v2\/pages\/24945\/revisions"}],"predecessor-version":[{"id":24946,"href":"http:\/\/dev.deski.org\/en\/wp-json\/wp\/v2\/pages\/24945\/revisions\/24946"}],"wp:attachment":[{"href":"http:\/\/dev.deski.org\/en\/wp-json\/wp\/v2\/media?parent=24945"}],"curies":[{"name":"wp","href":"https:\/\/api.w.org\/{rel}","templated":true}]}}