{"id":24950,"date":"2025-09-24T10:33:48","date_gmt":"2025-09-24T10:33:48","guid":{"rendered":"http:\/\/dev.deski.org\/?page_id=24950"},"modified":"2025-09-24T10:33:48","modified_gmt":"2025-09-24T10:33:48","slug":"michal-mikula","status":"publish","type":"page","link":"http:\/\/dev.deski.org\/en\/michal-mikula\/","title":{"rendered":"Micha\u0142 Miku\u0142a"},"content":{"rendered":"<div class=\"wpb-content-wrapper\"><p>[vc_row][vc_column width=&#8221;1\/2&#8243;]<div class=\"single_image wpb_content_element align-left    \" data-animation=\"none\" data-delay=\"0\"><img loading=\"lazy\" decoding=\"async\" width=\"700\" height=\"700\" src=\"http:\/\/dev.deski.org\/wp-content\/uploads\/2024\/09\/michal-mikula.jpg\" class=\"attachment-full\" alt=\"michal-mikula\" title=\"michal-mikula\" srcset=\"http:\/\/dev.deski.org\/wp-content\/uploads\/2024\/09\/michal-mikula.jpg 700w, http:\/\/dev.deski.org\/wp-content\/uploads\/2024\/09\/michal-mikula-300x300.jpg 300w, http:\/\/dev.deski.org\/wp-content\/uploads\/2024\/09\/michal-mikula-80x80.jpg 80w, http:\/\/dev.deski.org\/wp-content\/uploads\/2024\/09\/michal-mikula-500x500.jpg 500w, http:\/\/dev.deski.org\/wp-content\/uploads\/2024\/09\/michal-mikula-24x24.jpg 24w, http:\/\/dev.deski.org\/wp-content\/uploads\/2024\/09\/michal-mikula-36x36.jpg 36w, http:\/\/dev.deski.org\/wp-content\/uploads\/2024\/09\/michal-mikula-48x48.jpg 48w\" sizes=\"auto, (max-width: 700px) 100vw, 700px\" \/><\/div><div class=\"spacer\" style=\"height: 40px;\"><\/div>[\/vc_column][vc_column width=&#8221;1\/2&#8243;][vc_column_text]<\/p>\n<div class=\"default-style\">Micha\u0142, trener szkolenia podstawowego, by\u0142y zawodnik ATP (908 na \u015bwiatowej li\u015bcie), obecnie wyst\u0119puj\u0105cy w najwy\u017cej punktowanych turniejach w Polsce, prowadzi profesjonalne treningi tenisowe. Dzi\u0119ki swojej wiedzy i kilkunastoletniemu do\u015bwiadczeniu jako zawodnik doskonale zna wyzwania i trudno\u015bci, przed kt\u00f3rymi staj\u0105 tenisi\u015bci na ka\u017cdym etapie rozwoju. Niezale\u017cnie od tego, czy chcesz opanowa\u0107 podstawy, poprawi\u0107 technik\u0119, czy\u2026 spr\u00f3bowa\u0107 pokona\u0107 Micha\u0142a w pojedynku \u2013 wpadaj na trening!<\/div>\n<p>[\/vc_column_text][\/vc_column][\/vc_row]<\/p>\n<\/div>","protected":false},"excerpt":{"rendered":"<p>[vc_row][vc_column width=&#8221;1\/2&#8243;][\/vc_column][vc_column width=&#8221;1\/2&#8243;][vc_column_text] Micha\u0142, trener szkolenia podstawowego, by\u0142y zawodnik ATP (908 na \u015bwiatowej li\u015bcie), obecnie wyst\u0119puj\u0105cy w najwy\u017cej punktowanych turniejach w Polsce, prowadzi profesjonalne treningi tenisowe. Dzi\u0119ki swojej wiedzy i kilkunastoletniemu do\u015bwiadczeniu jako zawodnik doskonale zna wyzwania i trudno\u015bci, przed kt\u00f3rymi staj\u0105 tenisi\u015bci na ka\u017cdym etapie rozwoju. Niezale\u017cnie od tego, czy chcesz opanowa\u0107 podstawy, poprawi\u0107 technik\u0119, czy\u2026 spr\u00f3bowa\u0107 pokona\u0107 Micha\u0142a w pojedynku \u2013 wpadaj na trening! [\/vc_column_text][\/vc_column][\/vc_row]<\/p>\n","protected":false},"author":15,"featured_media":0,"parent":0,"menu_order":0,"comment_status":"closed","ping_status":"closed","template":"","meta":{"_acf_changed":false,"_mo_disable_npp":"","_vp_format_video_url":"","_vp_image_focal_point":[],"footnotes":""},"class_list":["post-24950","page","type-page","status-publish","hentry"],"acf":[],"aioseo_notices":[],"_links":{"self":[{"href":"http:\/\/dev.deski.org\/en\/wp-json\/wp\/v2\/pages\/24950","targetHints":{"allow":["GET"]}}],"collection":[{"href":"http:\/\/dev.deski.org\/en\/wp-json\/wp\/v2\/pages"}],"about":[{"href":"http:\/\/dev.deski.org\/en\/wp-json\/wp\/v2\/types\/page"}],"author":[{"embeddable":true,"href":"http:\/\/dev.deski.org\/en\/wp-json\/wp\/v2\/users\/15"}],"replies":[{"embeddable":true,"href":"http:\/\/dev.deski.org\/en\/wp-json\/wp\/v2\/comments?post=24950"}],"version-history":[{"count":1,"href":"http:\/\/dev.deski.org\/en\/wp-json\/wp\/v2\/pages\/24950\/revisions"}],"predecessor-version":[{"id":24953,"href":"http:\/\/dev.deski.org\/en\/wp-json\/wp\/v2\/pages\/24950\/revisions\/24953"}],"wp:attachment":[{"href":"http:\/\/dev.deski.org\/en\/wp-json\/wp\/v2\/media?parent=24950"}],"curies":[{"name":"wp","href":"https:\/\/api.w.org\/{rel}","templated":true}]}}