{"id":25553,"date":"2025-10-31T07:35:37","date_gmt":"2025-10-31T07:35:37","guid":{"rendered":"http:\/\/dev.deski.org\/?page_id=25553"},"modified":"2026-01-27T12:32:16","modified_gmt":"2026-01-27T12:32:16","slug":"eventy","status":"publish","type":"page","link":"http:\/\/dev.deski.org\/en\/eventy\/","title":{"rendered":"DeSki Events"},"content":{"rendered":"<div class=\"wpb-content-wrapper\"><p>[vc_row][vc_column width=&#8221;1\/4&#8243;][\/vc_column][vc_column width=&#8221;1\/2&#8243;][vc_single_image image=&#8221;25555&#8243; img_size=&#8221;large&#8221;][\/vc_column][vc_column width=&#8221;1\/4&#8243;][\/vc_column][\/vc_row][vc_row][vc_column width=&#8221;1\/1&#8243;]<h3 class=\"headline font-inherit fontsize-xl fontweight-900 lh-inherit align-center transform-inherit \" style=\"margin: 0 0 20px 0; color: #259b9a;\">DeSki Events \u2013 nowy dzia\u0142 naszego klubu. Bo sport \u0142\u0105czy ludzi.<\/h3>[vc_column_text]<\/p>\n<p style=\"text-align: center;\" data-start=\"58\" data-end=\"435\">DeSki Events to nowy dzia\u0142 WTS DeSki, stworzony z my\u015bl\u0105 o wydarzeniach, kt\u00f3re \u0142\u0105cz\u0105 sport, ludzi i wyj\u0105tkow\u0105 klubow\u0105 atmosfer\u0119 nad Wis\u0142\u0105.<br \/>\nBo gdy schodzimy z kortu, zaczyna si\u0119 to, co naprawd\u0119 \u0142\u0105czy.<\/p>\n<p>[\/vc_column_text]<div class=\"spacer\" style=\"height: 40px;\"><\/div>[\/vc_column][\/vc_row][vc_row][vc_column width=&#8221;1\/2&#8243;]<div class=\"imagebox wpb_content_element style-1\"><div class=\"imagebox-img\"><a href='http:\/\/dev.deski.org\/deski-events\/'><img decoding=\"async\" src=\"http:\/\/dev.deski.org\/wp-content\/uploads\/2026\/01\/eventy-dla-firm.jpg\" alt=\"\" \/><\/a><\/div><strong>Eventy dla Firm<\/strong><\/p>\n<p>Wydarzenia dopasowane do Twoich potrzeb \u2013 od spotka\u0144 integracyjnych, szkole\u0144 i prezentacji, po turnieje sportowe, urodziny czy szkolenia sportowe z tenisa, padla i squasha.<\/p>\n<p><a href=\"http:\/\/dev.deski.org\/deski-events\/\">Wi\u0119cej<\/a><\/div>[\/vc_column][vc_column width=&#8221;1\/2&#8243;]<div class=\"imagebox wpb_content_element style-1\"><div class=\"imagebox-img\"><a href='http:\/\/dev.deski.org\/wydarzenia-integracyjne\/'><img decoding=\"async\" src=\"http:\/\/dev.deski.org\/wp-content\/uploads\/2026\/01\/nasze-eventy-kolorowe.jpg\" alt=\"\" \/><\/a><\/div><strong>Eventy DeSkowe<\/strong><\/p>\n<p>Wydarzenia integracyjne w DeSkach to czas rozm\u00f3w, dobrej energii i wsp\u00f3lnej zabawy. To moment, gdy klub \u017cyje tak\u017ce po godzinach trening\u00f3w.<\/p>\n<p><a href=\"http:\/\/dev.deski.org\/wydarzenia-integracyjne\/\">Wi\u0119cej<\/a><\/div>[\/vc_column][\/vc_row]<\/p>\n<\/div>","protected":false},"excerpt":{"rendered":"<p>[vc_row][vc_column width=&#8221;1\/4&#8243;][\/vc_column][vc_column width=&#8221;1\/2&#8243;][vc_single_image image=&#8221;25555&#8243; img_size=&#8221;large&#8221;][\/vc_column][vc_column width=&#8221;1\/4&#8243;][\/vc_column][\/vc_row][vc_row][vc_column width=&#8221;1\/1&#8243;][vc_column_text] DeSki Events to nowy dzia\u0142 WTS DeSki, stworzony z my\u015bl\u0105 o wydarzeniach, kt\u00f3re \u0142\u0105cz\u0105 sport, ludzi i wyj\u0105tkow\u0105 klubow\u0105 atmosfer\u0119 nad Wis\u0142\u0105. Bo gdy schodzimy z kortu, zaczyna si\u0119 to, co naprawd\u0119 \u0142\u0105czy. [\/vc_column_text][\/vc_column][\/vc_row][vc_row][vc_column width=&#8221;1\/2&#8243;][\/vc_column][vc_column width=&#8221;1\/2&#8243;][\/vc_column][\/vc_row]<\/p>\n","protected":false},"author":6,"featured_media":0,"parent":0,"menu_order":0,"comment_status":"closed","ping_status":"closed","template":"","meta":{"_acf_changed":false,"_mo_disable_npp":"","_vp_format_video_url":"","_vp_image_focal_point":[],"footnotes":""},"class_list":["post-25553","page","type-page","status-publish","hentry"],"acf":[],"aioseo_notices":[],"_links":{"self":[{"href":"http:\/\/dev.deski.org\/en\/wp-json\/wp\/v2\/pages\/25553","targetHints":{"allow":["GET"]}}],"collection":[{"href":"http:\/\/dev.deski.org\/en\/wp-json\/wp\/v2\/pages"}],"about":[{"href":"http:\/\/dev.deski.org\/en\/wp-json\/wp\/v2\/types\/page"}],"author":[{"embeddable":true,"href":"http:\/\/dev.deski.org\/en\/wp-json\/wp\/v2\/users\/6"}],"replies":[{"embeddable":true,"href":"http:\/\/dev.deski.org\/en\/wp-json\/wp\/v2\/comments?post=25553"}],"version-history":[{"count":32,"href":"http:\/\/dev.deski.org\/en\/wp-json\/wp\/v2\/pages\/25553\/revisions"}],"predecessor-version":[{"id":26301,"href":"http:\/\/dev.deski.org\/en\/wp-json\/wp\/v2\/pages\/25553\/revisions\/26301"}],"wp:attachment":[{"href":"http:\/\/dev.deski.org\/en\/wp-json\/wp\/v2\/media?parent=25553"}],"curies":[{"name":"wp","href":"https:\/\/api.w.org\/{rel}","templated":true}]}}