{"id":26529,"date":"2026-02-11T13:02:39","date_gmt":"2026-02-11T13:02:39","guid":{"rendered":"http:\/\/dev.deski.org\/?page_id=26529"},"modified":"2026-02-12T14:43:37","modified_gmt":"2026-02-12T14:43:37","slug":"wioslarstwo","status":"publish","type":"page","link":"http:\/\/dev.deski.org\/en\/wioslarstwo\/","title":{"rendered":"Wio\u015blarstwo"},"content":{"rendered":"<div class=\"wpb-content-wrapper\"><p>[vc_row][vc_column width=&#8221;1\/6&#8243;][\/vc_column][vc_column width=&#8221;2\/3&#8243;][vc_raw_html]JTVCbWV0YXNsaWRlciUyMGlkJTNEJTIyMjY1MzIlMjIlNUQ=[\/vc_raw_html][\/vc_column][vc_column width=&#8221;1\/6&#8243;][\/vc_column][\/vc_row][vc_row][vc_column width=&#8221;1\/1&#8243;]<h3 class=\"headline font-inherit fontsize-xl fontweight-900 lh-inherit align-center transform-inherit \" style=\"margin: 0 0 20px 0; color: #259b9a;\">Poznaj jedn\u0105 z najbardziej utytu\u0142owanych polskich dyscyplin olimpijskich!<br \/>\n<\/h3><div class=\"spacer\" style=\"height: 20px;\"><\/div>[vc_column_text]Poczuj klimat legendarnego Boat Race Oxford\u2013Cambridge i rozpocznij swoj\u0105 przygod\u0119 z wio\u015blarstwem w klubie TWDW.<\/p>\n<p>Nie potrzebujesz \u017cadnego do\u015bwiadczenia \u2014 pod okiem profesjonalnych trener\u00f3w nauczysz si\u0119 wszystkiego od podstaw. Wio\u015blarstwo to og\u00f3lnorozwojowy, bezpieczny sport, kt\u00f3ry pozwala w samym sercu Warszawy wyj\u015b\u0107 na wod\u0119 i na chwil\u0119 zapomnie\u0107 o miejskim zgie\u0142ku.<\/p>\n<p>Podczas zaj\u0119\u0107 zejdziesz na Wis\u0142\u0119 na profesjonalnej \u0142odzi, poznasz technik\u0119 wios\u0142owania, zasady bezpiecze\u0144stwa oraz skorzystasz z klubowego zaplecza fitness \u2014 wszystko pod opiek\u0105 do\u015bwiadczonego trenera TWDW.<\/p>\n<p>A co dalej? Decyzja nale\u017cy do Ciebie:<br \/>\nregaty, rekreacja, turystyka wodna czy uzupe\u0142nienie treningu innych dyscyplin \u2014 wio\u015blarstwo daje nieograniczone mo\u017cliwo\u015bci.<\/p>\n<p>Trening trwa ok 1,5h.[\/vc_column_text]<h1 class=\"headline font-inherit fontsize-m fontweight-700 lh-inherit align-left transform-uppercase \" style=\"margin: 0 0 20px 0; color: #00458b;\">O KLUBIE<\/h1>[vc_column_text]Klub Wio\u015blarski TWDW to ponad 250 aktywnych cz\u0142onk\u00f3w, regularnie trenuj\u0105cych na Wi\u015ble i Kanale \u017bera\u0144skim. Jeste\u015bmy jedynym klubem w Polsce, kt\u00f3ry na tak\u0105 skal\u0119 prowadzi treningi wio\u015blarskie dla doros\u0142ych \u2014 r\u00f3wnie\u017c dla os\u00f3b rozpoczynaj\u0105cych nauk\u0119 od zera.<br \/>\nStartujemy w kilkudziesi\u0119ciu regatach rocznie w Polsce i na \u015bwiecie \u2014 m.in. w Niemczech, W\u0142oszech, Anglii, Holandii, USA i Chinach. Mimo amatorskiego charakteru osi\u0105gamy wyj\u0105tkowe wyniki sportowe: medale Mistrzostw \u015awiata na ergometrze wio\u015blarskim, Mistrzostw Polski, Mistrzostwo \u015awiata Masters oraz 20. miejsce na \u015bwiecie w klasyfikacji dru\u017cynowej Mistrzostw \u015awiata Masters (spo\u015br\u00f3d 721 klub\u00f3w).<\/p>\n<p>Zaj\u0119cia w TWDW prowadz\u0105 trenerzy \u015bwiatowej klasy \u2014 byli i obecni trenerzy oraz zawodnicy kadr narodowych, olimpijczycy i mistrzowie \u015bwiata, m.in. Robert Sycz, Artur Miko\u0142ajczewski i Szymon Po\u015bnik.<\/p>\n<p>Jeste\u015bmy r\u00f3wnie\u017c organizatorem najwi\u0119kszego wio\u015blarskiego wydarzenia w Warszawie \u2014 mi\u0119dzynarodowych regat Warsaw Head.[\/vc_column_text]<h1 class=\"headline font-inherit fontsize-m fontweight-700 lh-inherit align-left transform-uppercase \" style=\"margin: 0 0 20px 0; color: #00458b;\">LOKALIZACJA<\/h1>[vc_column_text]Zaj\u0119cia odbywa\u0107 si\u0119 b\u0119d\u0105 na naszej przystani na Saskiej K\u0119pie w zasi\u0119gu spaceru z Desek.<br \/>\nul. Wa\u0142 Miedzeszy\u0144ski 399, 03-942, nad sam\u0105 Wis\u0142\u0105 w okolicy mostu \u0141azienkowskiego.<br \/>\n<a href=\"https:\/\/maps.app.goo.gl\/PNGHwmZZ8uwRaq5p8\" target=\"_blank\" rel=\"noopener\">https:\/\/maps.app.goo.gl\/PNGHwmZZ8uwRaq5p8<\/a><br \/>\n<img loading=\"lazy\" decoding=\"async\" class=\"alignnone wp-image-26580\" src=\"http:\/\/dev.deski.org\/wp-content\/uploads\/2026\/02\/trasa.png\" alt=\"\" width=\"438\" height=\"548\" srcset=\"http:\/\/dev.deski.org\/wp-content\/uploads\/2026\/02\/trasa.png 1080w, http:\/\/dev.deski.org\/wp-content\/uploads\/2026\/02\/trasa-240x300.png 240w, http:\/\/dev.deski.org\/wp-content\/uploads\/2026\/02\/trasa-819x1024.png 819w, http:\/\/dev.deski.org\/wp-content\/uploads\/2026\/02\/trasa-500x625.png 500w, http:\/\/dev.deski.org\/wp-content\/uploads\/2026\/02\/trasa-800x1000.png 800w, http:\/\/dev.deski.org\/wp-content\/uploads\/2026\/02\/trasa-19x24.png 19w, http:\/\/dev.deski.org\/wp-content\/uploads\/2026\/02\/trasa-29x36.png 29w, http:\/\/dev.deski.org\/wp-content\/uploads\/2026\/02\/trasa-38x48.png 38w\" sizes=\"auto, (max-width: 438px) 100vw, 438px\" \/>[\/vc_column_text]<h1 class=\"headline font-inherit fontsize-m fontweight-700 lh-inherit align-left transform-uppercase \" style=\"margin: 0 0 20px 0; color: #00458b;\">SKONTAKTUJ SI\u0118 Z NAMI<\/h1>[vc_column_text]\n<div class=\"wpcf7 no-js\" id=\"wpcf7-f26589-o1\" lang=\"pl-PL\" dir=\"ltr\" data-wpcf7-id=\"26589\">\n<div class=\"screen-reader-response\"><p role=\"status\" aria-live=\"polite\" aria-atomic=\"true\"><\/p> <ul><\/ul><\/div>\n<form action=\"\/en\/wp-json\/wp\/v2\/pages\/26529#wpcf7-f26589-o1\" method=\"post\" class=\"wpcf7-form init\" aria-label=\"Formularz kontaktowy\" novalidate=\"novalidate\" data-status=\"init\">\n<fieldset class=\"hidden-fields-container\"><input type=\"hidden\" name=\"_wpcf7\" value=\"26589\" \/><input type=\"hidden\" name=\"_wpcf7_version\" value=\"6.1.5\" \/><input type=\"hidden\" name=\"_wpcf7_locale\" value=\"pl_PL\" \/><input type=\"hidden\" name=\"_wpcf7_unit_tag\" value=\"wpcf7-f26589-o1\" \/><input type=\"hidden\" name=\"_wpcf7_container_post\" value=\"0\" \/><input type=\"hidden\" name=\"_wpcf7_posted_data_hash\" value=\"\" \/><input type=\"hidden\" name=\"_wpcf7_recaptcha_response\" value=\"\" \/>\n<\/fieldset>\n<p><label><span class=\"wpcf7-form-control-wrap\" data-name=\"your-name\"><input size=\"40\" maxlength=\"400\" class=\"wpcf7-form-control wpcf7-text wpcf7-validates-as-required\" aria-required=\"true\" aria-invalid=\"false\" placeholder=\"Imi\u0119 i Nazwisko (wymagane)\" value=\"\" type=\"text\" name=\"your-name\" \/><\/span><\/label><br \/>\n<label> <span class=\"wpcf7-form-control-wrap\" data-name=\"your-email\"><input size=\"40\" maxlength=\"400\" class=\"wpcf7-form-control wpcf7-email wpcf7-validates-as-required wpcf7-text wpcf7-validates-as-email\" aria-required=\"true\" aria-invalid=\"false\" placeholder=\"E-mail (wymagane)\" value=\"\" type=\"email\" name=\"your-email\" \/><\/span> <\/label><br \/>\n<label> <span class=\"wpcf7-form-control-wrap\" data-name=\"tel-192\"><input size=\"40\" maxlength=\"400\" class=\"wpcf7-form-control wpcf7-tel wpcf7-validates-as-required wpcf7-text wpcf7-validates-as-tel\" aria-required=\"true\" aria-invalid=\"false\" placeholder=\"Numer telefonu (wymagane)\" value=\"\" type=\"tel\" name=\"tel-192\" \/><\/span> <\/label><br \/>\n<label><br \/>\n<span class=\"wpcf7-form-control-wrap\" data-name=\"your-message\"><textarea cols=\"10\" rows=\"5\" maxlength=\"2000\" class=\"wpcf7-form-control wpcf7-textarea\" aria-invalid=\"false\" placeholder=\"Tre\u015b\u0107 wiadomo\u015bci\" name=\"your-message\"><\/textarea><\/span> <\/label><br \/>\nWymagana zgoda<br \/>\n<label><span class=\"wpcf7-form-control-wrap\" data-name=\"acceptance-443\"><span class=\"wpcf7-form-control wpcf7-acceptance\"><span class=\"wpcf7-list-item\"><label><input type=\"checkbox\" name=\"acceptance-443\" value=\"1\" aria-invalid=\"false\" \/><span class=\"wpcf7-list-item-label\">Wyra\u017cam zgod\u0119 na przetwarzanie moich danych osobowych w zakresie danych podanych w powy\u017cszym formularzu dla potrzeb realizacji cel\u00f3w Statutowych przez Stowarzyszenie Warszawskie Towarzystwo Sportowe DeSki zgodnie z europejskim rozporz\u0105dzeniem o ochronie danych osobowych z dnia 27 kwietnia 2016 r. (Dz. Urz. UE L nr 119, str. 1). R\u00f3wnocze\u015bnie o\u015bwiadczam, \u017ce poinformowano mnie o tym, \u017ce podanie moich danych osobowych jest dobrowolne, oraz o przys\u0142uguj\u0105cych mi prawach w tym w szczeg\u00f3lno\u015bci do dost\u0119pu do danych osobowych, sprostowania danych osobowych, usuni\u0119cia danych osobowych, ograniczenia przetwarzania danych osobowych, przeniesienia danych osobowych, wniesienia skargi do organu ochrony danych osobowych, cofni\u0119cia w ka\u017cdym czasie zgody bez podania przyczyny oraz bez wp\u0142ywu na przetwarzanie, kt\u00f3rego dokonano na podstawie zgody przed jej cofni\u0119ciem, a ponad to do sprzeciwu wobec przetwarzania danych.<\/span><\/label><\/span><\/span><\/span><\/label><br \/>\n<label><a href=\"http:\/\/dev.deski.org\/wp-content\/uploads\/2018\/06\/INFORMACJA-o-przetwarzaniu-danych-osobowych.pdf\" target=\"_blank\">Informacja o przetwarzaniu danych przez WTS DeSki.<\/a><\/label>\n<\/p>\n<p>Zaznacz, by dostawa\u0107 informacje o obozach i zni\u017ckach<br \/>\n<label><span class=\"wpcf7-form-control-wrap\" data-name=\"acceptance-868\"><span class=\"wpcf7-form-control wpcf7-acceptance optional\"><span class=\"wpcf7-list-item\"><label><input type=\"checkbox\" name=\"acceptance-868\" value=\"1\" aria-invalid=\"false\" \/><span class=\"wpcf7-list-item-label\">Wyra\u017cam zgod\u0119  na przetwarzanie moich danych osobowych, w celu wysy\u0142ania informacji handlowych drog\u0105 elektroniczn\u0105 przez Stowarzyszenie Warszawskie Towarzystwo Sportowe DeSki zgodnie z europejskim rozporz\u0105dzeniem o ochronie danych osobowych z dnia 27 kwietnia 2016 r. (Dz. Urz. UE L nr 119, str. 1) oraz ustaw\u0105 z dnia 18 lipca 2002 r. o \u015bwiadczeniu us\u0142ug drog\u0105 elektroniczn\u0105 (Dz.U. 2002 nr 144 poz. 1204z zm.) R\u00f3wnocze\u015bnie o\u015bwiadczam, \u017ce poinformowano mnie o tym, \u017ce podanie moich danych osobowych jest dobrowolne, oraz o przys\u0142uguj\u0105cych mi prawach w tym w szczeg\u00f3lno\u015bci do dost\u0119pu do danych osobowych, sprostowania danych osobowych, usuni\u0119cia danych osobowych, ograniczenia przetwarzania danych osobowych, przeniesienia danych osobowych, wniesienia skargi do organu ochrony danych osobowych, cofni\u0119cia w ka\u017cdym czasie zgody bez podania przyczyny oraz bez wp\u0142ywu na przetwarzanie, kt\u00f3rego dokonano na podstawie zgody przed jej cofni\u0119ciem, a ponad to do sprzeciwu wobec przetwarzania danych.<\/span><\/label><\/span><\/span><\/span><\/label><br \/>\n<label>\n\t<input class=\"wpcf7-form-control wpcf7-submit has-spinner\" type=\"submit\" value=\"Wy\u015blij\" \/><\/label>\n<\/p>\n<p><u>\n\t\t<font color=\"red\"><b>UWAGA!<\/b> Je\u017celi przycisk \"wy\u015blij\" jest nieaktywny oznacza, \u017ce wymagana zgoda nie zosta\u0142a zaznaczona.\n\t\t<\/font><\/u>\n<\/p>\n<div class=\"wpcf7-response-output\" aria-hidden=\"true\"><\/div>\n<\/form>\n<\/div>\n[\/vc_column_text][\/vc_column][\/vc_row]<\/p>\n<\/div>","protected":false},"excerpt":{"rendered":"<p>[vc_row][vc_column width=&#8221;1\/6&#8243;][\/vc_column][vc_column width=&#8221;2\/3&#8243;][vc_raw_html]JTVCbWV0YXNsaWRlciUyMGlkJTNEJTIyMjY1MzIlMjIlNUQ=[\/vc_raw_html][\/vc_column][vc_column width=&#8221;1\/6&#8243;][\/vc_column][\/vc_row][vc_row][vc_column width=&#8221;1\/1&#8243;][vc_column_text]Poczuj klimat legendarnego Boat Race Oxford\u2013Cambridge i rozpocznij swoj\u0105 przygod\u0119 z wio\u015blarstwem w klubie TWDW. Nie potrzebujesz \u017cadnego do\u015bwiadczenia \u2014 pod okiem profesjonalnych trener\u00f3w nauczysz si\u0119 wszystkiego od podstaw. Wio\u015blarstwo to og\u00f3lnorozwojowy, bezpieczny sport, kt\u00f3ry pozwala w samym sercu Warszawy wyj\u015b\u0107 na wod\u0119 i na chwil\u0119 zapomnie\u0107 o miejskim zgie\u0142ku. Podczas zaj\u0119\u0107 zejdziesz na Wis\u0142\u0119 na profesjonalnej \u0142odzi, poznasz technik\u0119 wios\u0142owania, zasady bezpiecze\u0144stwa oraz skorzystasz z klubowego zaplecza fitness \u2014 wszystko pod opiek\u0105 do\u015bwiadczonego trenera TWDW. A co dalej? Decyzja nale\u017cy do Ciebie: regaty, rekreacja, turystyka wodna czy uzupe\u0142nienie treningu innych dyscyplin \u2014 wio\u015blarstwo daje nieograniczone mo\u017cliwo\u015bci. Trening trwa ok 1,5h.[\/vc_column_text][vc_column_text]Klub Wio\u015blarski TWDW to ponad 250 aktywnych cz\u0142onk\u00f3w, regularnie trenuj\u0105cych na Wi\u015ble i Kanale \u017bera\u0144skim. Jeste\u015bmy jedynym klubem w Polsce, kt\u00f3ry na tak\u0105 skal\u0119 prowadzi treningi wio\u015blarskie dla doros\u0142ych \u2014 r\u00f3wnie\u017c dla os\u00f3b rozpoczynaj\u0105cych nauk\u0119 od zera. Startujemy w kilkudziesi\u0119ciu regatach rocznie w Polsce i na \u015bwiecie \u2014 m.in. w Niemczech, W\u0142oszech, Anglii, Holandii, USA i Chinach. Mimo amatorskiego charakteru osi\u0105gamy wyj\u0105tkowe wyniki sportowe: medale Mistrzostw \u015awiata na ergometrze wio\u015blarskim, Mistrzostw Polski, Mistrzostwo \u015awiata Masters oraz 20. miejsce na \u015bwiecie w klasyfikacji dru\u017cynowej Mistrzostw \u015awiata Masters (spo\u015br\u00f3d 721 klub\u00f3w). Zaj\u0119cia w TWDW prowadz\u0105 trenerzy \u015bwiatowej klasy [&hellip;]<\/p>\n","protected":false},"author":6,"featured_media":0,"parent":0,"menu_order":0,"comment_status":"closed","ping_status":"closed","template":"","meta":{"_acf_changed":false,"_mo_disable_npp":"","_vp_format_video_url":"","_vp_image_focal_point":[],"footnotes":""},"class_list":["post-26529","page","type-page","status-publish","hentry"],"acf":[],"aioseo_notices":[],"_links":{"self":[{"href":"http:\/\/dev.deski.org\/en\/wp-json\/wp\/v2\/pages\/26529","targetHints":{"allow":["GET"]}}],"collection":[{"href":"http:\/\/dev.deski.org\/en\/wp-json\/wp\/v2\/pages"}],"about":[{"href":"http:\/\/dev.deski.org\/en\/wp-json\/wp\/v2\/types\/page"}],"author":[{"embeddable":true,"href":"http:\/\/dev.deski.org\/en\/wp-json\/wp\/v2\/users\/6"}],"replies":[{"embeddable":true,"href":"http:\/\/dev.deski.org\/en\/wp-json\/wp\/v2\/comments?post=26529"}],"version-history":[{"count":16,"href":"http:\/\/dev.deski.org\/en\/wp-json\/wp\/v2\/pages\/26529\/revisions"}],"predecessor-version":[{"id":26593,"href":"http:\/\/dev.deski.org\/en\/wp-json\/wp\/v2\/pages\/26529\/revisions\/26593"}],"wp:attachment":[{"href":"http:\/\/dev.deski.org\/en\/wp-json\/wp\/v2\/media?parent=26529"}],"curies":[{"name":"wp","href":"https:\/\/api.w.org\/{rel}","templated":true}]}}