{"id":3650,"date":"2017-11-17T12:05:02","date_gmt":"2017-11-17T12:05:02","guid":{"rendered":"http:\/\/dev.deski.org\/?page_id=3650"},"modified":"2019-03-24T18:07:53","modified_gmt":"2019-03-24T18:07:53","slug":"zakopane-grudzien","status":"publish","type":"page","link":"http:\/\/dev.deski.org\/en\/zakopane-grudzien\/","title":{"rendered":"Zakopane grudzie\u0144"},"content":{"rendered":"<div class=\"wpb-content-wrapper\"><p>[vc_row][vc_column width=&#8221;1\/1&#8243;]<div class=\"spacer\" style=\"height: 40px;\"><\/div>[rev_slider_vc alias=&#8221;kurant&#8221;][vc_column_text]<strong>Termin: 12.12- 16.12.2018<\/strong><br \/>\nWyjazd dla\u00a0dzieci od 4 lat z rodzicami<\/p>\n<hr \/>\n<p><strong>Zakwaterowanie:\u00a0\u00a0Zakopane Willa Kurant<\/strong><\/p>\n<p>Willa Kurant to firma z tradycjami prowadzona od czterech pokole\u0144. Pocz\u0105tki si\u0119gaj\u0105 roku 1922, kiedy to nasi pradziadkowie J\u0119drzej i Agnieszka Kasprzak-Bustrycki zacz\u0119li przyjmowa\u0107 go\u015bci w prywatnych schroniskach Wy\u017cne i Betlejemka na Hali G\u0105sienicowej. Po wyw\u0142aszczeniu schronisk rodzina przenios\u0142a swoj\u0105 dzia\u0142alno\u015b\u0107 \u00a0do Zakopanego \u2013\u00a0noclegowej\u00a0i wypoczynkowej stolicy Polski, gdzie w 1970 wybudowano wille. Kontynuuj\u0105c tradycje rodzinne w 1995 willa zosta\u0142a rozbudowana, a ze wzgl\u0119du na rodzinn\u0105 kolekcj\u0119 zegar\u00f3w nazwana\u00a0WILL\u0104 KURANT.<br \/>\nWilla KURANT usytuowana jest w rekreacyjnej cz\u0119\u015bci Zakopanego pomi\u0119dzy kompleksem\u00a0narciarskim NOSAL i kolejk\u0105 na Kasprowy Wierch. W bliskiej odleg\u0142o\u015bci od willi znajduje si\u0119\u00a0basen kryty, korty tenisa ziemnego, skocznie narciarskie i pocz\u0105tki wielu szlak\u00f3w turystycznych.<br \/>\n<a href=\"http:\/\/www.willakurant.pl\/\" target=\"_blank\" rel=\"noopener\">www.willakurant.pl<\/a><\/p>\n<p><strong>Szczeg\u00f3\u0142y wyjazdu:<\/strong><\/p>\n<p>Cena:<br \/>\n1 390 z\u0142 \u2013 dziecko<br \/>\n490 z\u0142 \u2013 osoba doros\u0142a bez szkolenia<\/p>\n<p>Op\u0142ata zawiera:<br \/>\n&#8211; zakwaterowanie w \u201eWilla Kurant<br \/>\n&#8211; wy\u017cywienie: trzy posi\u0142ki dziennie<br \/>\n&#8211; karnet narciarski\u00a0(4 dni)<br \/>\n&#8211; opiek\u0119 i szkolenie (trenerzy i instruktorzy WTS DeSki)<br \/>\n&#8211; ubezpieczenie<\/p>\n<p>Cena nie zawiera kosztu zakupu karnet\u00f3w narciarskich dla os\u00f3b doros\u0142ych\u00a0oraz dojazdu.<\/p>\n<p><strong>Dojazd we w\u0142asnym zakresie<\/strong><\/p>\n<p><strong>Warunki p\u0142atno\u015bci:<\/strong><br \/>\n1000 z\u0142 \u2013 zaliczka (od osoby) p\u0142atna w momencie zapisu na ob\u00f3z, pozosta\u0142a kwota p\u0142atna najp\u00f3\u017aniej na 21 przed rozpocz\u0119ciem obozu.<\/p>\n<div>\n<hr \/>\n<\/div>\n<p><strong>Program wyjazdu:<\/strong><br \/>\nPrzyjazd na miejsce zaplanowany jest na godziny wieczorne. Tego dnia po kolacji (ok. godz.\u00a019.00) zaplanowane jest spotkanie ze wszystkimi uczestnikami wyjazdu. Tam przedstawione\u00a0zostan\u0105 wszystkie szczeg\u00f3\u0142y, dotycz\u0105ce organizacji, szkolenia, itd.<br \/>\nOd nast\u0119pnego dnia, zaraz po \u015bniadaniu (ok. godz. 9.00) najpierw dzieci, a zaraz potem doro\u015bli\u00a0udaj\u0105 si\u0119 na stok. Obie grupy, wprawdzie nieco innymi programami, ale robi\u0105 wszystko aby sta\u0107 si\u0119 jeszcze lepszymi narciarzami. Zaj\u0119cia na \u015bniegu, przedzielone s\u0105 odpoczynkiem i posi\u0142kiem w\u00a0restauracji na stoku i trwaj\u0105 do ok. godz. 13.00. Powr\u00f3t z zaj\u0119\u0107 odbywa si\u0119 w odwrotnej\u00a0kolejno\u015bci, tzn najpierw wracaj\u0105 Rodzice a nast\u0119pnie dzieci. Po obiedzie i odpoczynku dzieci\u00a0spotykaj\u0105 si\u0119 na drugiej cz\u0119\u015bci zaj\u0119\u0107, kt\u00f3re mog\u0105 mie\u0107 r\u00f3\u017cnorodny charakter. Raz b\u0119d\u0105 to zaj\u0119cia\u00a0sportowe, raz plastyczne, na pewno nie zabraknie spotkania z przyrod\u0105 Tatr i kultur\u0105 podhala\u0144sk\u0105.\u00a0Pod koniec wyjazdu rozegrane zostan\u0105 zawody narciarskie, b\u0119dzie te\u017c czas na wsp\u00f3lne narty\u00a0Rodzic\u00f3w i dzieci&#8230;.[\/vc_column_text][\/vc_column][\/vc_row][vc_row][vc_column width=&#8221;1\/1&#8243;]<div class=\"spacer\" style=\"height: 30px;\"><\/div><div class=\"single_image wpb_content_element align-left    \" data-animation=\"none\" data-delay=\"0\"><img loading=\"lazy\" decoding=\"async\" width=\"1024\" height=\"175\" src=\"http:\/\/dev.deski.org\/wp-content\/uploads\/2016\/02\/pasek-oboz-zapisz-sie.jpg\" class=\"attachment-full\" alt=\"\" title=\"pasek oboz zapisz sie\" srcset=\"http:\/\/dev.deski.org\/wp-content\/uploads\/2016\/02\/pasek-oboz-zapisz-sie.jpg 1024w, http:\/\/dev.deski.org\/wp-content\/uploads\/2016\/02\/pasek-oboz-zapisz-sie-300x51.jpg 300w, http:\/\/dev.deski.org\/wp-content\/uploads\/2016\/02\/pasek-oboz-zapisz-sie-768x131.jpg 768w\" sizes=\"auto, (max-width: 1024px) 100vw, 1024px\" \/><\/div>[vc_column_text]\n<div class=\"wpcf7 no-js\" id=\"wpcf7-f5026-o1\" lang=\"pl-PL\" dir=\"ltr\" data-wpcf7-id=\"5026\">\n<div class=\"screen-reader-response\"><p role=\"status\" aria-live=\"polite\" aria-atomic=\"true\"><\/p> <ul><\/ul><\/div>\n<form action=\"\/en\/wp-json\/wp\/v2\/pages\/3650#wpcf7-f5026-o1\" method=\"post\" class=\"wpcf7-form init\" aria-label=\"Formularz kontaktowy\" novalidate=\"novalidate\" data-status=\"init\">\n<fieldset class=\"hidden-fields-container\"><input type=\"hidden\" name=\"_wpcf7\" value=\"5026\" \/><input type=\"hidden\" name=\"_wpcf7_version\" value=\"6.1.5\" \/><input type=\"hidden\" name=\"_wpcf7_locale\" value=\"pl_PL\" \/><input type=\"hidden\" name=\"_wpcf7_unit_tag\" value=\"wpcf7-f5026-o1\" \/><input type=\"hidden\" name=\"_wpcf7_container_post\" value=\"0\" \/><input type=\"hidden\" name=\"_wpcf7_posted_data_hash\" value=\"\" \/><input type=\"hidden\" name=\"_wpcf7_recaptcha_response\" value=\"\" \/>\n<\/fieldset>\n<p>Imi\u0119\/ona i nazwisko\/a uczestnika\/\u00f3w\n<\/p>\n<p><span class=\"wpcf7-form-control-wrap\" data-name=\"your-name\"><input size=\"40\" maxlength=\"400\" class=\"wpcf7-form-control wpcf7-text wpcf7-validates-as-required\" aria-required=\"true\" aria-invalid=\"false\" value=\"\" type=\"text\" name=\"your-name\" \/><\/span>\n<\/p>\n<p>Dat\u0119\/y urodzenia\n<\/p>\n<p><span class=\"wpcf7-form-control-wrap\" data-name=\"your-subject\"><input size=\"40\" maxlength=\"400\" class=\"wpcf7-form-control wpcf7-text wpcf7-validates-as-required\" aria-required=\"true\" aria-invalid=\"false\" value=\"\" type=\"text\" name=\"your-subject\" \/><\/span>\n<\/p>\n<p>Pesel\/e\n<\/p>\n<p><span class=\"wpcf7-form-control-wrap\" data-name=\"your-subject1\"><input size=\"40\" maxlength=\"400\" class=\"wpcf7-form-control wpcf7-text wpcf7-validates-as-required\" aria-required=\"true\" aria-invalid=\"false\" value=\"\" type=\"text\" name=\"your-subject1\" \/><\/span>\n<\/p>\n<p>Adres\/y zamieszkania\n<\/p>\n<p><span class=\"wpcf7-form-control-wrap\" data-name=\"your-subject2\"><input size=\"40\" maxlength=\"400\" class=\"wpcf7-form-control wpcf7-text wpcf7-validates-as-required\" aria-required=\"true\" aria-invalid=\"false\" value=\"\" type=\"text\" name=\"your-subject2\" \/><\/span>\n<\/p>\n<p>Numery telefon\u00f3w (do rodzic\u00f3w, gdy zg\u0142oszenie obejmuje wyjazd m\u0142odzie\u017cowy)<span class=\"wpcf7-form-control-wrap\" data-name=\"tel-187\"><input size=\"40\" maxlength=\"400\" class=\"wpcf7-form-control wpcf7-tel wpcf7-validates-as-required wpcf7-text wpcf7-validates-as-tel\" aria-required=\"true\" aria-invalid=\"false\" placeholder=\"Telefon nr 1.\" value=\"\" type=\"tel\" name=\"tel-187\" \/><\/span><span class=\"wpcf7-form-control-wrap\" data-name=\"tel-351\"><input size=\"40\" maxlength=\"400\" class=\"wpcf7-form-control wpcf7-tel wpcf7-text wpcf7-validates-as-tel\" aria-invalid=\"false\" placeholder=\"Telefon nr 2.\" value=\"\" type=\"tel\" name=\"tel-351\" \/><\/span>\n<\/p>\n<p>Adres email (do rodzic\u00f3w, gdy zg\u0142oszenie obejmuje wyjazd m\u0142odzie\u017cowy)\n<\/p>\n<p><span class=\"wpcf7-form-control-wrap\" data-name=\"your-email\"><input size=\"40\" maxlength=\"400\" class=\"wpcf7-form-control wpcf7-email wpcf7-validates-as-required wpcf7-text wpcf7-validates-as-email\" aria-required=\"true\" aria-invalid=\"false\" value=\"\" type=\"email\" name=\"your-email\" \/><\/span>\n<\/p>\n<p>Wymagana zgoda<br \/>\n<span class=\"wpcf7-form-control-wrap\" data-name=\"acceptance-443\"><span class=\"wpcf7-form-control wpcf7-acceptance\"><span class=\"wpcf7-list-item\"><label><input type=\"checkbox\" name=\"acceptance-443\" value=\"1\" aria-invalid=\"false\" \/><span class=\"wpcf7-list-item-label\">Wyra\u017cam zgod\u0119 na przetwarzanie moich danych osobowych w zakresie danych podanych w powy\u017cszym formularzu dla potrzeb realizacji cel\u00f3w Statutowych przez Stowarzyszenie Warszawskie Towarzystwo Sportowe DeSki zgodnie z europejskim rozporz\u0105dzeniem o ochronie danych osobowych z dnia 27 kwietnia 2016 r. (Dz. Urz. UE L nr 119, str. 1). R\u00f3wnocze\u015bnie o\u015bwiadczam, \u017ce poinformowano mnie o tym, \u017ce podanie moich danych osobowych jest dobrowolne, oraz o przys\u0142uguj\u0105cych mi prawach w tym w szczeg\u00f3lno\u015bci do dost\u0119pu do danych osobowych, sprostowania danych osobowych, usuni\u0119cia danych osobowych, ograniczenia przetwarzania danych osobowych, przeniesienia danych osobowych, wniesienia skargi do organu ochrony danych osobowych, cofni\u0119cia w ka\u017cdym czasie zgody bez podania przyczyny oraz bez wp\u0142ywu na przetwarzanie, kt\u00f3rego dokonano na podstawie zgody przed jej cofni\u0119ciem, a ponad to do sprzeciwu wobec przetwarzania danych.<\/span><\/label><\/span><\/span><\/span>\n<\/p>\n<p><a href=\"http:\/\/dev.deski.org\/wp-content\/uploads\/2018\/06\/INFORMACJA-o-przetwarzaniu-danych-osobowych.pdf\" target=\"_blank\">Informacja o przetwarzaniu danych przez WTS DeSki.<\/a>\n<\/p>\n<p>Zaznacz, by dostawa\u0107 informacje o obozach i zni\u017ckach<br \/>\n<span class=\"wpcf7-form-control-wrap\" data-name=\"acceptance-868\"><span class=\"wpcf7-form-control wpcf7-acceptance optional\"><span class=\"wpcf7-list-item\"><label><input type=\"checkbox\" name=\"acceptance-868\" value=\"1\" aria-invalid=\"false\" \/><span class=\"wpcf7-list-item-label\">Wyra\u017cam zgod\u0119  na przetwarzanie moich danych osobowych, w celu wysy\u0142ania informacji handlowych drog\u0105 elektroniczn\u0105 przez Stowarzyszenie Warszawskie Towarzystwo Sportowe DeSki zgodnie z europejskim rozporz\u0105dzeniem o ochronie danych osobowych z dnia 27 kwietnia 2016 r. (Dz. Urz. UE L nr 119, str. 1) oraz ustaw\u0105 z dnia 18 lipca 2002 r. o \u015bwiadczeniu us\u0142ug drog\u0105 elektroniczn\u0105 (Dz.U. 2002 nr 144 poz. 1204z zm.) R\u00f3wnocze\u015bnie o\u015bwiadczam, \u017ce poinformowano mnie o tym, \u017ce podanie moich danych osobowych jest dobrowolne, oraz o przys\u0142uguj\u0105cych mi prawach w tym w szczeg\u00f3lno\u015bci do dost\u0119pu do danych osobowych, sprostowania danych osobowych, usuni\u0119cia danych osobowych, ograniczenia przetwarzania danych osobowych, przeniesienia danych osobowych, wniesienia skargi do organu ochrony danych osobowych, cofni\u0119cia w ka\u017cdym czasie zgody bez podania przyczyny oraz bez wp\u0142ywu na przetwarzanie, kt\u00f3rego dokonano na podstawie zgody przed jej cofni\u0119ciem, a ponad to do sprzeciwu wobec przetwarzania danych.<\/span><\/label><\/span><\/span><\/span>\n<\/p>\n<p><input class=\"wpcf7-form-control wpcf7-submit has-spinner\" type=\"submit\" value=\"Wy\u015blij\" \/>\n<\/p>\n<p><u>\n\t\t<font color=\"red\"><b>UWAGA!<\/b> Je\u017celi przycisk \"wy\u015blij\" jest nieaktywny oznacza, \u017ce wymagana zgoda nie zosta\u0142a zaznaczona.\n\t\t<\/font><\/u>\n<\/p><div class=\"wpcf7-response-output\" aria-hidden=\"true\"><\/div>\n<\/form>\n<\/div>\n[\/vc_column_text][\/vc_column][\/vc_row][vc_row][vc_column width=&#8221;1\/3&#8243;]<a href=\"http:\/\/dev.deski.org\/wp-content\/uploads\/2019\/03\/Regulamin-oboz\u00f3w-narciarskich-i-snowboardowych-organizowanych-przez-Warszawskie-Towarzystwo-Sportowe-DeSki.pdf\" target=\"_blank\" class=\"button color-3 full \" style=\"border-radius: 2px;\"><i class='fa sl-emoticon-smile'><\/i>REGULAMIN OBOZ\u00d3W &#8211; pdf<\/a>[\/vc_column][vc_column width=&#8221;1\/3&#8243;]<a href=\"http:\/\/dev.deski.org\/wp-content\/uploads\/2016\/03\/karta-obozowa.pdf\" target=\"_blank\" class=\"button color-3 full \" style=\"border-radius: 2px;\"><i class='fa sl-pencil'><\/i>KARTA OBOZOWA &#8211; pdf<\/a>[\/vc_column][vc_column width=&#8221;1\/3&#8243;]<a href=\"http:\/\/dev.deski.org\/wp-content\/uploads\/2016\/08\/lista-rzeczy-do-zabrania-narty.pdf\" target=\"_blank\" class=\"button color-3 full \" style=\"border-radius: 2px;\"><i class='fa sl-list'><\/i>CO ZABRA\u0106 ZE SOB\u0104 &#8211; pdf<\/a>[\/vc_column][\/vc_row][vc_row][vc_column width=&#8221;1\/1&#8243;]<div class=\"spacer\" style=\"height: 40px;\"><\/div>[\/vc_column][\/vc_row][vc_row type=&#8221;full_width_section&#8221;][vc_column width=&#8221;1\/1&#8243;]<div class=\"single_image wpb_content_element align-left    \" data-animation=\"none\" data-delay=\"0\"><img loading=\"lazy\" decoding=\"async\" width=\"1024\" height=\"86\" src=\"http:\/\/dev.deski.org\/wp-content\/uploads\/2016\/02\/pasek-oboz-zaliczka3.jpg\" class=\"attachment-full\" alt=\"\" title=\"pasek oboz zaliczka3\" srcset=\"http:\/\/dev.deski.org\/wp-content\/uploads\/2016\/02\/pasek-oboz-zaliczka3.jpg 1024w, http:\/\/dev.deski.org\/wp-content\/uploads\/2016\/02\/pasek-oboz-zaliczka3-300x25.jpg 300w, http:\/\/dev.deski.org\/wp-content\/uploads\/2016\/02\/pasek-oboz-zaliczka3-768x64.jpg 768w\" sizes=\"auto, (max-width: 1024px) 100vw, 1024px\" \/><\/div>[\/vc_column][\/vc_row]<\/p>\n<\/div>","protected":false},"excerpt":{"rendered":"<p>[vc_row][vc_column width=&#8221;1\/1&#8243;][rev_slider_vc alias=&#8221;kurant&#8221;][vc_column_text]Termin: 12.12- 16.12.2018 Wyjazd dla\u00a0dzieci od 4 lat z rodzicami Zakwaterowanie:\u00a0\u00a0Zakopane Willa Kurant Willa Kurant to firma z tradycjami prowadzona od czterech pokole\u0144. Pocz\u0105tki si\u0119gaj\u0105 roku 1922, kiedy to nasi pradziadkowie J\u0119drzej i Agnieszka Kasprzak-Bustrycki zacz\u0119li przyjmowa\u0107 go\u015bci w prywatnych schroniskach Wy\u017cne i Betlejemka na Hali G\u0105sienicowej. Po wyw\u0142aszczeniu schronisk rodzina przenios\u0142a swoj\u0105 dzia\u0142alno\u015b\u0107 \u00a0do Zakopanego \u2013\u00a0noclegowej\u00a0i wypoczynkowej stolicy Polski, gdzie w 1970 wybudowano wille. Kontynuuj\u0105c tradycje rodzinne w 1995 willa zosta\u0142a rozbudowana, a ze wzgl\u0119du na rodzinn\u0105 kolekcj\u0119 zegar\u00f3w nazwana\u00a0WILL\u0104 KURANT. Willa KURANT usytuowana jest w rekreacyjnej cz\u0119\u015bci Zakopanego pomi\u0119dzy kompleksem\u00a0narciarskim NOSAL i kolejk\u0105 na Kasprowy Wierch. W bliskiej odleg\u0142o\u015bci od willi znajduje si\u0119\u00a0basen kryty, korty tenisa ziemnego, skocznie narciarskie i pocz\u0105tki wielu szlak\u00f3w turystycznych. www.willakurant.pl Szczeg\u00f3\u0142y wyjazdu: Cena: 1 390 z\u0142 \u2013 dziecko 490 z\u0142 \u2013 osoba doros\u0142a bez szkolenia Op\u0142ata zawiera: &#8211; zakwaterowanie w \u201eWilla Kurant &#8211; wy\u017cywienie: trzy posi\u0142ki dziennie &#8211; karnet narciarski\u00a0(4 dni) &#8211; opiek\u0119 i szkolenie (trenerzy i instruktorzy WTS DeSki) &#8211; ubezpieczenie Cena nie zawiera kosztu zakupu karnet\u00f3w narciarskich dla os\u00f3b doros\u0142ych\u00a0oraz dojazdu. Dojazd we w\u0142asnym zakresie Warunki p\u0142atno\u015bci: 1000 z\u0142 \u2013 zaliczka (od osoby) p\u0142atna w momencie zapisu na ob\u00f3z, pozosta\u0142a kwota p\u0142atna najp\u00f3\u017aniej na 21 przed rozpocz\u0119ciem obozu. Program [&hellip;]<\/p>\n","protected":false},"author":6,"featured_media":0,"parent":0,"menu_order":0,"comment_status":"closed","ping_status":"closed","template":"","meta":{"_acf_changed":false,"_mo_disable_npp":"","_vp_format_video_url":"","_vp_image_focal_point":[],"footnotes":""},"class_list":["post-3650","page","type-page","status-publish","hentry"],"acf":[],"aioseo_notices":[],"_links":{"self":[{"href":"http:\/\/dev.deski.org\/en\/wp-json\/wp\/v2\/pages\/3650","targetHints":{"allow":["GET"]}}],"collection":[{"href":"http:\/\/dev.deski.org\/en\/wp-json\/wp\/v2\/pages"}],"about":[{"href":"http:\/\/dev.deski.org\/en\/wp-json\/wp\/v2\/types\/page"}],"author":[{"embeddable":true,"href":"http:\/\/dev.deski.org\/en\/wp-json\/wp\/v2\/users\/6"}],"replies":[{"embeddable":true,"href":"http:\/\/dev.deski.org\/en\/wp-json\/wp\/v2\/comments?post=3650"}],"version-history":[{"count":11,"href":"http:\/\/dev.deski.org\/en\/wp-json\/wp\/v2\/pages\/3650\/revisions"}],"predecessor-version":[{"id":6207,"href":"http:\/\/dev.deski.org\/en\/wp-json\/wp\/v2\/pages\/3650\/revisions\/6207"}],"wp:attachment":[{"href":"http:\/\/dev.deski.org\/en\/wp-json\/wp\/v2\/media?parent=3650"}],"curies":[{"name":"wp","href":"https:\/\/api.w.org\/{rel}","templated":true}]}}