{"id":3724,"date":"2017-12-18T19:38:00","date_gmt":"2017-12-18T19:38:00","guid":{"rendered":"http:\/\/dev.deski.org\/?page_id=3724"},"modified":"2018-02-06T18:11:11","modified_gmt":"2018-02-06T18:11:11","slug":"tenisowa-majowka-2018","status":"publish","type":"page","link":"http:\/\/dev.deski.org\/en\/tenisowa-majowka-2018\/","title":{"rendered":"Tenisowa Maj\u00f3wka 2018"},"content":{"rendered":"<div class=\"wpb-content-wrapper\"><p>[vc_row][vc_column width=&#8221;1\/1&#8243;]<div class=\"spacer\" style=\"height: 40px;\"><\/div>[rev_slider_vc alias=&#8221;KorfuMajowka&#8221;][vc_column_text]Termin: <strong>28.04-05.05.2018<\/strong><br \/>\nMiejsce: <strong>Korfu (Grecja) Gelina Village 4*+<\/strong><\/p>\n<p>Wyjazd przeznaczony jest dla dzieci i m\u0142odzie\u017cy w wieku 9-17 lat (roczniki 2001-2009)<br \/>\nIlo\u015b\u0107 miejsc jest ograniczona- 16<\/p>\n<p>Kadra: <strong>Sebastian Tomaszewski<\/strong>, <strong>Piotr Michorowski<\/strong><\/p>\n<p>Program wyjazdu zak\u0142ada:<br \/>\n&#8211; 2 treningi po 1,5h dziennie plus ewentualne sparingi oraz turniej na zako\u0144czenie obozu<br \/>\n&#8211; 2 treningi og\u00f3lnorozwojowe dziennie po 1h, z czego przynajmniej jeden specjalistyczny &#8211; ukierunkowany tenisowo<br \/>\n&#8211; Czas pomi\u0119dzy treningami: p\u0142ywanie, backhand z freesbe, pi\u0142ka no\u017cna, pla\u017cowa lub inna, gry terenowe &#8211; ca\u0142y czas na &#8220;sportowo&#8221;<br \/>\n&#8211;\u00a0Dost\u0119p do pe\u0142nej infrastruktury hotelowej.<\/p>\n<p>Pierwsze\u0144stwo rezerwacji posiadaj\u0105 uczestnicy grup sportowych i szk\u00f3\u0142ek tenisowych WTS DeSki.<\/p>\n<p><strong>Szczeg\u00f3\u0142owych informacji udzielaj\u0105 trenerzy pod nr:<\/strong><br \/>\n+48 501 025 574 Sebastian<br \/>\n+48 790 027 358 Piotr<\/p>\n<p><strong>Cena: 2690 PLN<\/strong><\/p>\n<p>Warunkiem zapisu jest wp\u0142ata zaliczki w wysoko\u015bci 1500 pln do 23.12.2018 na konto WTS DeSki Raiffeisen Polbank\u00a003 1750 0009 0000 0000 0094 6567<\/p>\n<hr \/>\n<p><strong>W cenie:<\/strong><br \/>\n&#8211; bilet lotniczy, op\u0142ata lotniskowa, ubezpieczenie lotnicze<br \/>\n&#8211; zakwaterowanie w wybranym hotelu<br \/>\n&#8211; wy\u017cywienie wed\u0142ug opisu hotelu<br \/>\n&#8211; transfer lotnisko-hotel-lotnisko<br \/>\n&#8211; opieka polskoj\u0119zycznego rezydenta<br \/>\n&#8211; ubezpieczenie KL, NW, baga\u017c w &#8220;EUROPEJSKIE&#8221;<br \/>\n&#8211; podatek VAT<br \/>\n&#8211; rezerwacja 2 kort\u00f3w tenisowych w podanych godzinach: 09:00 &#8211; 12:00 i 15:00 \u2013 18:00<\/p>\n<p>Touroperator GRECOS HOLIDAY[\/vc_column_text][\/vc_column][\/vc_row][vc_row][vc_column width=&#8221;1\/1&#8243;]<div class=\"spacer\" style=\"height: 30px;\"><\/div><div class=\"single_image wpb_content_element align-left    \" data-animation=\"none\" data-delay=\"0\"><img loading=\"lazy\" decoding=\"async\" width=\"1024\" height=\"175\" src=\"http:\/\/dev.deski.org\/wp-content\/uploads\/2016\/02\/pasek-oboz-zapisz-sie.jpg\" class=\"attachment-full\" alt=\"\" title=\"pasek oboz zapisz sie\" srcset=\"http:\/\/dev.deski.org\/wp-content\/uploads\/2016\/02\/pasek-oboz-zapisz-sie.jpg 1024w, http:\/\/dev.deski.org\/wp-content\/uploads\/2016\/02\/pasek-oboz-zapisz-sie-300x51.jpg 300w, http:\/\/dev.deski.org\/wp-content\/uploads\/2016\/02\/pasek-oboz-zapisz-sie-768x131.jpg 768w\" sizes=\"auto, (max-width: 1024px) 100vw, 1024px\" \/><\/div>[vc_column_text]\n<div class=\"wpcf7 no-js\" id=\"wpcf7-f3735-o1\" lang=\"pl-PL\" dir=\"ltr\" data-wpcf7-id=\"3735\">\n<div class=\"screen-reader-response\"><p role=\"status\" aria-live=\"polite\" aria-atomic=\"true\"><\/p> <ul><\/ul><\/div>\n<form action=\"\/en\/wp-json\/wp\/v2\/pages\/3724#wpcf7-f3735-o1\" method=\"post\" class=\"wpcf7-form init\" aria-label=\"Formularz kontaktowy\" novalidate=\"novalidate\" data-status=\"init\">\n<fieldset class=\"hidden-fields-container\"><input type=\"hidden\" name=\"_wpcf7\" value=\"3735\" \/><input type=\"hidden\" name=\"_wpcf7_version\" value=\"6.1.5\" \/><input type=\"hidden\" name=\"_wpcf7_locale\" value=\"pl_PL\" \/><input type=\"hidden\" name=\"_wpcf7_unit_tag\" value=\"wpcf7-f3735-o1\" \/><input type=\"hidden\" name=\"_wpcf7_container_post\" value=\"0\" \/><input type=\"hidden\" name=\"_wpcf7_posted_data_hash\" value=\"\" \/><input type=\"hidden\" name=\"_wpcf7_recaptcha_response\" value=\"\" \/>\n<\/fieldset>\n<p>Imi\u0119\/ona i nazwisko\/a uczestnika\/\u00f3w\n<\/p>\n<p><span class=\"wpcf7-form-control-wrap\" data-name=\"your-name\"><input size=\"40\" maxlength=\"400\" class=\"wpcf7-form-control wpcf7-text wpcf7-validates-as-required\" aria-required=\"true\" aria-invalid=\"false\" value=\"\" type=\"text\" name=\"your-name\" \/><\/span>\n<\/p>\n<p>Dat\u0119\/y urodzenia\n<\/p>\n<p><span class=\"wpcf7-form-control-wrap\" data-name=\"your-subject\"><input size=\"40\" maxlength=\"400\" class=\"wpcf7-form-control wpcf7-text wpcf7-validates-as-required\" aria-required=\"true\" aria-invalid=\"false\" value=\"\" type=\"text\" name=\"your-subject\" \/><\/span>\n<\/p>\n<p>Pesel\/e\n<\/p>\n<p><span class=\"wpcf7-form-control-wrap\" data-name=\"your-subject1\"><input size=\"40\" maxlength=\"400\" class=\"wpcf7-form-control wpcf7-text wpcf7-validates-as-required\" aria-required=\"true\" aria-invalid=\"false\" value=\"\" type=\"text\" name=\"your-subject1\" \/><\/span>\n<\/p>\n<p>Adres\/y zamieszkania\n<\/p>\n<p><span class=\"wpcf7-form-control-wrap\" data-name=\"your-subject2\"><input size=\"40\" maxlength=\"400\" class=\"wpcf7-form-control wpcf7-text wpcf7-validates-as-required\" aria-required=\"true\" aria-invalid=\"false\" value=\"\" type=\"text\" name=\"your-subject2\" \/><\/span>\n<\/p>\n<p>Numer telefonu (do rodzic\u00f3w, gdy zg\u0142oszenie obejmuje wyjazd m\u0142odzie\u017cowy)<span class=\"wpcf7-form-control-wrap\" data-name=\"tel-927\"><input size=\"40\" maxlength=\"400\" class=\"wpcf7-form-control wpcf7-tel wpcf7-validates-as-required wpcf7-text wpcf7-validates-as-tel\" aria-required=\"true\" aria-invalid=\"false\" value=\"\" type=\"tel\" name=\"tel-927\" \/><\/span>\n<\/p>\n<p>Adres email (do rodzic\u00f3w, gdy zg\u0142oszenie obejmuje wyjazd m\u0142odzie\u017cowy)\n<\/p>\n<p><span class=\"wpcf7-form-control-wrap\" data-name=\"your-email\"><input size=\"40\" maxlength=\"400\" class=\"wpcf7-form-control wpcf7-email wpcf7-validates-as-required wpcf7-text wpcf7-validates-as-email\" aria-required=\"true\" aria-invalid=\"false\" value=\"\" type=\"email\" name=\"your-email\" \/><\/span>\n<\/p>\n<p><input class=\"wpcf7-form-control wpcf7-submit has-spinner\" type=\"submit\" value=\"Wy\u015blij\" \/>\n<\/p><div class=\"wpcf7-response-output\" aria-hidden=\"true\"><\/div>\n<\/form>\n<\/div>\n[\/vc_column_text][\/vc_column][\/vc_row][vc_row][vc_column width=&#8221;1\/2&#8243;]<a href=\"http:\/\/dev.deski.org\/wp-content\/uploads\/2018\/02\/Regulamin-oboz\u00f3w-tenisowych-organizowanych-przez-Warszawskie-Towarzystwo-Sportowe-DeSki.pdf\" target=\"_blank\" class=\"button color-3 full \" style=\"border-radius: 2px;\"><i class='fa sl-emoticon-smile'><\/i>REGULAMIN OBOZ\u00d3W &#8211; pdf<\/a>[\/vc_column][vc_column width=&#8221;1\/2&#8243;]<a href=\"http:\/\/dev.deski.org\/wp-content\/uploads\/2016\/05\/karta-obozowa-tenis.pdf\" target=\"_blank\" class=\"button color-3 full \" style=\"border-radius: 2px;\"><i class='fa sl-pencil'><\/i>KARTA OBOZOWA &#8211; pdf<\/a>[\/vc_column][\/vc_row][vc_row][vc_column width=&#8221;1\/1&#8243;]<div class=\"spacer\" style=\"height: 40px;\"><\/div>[\/vc_column][\/vc_row][vc_row type=&#8221;full_width_section&#8221;][vc_column width=&#8221;1\/1&#8243;]<div class=\"single_image wpb_content_element align-left    \" data-animation=\"none\" data-delay=\"0\"><img loading=\"lazy\" decoding=\"async\" width=\"1024\" height=\"86\" src=\"http:\/\/dev.deski.org\/wp-content\/uploads\/2016\/02\/pasek-oboz-zaliczka3.jpg\" class=\"attachment-full\" alt=\"\" title=\"pasek oboz zaliczka3\" srcset=\"http:\/\/dev.deski.org\/wp-content\/uploads\/2016\/02\/pasek-oboz-zaliczka3.jpg 1024w, http:\/\/dev.deski.org\/wp-content\/uploads\/2016\/02\/pasek-oboz-zaliczka3-300x25.jpg 300w, http:\/\/dev.deski.org\/wp-content\/uploads\/2016\/02\/pasek-oboz-zaliczka3-768x64.jpg 768w\" sizes=\"auto, (max-width: 1024px) 100vw, 1024px\" \/><\/div>[\/vc_column][\/vc_row]<\/p>\n<\/div>","protected":false},"excerpt":{"rendered":"<p>[vc_row][vc_column width=&#8221;1\/1&#8243;][rev_slider_vc alias=&#8221;KorfuMajowka&#8221;][vc_column_text]Termin: 28.04-05.05.2018 Miejsce: Korfu (Grecja) Gelina Village 4*+ Wyjazd przeznaczony jest dla dzieci i m\u0142odzie\u017cy w wieku 9-17 lat (roczniki 2001-2009) Ilo\u015b\u0107 miejsc jest ograniczona- 16 Kadra: Sebastian Tomaszewski, Piotr Michorowski Program wyjazdu zak\u0142ada: &#8211; 2 treningi po 1,5h dziennie plus ewentualne sparingi oraz turniej na zako\u0144czenie obozu &#8211; 2 treningi og\u00f3lnorozwojowe dziennie po 1h, z czego przynajmniej jeden specjalistyczny &#8211; ukierunkowany tenisowo &#8211; Czas pomi\u0119dzy treningami: p\u0142ywanie, backhand z freesbe, pi\u0142ka no\u017cna, pla\u017cowa lub inna, gry terenowe &#8211; ca\u0142y czas na &#8220;sportowo&#8221; &#8211;\u00a0Dost\u0119p do pe\u0142nej infrastruktury hotelowej. Pierwsze\u0144stwo rezerwacji posiadaj\u0105 uczestnicy grup sportowych i szk\u00f3\u0142ek tenisowych WTS DeSki. Szczeg\u00f3\u0142owych informacji udzielaj\u0105 trenerzy pod nr: +48 501 025 574 Sebastian +48 790 027 358 Piotr Cena: 2690 PLN Warunkiem zapisu jest wp\u0142ata zaliczki w wysoko\u015bci 1500 pln do 23.12.2018 na konto WTS DeSki Raiffeisen Polbank\u00a003 1750 0009 0000 0000 0094 6567 W cenie: &#8211; bilet lotniczy, op\u0142ata lotniskowa, ubezpieczenie lotnicze &#8211; zakwaterowanie w wybranym hotelu &#8211; wy\u017cywienie wed\u0142ug opisu hotelu &#8211; transfer lotnisko-hotel-lotnisko &#8211; opieka polskoj\u0119zycznego rezydenta &#8211; ubezpieczenie KL, NW, baga\u017c w &#8220;EUROPEJSKIE&#8221; &#8211; podatek VAT &#8211; rezerwacja 2 kort\u00f3w tenisowych w podanych godzinach: 09:00 &#8211; 12:00 i 15:00 \u2013 18:00 Touroperator GRECOS HOLIDAY[\/vc_column_text][\/vc_column][\/vc_row][vc_row][vc_column width=&#8221;1\/1&#8243;][vc_column_text][\/vc_column_text][\/vc_column][\/vc_row][vc_row][vc_column width=&#8221;1\/2&#8243;][\/vc_column][vc_column width=&#8221;1\/2&#8243;][\/vc_column][\/vc_row][vc_row][vc_column [&hellip;]<\/p>\n","protected":false},"author":6,"featured_media":0,"parent":0,"menu_order":0,"comment_status":"closed","ping_status":"closed","template":"","meta":{"_acf_changed":false,"_mo_disable_npp":"","_vp_format_video_url":"","_vp_image_focal_point":[],"footnotes":""},"class_list":["post-3724","page","type-page","status-publish","hentry"],"acf":[],"aioseo_notices":[],"_links":{"self":[{"href":"http:\/\/dev.deski.org\/en\/wp-json\/wp\/v2\/pages\/3724","targetHints":{"allow":["GET"]}}],"collection":[{"href":"http:\/\/dev.deski.org\/en\/wp-json\/wp\/v2\/pages"}],"about":[{"href":"http:\/\/dev.deski.org\/en\/wp-json\/wp\/v2\/types\/page"}],"author":[{"embeddable":true,"href":"http:\/\/dev.deski.org\/en\/wp-json\/wp\/v2\/users\/6"}],"replies":[{"embeddable":true,"href":"http:\/\/dev.deski.org\/en\/wp-json\/wp\/v2\/comments?post=3724"}],"version-history":[{"count":8,"href":"http:\/\/dev.deski.org\/en\/wp-json\/wp\/v2\/pages\/3724\/revisions"}],"predecessor-version":[{"id":3957,"href":"http:\/\/dev.deski.org\/en\/wp-json\/wp\/v2\/pages\/3724\/revisions\/3957"}],"wp:attachment":[{"href":"http:\/\/dev.deski.org\/en\/wp-json\/wp\/v2\/media?parent=3724"}],"curies":[{"name":"wp","href":"https:\/\/api.w.org\/{rel}","templated":true}]}}