{"id":3994,"date":"2018-02-07T11:14:42","date_gmt":"2018-02-07T11:14:42","guid":{"rendered":"http:\/\/dev.deski.org\/?page_id=3994"},"modified":"2018-03-17T15:24:41","modified_gmt":"2018-03-17T15:24:41","slug":"joanna-szymanska","status":"publish","type":"page","link":"http:\/\/dev.deski.org\/en\/joanna-szymanska\/","title":{"rendered":"Joanna Szyma\u0144ska"},"content":{"rendered":"<div class=\"wpb-content-wrapper\"><p>[vc_row][vc_column width=&#8221;1\/2&#8243;]<div class=\"single_image wpb_content_element align-left    \" data-animation=\"none\" data-delay=\"0\"><img loading=\"lazy\" decoding=\"async\" width=\"600\" height=\"353\" src=\"http:\/\/dev.deski.org\/wp-content\/uploads\/2018\/02\/tenis_asia.png\" class=\"attachment-full\" alt=\"\" title=\"tenis_asia\" srcset=\"http:\/\/dev.deski.org\/wp-content\/uploads\/2018\/02\/tenis_asia.png 600w, http:\/\/dev.deski.org\/wp-content\/uploads\/2018\/02\/tenis_asia-300x177.png 300w, http:\/\/dev.deski.org\/wp-content\/uploads\/2018\/02\/tenis_asia-24x14.png 24w, http:\/\/dev.deski.org\/wp-content\/uploads\/2018\/02\/tenis_asia-36x21.png 36w, http:\/\/dev.deski.org\/wp-content\/uploads\/2018\/02\/tenis_asia-48x28.png 48w\" sizes=\"auto, (max-width: 600px) 100vw, 600px\" \/><\/div><div class=\"spacer\" style=\"height: 40px;\"><\/div>[\/vc_column][vc_column width=&#8221;1\/2&#8243;][vc_column_text]<span id=\"fbPhotoSnowliftCaption\" class=\"fbPhotosPhotoCaption\" tabindex=\"0\" data-ft=\"{&quot;tn&quot;:&quot;K&quot;}\"><span class=\"hasCaption\">Urodzi\u0142a si\u0119 w 1992 r. w Tomaszowie Mazowieckim. Obecnie jest studentk\u0105 V roku fizjoterapii w Akademii Wychowania Fizycznego J\u00f3zefa Pi\u0142sudskiego w Warszawie.<\/span><\/span><\/p>\n<p>Trener II klasy tenisa ziemnego, zwi\u0105zana z tym sportem od najm\u0142odszych lat \u017cycia. Wielokrotna uczestniczka Amatorskich Mistrzostw Polski i laureatka Amatorskich Tenisowych Mistrzostw Polski w rodzinnych mikstach i deblach. Wsp\u00f3\u0142prac\u0119 z DeSkami rozpocz\u0119\u0142a we wrze\u015bniu 2016 roku. Obecnie opiekuje si\u0119 m\u0142odszymi grupami Urwisk\u00f3w w Akademii.<br \/>\nJej zainteresowania to fizjoterapia pediatryczna, bieganie, literatura wsp\u00f3\u0142czesna.[\/vc_column_text][\/vc_column][\/vc_row]<\/p>\n<\/div>","protected":false},"excerpt":{"rendered":"<p>[vc_row][vc_column width=&#8221;1\/2&#8243;][\/vc_column][vc_column width=&#8221;1\/2&#8243;][vc_column_text]Urodzi\u0142a si\u0119 w 1992 r. w Tomaszowie Mazowieckim. Obecnie jest studentk\u0105 V roku fizjoterapii w Akademii Wychowania Fizycznego J\u00f3zefa Pi\u0142sudskiego w Warszawie. Trener II klasy tenisa ziemnego, zwi\u0105zana z tym sportem od najm\u0142odszych lat \u017cycia. Wielokrotna uczestniczka Amatorskich Mistrzostw Polski i laureatka Amatorskich Tenisowych Mistrzostw Polski w rodzinnych mikstach i deblach. Wsp\u00f3\u0142prac\u0119 z DeSkami rozpocz\u0119\u0142a we wrze\u015bniu 2016 roku. Obecnie opiekuje si\u0119 m\u0142odszymi grupami Urwisk\u00f3w w Akademii. Jej zainteresowania to fizjoterapia pediatryczna, bieganie, literatura wsp\u00f3\u0142czesna.[\/vc_column_text][\/vc_column][\/vc_row]<\/p>\n","protected":false},"author":6,"featured_media":0,"parent":0,"menu_order":0,"comment_status":"closed","ping_status":"closed","template":"","meta":{"_acf_changed":false,"_mo_disable_npp":"","_vp_format_video_url":"","_vp_image_focal_point":[],"footnotes":""},"class_list":["post-3994","page","type-page","status-publish","hentry"],"acf":[],"aioseo_notices":[],"_links":{"self":[{"href":"http:\/\/dev.deski.org\/en\/wp-json\/wp\/v2\/pages\/3994","targetHints":{"allow":["GET"]}}],"collection":[{"href":"http:\/\/dev.deski.org\/en\/wp-json\/wp\/v2\/pages"}],"about":[{"href":"http:\/\/dev.deski.org\/en\/wp-json\/wp\/v2\/types\/page"}],"author":[{"embeddable":true,"href":"http:\/\/dev.deski.org\/en\/wp-json\/wp\/v2\/users\/6"}],"replies":[{"embeddable":true,"href":"http:\/\/dev.deski.org\/en\/wp-json\/wp\/v2\/comments?post=3994"}],"version-history":[{"count":2,"href":"http:\/\/dev.deski.org\/en\/wp-json\/wp\/v2\/pages\/3994\/revisions"}],"predecessor-version":[{"id":4149,"href":"http:\/\/dev.deski.org\/en\/wp-json\/wp\/v2\/pages\/3994\/revisions\/4149"}],"wp:attachment":[{"href":"http:\/\/dev.deski.org\/en\/wp-json\/wp\/v2\/media?parent=3994"}],"curies":[{"name":"wp","href":"https:\/\/api.w.org\/{rel}","templated":true}]}}