{"id":4082,"date":"2018-03-15T19:49:35","date_gmt":"2018-03-15T19:49:35","guid":{"rendered":"http:\/\/dev.deski.org\/?page_id=4082"},"modified":"2018-03-21T21:46:30","modified_gmt":"2018-03-21T21:46:30","slug":"zakonczenie-sezonu-narciarskiego-w-st-pleso","status":"publish","type":"page","link":"http:\/\/dev.deski.org\/en\/zakonczenie-sezonu-narciarskiego-w-st-pleso\/","title":{"rendered":"Zako\u0144czenie sezonu narciarskiego w St. Pleso"},"content":{"rendered":"<div class=\"wpb-content-wrapper\"><p>[vc_row][vc_column width=&#8221;1\/1&#8243;][rev_slider alias=&#8221;Zakonczenie sezonu&#8221;]<div class=\"spacer\" style=\"height: 20px;\"><\/div>[vc_column_text]<\/p>\n<h2 style=\"text-align: center;\"><strong>Zako\u0144czenie sezonu narciarskiego w St. Pleso ( SVK) dla wszystkich kategorii wiekowych i rocznik\u00f3w (rodzice mile widziani).<br \/>\n<\/strong><strong>Trening na bramkach + zawody o Puchar Prezesa WTS DeSki<\/strong><\/h2>\n<p>Termin:\u00a05-8.04.2018<\/p>\n<p><strong>Cena:<\/strong><br \/>\nDziecko 1\u00a0450 z\u0142<br \/>\nDoros\u0142y 1\u00a0550 z\u0142<\/p>\n<p><strong>Cena zawiera:<\/strong><br \/>\n&#8211; 3 noclegi z wy\u017cywieniem<br \/>\n&#8211; 3 dniowy karnet narciarski<br \/>\n&#8211; szkolenie i opieka,<br \/>\n&#8211; trening na tyczkach<br \/>\n&#8211; zaj\u0119cia sportowe poza stokiem<br \/>\n&#8211; transport<br \/>\n&#8211; ubezpieczenie<\/p>\n<p><strong>Jak si\u0119 zapisa\u0107?<\/strong><b><u><\/u><u><\/u><\/b><\/p>\n<p>&#8211; Wype\u0142ni\u0107 formularz zg\u0142oszeniowy<br \/>\n&#8211; Dokona\u0107 wp\u0142aty\u00a0wp\u0142aty ca\u0142ej kwoty\u00a0w biurze lub na konto klubu w ci\u0105gu 7 dni od momentu zapisu (w tytule poda\u0107 imi\u0119 i nazwisko, oraz kt\u00f3ry wyjazd)[\/vc_column_text][\/vc_column][\/vc_row][vc_row][vc_column width=&#8221;1\/1&#8243;]<div class=\"spacer\" style=\"height: 30px;\"><\/div><div class=\"single_image wpb_content_element align-left    \" data-animation=\"none\" data-delay=\"0\"><img loading=\"lazy\" decoding=\"async\" width=\"1024\" height=\"97\" src=\"http:\/\/dev.deski.org\/wp-content\/uploads\/2016\/12\/pasek-npm-form.jpg\" class=\"attachment-full\" alt=\"\" title=\"pasek npm form\" srcset=\"http:\/\/dev.deski.org\/wp-content\/uploads\/2016\/12\/pasek-npm-form.jpg 1024w, http:\/\/dev.deski.org\/wp-content\/uploads\/2016\/12\/pasek-npm-form-300x28.jpg 300w, http:\/\/dev.deski.org\/wp-content\/uploads\/2016\/12\/pasek-npm-form-24x2.jpg 24w, http:\/\/dev.deski.org\/wp-content\/uploads\/2016\/12\/pasek-npm-form-36x3.jpg 36w, http:\/\/dev.deski.org\/wp-content\/uploads\/2016\/12\/pasek-npm-form-48x5.jpg 48w\" sizes=\"auto, (max-width: 1024px) 100vw, 1024px\" \/><\/div>[vc_column_text]<p class=\"wpcf7-contact-form-not-found\"><strong>Error:<\/strong> Contact form not found.<\/p>[\/vc_column_text][\/vc_column][\/vc_row][vc_row][vc_column width=&#8221;1\/3&#8243;]<a href=\"http:\/\/\" target=\"_blank\" class=\"button color-3 full \" style=\"border-radius: 2px;\"><i class='fa sl-emoticon-smile'><\/i>REGULAMIN OBOZ\u00d3W &#8211; pdf<\/a>[\/vc_column][vc_column width=&#8221;1\/3&#8243;]<a href=\"http:\/\/\" target=\"_blank\" class=\"button color-3 full \" style=\"border-radius: 2px;\"><i class='fa sl-pencil'><\/i>KARTA OBOZOWA &#8211; pdf<\/a>[\/vc_column][vc_column width=&#8221;1\/3&#8243;]<a href=\"http:\/\/\" target=\"_blank\" class=\"button color-3 full \" style=\"border-radius: 2px;\"><i class='fa sl-list'><\/i>CO ZABRA\u0106 ZE SOB\u0104 &#8211; pdf<\/a>[\/vc_column][\/vc_row][vc_row][vc_column width=&#8221;1\/1&#8243;]<div class=\"spacer\" style=\"height: 40px;\"><\/div>[\/vc_column][\/vc_row][vc_row type=&#8221;full_width_section&#8221;][vc_column width=&#8221;1\/1&#8243;]<div class=\"single_image wpb_content_element align-left    \" data-animation=\"none\" data-delay=\"0\"><img loading=\"lazy\" decoding=\"async\" width=\"1024\" height=\"86\" src=\"http:\/\/dev.deski.org\/wp-content\/uploads\/2016\/02\/pasek-oboz-zaliczka3.jpg\" class=\"attachment-full\" alt=\"\" title=\"pasek oboz zaliczka3\" srcset=\"http:\/\/dev.deski.org\/wp-content\/uploads\/2016\/02\/pasek-oboz-zaliczka3.jpg 1024w, http:\/\/dev.deski.org\/wp-content\/uploads\/2016\/02\/pasek-oboz-zaliczka3-300x25.jpg 300w, http:\/\/dev.deski.org\/wp-content\/uploads\/2016\/02\/pasek-oboz-zaliczka3-768x64.jpg 768w\" sizes=\"auto, (max-width: 1024px) 100vw, 1024px\" \/><\/div>[\/vc_column][\/vc_row]<\/p>\n<\/div>","protected":false},"excerpt":{"rendered":"<p>[vc_row][vc_column width=&#8221;1\/1&#8243;][rev_slider alias=&#8221;Zakonczenie sezonu&#8221;][vc_column_text] Zako\u0144czenie sezonu narciarskiego w St. Pleso ( SVK) dla wszystkich kategorii wiekowych i rocznik\u00f3w (rodzice mile widziani). Trening na bramkach + zawody o Puchar Prezesa WTS DeSki Termin:\u00a05-8.04.2018 Cena: Dziecko 1\u00a0450 z\u0142 Doros\u0142y 1\u00a0550 z\u0142 Cena zawiera: &#8211; 3 noclegi z wy\u017cywieniem &#8211; 3 dniowy karnet narciarski &#8211; szkolenie i opieka, &#8211; trening na tyczkach &#8211; zaj\u0119cia sportowe poza stokiem &#8211; transport &#8211; ubezpieczenie Jak si\u0119 zapisa\u0107? &#8211; Wype\u0142ni\u0107 formularz zg\u0142oszeniowy &#8211; Dokona\u0107 wp\u0142aty\u00a0wp\u0142aty ca\u0142ej kwoty\u00a0w biurze lub na konto klubu w ci\u0105gu 7 dni od momentu zapisu (w tytule poda\u0107 imi\u0119 i nazwisko, oraz kt\u00f3ry wyjazd)[\/vc_column_text][\/vc_column][\/vc_row][vc_row][vc_column width=&#8221;1\/1&#8243;][vc_column_text][\/vc_column_text][\/vc_column][\/vc_row][vc_row][vc_column width=&#8221;1\/3&#8243;][\/vc_column][vc_column width=&#8221;1\/3&#8243;][\/vc_column][vc_column width=&#8221;1\/3&#8243;][\/vc_column][\/vc_row][vc_row][vc_column width=&#8221;1\/1&#8243;][\/vc_column][\/vc_row][vc_row type=&#8221;full_width_section&#8221;][vc_column width=&#8221;1\/1&#8243;][\/vc_column][\/vc_row]<\/p>\n","protected":false},"author":6,"featured_media":0,"parent":0,"menu_order":0,"comment_status":"closed","ping_status":"closed","template":"","meta":{"_acf_changed":false,"_mo_disable_npp":"","_vp_format_video_url":"","_vp_image_focal_point":[],"footnotes":""},"class_list":["post-4082","page","type-page","status-publish","hentry"],"acf":[],"aioseo_notices":[],"_links":{"self":[{"href":"http:\/\/dev.deski.org\/en\/wp-json\/wp\/v2\/pages\/4082","targetHints":{"allow":["GET"]}}],"collection":[{"href":"http:\/\/dev.deski.org\/en\/wp-json\/wp\/v2\/pages"}],"about":[{"href":"http:\/\/dev.deski.org\/en\/wp-json\/wp\/v2\/types\/page"}],"author":[{"embeddable":true,"href":"http:\/\/dev.deski.org\/en\/wp-json\/wp\/v2\/users\/6"}],"replies":[{"embeddable":true,"href":"http:\/\/dev.deski.org\/en\/wp-json\/wp\/v2\/comments?post=4082"}],"version-history":[{"count":18,"href":"http:\/\/dev.deski.org\/en\/wp-json\/wp\/v2\/pages\/4082\/revisions"}],"predecessor-version":[{"id":4253,"href":"http:\/\/dev.deski.org\/en\/wp-json\/wp\/v2\/pages\/4082\/revisions\/4253"}],"wp:attachment":[{"href":"http:\/\/dev.deski.org\/en\/wp-json\/wp\/v2\/media?parent=4082"}],"curies":[{"name":"wp","href":"https:\/\/api.w.org\/{rel}","templated":true}]}}