{"id":4089,"date":"2018-03-15T20:08:53","date_gmt":"2018-03-15T20:08:53","guid":{"rendered":"http:\/\/dev.deski.org\/?page_id=4089"},"modified":"2018-03-21T10:50:24","modified_gmt":"2018-03-21T10:50:24","slug":"summer-ski-campy-w-bormio-1","status":"publish","type":"page","link":"http:\/\/dev.deski.org\/en\/summer-ski-campy-w-bormio-1\/","title":{"rendered":"Summer Ski Camp w Bormio 1"},"content":{"rendered":"<div class=\"wpb-content-wrapper\"><p>[vc_row][vc_column width=&#8221;1\/1&#8243;][rev_slider alias=&#8221;letnie obozy_bormio&#8221;]<div class=\"spacer\" style=\"height: 20px;\"><\/div>[vc_column_text]<\/p>\n<h2 style=\"text-align: center;\">Summer Ski Camp w Bormio (Lodowiec Stilferjoch, ITA) dla rocznik\u00f3w 2010 i starszych<\/h2>\n<p><strong>Termin:<\/strong><br \/>\n09-16.06.2018<\/p>\n<p><strong>Cena:<\/strong><br \/>\n3\u00a0590 z\u0142 \/ 3 490 z\u0142 cz\u0142onkowie klubu<\/p>\n<p><strong>Cena zawiera:<\/strong><br \/>\n&#8211; 7 nocleg\u00f3w z wy\u017cywieniem,<br \/>\n&#8211; 6 dniowy karnet narciarski,<br \/>\n&#8211; szkolenie i opieka,<br \/>\n&#8211; doskonalenie techniki na nartach,<br \/>\n&#8211; specjalistyczny trening na tyczkach,<br \/>\n&#8211; wycieczki g\u00f3rskie, k\u0105piele w naturalnych \u017ar\u00f3d\u0142ach termalnych (38\u00ba C )<br \/>\n&#8211; zaj\u0119cia sportowe poza stokiem,<br \/>\n&#8211; transport,<br \/>\n&#8211; ubezpieczenie<\/p>\n<p><strong>Jak si\u0119 zapisa\u0107?<br \/>\n<\/strong>&#8211; Wype\u0142ni\u0107 formularz zg\u0142oszeniowy<br \/>\n&#8211; Dokona\u0107 wp\u0142aty zaliczki (1 500 z\u0142) w biurze lub na konto klubu w ci\u0105gu 7 dni od momentu zapisu ( w tytule poda\u0107 imi\u0119 i nazwisko, oraz kt\u00f3ry wyjazd)<u><\/u><u><\/u><\/p>\n<p>II rat\u0119 nale\u017cy wp\u0142aci\u0107 na 21 dni przed rozpocz\u0119ciem wyjazdu[\/vc_column_text][\/vc_column][\/vc_row][vc_row][vc_column width=&#8221;1\/1&#8243;]<div class=\"spacer\" style=\"height: 30px;\"><\/div><div class=\"single_image wpb_content_element align-left    \" data-animation=\"none\" data-delay=\"0\"><img loading=\"lazy\" decoding=\"async\" width=\"1024\" height=\"97\" src=\"http:\/\/dev.deski.org\/wp-content\/uploads\/2016\/12\/pasek-npm-form.jpg\" class=\"attachment-full\" alt=\"\" title=\"pasek npm form\" srcset=\"http:\/\/dev.deski.org\/wp-content\/uploads\/2016\/12\/pasek-npm-form.jpg 1024w, http:\/\/dev.deski.org\/wp-content\/uploads\/2016\/12\/pasek-npm-form-300x28.jpg 300w, http:\/\/dev.deski.org\/wp-content\/uploads\/2016\/12\/pasek-npm-form-24x2.jpg 24w, http:\/\/dev.deski.org\/wp-content\/uploads\/2016\/12\/pasek-npm-form-36x3.jpg 36w, http:\/\/dev.deski.org\/wp-content\/uploads\/2016\/12\/pasek-npm-form-48x5.jpg 48w\" sizes=\"auto, (max-width: 1024px) 100vw, 1024px\" \/><\/div>[vc_column_text]<p class=\"wpcf7-contact-form-not-found\"><strong>Error:<\/strong> Contact form not found.<\/p>[\/vc_column_text][\/vc_column][\/vc_row][vc_row][vc_column width=&#8221;1\/3&#8243;]<a href=\"http:\/\/\" target=\"_blank\" class=\"button color-3 full \" style=\"border-radius: 2px;\"><i class='fa sl-emoticon-smile'><\/i>REGULAMIN OBOZ\u00d3W &#8211; pdf<\/a>[\/vc_column][vc_column width=&#8221;1\/3&#8243;]<a href=\"http:\/\/\" target=\"_blank\" class=\"button color-3 full \" style=\"border-radius: 2px;\"><i class='fa sl-pencil'><\/i>KARTA OBOZOWA &#8211; pdf<\/a>[\/vc_column][vc_column width=&#8221;1\/3&#8243;]<a href=\"http:\/\/\" target=\"_blank\" class=\"button color-3 full \" style=\"border-radius: 2px;\"><i class='fa sl-list'><\/i>CO ZABRA\u0106 ZE SOB\u0104 &#8211; pdf<\/a>[\/vc_column][\/vc_row][vc_row][vc_column width=&#8221;1\/1&#8243;]<div class=\"spacer\" style=\"height: 40px;\"><\/div>[\/vc_column][\/vc_row][vc_row type=&#8221;full_width_section&#8221;][vc_column width=&#8221;1\/1&#8243;]<div class=\"single_image wpb_content_element align-left    \" data-animation=\"none\" data-delay=\"0\"><img loading=\"lazy\" decoding=\"async\" width=\"1024\" height=\"86\" src=\"http:\/\/dev.deski.org\/wp-content\/uploads\/2016\/02\/pasek-oboz-zaliczka3.jpg\" class=\"attachment-full\" alt=\"\" title=\"pasek oboz zaliczka3\" srcset=\"http:\/\/dev.deski.org\/wp-content\/uploads\/2016\/02\/pasek-oboz-zaliczka3.jpg 1024w, http:\/\/dev.deski.org\/wp-content\/uploads\/2016\/02\/pasek-oboz-zaliczka3-300x25.jpg 300w, http:\/\/dev.deski.org\/wp-content\/uploads\/2016\/02\/pasek-oboz-zaliczka3-768x64.jpg 768w\" sizes=\"auto, (max-width: 1024px) 100vw, 1024px\" \/><\/div>[\/vc_column][\/vc_row]<\/p>\n<\/div>","protected":false},"excerpt":{"rendered":"<p>[vc_row][vc_column width=&#8221;1\/1&#8243;][rev_slider alias=&#8221;letnie obozy_bormio&#8221;][vc_column_text] Summer Ski Camp w Bormio (Lodowiec Stilferjoch, ITA) dla rocznik\u00f3w 2010 i starszych Termin: 09-16.06.2018 Cena: 3\u00a0590 z\u0142 \/ 3 490 z\u0142 cz\u0142onkowie klubu Cena zawiera: &#8211; 7 nocleg\u00f3w z wy\u017cywieniem, &#8211; 6 dniowy karnet narciarski, &#8211; szkolenie i opieka, &#8211; doskonalenie techniki na nartach, &#8211; specjalistyczny trening na tyczkach, &#8211; wycieczki g\u00f3rskie, k\u0105piele w naturalnych \u017ar\u00f3d\u0142ach termalnych (38\u00ba C ) &#8211; zaj\u0119cia sportowe poza stokiem, &#8211; transport, &#8211; ubezpieczenie Jak si\u0119 zapisa\u0107? &#8211; Wype\u0142ni\u0107 formularz zg\u0142oszeniowy &#8211; Dokona\u0107 wp\u0142aty zaliczki (1 500 z\u0142) w biurze lub na konto klubu w ci\u0105gu 7 dni od momentu zapisu ( w tytule poda\u0107 imi\u0119 i nazwisko, oraz kt\u00f3ry wyjazd) II rat\u0119 nale\u017cy wp\u0142aci\u0107 na 21 dni przed rozpocz\u0119ciem wyjazdu[\/vc_column_text][\/vc_column][\/vc_row][vc_row][vc_column width=&#8221;1\/1&#8243;][vc_column_text][\/vc_column_text][\/vc_column][\/vc_row][vc_row][vc_column width=&#8221;1\/3&#8243;][\/vc_column][vc_column width=&#8221;1\/3&#8243;][\/vc_column][vc_column width=&#8221;1\/3&#8243;][\/vc_column][\/vc_row][vc_row][vc_column width=&#8221;1\/1&#8243;][\/vc_column][\/vc_row][vc_row type=&#8221;full_width_section&#8221;][vc_column width=&#8221;1\/1&#8243;][\/vc_column][\/vc_row]<\/p>\n","protected":false},"author":6,"featured_media":0,"parent":0,"menu_order":0,"comment_status":"closed","ping_status":"closed","template":"","meta":{"_acf_changed":false,"_mo_disable_npp":"","_vp_format_video_url":"","_vp_image_focal_point":[],"footnotes":""},"class_list":["post-4089","page","type-page","status-publish","hentry"],"acf":[],"aioseo_notices":[],"_links":{"self":[{"href":"http:\/\/dev.deski.org\/en\/wp-json\/wp\/v2\/pages\/4089","targetHints":{"allow":["GET"]}}],"collection":[{"href":"http:\/\/dev.deski.org\/en\/wp-json\/wp\/v2\/pages"}],"about":[{"href":"http:\/\/dev.deski.org\/en\/wp-json\/wp\/v2\/types\/page"}],"author":[{"embeddable":true,"href":"http:\/\/dev.deski.org\/en\/wp-json\/wp\/v2\/users\/6"}],"replies":[{"embeddable":true,"href":"http:\/\/dev.deski.org\/en\/wp-json\/wp\/v2\/comments?post=4089"}],"version-history":[{"count":8,"href":"http:\/\/dev.deski.org\/en\/wp-json\/wp\/v2\/pages\/4089\/revisions"}],"predecessor-version":[{"id":4225,"href":"http:\/\/dev.deski.org\/en\/wp-json\/wp\/v2\/pages\/4089\/revisions\/4225"}],"wp:attachment":[{"href":"http:\/\/dev.deski.org\/en\/wp-json\/wp\/v2\/media?parent=4089"}],"curies":[{"name":"wp","href":"https:\/\/api.w.org\/{rel}","templated":true}]}}