{"id":4093,"date":"2018-03-15T20:11:32","date_gmt":"2018-03-15T20:11:32","guid":{"rendered":"http:\/\/dev.deski.org\/?page_id=4093"},"modified":"2018-06-22T20:11:34","modified_gmt":"2018-06-22T20:11:34","slug":"summer-ski-camp-w-bormio-2","status":"publish","type":"page","link":"http:\/\/dev.deski.org\/en\/summer-ski-camp-w-bormio-2\/","title":{"rendered":"Summer Ski Camp w Hintertux"},"content":{"rendered":"<div class=\"wpb-content-wrapper\"><p>[vc_row][vc_column][rev_slider alias=&#8221;letnie obozy_bormio&#8221;]<div class=\"spacer\" style=\"height: 20px;\"><\/div>[vc_column_text]<\/p>\n<h2 style=\"text-align: center;\">Summer Ski Camp w Hintertux\u00a0dla dzieci z rocznik\u00f3w 2003-2009<\/h2>\n<p><strong>Termin:\u00a0<\/strong>16 &#8211; 23.07.2018<\/p>\n<p><strong>Zakwaterowanie:<\/strong> Pension Reuttenhof &#8211; <a href=\"http:\/\/www.reuttenhof.at\/\" target=\"_blank\" rel=\"noopener\">www.reuttenhof.at<\/a><\/p>\n<p><strong>Cena:<\/strong> 3 090 z\u0142<br \/>\nCena wyjazdu zawiera:<br \/>\n&#8211; zakwaterowanie<br \/>\n&#8211; wy\u017cywienie: dwa posi\u0142ki dziennie (\u015bniadanie i obiadokolacja)<br \/>\n&#8211; 6-dniowy karnet narciarski<br \/>\n&#8211; opiek\u0119 i szkolenie (trenerzy i instruktorzy WTS DeSki)<br \/>\n&#8211; transport<br \/>\n&#8211; ubezpieczenie (KL, NNW, OC)<br \/>\n&#8211; serwis nart<\/p>\n<p>Cena nie zawiera kosztu dodatkowych posi\u0142k\u00f3w na stoku<\/p>\n<p>* Uwaga: cena wyjazdu mo\u017ce ulec zmianie przy wzro\u015bcie kursu euro ponad 4,40 z\u0142.<\/p>\n<p><strong>Jak si\u0119 zapisa\u0107?<br \/>\n<\/strong>&#8211; Wype\u0142ni\u0107 formularz zg\u0142oszeniowy<br \/>\n&#8211; Dokona\u0107 wp\u0142aty zaliczki (1 500 z\u0142) w biurze lub na konto klubu w ci\u0105gu 7 dni od momentu zapisu ( w tytule poda\u0107 imi\u0119 i nazwisko, oraz kt\u00f3ry wyjazd)<u><\/u><u><\/u><\/p>\n<p>II rat\u0119 nale\u017cy wp\u0142aci\u0107 na 21 dni przed rozpocz\u0119ciem wyjazdu[\/vc_column_text][\/vc_column][\/vc_row][vc_row][vc_column width=&#8221;1\/1&#8243;]<div class=\"spacer\" style=\"height: 30px;\"><\/div><div class=\"single_image wpb_content_element align-left    \" data-animation=\"none\" data-delay=\"0\"><img loading=\"lazy\" decoding=\"async\" width=\"1024\" height=\"97\" src=\"http:\/\/dev.deski.org\/wp-content\/uploads\/2016\/12\/pasek-npm-form.jpg\" class=\"attachment-full\" alt=\"\" title=\"pasek npm form\" srcset=\"http:\/\/dev.deski.org\/wp-content\/uploads\/2016\/12\/pasek-npm-form.jpg 1024w, http:\/\/dev.deski.org\/wp-content\/uploads\/2016\/12\/pasek-npm-form-300x28.jpg 300w, http:\/\/dev.deski.org\/wp-content\/uploads\/2016\/12\/pasek-npm-form-24x2.jpg 24w, http:\/\/dev.deski.org\/wp-content\/uploads\/2016\/12\/pasek-npm-form-36x3.jpg 36w, http:\/\/dev.deski.org\/wp-content\/uploads\/2016\/12\/pasek-npm-form-48x5.jpg 48w\" sizes=\"auto, (max-width: 1024px) 100vw, 1024px\" \/><\/div>[vc_column_text]<p class=\"wpcf7-contact-form-not-found\"><strong>Error:<\/strong> Contact form not found.<\/p>[\/vc_column_text][\/vc_column][\/vc_row][vc_row][vc_column width=&#8221;1\/3&#8243;]<a href=\"http:\/\/\" target=\"_blank\" class=\"button color-3 full \" style=\"border-radius: 2px;\"><i class='fa sl-emoticon-smile'><\/i>REGULAMIN OBOZ\u00d3W &#8211; pdf<\/a>[\/vc_column][vc_column width=&#8221;1\/3&#8243;]<a href=\"http:\/\/\" target=\"_blank\" class=\"button color-3 full \" style=\"border-radius: 2px;\"><i class='fa sl-pencil'><\/i>KARTA OBOZOWA &#8211; pdf<\/a>[\/vc_column][vc_column width=&#8221;1\/3&#8243;]<a href=\"http:\/\/\" target=\"_blank\" class=\"button color-3 full \" style=\"border-radius: 2px;\"><i class='fa sl-list'><\/i>CO ZABRA\u0106 ZE SOB\u0104 &#8211; pdf<\/a>[\/vc_column][\/vc_row][vc_row][vc_column width=&#8221;1\/1&#8243;]<div class=\"spacer\" style=\"height: 40px;\"><\/div>[\/vc_column][\/vc_row][vc_row type=&#8221;full_width_section&#8221;][vc_column width=&#8221;1\/1&#8243;]<div class=\"single_image wpb_content_element align-left    \" data-animation=\"none\" data-delay=\"0\"><img loading=\"lazy\" decoding=\"async\" width=\"1024\" height=\"86\" src=\"http:\/\/dev.deski.org\/wp-content\/uploads\/2016\/02\/pasek-oboz-zaliczka3.jpg\" class=\"attachment-full\" alt=\"\" title=\"pasek oboz zaliczka3\" srcset=\"http:\/\/dev.deski.org\/wp-content\/uploads\/2016\/02\/pasek-oboz-zaliczka3.jpg 1024w, http:\/\/dev.deski.org\/wp-content\/uploads\/2016\/02\/pasek-oboz-zaliczka3-300x25.jpg 300w, http:\/\/dev.deski.org\/wp-content\/uploads\/2016\/02\/pasek-oboz-zaliczka3-768x64.jpg 768w\" sizes=\"auto, (max-width: 1024px) 100vw, 1024px\" \/><\/div>[\/vc_column][\/vc_row]<\/p>\n<\/div>","protected":false},"excerpt":{"rendered":"<p>[vc_row][vc_column][rev_slider alias=&#8221;letnie obozy_bormio&#8221;][vc_column_text] Summer Ski Camp w Hintertux\u00a0dla dzieci z rocznik\u00f3w 2003-2009 Termin:\u00a016 &#8211; 23.07.2018 Zakwaterowanie: Pension Reuttenhof &#8211; www.reuttenhof.at Cena: 3 090 z\u0142 Cena wyjazdu zawiera: &#8211; zakwaterowanie &#8211; wy\u017cywienie: dwa posi\u0142ki dziennie (\u015bniadanie i obiadokolacja) &#8211; 6-dniowy karnet narciarski &#8211; opiek\u0119 i szkolenie (trenerzy i instruktorzy WTS DeSki) &#8211; transport &#8211; ubezpieczenie (KL, NNW, OC) &#8211; serwis nart Cena nie zawiera kosztu dodatkowych posi\u0142k\u00f3w na stoku * Uwaga: cena wyjazdu mo\u017ce ulec zmianie przy wzro\u015bcie kursu euro ponad 4,40 z\u0142. Jak si\u0119 zapisa\u0107? &#8211; Wype\u0142ni\u0107 formularz zg\u0142oszeniowy &#8211; Dokona\u0107 wp\u0142aty zaliczki (1 500 z\u0142) w biurze lub na konto klubu w ci\u0105gu 7 dni od momentu zapisu ( w tytule poda\u0107 imi\u0119 i nazwisko, oraz kt\u00f3ry wyjazd) II rat\u0119 nale\u017cy wp\u0142aci\u0107 na 21 dni przed rozpocz\u0119ciem wyjazdu[\/vc_column_text][\/vc_column][\/vc_row][vc_row][vc_column width=&#8221;1\/1&#8243;][vc_column_text][\/vc_column_text][\/vc_column][\/vc_row][vc_row][vc_column width=&#8221;1\/3&#8243;][\/vc_column][vc_column width=&#8221;1\/3&#8243;][\/vc_column][vc_column width=&#8221;1\/3&#8243;][\/vc_column][\/vc_row][vc_row][vc_column width=&#8221;1\/1&#8243;][\/vc_column][\/vc_row][vc_row type=&#8221;full_width_section&#8221;][vc_column width=&#8221;1\/1&#8243;][\/vc_column][\/vc_row]<\/p>\n","protected":false},"author":6,"featured_media":0,"parent":0,"menu_order":0,"comment_status":"closed","ping_status":"closed","template":"","meta":{"_acf_changed":false,"_mo_disable_npp":"","_vp_format_video_url":"","_vp_image_focal_point":[],"footnotes":""},"class_list":["post-4093","page","type-page","status-publish","hentry"],"acf":[],"aioseo_notices":[],"_links":{"self":[{"href":"http:\/\/dev.deski.org\/en\/wp-json\/wp\/v2\/pages\/4093","targetHints":{"allow":["GET"]}}],"collection":[{"href":"http:\/\/dev.deski.org\/en\/wp-json\/wp\/v2\/pages"}],"about":[{"href":"http:\/\/dev.deski.org\/en\/wp-json\/wp\/v2\/types\/page"}],"author":[{"embeddable":true,"href":"http:\/\/dev.deski.org\/en\/wp-json\/wp\/v2\/users\/6"}],"replies":[{"embeddable":true,"href":"http:\/\/dev.deski.org\/en\/wp-json\/wp\/v2\/comments?post=4093"}],"version-history":[{"count":11,"href":"http:\/\/dev.deski.org\/en\/wp-json\/wp\/v2\/pages\/4093\/revisions"}],"predecessor-version":[{"id":4880,"href":"http:\/\/dev.deski.org\/en\/wp-json\/wp\/v2\/pages\/4093\/revisions\/4880"}],"wp:attachment":[{"href":"http:\/\/dev.deski.org\/en\/wp-json\/wp\/v2\/media?parent=4093"}],"curies":[{"name":"wp","href":"https:\/\/api.w.org\/{rel}","templated":true}]}}