{"id":4097,"date":"2018-03-15T21:50:28","date_gmt":"2018-03-15T21:50:28","guid":{"rendered":"http:\/\/dev.deski.org\/?page_id=4097"},"modified":"2018-03-21T10:53:07","modified_gmt":"2018-03-21T10:53:07","slug":"oboz-kondycyjny-w-bazie-deski-na-helu","status":"publish","type":"page","link":"http:\/\/dev.deski.org\/en\/oboz-kondycyjny-w-bazie-deski-na-helu\/","title":{"rendered":"Ob\u00f3z kondycyjny w Bazie DeSki na Helu"},"content":{"rendered":"<div class=\"wpb-content-wrapper\"><p>[vc_row][vc_column width=&#8221;1\/1&#8243;][rev_slider alias=&#8221;oboz kond&#8221;]<div class=\"spacer\" style=\"height: 20px;\"><\/div>[vc_column_text]<\/p>\n<h2 style=\"text-align: center;\">Ob\u00f3z kondycyjny + Wind\/kite na Solarze dla dzieci z rocznik\u00f3w 2010 i starszych<\/h2>\n<p><strong>Termin:<\/strong> 25.08- 01.09.2018<br \/>\n<strong><br \/>\nCena:<\/strong> 1\u00a0790 z\u0142 \/ cz\u0142onkowie 1\u00a0740 z\u0142<\/p>\n<p><strong>Cena zawiera:<br \/>\n<\/strong>&#8211; 6 nocleg\u00f3w z wy\u017cywieniem,<br \/>\n&#8211; zaj\u0119cia og\u00f3lnorozwojowe, motoryczne przygotowuj\u0105ce do sezonu narciarskiego,<br \/>\n&#8211; szkolenie wind\/kite,<br \/>\n&#8211; asekuracja i sprz\u0119t podczas zaj\u0119\u0107 na wodzie,<br \/>\n&#8211; zaj\u0119cia dodatkowe:\u00a0ci\u0105ganie za motor\u00f3wk\u0105 na kole,\u00a0surfing,\u00a0pi\u0142ka pla\u017cowa,\u00a0zaj\u0119cia sportowe,<br \/>\n&#8211; ubezpieczenie,<\/p>\n<p>Cena nie zawiera transportu<\/p>\n<p><strong>Jak si\u0119 zapisa\u0107?<br \/>\n<\/strong>&#8211; Wype\u0142ni\u0107 formularz zg\u0142oszeniowy<br \/>\n&#8211; Dokona\u0107 wp\u0142aty zaliczki (1 000 z\u0142) w biurze lub na konto klubu w ci\u0105gu 7 dni od momentu zapisu ( w tytule poda\u0107 imi\u0119 i nazwisko, oraz kt\u00f3ry wyjazd)<u><\/u><u><\/u><\/p>\n<p>II rat\u0119 nale\u017cy wp\u0142aci\u0107 na 21 dni przed rozpocz\u0119ciem wyjazdu[\/vc_column_text][\/vc_column][\/vc_row][vc_row][vc_column width=&#8221;1\/1&#8243;]<div class=\"spacer\" style=\"height: 30px;\"><\/div><div class=\"single_image wpb_content_element align-left    \" data-animation=\"none\" data-delay=\"0\"><img loading=\"lazy\" decoding=\"async\" width=\"1024\" height=\"97\" src=\"http:\/\/dev.deski.org\/wp-content\/uploads\/2016\/12\/pasek-npm-form.jpg\" class=\"attachment-full\" alt=\"\" title=\"pasek npm form\" srcset=\"http:\/\/dev.deski.org\/wp-content\/uploads\/2016\/12\/pasek-npm-form.jpg 1024w, http:\/\/dev.deski.org\/wp-content\/uploads\/2016\/12\/pasek-npm-form-300x28.jpg 300w, http:\/\/dev.deski.org\/wp-content\/uploads\/2016\/12\/pasek-npm-form-24x2.jpg 24w, http:\/\/dev.deski.org\/wp-content\/uploads\/2016\/12\/pasek-npm-form-36x3.jpg 36w, http:\/\/dev.deski.org\/wp-content\/uploads\/2016\/12\/pasek-npm-form-48x5.jpg 48w\" sizes=\"auto, (max-width: 1024px) 100vw, 1024px\" \/><\/div>[vc_column_text]\n<div class=\"wpcf7 no-js\" id=\"wpcf7-f4176-o1\" lang=\"pl-PL\" dir=\"ltr\" data-wpcf7-id=\"4176\">\n<div class=\"screen-reader-response\"><p role=\"status\" aria-live=\"polite\" aria-atomic=\"true\"><\/p> <ul><\/ul><\/div>\n<form action=\"\/en\/wp-json\/wp\/v2\/pages\/4097#wpcf7-f4176-o1\" method=\"post\" class=\"wpcf7-form init\" aria-label=\"Formularz kontaktowy\" novalidate=\"novalidate\" data-status=\"init\">\n<fieldset class=\"hidden-fields-container\"><input type=\"hidden\" name=\"_wpcf7\" value=\"4176\" \/><input type=\"hidden\" name=\"_wpcf7_version\" value=\"6.1.5\" \/><input type=\"hidden\" name=\"_wpcf7_locale\" value=\"pl_PL\" \/><input type=\"hidden\" name=\"_wpcf7_unit_tag\" value=\"wpcf7-f4176-o1\" \/><input type=\"hidden\" name=\"_wpcf7_container_post\" value=\"0\" \/><input type=\"hidden\" name=\"_wpcf7_posted_data_hash\" value=\"\" \/><input type=\"hidden\" name=\"_wpcf7_recaptcha_response\" value=\"\" \/>\n<\/fieldset>\n<p>Imi\u0119\/ona i nazwisko\/a uczestnika\/\u00f3w\n<\/p>\n<p><span class=\"wpcf7-form-control-wrap\" data-name=\"your-name\"><input size=\"40\" maxlength=\"400\" class=\"wpcf7-form-control wpcf7-text wpcf7-validates-as-required\" aria-required=\"true\" aria-invalid=\"false\" value=\"\" type=\"text\" name=\"your-name\" \/><\/span>\n<\/p>\n<p>Dat\u0119\/y urodzenia\n<\/p>\n<p><span class=\"wpcf7-form-control-wrap\" data-name=\"your-subject\"><input size=\"40\" maxlength=\"400\" class=\"wpcf7-form-control wpcf7-text wpcf7-validates-as-required\" aria-required=\"true\" aria-invalid=\"false\" value=\"\" type=\"text\" name=\"your-subject\" \/><\/span>\n<\/p>\n<p>Pesel\/e\n<\/p>\n<p><span class=\"wpcf7-form-control-wrap\" data-name=\"your-subject1\"><input size=\"40\" maxlength=\"400\" class=\"wpcf7-form-control wpcf7-text wpcf7-validates-as-required\" aria-required=\"true\" aria-invalid=\"false\" value=\"\" type=\"text\" name=\"your-subject1\" \/><\/span>\n<\/p>\n<p>Adres\/y zameldowania\n<\/p>\n<p><span class=\"wpcf7-form-control-wrap\" data-name=\"your-subject2\"><input size=\"40\" maxlength=\"400\" class=\"wpcf7-form-control wpcf7-text wpcf7-validates-as-required\" aria-required=\"true\" aria-invalid=\"false\" value=\"\" type=\"text\" name=\"your-subject2\" \/><\/span>\n<\/p>\n<p>Adres\/y do korespondencji\n<\/p>\n<p><span class=\"wpcf7-form-control-wrap\" data-name=\"your-subject3\"><input size=\"40\" maxlength=\"400\" class=\"wpcf7-form-control wpcf7-text wpcf7-validates-as-required\" aria-required=\"true\" aria-invalid=\"false\" value=\"\" type=\"text\" name=\"your-subject3\" \/><\/span>\n<\/p>\n<p>Numer telefonu (do rodzic\u00f3w, gdy zg\u0142oszenie obejmuje wyjazd m\u0142odzie\u017cowy)<span class=\"wpcf7-form-control-wrap\" data-name=\"tel-927\"><input size=\"40\" maxlength=\"400\" class=\"wpcf7-form-control wpcf7-tel wpcf7-validates-as-required wpcf7-text wpcf7-validates-as-tel\" aria-required=\"true\" aria-invalid=\"false\" value=\"\" type=\"tel\" name=\"tel-927\" \/><\/span>\n<\/p>\n<p>Adres email (do rodzic\u00f3w, gdy zg\u0142oszenie obejmuje wyjazd m\u0142odzie\u017cowy)\n<\/p>\n<p><span class=\"wpcf7-form-control-wrap\" data-name=\"your-email\"><input size=\"40\" maxlength=\"400\" class=\"wpcf7-form-control wpcf7-email wpcf7-validates-as-required wpcf7-text wpcf7-validates-as-email\" aria-required=\"true\" aria-invalid=\"false\" value=\"\" type=\"email\" name=\"your-email\" \/><\/span>\n<\/p>\n<p>Wymagana zgoda<span class=\"wpcf7-form-control-wrap\" data-name=\"checkbox-878\"><span class=\"wpcf7-form-control wpcf7-checkbox wpcf7-validates-as-required\"><span class=\"wpcf7-list-item first last\"><input type=\"checkbox\" name=\"checkbox-878[]\" value=\"Wyra\u017cam zgod\u0119 na przetwarzanie moich danych osobowych w zakresie danych podanych w powy\u017cszym formularzu dla potrzeb realizacji cel\u00f3w Statutowych przez Stowarzyszenie Warszawskie Towarzystwo Sportowe DeSki zgodnie z europejskim rozporz\u0105dzeniem o ochronie danych osobowych z dnia 27 kwietnia 2016 r. (Dz. Urz. UE L nr 119, str. 1). R\u00f3wnocze\u015bnie o\u015bwiadczam, \u017ce poinformowano mnie o tym, \u017ce podanie moich danych osobowych jest dobrowolne, oraz o przys\u0142uguj\u0105cych mi prawach w tym w szczeg\u00f3lno\u015bci do dost\u0119pu do danych osobowych, sprostowania danych osobowych, usuni\u0119cia danych osobowych, ograniczenia przetwarzania danych osobowych, przeniesienia danych osobowych, wniesienia skargi do organu ochrony danych osobowych, cofni\u0119cia w ka\u017cdym czasie zgody bez podania przyczyny oraz bez wp\u0142ywu na przetwarzanie, kt\u00f3rego dokonano na podstawie zgody przed jej cofni\u0119ciem, a ponad to do sprzeciwu wobec przetwarzania danych.\" \/><span class=\"wpcf7-list-item-label\">Wyra\u017cam zgod\u0119 na przetwarzanie moich danych osobowych w zakresie danych podanych w powy\u017cszym formularzu dla potrzeb realizacji cel\u00f3w Statutowych przez Stowarzyszenie Warszawskie Towarzystwo Sportowe DeSki zgodnie z europejskim rozporz\u0105dzeniem o ochronie danych osobowych z dnia 27 kwietnia 2016 r. (Dz. Urz. UE L nr 119, str. 1). R\u00f3wnocze\u015bnie o\u015bwiadczam, \u017ce poinformowano mnie o tym, \u017ce podanie moich danych osobowych jest dobrowolne, oraz o przys\u0142uguj\u0105cych mi prawach w tym w szczeg\u00f3lno\u015bci do dost\u0119pu do danych osobowych, sprostowania danych osobowych, usuni\u0119cia danych osobowych, ograniczenia przetwarzania danych osobowych, przeniesienia danych osobowych, wniesienia skargi do organu ochrony danych osobowych, cofni\u0119cia w ka\u017cdym czasie zgody bez podania przyczyny oraz bez wp\u0142ywu na przetwarzanie, kt\u00f3rego dokonano na podstawie zgody przed jej cofni\u0119ciem, a ponad to do sprzeciwu wobec przetwarzania danych.<\/span><\/span><\/span><\/span>\n<\/p>\n<p><a href=\"http:\/\/dev.deski.org\/wp-content\/uploads\/2018\/06\/INFORMACJA-o-przetwarzaniu-danych-osobowych.pdf\" target=\"_blank\">Informacja o przetwarzaniu danych przez WTS DeSki.<\/a>\n<\/p>\n<p>Zaznacz, by dostawa\u0107 informacje o obozach i zni\u017ckach<span class=\"wpcf7-form-control-wrap\" data-name=\"checkbox-713\"><span class=\"wpcf7-form-control wpcf7-checkbox\"><span class=\"wpcf7-list-item first last\"><input type=\"checkbox\" name=\"checkbox-713[]\" value=\"Wyra\u017cam zgod\u0119  na przetwarzanie moich danych osobowych, w celu wysy\u0142ania informacji handlowych drog\u0105 elektroniczn\u0105 przez Stowarzyszenie Warszawskie Towarzystwo Sportowe DeSki zgodnie z europejskim rozporz\u0105dzeniem o ochronie danych osobowych z dnia 27 kwietnia 2016 r. (Dz. Urz. UE L nr 119, str. 1) oraz ustaw\u0105 z dnia 18 lipca 2002 r. o \u015bwiadczeniu us\u0142ug drog\u0105 elektroniczn\u0105 (Dz.U. 2002 nr 144 poz. 1204z zm.) R\u00f3wnocze\u015bnie o\u015bwiadczam, \u017ce poinformowano mnie o tym, \u017ce podanie moich danych osobowych jest dobrowolne, oraz o przys\u0142uguj\u0105cych mi prawach w tym w szczeg\u00f3lno\u015bci do dost\u0119pu do danych osobowych, sprostowania danych osobowych, usuni\u0119cia danych osobowych, ograniczenia przetwarzania danych osobowych, przeniesienia danych osobowych, wniesienia skargi do organu ochrony danych osobowych, cofni\u0119cia w ka\u017cdym czasie zgody bez podania przyczyny oraz bez wp\u0142ywu na przetwarzanie, kt\u00f3rego dokonano na podstawie zgody przed jej cofni\u0119ciem, a ponad to do sprzeciwu wobec przetwarzania danych.\" \/><span class=\"wpcf7-list-item-label\">Wyra\u017cam zgod\u0119  na przetwarzanie moich danych osobowych, w celu wysy\u0142ania informacji handlowych drog\u0105 elektroniczn\u0105 przez Stowarzyszenie Warszawskie Towarzystwo Sportowe DeSki zgodnie z europejskim rozporz\u0105dzeniem o ochronie danych osobowych z dnia 27 kwietnia 2016 r. (Dz. Urz. UE L nr 119, str. 1) oraz ustaw\u0105 z dnia 18 lipca 2002 r. o \u015bwiadczeniu us\u0142ug drog\u0105 elektroniczn\u0105 (Dz.U. 2002 nr 144 poz. 1204z zm.) R\u00f3wnocze\u015bnie o\u015bwiadczam, \u017ce poinformowano mnie o tym, \u017ce podanie moich danych osobowych jest dobrowolne, oraz o przys\u0142uguj\u0105cych mi prawach w tym w szczeg\u00f3lno\u015bci do dost\u0119pu do danych osobowych, sprostowania danych osobowych, usuni\u0119cia danych osobowych, ograniczenia przetwarzania danych osobowych, przeniesienia danych osobowych, wniesienia skargi do organu ochrony danych osobowych, cofni\u0119cia w ka\u017cdym czasie zgody bez podania przyczyny oraz bez wp\u0142ywu na przetwarzanie, kt\u00f3rego dokonano na podstawie zgody przed jej cofni\u0119ciem, a ponad to do sprzeciwu wobec przetwarzania danych.<\/span><\/span><\/span><\/span>\n<\/p>\n<p><input class=\"wpcf7-form-control wpcf7-submit has-spinner\" type=\"submit\" value=\"Wy\u015blij\" \/>\n<\/p><div class=\"wpcf7-response-output\" aria-hidden=\"true\"><\/div>\n<\/form>\n<\/div>\n[\/vc_column_text][\/vc_column][\/vc_row][vc_row][vc_column width=&#8221;1\/3&#8243;]<a href=\"http:\/\/\" target=\"_blank\" class=\"button color-3 full \" style=\"border-radius: 2px;\"><i class='fa sl-emoticon-smile'><\/i>REGULAMIN OBOZ\u00d3W &#8211; pdf<\/a>[\/vc_column][vc_column width=&#8221;1\/3&#8243;]<a href=\"http:\/\/\" target=\"_blank\" class=\"button color-3 full \" style=\"border-radius: 2px;\"><i class='fa sl-pencil'><\/i>KARTA OBOZOWA &#8211; pdf<\/a>[\/vc_column][vc_column width=&#8221;1\/3&#8243;]<a href=\"http:\/\/\" target=\"_blank\" class=\"button color-3 full \" style=\"border-radius: 2px;\"><i class='fa sl-list'><\/i>CO ZABRA\u0106 ZE SOB\u0104 &#8211; pdf<\/a>[\/vc_column][\/vc_row][vc_row][vc_column width=&#8221;1\/1&#8243;]<div class=\"spacer\" style=\"height: 40px;\"><\/div>[\/vc_column][\/vc_row][vc_row type=&#8221;full_width_section&#8221;][vc_column width=&#8221;1\/1&#8243;]<div class=\"single_image wpb_content_element align-left    \" data-animation=\"none\" data-delay=\"0\"><img loading=\"lazy\" decoding=\"async\" width=\"1024\" height=\"86\" src=\"http:\/\/dev.deski.org\/wp-content\/uploads\/2016\/02\/pasek-oboz-zaliczka3.jpg\" class=\"attachment-full\" alt=\"\" title=\"pasek oboz zaliczka3\" srcset=\"http:\/\/dev.deski.org\/wp-content\/uploads\/2016\/02\/pasek-oboz-zaliczka3.jpg 1024w, http:\/\/dev.deski.org\/wp-content\/uploads\/2016\/02\/pasek-oboz-zaliczka3-300x25.jpg 300w, http:\/\/dev.deski.org\/wp-content\/uploads\/2016\/02\/pasek-oboz-zaliczka3-768x64.jpg 768w\" sizes=\"auto, (max-width: 1024px) 100vw, 1024px\" \/><\/div>[\/vc_column][\/vc_row]<\/p>\n<\/div>","protected":false},"excerpt":{"rendered":"<p>[vc_row][vc_column width=&#8221;1\/1&#8243;][rev_slider alias=&#8221;oboz kond&#8221;][vc_column_text] Ob\u00f3z kondycyjny + Wind\/kite na Solarze dla dzieci z rocznik\u00f3w 2010 i starszych Termin: 25.08- 01.09.2018 Cena: 1\u00a0790 z\u0142 \/ cz\u0142onkowie 1\u00a0740 z\u0142 Cena zawiera: &#8211; 6 nocleg\u00f3w z wy\u017cywieniem, &#8211; zaj\u0119cia og\u00f3lnorozwojowe, motoryczne przygotowuj\u0105ce do sezonu narciarskiego, &#8211; szkolenie wind\/kite, &#8211; asekuracja i sprz\u0119t podczas zaj\u0119\u0107 na wodzie, &#8211; zaj\u0119cia dodatkowe:\u00a0ci\u0105ganie za motor\u00f3wk\u0105 na kole,\u00a0surfing,\u00a0pi\u0142ka pla\u017cowa,\u00a0zaj\u0119cia sportowe, &#8211; ubezpieczenie, Cena nie zawiera transportu Jak si\u0119 zapisa\u0107? &#8211; Wype\u0142ni\u0107 formularz zg\u0142oszeniowy &#8211; Dokona\u0107 wp\u0142aty zaliczki (1 000 z\u0142) w biurze lub na konto klubu w ci\u0105gu 7 dni od momentu zapisu ( w tytule poda\u0107 imi\u0119 i nazwisko, oraz kt\u00f3ry wyjazd) II rat\u0119 nale\u017cy wp\u0142aci\u0107 na 21 dni przed rozpocz\u0119ciem wyjazdu[\/vc_column_text][\/vc_column][\/vc_row][vc_row][vc_column width=&#8221;1\/1&#8243;][vc_column_text][\/vc_column_text][\/vc_column][\/vc_row][vc_row][vc_column width=&#8221;1\/3&#8243;][\/vc_column][vc_column width=&#8221;1\/3&#8243;][\/vc_column][vc_column width=&#8221;1\/3&#8243;][\/vc_column][\/vc_row][vc_row][vc_column width=&#8221;1\/1&#8243;][\/vc_column][\/vc_row][vc_row type=&#8221;full_width_section&#8221;][vc_column width=&#8221;1\/1&#8243;][\/vc_column][\/vc_row]<\/p>\n","protected":false},"author":6,"featured_media":0,"parent":0,"menu_order":0,"comment_status":"closed","ping_status":"closed","template":"","meta":{"_acf_changed":false,"_mo_disable_npp":"","_vp_format_video_url":"","_vp_image_focal_point":[],"footnotes":""},"class_list":["post-4097","page","type-page","status-publish","hentry"],"acf":[],"aioseo_notices":[],"_links":{"self":[{"href":"http:\/\/dev.deski.org\/en\/wp-json\/wp\/v2\/pages\/4097","targetHints":{"allow":["GET"]}}],"collection":[{"href":"http:\/\/dev.deski.org\/en\/wp-json\/wp\/v2\/pages"}],"about":[{"href":"http:\/\/dev.deski.org\/en\/wp-json\/wp\/v2\/types\/page"}],"author":[{"embeddable":true,"href":"http:\/\/dev.deski.org\/en\/wp-json\/wp\/v2\/users\/6"}],"replies":[{"embeddable":true,"href":"http:\/\/dev.deski.org\/en\/wp-json\/wp\/v2\/comments?post=4097"}],"version-history":[{"count":9,"href":"http:\/\/dev.deski.org\/en\/wp-json\/wp\/v2\/pages\/4097\/revisions"}],"predecessor-version":[{"id":4227,"href":"http:\/\/dev.deski.org\/en\/wp-json\/wp\/v2\/pages\/4097\/revisions\/4227"}],"wp:attachment":[{"href":"http:\/\/dev.deski.org\/en\/wp-json\/wp\/v2\/media?parent=4097"}],"curies":[{"name":"wp","href":"https:\/\/api.w.org\/{rel}","templated":true}]}}