{"id":4455,"date":"2018-05-18T13:01:23","date_gmt":"2018-05-18T13:01:23","guid":{"rendered":"http:\/\/dev.deski.org\/?page_id=4455"},"modified":"2024-09-24T19:23:00","modified_gmt":"2024-09-24T19:23:00","slug":"bocian","status":"publish","type":"page","link":"http:\/\/dev.deski.org\/en\/bocian\/","title":{"rendered":"Bocian"},"content":{"rendered":"<div class=\"wpb-content-wrapper\"><p>[vc_row][vc_column width=&#8221;1\/2&#8243;][vc_column_text]<img loading=\"lazy\" decoding=\"async\" class=\"alignnone size-full wp-image-22189\" src=\"http:\/\/dev.deski.org\/wp-content\/uploads\/2024\/09\/MARCIN-BOCIAN-scaled.jpg\" alt=\"MARCIN BOCIAN\" width=\"2560\" height=\"1707\" srcset=\"http:\/\/dev.deski.org\/wp-content\/uploads\/2024\/09\/MARCIN-BOCIAN-scaled.jpg 2560w, http:\/\/dev.deski.org\/wp-content\/uploads\/2024\/09\/MARCIN-BOCIAN-300x200.jpg 300w, http:\/\/dev.deski.org\/wp-content\/uploads\/2024\/09\/MARCIN-BOCIAN-1024x683.jpg 1024w, http:\/\/dev.deski.org\/wp-content\/uploads\/2024\/09\/MARCIN-BOCIAN-1536x1024.jpg 1536w, http:\/\/dev.deski.org\/wp-content\/uploads\/2024\/09\/MARCIN-BOCIAN-2048x1365.jpg 2048w, http:\/\/dev.deski.org\/wp-content\/uploads\/2024\/09\/MARCIN-BOCIAN-600x400.jpg 600w, http:\/\/dev.deski.org\/wp-content\/uploads\/2024\/09\/MARCIN-BOCIAN-500x333.jpg 500w, http:\/\/dev.deski.org\/wp-content\/uploads\/2024\/09\/MARCIN-BOCIAN-800x533.jpg 800w, http:\/\/dev.deski.org\/wp-content\/uploads\/2024\/09\/MARCIN-BOCIAN-1280x853.jpg 1280w, http:\/\/dev.deski.org\/wp-content\/uploads\/2024\/09\/MARCIN-BOCIAN-1920x1280.jpg 1920w, http:\/\/dev.deski.org\/wp-content\/uploads\/2024\/09\/MARCIN-BOCIAN-24x16.jpg 24w, http:\/\/dev.deski.org\/wp-content\/uploads\/2024\/09\/MARCIN-BOCIAN-36x24.jpg 36w, http:\/\/dev.deski.org\/wp-content\/uploads\/2024\/09\/MARCIN-BOCIAN-48x32.jpg 48w\" sizes=\"auto, (max-width: 2560px) 100vw, 2560px\" \/>[\/vc_column_text][\/vc_column][vc_column width=&#8221;1\/2&#8243;][vc_column_text]Marcin Bocian &#8211;\u00a0Jestem do\u015bwiadczonym instruktorem i pasjonatem sport\u00f3w wodnych, kt\u00f3ry od ponad dekady prowadzi baz\u0119 windsurfingow\u0105 na P\u00f3\u0142wyspie Helskim. Od 2012 roku osobi\u015bcie dbam o dob\u00f3r kadry oraz system szkoleniowy, aby zapewni\u0107 najwy\u017csz\u0105 jako\u015b\u0107 nauki. Jestem wyk\u0142adowc\u0105 w Polskim Stowarzyszeniu Windsurfingu oraz wielokrotnym medalist\u0105 Mistrzostw Polski. Wielokrotnie startowa\u0142em tak\u017ce w Pucharach Europy we freestyle windsurfing. Moja wiedza i umiej\u0119tno\u015bci wynikaj\u0105 z wieloletniego do\u015bwiadczenia zdobytego podczas p\u0142ywania na wodach ca\u0142ego \u015bwiata. Wraz z moim Laola Team zapocz\u0105tkowa\u0142em w Polsce zawody freestyle windsurfing o nazwie King Of Hell. Specjalizuj\u0119 si\u0119 w r\u00f3\u017cnych dyscyplinach, takich jak windsurfing, kitesurfing, surfing czy wingfoil. Posiadam mi\u0119dzynarodowe certyfikaty instruktorskie, co potwierdza moj\u0105 wszechstronno\u015b\u0107 i profesjonalizm w nauczaniu. Moj\u0105 najwi\u0119ksz\u0105 pasj\u0105 jest p\u0142ywanie na falach, kt\u00f3r\u0105 ch\u0119tnie dziel\u0119 si\u0119 z moimi kursantami.[\/vc_column_text][\/vc_column][\/vc_row][vc_row][vc_column width=&#8221;1\/1&#8243;]<div class=\"spacer\" style=\"height: 20px;\"><\/div>[vc_column_text]Jako wiceprezes Klubu Deski aktywnie wspieram rozw\u00f3j sport\u00f3w wodnych w Polsce i wykorzystuj\u0119 swoj\u0105 wiedz\u0119 oraz do\u015bwiadczenie do podnoszenia standard\u00f3w szkoleniowych.[\/vc_column_text][\/vc_column][\/vc_row]<\/p>\n<\/div>","protected":false},"excerpt":{"rendered":"<p>[vc_row][vc_column width=&#8221;1\/2&#8243;][vc_column_text][\/vc_column_text][\/vc_column][vc_column width=&#8221;1\/2&#8243;][vc_column_text]Marcin Bocian &#8211;\u00a0Jestem do\u015bwiadczonym instruktorem i pasjonatem sport\u00f3w wodnych, kt\u00f3ry od ponad dekady prowadzi baz\u0119 windsurfingow\u0105 na P\u00f3\u0142wyspie Helskim. Od 2012 roku osobi\u015bcie dbam o dob\u00f3r kadry oraz system szkoleniowy, aby zapewni\u0107 najwy\u017csz\u0105 jako\u015b\u0107 nauki. Jestem wyk\u0142adowc\u0105 w Polskim Stowarzyszeniu Windsurfingu oraz wielokrotnym medalist\u0105 Mistrzostw Polski. Wielokrotnie startowa\u0142em tak\u017ce w Pucharach Europy we freestyle windsurfing. Moja wiedza i umiej\u0119tno\u015bci wynikaj\u0105 z wieloletniego do\u015bwiadczenia zdobytego podczas p\u0142ywania na wodach ca\u0142ego \u015bwiata. Wraz z moim Laola Team zapocz\u0105tkowa\u0142em w Polsce zawody freestyle windsurfing o nazwie King Of Hell. Specjalizuj\u0119 si\u0119 w r\u00f3\u017cnych dyscyplinach, takich jak windsurfing, kitesurfing, surfing czy wingfoil. Posiadam mi\u0119dzynarodowe certyfikaty instruktorskie, co potwierdza moj\u0105 wszechstronno\u015b\u0107 i profesjonalizm w nauczaniu. Moj\u0105 najwi\u0119ksz\u0105 pasj\u0105 jest p\u0142ywanie na falach, kt\u00f3r\u0105 ch\u0119tnie dziel\u0119 si\u0119 z moimi kursantami.[\/vc_column_text][\/vc_column][\/vc_row][vc_row][vc_column width=&#8221;1\/1&#8243;][vc_column_text]Jako wiceprezes Klubu Deski aktywnie wspieram rozw\u00f3j sport\u00f3w wodnych w Polsce i wykorzystuj\u0119 swoj\u0105 wiedz\u0119 oraz do\u015bwiadczenie do podnoszenia standard\u00f3w szkoleniowych.[\/vc_column_text][\/vc_column][\/vc_row]<\/p>\n","protected":false},"author":6,"featured_media":0,"parent":0,"menu_order":0,"comment_status":"closed","ping_status":"closed","template":"","meta":{"_acf_changed":false,"_mo_disable_npp":"","_vp_format_video_url":"","_vp_image_focal_point":[],"footnotes":""},"class_list":["post-4455","page","type-page","status-publish","hentry"],"acf":[],"aioseo_notices":[],"_links":{"self":[{"href":"http:\/\/dev.deski.org\/en\/wp-json\/wp\/v2\/pages\/4455","targetHints":{"allow":["GET"]}}],"collection":[{"href":"http:\/\/dev.deski.org\/en\/wp-json\/wp\/v2\/pages"}],"about":[{"href":"http:\/\/dev.deski.org\/en\/wp-json\/wp\/v2\/types\/page"}],"author":[{"embeddable":true,"href":"http:\/\/dev.deski.org\/en\/wp-json\/wp\/v2\/users\/6"}],"replies":[{"embeddable":true,"href":"http:\/\/dev.deski.org\/en\/wp-json\/wp\/v2\/comments?post=4455"}],"version-history":[{"count":9,"href":"http:\/\/dev.deski.org\/en\/wp-json\/wp\/v2\/pages\/4455\/revisions"}],"predecessor-version":[{"id":22194,"href":"http:\/\/dev.deski.org\/en\/wp-json\/wp\/v2\/pages\/4455\/revisions\/22194"}],"wp:attachment":[{"href":"http:\/\/dev.deski.org\/en\/wp-json\/wp\/v2\/media?parent=4455"}],"curies":[{"name":"wp","href":"https:\/\/api.w.org\/{rel}","templated":true}]}}