{"id":5341,"date":"2018-10-29T13:32:42","date_gmt":"2018-10-29T13:32:42","guid":{"rendered":"http:\/\/dev.deski.org\/?page_id=5341"},"modified":"2018-10-29T13:36:09","modified_gmt":"2018-10-29T13:36:09","slug":"zuza-firlit","status":"publish","type":"page","link":"http:\/\/dev.deski.org\/en\/narty\/zuza-firlit\/","title":{"rendered":"Zuza Firlit"},"content":{"rendered":"<div class=\"wpb-content-wrapper\"><p>[vc_row][vc_column width=&#8221;1\/2&#8243;]<div class=\"single_image wpb_content_element align-left    \" data-animation=\"none\" data-delay=\"0\"><img loading=\"lazy\" decoding=\"async\" width=\"808\" height=\"539\" src=\"http:\/\/dev.deski.org\/wp-content\/uploads\/2018\/10\/23231538_1599377856767793_4273671957908109606_n.jpg\" class=\"attachment-full\" alt=\"\" title=\"23231538_1599377856767793_4273671957908109606_n\" srcset=\"http:\/\/dev.deski.org\/wp-content\/uploads\/2018\/10\/23231538_1599377856767793_4273671957908109606_n.jpg 808w, http:\/\/dev.deski.org\/wp-content\/uploads\/2018\/10\/23231538_1599377856767793_4273671957908109606_n-300x200.jpg 300w, http:\/\/dev.deski.org\/wp-content\/uploads\/2018\/10\/23231538_1599377856767793_4273671957908109606_n-600x400.jpg 600w, http:\/\/dev.deski.org\/wp-content\/uploads\/2018\/10\/23231538_1599377856767793_4273671957908109606_n-24x16.jpg 24w, http:\/\/dev.deski.org\/wp-content\/uploads\/2018\/10\/23231538_1599377856767793_4273671957908109606_n-36x24.jpg 36w, http:\/\/dev.deski.org\/wp-content\/uploads\/2018\/10\/23231538_1599377856767793_4273671957908109606_n-48x32.jpg 48w\" sizes=\"auto, (max-width: 808px) 100vw, 808px\" \/><\/div>[\/vc_column][vc_column width=&#8221;1\/2&#8243;][vc_column_text]Nazywam si\u0119 Zuza Firlit. Jestem zwi\u0105zana z deskami od 1997.<br \/>\nJestem instruktorem narciarstwa, p\u0142ywania oraz ratownikiem WOPR.<br \/>\nPrzez wiele lat prowadzi\u0142am sobotnie treningi w Deskach. Od kilku<br \/>\nlat ferie sp\u0119dzam z najm\u0142odsz\u0105 grup\u0105 adept\u00f3w narciarstwa.<br \/>\nPrzez 10 lat pracowa\u0142am w #najlepszabazanapolwysie.<br \/>\nCa\u0142e \u017cycie jestem zwi\u0105zana ze sportem. Nie umiem usiedzie\u0107 d\u0142ugo<br \/>\nw jednym miejscu. Aktualnie moj\u0105 now\u0105 zajawk\u0105 jest crossfit.<br \/>\nJestem a bsolwentk \u0105 kierunku Fizjoterapii na Akademii Wychowania<br \/>\nFizycznego w Warszawie i Katowicach, po prostu kocham PKP \ud83d\ude09<br \/>\nPo za sportem uwielbiam teatr, dobr\u0105 ksia\u017ck\u0119 oraz lody z karmelem<br \/>\nz McDonadl\u2019s ;)[\/vc_column_text][\/vc_column][\/vc_row]<\/p>\n<\/div>","protected":false},"excerpt":{"rendered":"<p>[vc_row][vc_column width=&#8221;1\/2&#8243;][\/vc_column][vc_column width=&#8221;1\/2&#8243;][vc_column_text]Nazywam si\u0119 Zuza Firlit. Jestem zwi\u0105zana z deskami od 1997. Jestem instruktorem narciarstwa, p\u0142ywania oraz ratownikiem WOPR. Przez wiele lat prowadzi\u0142am sobotnie treningi w Deskach. Od kilku lat ferie sp\u0119dzam z najm\u0142odsz\u0105 grup\u0105 adept\u00f3w narciarstwa. Przez 10 lat pracowa\u0142am w #najlepszabazanapolwysie. Ca\u0142e \u017cycie jestem zwi\u0105zana ze sportem. Nie umiem usiedzie\u0107 d\u0142ugo w jednym miejscu. Aktualnie moj\u0105 now\u0105 zajawk\u0105 jest crossfit. Jestem a bsolwentk \u0105 kierunku Fizjoterapii na Akademii Wychowania Fizycznego w Warszawie i Katowicach, po prostu kocham PKP \ud83d\ude09 Po za sportem uwielbiam teatr, dobr\u0105 ksia\u017ck\u0119 oraz lody z karmelem z McDonadl\u2019s ;)[\/vc_column_text][\/vc_column][\/vc_row]<\/p>\n","protected":false},"author":6,"featured_media":0,"parent":13,"menu_order":0,"comment_status":"closed","ping_status":"closed","template":"","meta":{"_acf_changed":false,"_mo_disable_npp":"","_vp_format_video_url":"","_vp_image_focal_point":[],"footnotes":""},"class_list":["post-5341","page","type-page","status-publish","hentry"],"acf":[],"aioseo_notices":[],"_links":{"self":[{"href":"http:\/\/dev.deski.org\/en\/wp-json\/wp\/v2\/pages\/5341","targetHints":{"allow":["GET"]}}],"collection":[{"href":"http:\/\/dev.deski.org\/en\/wp-json\/wp\/v2\/pages"}],"about":[{"href":"http:\/\/dev.deski.org\/en\/wp-json\/wp\/v2\/types\/page"}],"author":[{"embeddable":true,"href":"http:\/\/dev.deski.org\/en\/wp-json\/wp\/v2\/users\/6"}],"replies":[{"embeddable":true,"href":"http:\/\/dev.deski.org\/en\/wp-json\/wp\/v2\/comments?post=5341"}],"version-history":[{"count":3,"href":"http:\/\/dev.deski.org\/en\/wp-json\/wp\/v2\/pages\/5341\/revisions"}],"predecessor-version":[{"id":5345,"href":"http:\/\/dev.deski.org\/en\/wp-json\/wp\/v2\/pages\/5341\/revisions\/5345"}],"up":[{"embeddable":true,"href":"http:\/\/dev.deski.org\/en\/wp-json\/wp\/v2\/pages\/13"}],"wp:attachment":[{"href":"http:\/\/dev.deski.org\/en\/wp-json\/wp\/v2\/media?parent=5341"}],"curies":[{"name":"wp","href":"https:\/\/api.w.org\/{rel}","templated":true}]}}