{"id":5347,"date":"2018-10-29T13:51:23","date_gmt":"2018-10-29T13:51:23","guid":{"rendered":"http:\/\/dev.deski.org\/?page_id=5347"},"modified":"2018-10-29T14:08:49","modified_gmt":"2018-10-29T14:08:49","slug":"piotr-bodziony","status":"publish","type":"page","link":"http:\/\/dev.deski.org\/en\/snowboard\/piotr-bodziony\/","title":{"rendered":"Piotr Bodziony"},"content":{"rendered":"<div class=\"wpb-content-wrapper\"><p>[vc_row][vc_column width=&#8221;1\/2&#8243;]<div class=\"single_image wpb_content_element align-left    \" data-animation=\"none\" data-delay=\"0\"><img loading=\"lazy\" decoding=\"async\" width=\"568\" height=\"568\" src=\"http:\/\/dev.deski.org\/wp-content\/uploads\/2018\/10\/22851917_1590724594299786_5461996022769336113_n.jpg\" class=\"attachment-full\" alt=\"\" title=\"22851917_1590724594299786_5461996022769336113_n\" srcset=\"http:\/\/dev.deski.org\/wp-content\/uploads\/2018\/10\/22851917_1590724594299786_5461996022769336113_n.jpg 568w, http:\/\/dev.deski.org\/wp-content\/uploads\/2018\/10\/22851917_1590724594299786_5461996022769336113_n-300x300.jpg 300w, http:\/\/dev.deski.org\/wp-content\/uploads\/2018\/10\/22851917_1590724594299786_5461996022769336113_n-80x80.jpg 80w, http:\/\/dev.deski.org\/wp-content\/uploads\/2018\/10\/22851917_1590724594299786_5461996022769336113_n-500x500.jpg 500w, http:\/\/dev.deski.org\/wp-content\/uploads\/2018\/10\/22851917_1590724594299786_5461996022769336113_n-24x24.jpg 24w, http:\/\/dev.deski.org\/wp-content\/uploads\/2018\/10\/22851917_1590724594299786_5461996022769336113_n-36x36.jpg 36w, http:\/\/dev.deski.org\/wp-content\/uploads\/2018\/10\/22851917_1590724594299786_5461996022769336113_n-48x48.jpg 48w\" sizes=\"auto, (max-width: 568px) 100vw, 568px\" \/><\/div>[\/vc_column][vc_column width=&#8221;1\/2&#8243;][vc_column_text]Nazywam si\u0119 Piotr Bodziony. Urodzi\u0142 em si \u0119 w Zakopanem, jednak<br \/>\nca\u0142e \u017cycie mieszkam w Krynicy Zdr\u00f3j. Z g\u00f3rami i sportami zimowymi<br \/>\njestem zwi\u0105zany w zasadzie od urodzenia, st\u0105d wi\u0119c wzi\u0119\u0142a si\u0119 moja<br \/>\n\u017cyciowa pasja &#8211; snowboarding. Zaczyna\u0142em od jazdy na nartach,<br \/>\njednak snowboard sta\u0142 si\u0119 moim przeznaczeniem. Przez ca\u0142\u0105 swoj\u0105<br \/>\nkarier\u0119 zawodnicz\u0105 trenowa\u0142 em g\u0142\u00f3wnie snowboardcross. Zdoby\u0142em<br \/>\ntytu\u0142 Mistrza Polski w tej dyscyplinie. By\u0142em reprezentantem Polski<br \/>\nna zawodach mi\u0119dzynarodowych, m.in. dwukrotnie na<br \/>\nUniwersjadach. Umiej\u0119tno\u015bci praktyczne uzupe\u0142ni\u0142em dog\u0142\u0119bn\u0105<br \/>\nwiedz\u0105 teoretyczn\u0105.<\/p>\n<p>Jestem kwalifikowanym instruktorem snowboardingu. Ostatnie dwa sezony pracowa\u0142em jako instruktor w<br \/>\nszk\u00f3\u0142ce snowboardowej. W swojej pracy chcia\u0142bym, aby moi<br \/>\npodopieczni pokochali ten pi\u0119kny sport i wiem, \u017ce potrafi\u0119 im t\u0119<br \/>\nmi\u0142o\u015b\u0107 do \u201edeski\u201d przekaza\u0107.[\/vc_column_text][\/vc_column][\/vc_row]<\/p>\n<\/div>","protected":false},"excerpt":{"rendered":"<p>[vc_row][vc_column width=&#8221;1\/2&#8243;][\/vc_column][vc_column width=&#8221;1\/2&#8243;][vc_column_text]Nazywam si\u0119 Piotr Bodziony. Urodzi\u0142 em si \u0119 w Zakopanem, jednak ca\u0142e \u017cycie mieszkam w Krynicy Zdr\u00f3j. Z g\u00f3rami i sportami zimowymi jestem zwi\u0105zany w zasadzie od urodzenia, st\u0105d wi\u0119c wzi\u0119\u0142a si\u0119 moja \u017cyciowa pasja &#8211; snowboarding. Zaczyna\u0142em od jazdy na nartach, jednak snowboard sta\u0142 si\u0119 moim przeznaczeniem. Przez ca\u0142\u0105 swoj\u0105 karier\u0119 zawodnicz\u0105 trenowa\u0142 em g\u0142\u00f3wnie snowboardcross. Zdoby\u0142em tytu\u0142 Mistrza Polski w tej dyscyplinie. By\u0142em reprezentantem Polski na zawodach mi\u0119dzynarodowych, m.in. dwukrotnie na Uniwersjadach. Umiej\u0119tno\u015bci praktyczne uzupe\u0142ni\u0142em dog\u0142\u0119bn\u0105 wiedz\u0105 teoretyczn\u0105. Jestem kwalifikowanym instruktorem snowboardingu. Ostatnie dwa sezony pracowa\u0142em jako instruktor w szk\u00f3\u0142ce snowboardowej. W swojej pracy chcia\u0142bym, aby moi podopieczni pokochali ten pi\u0119kny sport i wiem, \u017ce potrafi\u0119 im t\u0119 mi\u0142o\u015b\u0107 do \u201edeski\u201d przekaza\u0107.[\/vc_column_text][\/vc_column][\/vc_row]<\/p>\n","protected":false},"author":6,"featured_media":0,"parent":15,"menu_order":0,"comment_status":"closed","ping_status":"closed","template":"","meta":{"_acf_changed":false,"_mo_disable_npp":"","_vp_format_video_url":"","_vp_image_focal_point":[],"footnotes":""},"class_list":["post-5347","page","type-page","status-publish","hentry"],"acf":[],"aioseo_notices":[],"_links":{"self":[{"href":"http:\/\/dev.deski.org\/en\/wp-json\/wp\/v2\/pages\/5347","targetHints":{"allow":["GET"]}}],"collection":[{"href":"http:\/\/dev.deski.org\/en\/wp-json\/wp\/v2\/pages"}],"about":[{"href":"http:\/\/dev.deski.org\/en\/wp-json\/wp\/v2\/types\/page"}],"author":[{"embeddable":true,"href":"http:\/\/dev.deski.org\/en\/wp-json\/wp\/v2\/users\/6"}],"replies":[{"embeddable":true,"href":"http:\/\/dev.deski.org\/en\/wp-json\/wp\/v2\/comments?post=5347"}],"version-history":[{"count":3,"href":"http:\/\/dev.deski.org\/en\/wp-json\/wp\/v2\/pages\/5347\/revisions"}],"predecessor-version":[{"id":5351,"href":"http:\/\/dev.deski.org\/en\/wp-json\/wp\/v2\/pages\/5347\/revisions\/5351"}],"up":[{"embeddable":true,"href":"http:\/\/dev.deski.org\/en\/wp-json\/wp\/v2\/pages\/15"}],"wp:attachment":[{"href":"http:\/\/dev.deski.org\/en\/wp-json\/wp\/v2\/media?parent=5347"}],"curies":[{"name":"wp","href":"https:\/\/api.w.org\/{rel}","templated":true}]}}