{"id":5583,"date":"2018-12-13T19:14:35","date_gmt":"2018-12-13T19:14:35","guid":{"rendered":"http:\/\/dev.deski.org\/?page_id=5583"},"modified":"2018-12-13T19:15:34","modified_gmt":"2018-12-13T19:15:34","slug":"ada-borowik","status":"publish","type":"page","link":"http:\/\/dev.deski.org\/en\/narty\/ada-borowik\/","title":{"rendered":"Ada Borowik"},"content":{"rendered":"<div class=\"wpb-content-wrapper\"><p>[vc_row][vc_column width=&#8221;1\/2&#8243;]<div class=\"single_image wpb_content_element align-left    \" data-animation=\"none\" data-delay=\"0\"><img loading=\"lazy\" decoding=\"async\" width=\"852\" height=\"568\" src=\"http:\/\/dev.deski.org\/wp-content\/uploads\/2018\/12\/ada.jpg\" class=\"attachment-full\" alt=\"\" title=\"ada\" srcset=\"http:\/\/dev.deski.org\/wp-content\/uploads\/2018\/12\/ada.jpg 852w, http:\/\/dev.deski.org\/wp-content\/uploads\/2018\/12\/ada-300x200.jpg 300w, http:\/\/dev.deski.org\/wp-content\/uploads\/2018\/12\/ada-600x400.jpg 600w, http:\/\/dev.deski.org\/wp-content\/uploads\/2018\/12\/ada-24x16.jpg 24w, http:\/\/dev.deski.org\/wp-content\/uploads\/2018\/12\/ada-36x24.jpg 36w, http:\/\/dev.deski.org\/wp-content\/uploads\/2018\/12\/ada-48x32.jpg 48w\" sizes=\"auto, (max-width: 852px) 100vw, 852px\" \/><\/div>[\/vc_column][vc_column width=&#8221;1\/2&#8243;][vc_column_text]Z DeSkami jestem zwi\u0105zana od dziecka. Przesz\u0142am wszystkie etapy &#8220;deskowicza&#8221; od przedszkoli narciarskich, przez obozy z rodzicami we W\u0142oszech, p\u00f3\u017aniej obozy samodzielne, zawody (ligii, puchary polski), a\u017c do zostania pomocnikiem instruktora. W zawodach odnosi\u0142am r\u00f3\u017cne sukcesy, ale najwi\u0119kszy wywalczy\u0142am w swoim ostatnim roku start\u00f3w w Pucharze Polski, wygra\u0142am Puchar Czarnej G\u00f3ry i by\u0142am sz\u00f3sta w klasyfikacji generalnej. Od 3 lat je\u017cd\u017c\u0119 z dzieciakami na obozy i zawody jako pomocnik instruktora oraz prowadz\u0119 treningi sobotnie, a w tym roku r\u00f3wnie\u017c treningi na Szcz\u0119\u015bliwicach.<\/p>\n<p>Studiuj\u0119 Stosunki Mi\u0119dzynarodowe po angielsku na Uniwersytecie Warszawskim.<\/p>\n<p>Og\u00f3lnie uwielbiam sport, opr\u00f3cz je\u017cd\u017cenia na nartach, gram r\u00f3wnie\u017c w tenisa i p\u0142ywam na windsurfingu. Latem mo\u017cecie mnie spotka\u0107 w bosmanacie <a href=\"https:\/\/www.facebook.com\/hashtag\/najlepszejbazynap%C3%B3%C5%82wyspie\">#najlepszejbazynap\u00f3\u0142wyspie<\/a>. Bardzo lubi\u0119 podr\u00f3\u017cowa\u0107, a moim marzeniem jest zwiedzi\u0107 ca\u0142y \u015bwiat![\/vc_column_text][\/vc_column][\/vc_row]<\/p>\n<\/div>","protected":false},"excerpt":{"rendered":"<p>[vc_row][vc_column width=&#8221;1\/2&#8243;][\/vc_column][vc_column width=&#8221;1\/2&#8243;][vc_column_text]Z DeSkami jestem zwi\u0105zana od dziecka. Przesz\u0142am wszystkie etapy &#8220;deskowicza&#8221; od przedszkoli narciarskich, przez obozy z rodzicami we W\u0142oszech, p\u00f3\u017aniej obozy samodzielne, zawody (ligii, puchary polski), a\u017c do zostania pomocnikiem instruktora. W zawodach odnosi\u0142am r\u00f3\u017cne sukcesy, ale najwi\u0119kszy wywalczy\u0142am w swoim ostatnim roku start\u00f3w w Pucharze Polski, wygra\u0142am Puchar Czarnej G\u00f3ry i by\u0142am sz\u00f3sta w klasyfikacji generalnej. Od 3 lat je\u017cd\u017c\u0119 z dzieciakami na obozy i zawody jako pomocnik instruktora oraz prowadz\u0119 treningi sobotnie, a w tym roku r\u00f3wnie\u017c treningi na Szcz\u0119\u015bliwicach. Studiuj\u0119 Stosunki Mi\u0119dzynarodowe po angielsku na Uniwersytecie Warszawskim. Og\u00f3lnie uwielbiam sport, opr\u00f3cz je\u017cd\u017cenia na nartach, gram r\u00f3wnie\u017c w tenisa i p\u0142ywam na windsurfingu. Latem mo\u017cecie mnie spotka\u0107 w bosmanacie #najlepszejbazynap\u00f3\u0142wyspie. Bardzo lubi\u0119 podr\u00f3\u017cowa\u0107, a moim marzeniem jest zwiedzi\u0107 ca\u0142y \u015bwiat![\/vc_column_text][\/vc_column][\/vc_row]<\/p>\n","protected":false},"author":6,"featured_media":0,"parent":13,"menu_order":0,"comment_status":"closed","ping_status":"closed","template":"","meta":{"_acf_changed":false,"_mo_disable_npp":"","_vp_format_video_url":"","_vp_image_focal_point":[],"footnotes":""},"class_list":["post-5583","page","type-page","status-publish","hentry"],"acf":[],"aioseo_notices":[],"_links":{"self":[{"href":"http:\/\/dev.deski.org\/en\/wp-json\/wp\/v2\/pages\/5583","targetHints":{"allow":["GET"]}}],"collection":[{"href":"http:\/\/dev.deski.org\/en\/wp-json\/wp\/v2\/pages"}],"about":[{"href":"http:\/\/dev.deski.org\/en\/wp-json\/wp\/v2\/types\/page"}],"author":[{"embeddable":true,"href":"http:\/\/dev.deski.org\/en\/wp-json\/wp\/v2\/users\/6"}],"replies":[{"embeddable":true,"href":"http:\/\/dev.deski.org\/en\/wp-json\/wp\/v2\/comments?post=5583"}],"version-history":[{"count":1,"href":"http:\/\/dev.deski.org\/en\/wp-json\/wp\/v2\/pages\/5583\/revisions"}],"predecessor-version":[{"id":5585,"href":"http:\/\/dev.deski.org\/en\/wp-json\/wp\/v2\/pages\/5583\/revisions\/5585"}],"up":[{"embeddable":true,"href":"http:\/\/dev.deski.org\/en\/wp-json\/wp\/v2\/pages\/13"}],"wp:attachment":[{"href":"http:\/\/dev.deski.org\/en\/wp-json\/wp\/v2\/media?parent=5583"}],"curies":[{"name":"wp","href":"https:\/\/api.w.org\/{rel}","templated":true}]}}