{"id":5598,"date":"2018-12-13T20:58:19","date_gmt":"2018-12-13T20:58:19","guid":{"rendered":"http:\/\/dev.deski.org\/?page_id=5598"},"modified":"2018-12-13T20:59:35","modified_gmt":"2018-12-13T20:59:35","slug":"dominika-solowinska","status":"publish","type":"page","link":"http:\/\/dev.deski.org\/en\/narty\/dominika-solowinska\/","title":{"rendered":"Dominika So\u0142owi\u0144ska"},"content":{"rendered":"<div class=\"wpb-content-wrapper\"><p>[vc_row][vc_column width=&#8221;1\/2&#8243;]<div class=\"single_image wpb_content_element align-left    \" data-animation=\"none\" data-delay=\"0\"><img loading=\"lazy\" decoding=\"async\" width=\"1024\" height=\"684\" src=\"http:\/\/dev.deski.org\/wp-content\/uploads\/2018\/12\/dosia-solo.jpg\" class=\"attachment-full\" alt=\"\" title=\"Dominika So\u0142owi\u0144ska\" srcset=\"http:\/\/dev.deski.org\/wp-content\/uploads\/2018\/12\/dosia-solo.jpg 1024w, http:\/\/dev.deski.org\/wp-content\/uploads\/2018\/12\/dosia-solo-300x200.jpg 300w, http:\/\/dev.deski.org\/wp-content\/uploads\/2018\/12\/dosia-solo-600x400.jpg 600w, http:\/\/dev.deski.org\/wp-content\/uploads\/2018\/12\/dosia-solo-24x16.jpg 24w, http:\/\/dev.deski.org\/wp-content\/uploads\/2018\/12\/dosia-solo-36x24.jpg 36w, http:\/\/dev.deski.org\/wp-content\/uploads\/2018\/12\/dosia-solo-48x32.jpg 48w\" sizes=\"auto, (max-width: 1024px) 100vw, 1024px\" \/><\/div>[\/vc_column][vc_column width=&#8221;1\/2&#8243;][vc_column_text]Mam na imi\u0119 Dominika, bli\u017cej znana wszystkim jako Dosia (z \u0141odzi). Na nartach je\u017cd\u017c\u0119 od trzeciego, a w DeSkach od ok. 10 roku \u017cycia. Dzi\u0119ki Klubowi oraz zapa\u0142owi mojego taty, kt\u00f3ry dzielnie wozi\u0142 mnie na treningi i niekiedy zawody, z najwi\u0119kszego \u201ekapelucha\u201d na stoku, dosz\u0142am do etapu uczestniczenia w zawodach og\u00f3lnopolskich, na kt\u00f3rych czasami udawa\u0142o si\u0119 zajmowa\u0107 miejsca w pierwszej dziesi\u0105tce. W klubie te\u017c zacz\u0119\u0142a i dalej rozwija si\u0119 moja przygoda z instrukta\u017cem. Po trzech latach sp\u0119dzonych w Anglii zat\u0119skni\u0142am za g\u00f3rami, dlatego po powrocie do Polski \u015bwiadomie wybra\u0142am w\u0142oski Trydent \u2013 miasto w samym sercu w\u0142oskich Alp &#8211; jako miejsce mojej wymiany w ramach programu Erasmus+. Sp\u0119dzi\u0142am tam ostatni\u0105 zim\u0119, mia\u0142am okazj\u0119 pracowa\u0107 w tamtejszej szk\u00f3\u0142ce narciarskiej oraz korzysta\u0107 z wszystkich dobrodziejstw Dolomit\u00f3w \u2013 chodzi\u0107 po g\u00f3rach, \u015bmiga\u0107 na bieg\u00f3wkach, do\u015bwiadczy\u0107 najlepszych off-pistowych wra\u017ce\u0144 oraz w ko\u0144cu spr\u00f3bowa\u0107 skitouringu, a nawet raftingu. Uwielbiam pracowa\u0107 z dzie\u0107mi, a w pracy instruktora najbardziej lubi\u0119 widzie\u0107 szybkie post\u0119py i szczer\u0105 satysfakcj\u0119 podopiecznych. Poza nartami kocham oczywi\u015bcie g\u00f3ry i wszystko co z nimi zwi\u0105zane, a tak\u017ce wszelkiego rodzaju aktywno\u015b\u0107 fizyczn\u0105, pieski i cheesburgerki z maczka.[\/vc_column_text][\/vc_column][\/vc_row]<\/p>\n<\/div>","protected":false},"excerpt":{"rendered":"<p>[vc_row][vc_column width=&#8221;1\/2&#8243;][\/vc_column][vc_column width=&#8221;1\/2&#8243;][vc_column_text]Mam na imi\u0119 Dominika, bli\u017cej znana wszystkim jako Dosia (z \u0141odzi). Na nartach je\u017cd\u017c\u0119 od trzeciego, a w DeSkach od ok. 10 roku \u017cycia. Dzi\u0119ki Klubowi oraz zapa\u0142owi mojego taty, kt\u00f3ry dzielnie wozi\u0142 mnie na treningi i niekiedy zawody, z najwi\u0119kszego \u201ekapelucha\u201d na stoku, dosz\u0142am do etapu uczestniczenia w zawodach og\u00f3lnopolskich, na kt\u00f3rych czasami udawa\u0142o si\u0119 zajmowa\u0107 miejsca w pierwszej dziesi\u0105tce. W klubie te\u017c zacz\u0119\u0142a i dalej rozwija si\u0119 moja przygoda z instrukta\u017cem. Po trzech latach sp\u0119dzonych w Anglii zat\u0119skni\u0142am za g\u00f3rami, dlatego po powrocie do Polski \u015bwiadomie wybra\u0142am w\u0142oski Trydent \u2013 miasto w samym sercu w\u0142oskich Alp &#8211; jako miejsce mojej wymiany w ramach programu Erasmus+. Sp\u0119dzi\u0142am tam ostatni\u0105 zim\u0119, mia\u0142am okazj\u0119 pracowa\u0107 w tamtejszej szk\u00f3\u0142ce narciarskiej oraz korzysta\u0107 z wszystkich dobrodziejstw Dolomit\u00f3w \u2013 chodzi\u0107 po g\u00f3rach, \u015bmiga\u0107 na bieg\u00f3wkach, do\u015bwiadczy\u0107 najlepszych off-pistowych wra\u017ce\u0144 oraz w ko\u0144cu spr\u00f3bowa\u0107 skitouringu, a nawet raftingu. Uwielbiam pracowa\u0107 z dzie\u0107mi, a w pracy instruktora najbardziej lubi\u0119 widzie\u0107 szybkie post\u0119py i szczer\u0105 satysfakcj\u0119 podopiecznych. Poza nartami kocham oczywi\u015bcie g\u00f3ry i wszystko co z nimi zwi\u0105zane, a tak\u017ce wszelkiego rodzaju aktywno\u015b\u0107 fizyczn\u0105, pieski i cheesburgerki z maczka.[\/vc_column_text][\/vc_column][\/vc_row]<\/p>\n","protected":false},"author":6,"featured_media":0,"parent":13,"menu_order":0,"comment_status":"closed","ping_status":"closed","template":"","meta":{"_acf_changed":false,"_mo_disable_npp":"","_vp_format_video_url":"","_vp_image_focal_point":[],"footnotes":""},"class_list":["post-5598","page","type-page","status-publish","hentry"],"acf":[],"aioseo_notices":[],"_links":{"self":[{"href":"http:\/\/dev.deski.org\/en\/wp-json\/wp\/v2\/pages\/5598","targetHints":{"allow":["GET"]}}],"collection":[{"href":"http:\/\/dev.deski.org\/en\/wp-json\/wp\/v2\/pages"}],"about":[{"href":"http:\/\/dev.deski.org\/en\/wp-json\/wp\/v2\/types\/page"}],"author":[{"embeddable":true,"href":"http:\/\/dev.deski.org\/en\/wp-json\/wp\/v2\/users\/6"}],"replies":[{"embeddable":true,"href":"http:\/\/dev.deski.org\/en\/wp-json\/wp\/v2\/comments?post=5598"}],"version-history":[{"count":1,"href":"http:\/\/dev.deski.org\/en\/wp-json\/wp\/v2\/pages\/5598\/revisions"}],"predecessor-version":[{"id":5600,"href":"http:\/\/dev.deski.org\/en\/wp-json\/wp\/v2\/pages\/5598\/revisions\/5600"}],"up":[{"embeddable":true,"href":"http:\/\/dev.deski.org\/en\/wp-json\/wp\/v2\/pages\/13"}],"wp:attachment":[{"href":"http:\/\/dev.deski.org\/en\/wp-json\/wp\/v2\/media?parent=5598"}],"curies":[{"name":"wp","href":"https:\/\/api.w.org\/{rel}","templated":true}]}}