{"id":8132,"date":"2020-10-06T11:37:49","date_gmt":"2020-10-06T11:37:49","guid":{"rendered":"http:\/\/dev.deski.org\/?page_id=8132"},"modified":"2020-10-06T11:52:42","modified_gmt":"2020-10-06T11:52:42","slug":"kacper-reszke","status":"publish","type":"page","link":"http:\/\/dev.deski.org\/en\/narty\/kacper-reszke\/","title":{"rendered":"Kacper Reszke"},"content":{"rendered":"<div class=\"wpb-content-wrapper\"><p>[vc_row][vc_column width=&#8221;1\/2&#8243;]<div class=\"single_image wpb_content_element align-left    \" data-animation=\"none\" data-delay=\"0\"><img loading=\"lazy\" decoding=\"async\" width=\"998\" height=\"915\" src=\"http:\/\/dev.deski.org\/wp-content\/uploads\/2020\/10\/IMG_20190516_162323-min-e1601985080990.jpg\" class=\"attachment-full\" alt=\"\" title=\"IMG_20190516_162323-min\" srcset=\"http:\/\/dev.deski.org\/wp-content\/uploads\/2020\/10\/IMG_20190516_162323-min-e1601985080990.jpg 998w, http:\/\/dev.deski.org\/wp-content\/uploads\/2020\/10\/IMG_20190516_162323-min-e1601985080990-300x275.jpg 300w, http:\/\/dev.deski.org\/wp-content\/uploads\/2020\/10\/IMG_20190516_162323-min-e1601985080990-24x22.jpg 24w, http:\/\/dev.deski.org\/wp-content\/uploads\/2020\/10\/IMG_20190516_162323-min-e1601985080990-36x33.jpg 36w, http:\/\/dev.deski.org\/wp-content\/uploads\/2020\/10\/IMG_20190516_162323-min-e1601985080990-48x44.jpg 48w\" sizes=\"auto, (max-width: 998px) 100vw, 998px\" \/><\/div>[\/vc_column][vc_column width=&#8221;1\/2&#8243;][vc_column_text]Nazywam si\u0119 Kacper Reszke. Od tego roku zaczynam wsp\u00f3\u0142prac\u0119 z deskami. Jestem Instruktorem narciarstwa, surfingu, windsurfingu i Gimnastyki akrobatycznej.<\/p>\n<p>Od ponad 10 lat zajmuj\u0119 si\u0119 prowadzeniem zaj\u0119\u0107 sportowych. Ponad 5 sezon\u00f3w naucza\u0142em narciarstwa w Japonii i mia\u0142em okazj\u0119 poznawa\u0107 stoki na r\u00f3\u017cnych zak\u0105tkach kuli ziemskiej. Surfing nauczam od blisko ponad 4 lat Polska, Portugalia, Australia, Nowa Zelandia. Ca\u0142e moje \u017cycie polega na zara\u017caniu ludzi pasj\u0105 do sportu. A sportem kt\u00f3ry zaczynam odkrywa\u0107 to Frisbee Ulitmate.<\/p>\n<p>Jest absolwentem kierunku Wychowanie Fizyczne na Akademii Wychowania Fizycznego w Warszawie. Poza sportem uwielbiam Musicale, kwa\u015bne przek\u0105ski oraz tworzenie mebli.[\/vc_column_text][\/vc_column][\/vc_row][vc_row][vc_column width=&#8221;1\/1&#8243;]<div class=\"spacer\" style=\"height: 40px;\"><\/div><div class=\"gallery-style-2\">\n\t\t<style type=\"text\/css\">\n\t\t\t#gallery-1 {\n\t\t\t\tmargin: auto;\n\t\t\t}\n\t\t\t#gallery-1 .gallery-item {\n\t\t\t\tfloat: left;\n\t\t\t\tmargin-top: 10px;\n\t\t\t\ttext-align: center;\n\t\t\t\twidth: 20%;\n\t\t\t}\n\t\t\t#gallery-1 img {\n\t\t\t\tborder: 2px solid #cfcfcf;\n\t\t\t}\n\t\t\t#gallery-1 .gallery-caption {\n\t\t\t\tmargin-left: 0;\n\t\t\t}\n\t\t\t\/* see gallery_shortcode() in wp-includes\/media.php *\/\n\t\t<\/style>\n\t\t<div id='gallery-1' class='gallery galleryid-8132 gallery-columns-5 gallery-size-thumbnail'><dl class='gallery-item'>\n\t\t\t<dt class='gallery-icon landscape'>\n\t\t\t\t<a rel=\"prettyPhoto[pp_gal]\" href='http:\/\/dev.deski.org\/wp-content\/uploads\/2020\/10\/IMG_9430-min.jpg'><img loading=\"lazy\" decoding=\"async\" width=\"300\" height=\"300\" src=\"http:\/\/dev.deski.org\/wp-content\/uploads\/2020\/10\/IMG_9430-min-300x300.jpg\" class=\"attachment-thumbnail size-thumbnail\" alt=\"\" srcset=\"http:\/\/dev.deski.org\/wp-content\/uploads\/2020\/10\/IMG_9430-min-300x300.jpg 300w, http:\/\/dev.deski.org\/wp-content\/uploads\/2020\/10\/IMG_9430-min-80x80.jpg 80w, http:\/\/dev.deski.org\/wp-content\/uploads\/2020\/10\/IMG_9430-min-500x500.jpg 500w\" sizes=\"auto, (max-width: 300px) 100vw, 300px\" \/><\/a>\n\t\t\t<\/dt><\/dl><dl class='gallery-item'>\n\t\t\t<dt class='gallery-icon portrait'>\n\t\t\t\t<a rel=\"prettyPhoto[pp_gal]\" href='http:\/\/dev.deski.org\/wp-content\/uploads\/2020\/10\/DSC_1280-min.jpg'><img loading=\"lazy\" decoding=\"async\" width=\"300\" height=\"300\" src=\"http:\/\/dev.deski.org\/wp-content\/uploads\/2020\/10\/DSC_1280-min-300x300.jpg\" class=\"attachment-thumbnail size-thumbnail\" alt=\"\" srcset=\"http:\/\/dev.deski.org\/wp-content\/uploads\/2020\/10\/DSC_1280-min-300x300.jpg 300w, http:\/\/dev.deski.org\/wp-content\/uploads\/2020\/10\/DSC_1280-min-80x80.jpg 80w, http:\/\/dev.deski.org\/wp-content\/uploads\/2020\/10\/DSC_1280-min-500x500.jpg 500w, http:\/\/dev.deski.org\/wp-content\/uploads\/2020\/10\/DSC_1280-min-1000x1000.jpg 1000w\" sizes=\"auto, (max-width: 300px) 100vw, 300px\" \/><\/a>\n\t\t\t<\/dt><\/dl><dl class='gallery-item'>\n\t\t\t<dt class='gallery-icon portrait'>\n\t\t\t\t<a rel=\"prettyPhoto[pp_gal]\" href='http:\/\/dev.deski.org\/wp-content\/uploads\/2020\/10\/12799386_10208685014466584_2566299902893930992_n.jpg'><img loading=\"lazy\" decoding=\"async\" width=\"300\" height=\"300\" src=\"http:\/\/dev.deski.org\/wp-content\/uploads\/2020\/10\/12799386_10208685014466584_2566299902893930992_n-300x300.jpg\" class=\"attachment-thumbnail size-thumbnail\" alt=\"\" srcset=\"http:\/\/dev.deski.org\/wp-content\/uploads\/2020\/10\/12799386_10208685014466584_2566299902893930992_n-300x300.jpg 300w, http:\/\/dev.deski.org\/wp-content\/uploads\/2020\/10\/12799386_10208685014466584_2566299902893930992_n-80x80.jpg 80w, http:\/\/dev.deski.org\/wp-content\/uploads\/2020\/10\/12799386_10208685014466584_2566299902893930992_n-500x500.jpg 500w\" sizes=\"auto, (max-width: 300px) 100vw, 300px\" \/><\/a>\n\t\t\t<\/dt><\/dl><dl class='gallery-item'>\n\t\t\t<dt class='gallery-icon portrait'>\n\t\t\t\t<a rel=\"prettyPhoto[pp_gal]\" href='http:\/\/dev.deski.org\/wp-content\/uploads\/2020\/10\/MG_9990.jpg'><img loading=\"lazy\" decoding=\"async\" width=\"300\" height=\"300\" src=\"http:\/\/dev.deski.org\/wp-content\/uploads\/2020\/10\/MG_9990-300x300.jpg\" class=\"attachment-thumbnail size-thumbnail\" alt=\"\" srcset=\"http:\/\/dev.deski.org\/wp-content\/uploads\/2020\/10\/MG_9990-300x300.jpg 300w, http:\/\/dev.deski.org\/wp-content\/uploads\/2020\/10\/MG_9990-80x80.jpg 80w, http:\/\/dev.deski.org\/wp-content\/uploads\/2020\/10\/MG_9990-500x500.jpg 500w, http:\/\/dev.deski.org\/wp-content\/uploads\/2020\/10\/MG_9990-1000x1000.jpg 1000w\" sizes=\"auto, (max-width: 300px) 100vw, 300px\" \/><\/a>\n\t\t\t<\/dt><\/dl><dl class='gallery-item'>\n\t\t\t<dt class='gallery-icon landscape'>\n\t\t\t\t<a rel=\"prettyPhoto[pp_gal]\" href='http:\/\/dev.deski.org\/wp-content\/uploads\/2020\/10\/IMG_20190806_104848-min.jpg'><img loading=\"lazy\" decoding=\"async\" width=\"300\" height=\"300\" src=\"http:\/\/dev.deski.org\/wp-content\/uploads\/2020\/10\/IMG_20190806_104848-min-300x300.jpg\" class=\"attachment-thumbnail size-thumbnail\" alt=\"\" srcset=\"http:\/\/dev.deski.org\/wp-content\/uploads\/2020\/10\/IMG_20190806_104848-min-300x300.jpg 300w, http:\/\/dev.deski.org\/wp-content\/uploads\/2020\/10\/IMG_20190806_104848-min-80x80.jpg 80w, http:\/\/dev.deski.org\/wp-content\/uploads\/2020\/10\/IMG_20190806_104848-min-500x500.jpg 500w\" sizes=\"auto, (max-width: 300px) 100vw, 300px\" \/><\/a>\n\t\t\t<\/dt><\/dl><br style=\"clear: both\" \/>\n\t\t<\/div>\n<\/div>[\/vc_column][\/vc_row]<\/p>\n<\/div>","protected":false},"excerpt":{"rendered":"<p>[vc_row][vc_column width=&#8221;1\/2&#8243;][\/vc_column][vc_column width=&#8221;1\/2&#8243;][vc_column_text]Nazywam si\u0119 Kacper Reszke. Od tego roku zaczynam wsp\u00f3\u0142prac\u0119 z deskami. Jestem Instruktorem narciarstwa, surfingu, windsurfingu i Gimnastyki akrobatycznej. Od ponad 10 lat zajmuj\u0119 si\u0119 prowadzeniem zaj\u0119\u0107 sportowych. Ponad 5 sezon\u00f3w naucza\u0142em narciarstwa w Japonii i mia\u0142em okazj\u0119 poznawa\u0107 stoki na r\u00f3\u017cnych zak\u0105tkach kuli ziemskiej. Surfing nauczam od blisko ponad 4 lat Polska, Portugalia, Australia, Nowa Zelandia. Ca\u0142e moje \u017cycie polega na zara\u017caniu ludzi pasj\u0105 do sportu. A sportem kt\u00f3ry zaczynam odkrywa\u0107 to Frisbee Ulitmate. Jest absolwentem kierunku Wychowanie Fizyczne na Akademii Wychowania Fizycznego w Warszawie. Poza sportem uwielbiam Musicale, kwa\u015bne przek\u0105ski oraz tworzenie mebli.[\/vc_column_text][\/vc_column][\/vc_row][vc_row][vc_column width=&#8221;1\/1&#8243;][\/vc_column][\/vc_row]<\/p>\n","protected":false},"author":6,"featured_media":0,"parent":13,"menu_order":0,"comment_status":"closed","ping_status":"closed","template":"","meta":{"_acf_changed":false,"_mo_disable_npp":"","_vp_format_video_url":"","_vp_image_focal_point":[],"footnotes":""},"class_list":["post-8132","page","type-page","status-publish","hentry"],"acf":[],"aioseo_notices":[],"_links":{"self":[{"href":"http:\/\/dev.deski.org\/en\/wp-json\/wp\/v2\/pages\/8132","targetHints":{"allow":["GET"]}}],"collection":[{"href":"http:\/\/dev.deski.org\/en\/wp-json\/wp\/v2\/pages"}],"about":[{"href":"http:\/\/dev.deski.org\/en\/wp-json\/wp\/v2\/types\/page"}],"author":[{"embeddable":true,"href":"http:\/\/dev.deski.org\/en\/wp-json\/wp\/v2\/users\/6"}],"replies":[{"embeddable":true,"href":"http:\/\/dev.deski.org\/en\/wp-json\/wp\/v2\/comments?post=8132"}],"version-history":[{"count":8,"href":"http:\/\/dev.deski.org\/en\/wp-json\/wp\/v2\/pages\/8132\/revisions"}],"predecessor-version":[{"id":8140,"href":"http:\/\/dev.deski.org\/en\/wp-json\/wp\/v2\/pages\/8132\/revisions\/8140"}],"up":[{"embeddable":true,"href":"http:\/\/dev.deski.org\/en\/wp-json\/wp\/v2\/pages\/13"}],"wp:attachment":[{"href":"http:\/\/dev.deski.org\/en\/wp-json\/wp\/v2\/media?parent=8132"}],"curies":[{"name":"wp","href":"https:\/\/api.w.org\/{rel}","templated":true}]}}