{"id":8646,"date":"2020-12-12T11:09:05","date_gmt":"2020-12-12T11:09:05","guid":{"rendered":"http:\/\/dev.deski.org\/?page_id=8646"},"modified":"2020-12-29T13:47:18","modified_gmt":"2020-12-29T13:47:18","slug":"szkolenie-narciarskie-na-szczesliwicach","status":"publish","type":"page","link":"http:\/\/dev.deski.org\/en\/szkolenie-narciarskie-na-szczesliwicach\/","title":{"rendered":"Szkolenie narciarskie na Szcz\u0119\u015bliwicach"},"content":{"rendered":"<div class=\"wpb-content-wrapper\"><p>[vc_row][vc_column width=&#8221;1\/6&#8243;][\/vc_column][vc_column width=&#8221;2\/3&#8243;][vc_raw_html]JTVCbWV0YXNsaWRlciUyMGlkJTNEJTIyODMwMiUyMiU1RA==[\/vc_raw_html][\/vc_column][vc_column width=&#8221;1\/6&#8243;][\/vc_column][\/vc_row][vc_row][vc_column width=&#8221;1\/1&#8243;]<div class=\"spacer\" style=\"height: 20px;\"><\/div><h2 class=\"headline font-inherit fontsize-m fontweight-inherit lh-inherit align-center transform-inherit \" style=\"margin: 0 0 20px 0;\">Szkolenie narciarskie w Warszawie!<\/h2>[vc_column_text]<\/p>\n<p style=\"text-align: left;\">Rusz z nami w G\u00f3ry Szcz\u0119\u015bliwickie! Zapraszamy do zapoznania si\u0119 z ofert\u0105 zaj\u0119\u0107 narciarskich w formie p\u00f3\u0142kolonii w Warszawie. Pod okiem wykwalifikowanej kadry instruktorskiej Wasze pociechy b\u0119d\u0105 mog\u0142y od poniedzia\u0142ku do pi\u0105tku \u015bmiga\u0107 na nartach na s\u0142ynnym \u201ewarszawskim lodowcu\u201d.<\/p>\n<p>W mi\u0119dzyczasie o pe\u0142ne brzuchy m\u0142odzie\u017cy zadba Deski Restauracja, przygotowuj\u0105c dla nich same smako\u0142yki! Gwarantujemy zabaw\u0119 i moc u\u015bmiechu![\/vc_column_text]<div class=\"spacer\" style=\"height: 10px;\"><\/div>[\/vc_column][\/vc_row][vc_row][vc_column width=&#8221;1\/3&#8243;]<div class=\"pricing-plan pricing-color-true wpb_content_element\">\n\t\t\t\t<div class=\"pricing-plan-head\" style=\"background-color:#26f2a7;\">\n\t\t\t\t\t<h3>Szkolenie narciarskie #1<\/h3>\n\t\t\t\t\t<div class=\"pricing-price\"><span class=\"pricing-amount\">04-08.01.2021<\/span><span class=\"pricing-per\">UWAGA! P\u00d3\u0141KOLONIE ODWO\u0141ANE!<\/span><\/div>\n\t\t\t\t<\/div>\n\t\t\t\t\n<ul>\n<li>cena 900 z\u0142<\/li>\n<li>dla dzieci w wieku 7-13 lat<\/li>\n<li>2 treningi po 2h dziennie<\/li>\n<li>posi\u0142ek<\/li>\n<li>karnet narciarski<\/li>\n<li>ubezpieczenie<\/li>\n<li>mo\u017cliwo\u015b\u0107 szkolenia snowboardowego<\/li>\n<\/ul>\n\n\t\t\t\t\n\t\t\t<\/div>[\/vc_column][vc_column width=&#8221;1\/3&#8243;]<div class=\"pricing-plan pricing-color-true wpb_content_element\">\n\t\t\t\t<div class=\"pricing-plan-head\" style=\"background-color:#eeee22;\">\n\t\t\t\t\t<h3>Szkolenie narciarskie #2<\/h3>\n\t\t\t\t\t<div class=\"pricing-price\"><span class=\"pricing-amount\">11-15.01.2021<\/span><span class=\"pricing-per\">UWAGA! P\u00d3\u0141KOLONIE ODWO\u0141ANE!<\/span><\/div>\n\t\t\t\t<\/div>\n\t\t\t\t\n<ul>\n<li>cena 900 z\u0142<\/li>\n<li>dla dzieci w wieku 7-13 lat<\/li>\n<li>2 treningi po 2h dziennie<\/li>\n<li>posi\u0142ek<\/li>\n<li>karnet narciarski<\/li>\n<li>ubezpieczenie<\/li>\n<li>mo\u017cliwo\u015b\u0107 szkolenia snowboardowego<\/li>\n<\/ul>\n\n\t\t\t\t\n\t\t\t<\/div>[\/vc_column][vc_column width=&#8221;1\/3&#8243;][\/vc_column][\/vc_row][vc_row][vc_column width=&#8221;1\/1&#8243;]<div class=\"spacer\" style=\"height: 30px;\"><\/div>[\/vc_column][\/vc_row]<\/p>\n<\/div>","protected":false},"excerpt":{"rendered":"<p>[vc_row][vc_column width=&#8221;1\/6&#8243;][\/vc_column][vc_column width=&#8221;2\/3&#8243;][vc_raw_html]JTVCbWV0YXNsaWRlciUyMGlkJTNEJTIyODMwMiUyMiU1RA==[\/vc_raw_html][\/vc_column][vc_column width=&#8221;1\/6&#8243;][\/vc_column][\/vc_row][vc_row][vc_column width=&#8221;1\/1&#8243;][vc_column_text] Rusz z nami w G\u00f3ry Szcz\u0119\u015bliwickie! Zapraszamy do zapoznania si\u0119 z ofert\u0105 zaj\u0119\u0107 narciarskich w formie p\u00f3\u0142kolonii w Warszawie. Pod okiem wykwalifikowanej kadry instruktorskiej Wasze pociechy b\u0119d\u0105 mog\u0142y od poniedzia\u0142ku do pi\u0105tku \u015bmiga\u0107 na nartach na s\u0142ynnym \u201ewarszawskim lodowcu\u201d. W mi\u0119dzyczasie o pe\u0142ne brzuchy m\u0142odzie\u017cy zadba Deski Restauracja, przygotowuj\u0105c dla nich same smako\u0142yki! Gwarantujemy zabaw\u0119 i moc u\u015bmiechu![\/vc_column_text][\/vc_column][\/vc_row][vc_row][vc_column width=&#8221;1\/3&#8243;][\/vc_column][vc_column width=&#8221;1\/3&#8243;][\/vc_column][vc_column width=&#8221;1\/3&#8243;][\/vc_column][\/vc_row][vc_row][vc_column width=&#8221;1\/1&#8243;][\/vc_column][\/vc_row]<\/p>\n","protected":false},"author":6,"featured_media":0,"parent":0,"menu_order":0,"comment_status":"closed","ping_status":"closed","template":"","meta":{"_acf_changed":false,"_mo_disable_npp":"","_vp_format_video_url":"","_vp_image_focal_point":[],"footnotes":""},"class_list":["post-8646","page","type-page","status-publish","hentry"],"acf":[],"aioseo_notices":[],"_links":{"self":[{"href":"http:\/\/dev.deski.org\/en\/wp-json\/wp\/v2\/pages\/8646","targetHints":{"allow":["GET"]}}],"collection":[{"href":"http:\/\/dev.deski.org\/en\/wp-json\/wp\/v2\/pages"}],"about":[{"href":"http:\/\/dev.deski.org\/en\/wp-json\/wp\/v2\/types\/page"}],"author":[{"embeddable":true,"href":"http:\/\/dev.deski.org\/en\/wp-json\/wp\/v2\/users\/6"}],"replies":[{"embeddable":true,"href":"http:\/\/dev.deski.org\/en\/wp-json\/wp\/v2\/comments?post=8646"}],"version-history":[{"count":27,"href":"http:\/\/dev.deski.org\/en\/wp-json\/wp\/v2\/pages\/8646\/revisions"}],"predecessor-version":[{"id":10915,"href":"http:\/\/dev.deski.org\/en\/wp-json\/wp\/v2\/pages\/8646\/revisions\/10915"}],"wp:attachment":[{"href":"http:\/\/dev.deski.org\/en\/wp-json\/wp\/v2\/media?parent=8646"}],"curies":[{"name":"wp","href":"https:\/\/api.w.org\/{rel}","templated":true}]}}